{"id":1693,"date":"2026-02-20T11:51:07","date_gmt":"2026-02-20T11:51:07","guid":{"rendered":"https:\/\/goldenstones.pl\/?page_id=1693"},"modified":"2026-02-20T11:51:07","modified_gmt":"2026-02-20T11:51:07","slug":"rodo","status":"publish","type":"page","link":"https:\/\/goldenstones.pl\/?page_id=1693","title":{"rendered":"RODO"},"content":{"rendered":"\n<div class=\"wp-block-uagb-container uagb-block-721096e7 alignfull uagb-is-root-container\"><div class=\"uagb-container-inner-blocks-wrap\">\n<p>Administratorem Pani\/Pana Danych Osobowych pozyskanych w zwi\u0105zku z prowadzon\u0105 korespondencj\u0105 jest Formedia s.c. ul. Obwodowa 28, 86-005 Bydgoszcz. Pana\/Pani dane osobowe przetwarzane b\u0119d\u0105 w oparciu o RODO tj. przepisy Rozporz\u0105dzenia Parlamentu Europejskiego i Rady (UE) 2016\/679 z 27 kwietnia 2016 r. w sprawie ochrony os\u00f3b fizycznych w zwi\u0105zku z przetwarzaniem danych osobowych i w sprawie swobodnego przep\u0142ywu takich danych oraz uchylenia dyrektywy 95\/46\/WE (og\u00f3lne rozporz\u0105dzenie o ochronie danych),\u00a0w nast\u0119puj\u0105cych celach (w zale\u017cno\u015bci od \u0142\u0105cz\u0105cych nas relacji): <br>\u2013\u00a0z\u0142o\u017cenia oferty i\/lub zawarcia i wykonania umowy, w tym zapewnienia poprawnej jako\u015bci us\u0142ug (podstawa prawna \u2013 art. 6 ust. 1 lit b RODO) &#8211; \u201ewykonanie umowy\u201d,<br>\u2013\u00a0wykonania ci\u0105\u017c\u0105cych na naszej firmie obowi\u0105zk\u00f3w prawnych, np. wystawiania i przechowywania faktur (podstawa prawna \u2013 art. 6 ust. 1 lit c RODO) \u2013 \u201eobowi\u0105zek prawny\u201d,<br>\u2013\u00a0dochodzenia roszcze\u0144 wynikaj\u0105cych z umowy (podstawa prawna \u2013 art. 6 ust. 1 lit. f RODO) \u2013 \u201eprawnie uzasadniony interes\u201d,<br>\u2013\u00a0marketingu us\u0142ug w\u0142asnych w trakcie trwania umowy (podstawa prawna \u2013 art. 6 ust. 1 lit. f RODO) \u2013 \u201eprawnie uzasadniony interes\u201d,<br>\u2013\u00a0marketingowych, w przypadku wyra\u017cenia przez Pa\u0144stwa zgody na wykorzystanie danych w tym celu (podstawa prawna \u2013 art. 6 ust. 1 lit a RODO) \u2013 \u201ezgoda\u201d.<br>Dane nie b\u0119d\u0105 udost\u0119pniane podmiotom innym, ni\u017c upowa\u017cnione na podstawie przepis\u00f3w prawa. Odbiorcami danych osobowych s\u0105 pracownicy Formedia s.c. i upowa\u017cnieni wsp\u00f3\u0142pracownicy.<br>Dane osobowe przetwarzane b\u0119d\u0105 w okresie niezb\u0119dnym do realizacji Pani\/Pana obs\u0142ugi oraz w zgodzie z wymogami prawa. Posiada Pani\/Pan prawo dost\u0119pu do tre\u015bci swoich danych, ich sprostowania, usuni\u0119cia lub ograniczenia przetwarzania, a tak\u017ce prawo do wniesienia sprzeciwu wobec przetwarzania oraz prawo do przenoszenia danych. Posiada Pani\/Pan prawo do cofni\u0119cia zgody na przetwarzanie danych osobowych w dowolnym momencie bez wp\u0142ywu na zgodno\u015b\u0107 z prawem przetwarzania, kt\u00f3rego dokonano na podstawie zgody przed jej cofni\u0119ciem. Posiada Pani\/Pan prawo wniesienia skargi do organu nadzorczego.<br>Podanie danych osobowych jest dobrowolne, jednak\u017ce w przypadku ich niepodania nie b\u0119dziemy w stanie \u015bwiadczy\u0107 Pani\/Panu us\u0142ug. Nie podlega Pani\/Pan zautomatyzowanemu podejmowaniu decyzji, w tym profilowaniu<\/p>\n<\/div><\/div>\n\n\n\n<p><\/p>\n","protected":false},"excerpt":{"rendered":"<p>Administratorem Pani\/Pana Danych Osobowych pozyskanych w zwi\u0105zku z prowadzon\u0105 korespondencj\u0105 jest Formedia s.c. ul. Obwodowa 28, 86-005 Bydgoszcz. Pana\/Pani dane [&hellip;]<\/p>\n","protected":false},"author":1,"featured_media":0,"parent":0,"menu_order":0,"comment_status":"closed","ping_status":"closed","template":"","meta":{"_uag_custom_page_level_css":"","site-sidebar-layout":"default","site-content-layout":"","ast-site-content-layout":"default","site-content-style":"default","site-sidebar-style":"default","ast-global-header-display":"","ast-banner-title-visibility":"","ast-main-header-display":"","ast-hfb-above-header-display":"","ast-hfb-below-header-display":"","ast-hfb-mobile-header-display":"","site-post-title":"","ast-breadcrumbs-content":"","ast-featured-img":"","footer-sml-layout":"","ast-disable-related-posts":"","theme-transparent-header-meta":"","adv-header-id-meta":"","stick-header-meta":"","header-above-stick-meta":"","header-main-stick-meta":"","header-below-stick-meta":"","astra-migrate-meta-layouts":"default","ast-page-background-enabled":"default","ast-page-background-meta":{"desktop":{"background-color":"var(--ast-global-color-5)","background-image":"","background-repeat":"repeat","background-position":"center center","background-size":"auto","background-attachment":"scroll","background-type":"","background-media":"","overlay-type":"","overlay-color":"","overlay-opacity":"","overlay-gradient":""},"tablet":{"background-color":"","background-image":"","background-repeat":"repeat","background-position":"center center","background-size":"auto","background-attachment":"scroll","background-type":"","background-media":"","overlay-type":"","overlay-color":"","overlay-opacity":"","overlay-gradient":""},"mobile":{"background-color":"","background-image":"","background-repeat":"repeat","background-position":"center center","background-size":"auto","background-attachment":"scroll","background-type":"","background-media":"","overlay-type":"","overlay-color":"","overlay-opacity":"","overlay-gradient":""}},"ast-content-background-meta":{"desktop":{"background-color":"var(--ast-global-color-4)","background-image":"","background-repeat":"repeat","background-position":"center center","background-size":"auto","background-attachment":"scroll","background-type":"","background-media":"","overlay-type":"","overlay-color":"","overlay-opacity":"","overlay-gradient":""},"tablet":{"background-color":"var(--ast-global-color-4)","background-image":"","background-repeat":"repeat","background-position":"center center","background-size":"auto","background-attachment":"scroll","background-type":"","background-media":"","overlay-type":"","overlay-color":"","overlay-opacity":"","overlay-gradient":""},"mobile":{"background-color":"var(--ast-global-color-4)","background-image":"","background-repeat":"repeat","background-position":"center center","background-size":"auto","background-attachment":"scroll","background-type":"","background-media":"","overlay-type":"","overlay-color":"","overlay-opacity":"","overlay-gradient":""}},"footnotes":""},"class_list":["post-1693","page","type-page","status-publish","hentry"],"uagb_featured_image_src":{"full":false,"thumbnail":false,"medium":false,"medium_large":false,"large":false,"1536x1536":false,"2048x2048":false,"woocommerce_thumbnail":false,"woocommerce_single":false,"woocommerce_gallery_thumbnail":false},"uagb_author_info":{"display_name":"admin","author_link":"https:\/\/goldenstones.pl\/?author=1"},"uagb_comment_info":0,"uagb_excerpt":"Administratorem Pani\/Pana Danych Osobowych pozyskanych w zwi\u0105zku z prowadzon\u0105 korespondencj\u0105 jest Formedia s.c. ul. Obwodowa 28, 86-005 Bydgoszcz. Pana\/Pani dane [&hellip;]","_links":{"self":[{"href":"https:\/\/goldenstones.pl\/index.php?rest_route=\/wp\/v2\/pages\/1693","targetHints":{"allow":["GET"]}}],"collection":[{"href":"https:\/\/goldenstones.pl\/index.php?rest_route=\/wp\/v2\/pages"}],"about":[{"href":"https:\/\/goldenstones.pl\/index.php?rest_route=\/wp\/v2\/types\/page"}],"author":[{"embeddable":true,"href":"https:\/\/goldenstones.pl\/index.php?rest_route=\/wp\/v2\/users\/1"}],"replies":[{"embeddable":true,"href":"https:\/\/goldenstones.pl\/index.php?rest_route=%2Fwp%2Fv2%2Fcomments&post=1693"}],"version-history":[{"count":1,"href":"https:\/\/goldenstones.pl\/index.php?rest_route=\/wp\/v2\/pages\/1693\/revisions"}],"predecessor-version":[{"id":1694,"href":"https:\/\/goldenstones.pl\/index.php?rest_route=\/wp\/v2\/pages\/1693\/revisions\/1694"}],"wp:attachment":[{"href":"https:\/\/goldenstones.pl\/index.php?rest_route=%2Fwp%2Fv2%2Fmedia&parent=1693"}],"curies":[{"name":"wp","href":"https:\/\/api.w.org\/{rel}","templated":true}]}}