{"id":1696,"date":"2026-02-20T12:27:39","date_gmt":"2026-02-20T12:27:39","guid":{"rendered":"https:\/\/goldenstones.pl\/?page_id=1696"},"modified":"2026-02-20T12:27:39","modified_gmt":"2026-02-20T12:27:39","slug":"regulamin-sklepu","status":"publish","type":"page","link":"https:\/\/goldenstones.pl\/?page_id=1696","title":{"rendered":"Regulamin Sklepu"},"content":{"rendered":"\n<h4 class=\"wp-block-heading\">1. Postanowienia og\u00f3lne<\/h4>\n\n\n\n<p>W\u0142a\u015bcicielem Sklepu Internetowego dost\u0119pnego pod adresem <strong>www.goldenstones.pl<\/strong> jest: <strong>Formedia s.c.<\/strong> z siedzib\u0105 w <strong>ul. Obwodowa 28, 86-005 Bydgoszcz<\/strong>, NIP: <strong>953-246-85-99<\/strong>, REGON: <strong>093175804<\/strong>, e-mail: <strong>sklep@formedia.pl<\/strong>, telefon: <strong>+48 661 036 036<\/strong>.<\/p>\n\n\n\n<p>Regulamin okre\u015bla zasady korzystania ze Sklepu, sk\u0142adania zam\u00f3wie\u0144, dostarczania towar\u00f3w oraz uprawnienia do odst\u0105pienia od umowy i zasady reklamacji.<\/p>\n\n\n\n<h4 class=\"wp-block-heading\">2. Sk\u0142adanie zam\u00f3wie\u0144<\/h4>\n\n\n\n<p>Ceny wszystkich towar\u00f3w w Sklepie s\u0105 cenami brutto (zawieraj\u0105 podatek VAT) i s\u0105 podane w z\u0142otych polskich (PLN).<\/p>\n\n\n\n<p>Zam\u00f3wienia mo\u017cna sk\u0142ada\u0107 przez 24 godziny na dob\u0119 za po\u015brednictwem formularza zam\u00f3wienia na stronie.<\/p>\n\n\n\n<p>Warunkiem realizacji zam\u00f3wienia jest podanie danych pozwalaj\u0105cych na weryfikacj\u0119 Klienta i odbiorcy towaru.<\/p>\n\n\n\n<p>Umow\u0119 sprzeda\u017cy uwa\u017ca si\u0119 za zawart\u0105 z chwil\u0105 otrzymania przez Klienta wiadomo\u015bci e-mail z potwierdzeniem przyj\u0119cia zam\u00f3wienia do realizacji.<\/p>\n\n\n\n<h4 class=\"wp-block-heading\">3. P\u0142atno\u015bci i Dostawa<\/h4>\n\n\n\n<p>Klient dokonuje p\u0142atno\u015bci w chwili dokonania zam\u00f3wienia za pomoc\u0105 wybranej dost\u0119pnej opcji p\u0142atno\u015bci elektronicznej za pomoc\u0105 operatora <strong>Przelewy24<\/strong><\/p>\n\n\n\n<ul class=\"wp-block-list\"><\/ul>\n\n\n\n<p>Koszty dostawy s\u0105 wskazane w procesie sk\u0142adania zam\u00f3wienia.<\/p>\n\n\n\n<p>Termin realizacji zam\u00f3wienia wynosi zazwyczaj od <strong>2<\/strong> do <strong>5<\/strong> dni roboczych.<\/p>\n\n\n\n<h4 class=\"wp-block-heading\">4. Prawo do odst\u0105pienia od umowy (Zwroty)<\/h4>\n\n\n\n<p>Konsument ma prawo odst\u0105pi\u0107 od umowy bez podania przyczyny w terminie <strong>14 dni<\/strong> od dnia obj\u0119cia towaru w posiadanie.<\/p>\n\n\n\n<p>Aby skorzysta\u0107 z tego prawa, Konsument musi poinformowa\u0107 Sprzedawc\u0119 o swojej decyzji (np. drog\u0105 mailow\u0105).<\/p>\n\n\n\n<p>Konsument zwraca towar na w\u0142asny koszt w terminie 14 dni od z\u0142o\u017cenia o\u015bwiadczenia o odst\u0105pieniu.<\/p>\n\n\n\n<p>Sprzedawca zwraca Konsumentowi wszystkie otrzymane p\u0142atno\u015bci, w tym koszty dostarczenia rzeczy (do wysoko\u015bci najta\u0144szego zwyk\u0142ego sposobu dostawy oferowanego w Sklepie).<\/p>\n\n\n\n<h4 class=\"wp-block-heading\">5. Reklamacje (R\u0119kojmia\/Zgodno\u015b\u0107 towaru z umow\u0105)<\/h4>\n\n\n\n<p>Sprzedawca ma obowi\u0105zek dostarczy\u0107 towar wolny od wad i zgodny z umow\u0105.<\/p>\n\n\n\n<p>W przypadku stwierdzenia wady towaru, Klient ma prawo z\u0142o\u017cy\u0107 reklamacj\u0119 na podstawie przepis\u00f3w o zgodno\u015bci towaru z umow\u0105.<\/p>\n\n\n\n<p>Reklamacj\u0119 mo\u017cna z\u0142o\u017cy\u0107 drog\u0105 mailow\u0105 na adres: <strong>bb@goldenstones.pl<\/strong> lub listown\u0105.<\/p>\n\n\n\n<p>Sprzedawca ustosunkuje si\u0119 do reklamacji w terminie <strong>14 dni<\/strong>.<\/p>\n\n\n\n<h4 class=\"wp-block-heading\">6. Pozas\u0105dowe sposoby rozstrzygania spor\u00f3w<\/h4>\n\n\n\n<p>Konsument ma mo\u017cliwo\u015b\u0107 skorzystania z pozas\u0105dowych sposob\u00f3w rozpatrywania reklamacji i dochodzenia roszcze\u0144, np. poprzez:<\/p>\n\n\n\n<p>Miejskiego lub Powiatowego Rzecznika Konsument\u00f3w.<\/p>\n\n\n\n<p>Platform\u0119 ODR (dost\u0119pn\u0105 pod adresem: <a href=\"http:\/\/ec.europa.eu\/consumers\/odr\" target=\"_blank\" rel=\"noreferrer noopener\">http:\/\/ec.europa.eu\/consumers\/odr<\/a>).<\/p>\n\n\n\n<h4 class=\"wp-block-heading\">7. Postanowienia ko\u0144cowe<\/h4>\n\n\n\n<p>Administrator zastrzega sobie prawo do zmiany Regulaminu. Do zam\u00f3wie\u0144 z\u0142o\u017conych przed zmian\u0105 stosuje si\u0119 wersj\u0119 obowi\u0105zuj\u0105c\u0105 w dacie zam\u00f3wienia.<\/p>\n\n\n\n<p>W sprawach nieuregulowanych maj\u0105 zastosowanie przepisy prawa polskiego.<\/p>\n","protected":false},"excerpt":{"rendered":"<p>1. Postanowienia og\u00f3lne W\u0142a\u015bcicielem Sklepu Internetowego dost\u0119pnego pod adresem www.goldenstones.pl jest: Formedia s.c. z siedzib\u0105 w ul. Obwodowa 28, 86-005 [&hellip;]<\/p>\n","protected":false},"author":1,"featured_media":0,"parent":0,"menu_order":0,"comment_status":"closed","ping_status":"closed","template":"","meta":{"_uag_custom_page_level_css":"","site-sidebar-layout":"default","site-content-layout":"","ast-site-content-layout":"default","site-content-style":"default","site-sidebar-style":"default","ast-global-header-display":"","ast-banner-title-visibility":"","ast-main-header-display":"","ast-hfb-above-header-display":"","ast-hfb-below-header-display":"","ast-hfb-mobile-header-display":"","site-post-title":"","ast-breadcrumbs-content":"","ast-featured-img":"","footer-sml-layout":"","ast-disable-related-posts":"","theme-transparent-header-meta":"","adv-header-id-meta":"","stick-header-meta":"","header-above-stick-meta":"","header-main-stick-meta":"","header-below-stick-meta":"","astra-migrate-meta-layouts":"default","ast-page-background-enabled":"default","ast-page-background-meta":{"desktop":{"background-color":"var(--ast-global-color-5)","background-image":"","background-repeat":"repeat","background-position":"center center","background-size":"auto","background-attachment":"scroll","background-type":"","background-media":"","overlay-type":"","overlay-color":"","overlay-opacity":"","overlay-gradient":""},"tablet":{"background-color":"","background-image":"","background-repeat":"repeat","background-position":"center center","background-size":"auto","background-attachment":"scroll","background-type":"","background-media":"","overlay-type":"","overlay-color":"","overlay-opacity":"","overlay-gradient":""},"mobile":{"background-color":"","background-image":"","background-repeat":"repeat","background-position":"center center","background-size":"auto","background-attachment":"scroll","background-type":"","background-media":"","overlay-type":"","overlay-color":"","overlay-opacity":"","overlay-gradient":""}},"ast-content-background-meta":{"desktop":{"background-color":"var(--ast-global-color-4)","background-image":"","background-repeat":"repeat","background-position":"center center","background-size":"auto","background-attachment":"scroll","background-type":"","background-media":"","overlay-type":"","overlay-color":"","overlay-opacity":"","overlay-gradient":""},"tablet":{"background-color":"var(--ast-global-color-4)","background-image":"","background-repeat":"repeat","background-position":"center center","background-size":"auto","background-attachment":"scroll","background-type":"","background-media":"","overlay-type":"","overlay-color":"","overlay-opacity":"","overlay-gradient":""},"mobile":{"background-color":"var(--ast-global-color-4)","background-image":"","background-repeat":"repeat","background-position":"center center","background-size":"auto","background-attachment":"scroll","background-type":"","background-media":"","overlay-type":"","overlay-color":"","overlay-opacity":"","overlay-gradient":""}},"footnotes":""},"class_list":["post-1696","page","type-page","status-publish","hentry"],"uagb_featured_image_src":{"full":false,"thumbnail":false,"medium":false,"medium_large":false,"large":false,"1536x1536":false,"2048x2048":false,"woocommerce_thumbnail":false,"woocommerce_single":false,"woocommerce_gallery_thumbnail":false},"uagb_author_info":{"display_name":"admin","author_link":"https:\/\/goldenstones.pl\/?author=1"},"uagb_comment_info":0,"uagb_excerpt":"1. Postanowienia og\u00f3lne W\u0142a\u015bcicielem Sklepu Internetowego dost\u0119pnego pod adresem www.goldenstones.pl jest: Formedia s.c. z siedzib\u0105 w ul. Obwodowa 28, 86-005 [&hellip;]","_links":{"self":[{"href":"https:\/\/goldenstones.pl\/index.php?rest_route=\/wp\/v2\/pages\/1696","targetHints":{"allow":["GET"]}}],"collection":[{"href":"https:\/\/goldenstones.pl\/index.php?rest_route=\/wp\/v2\/pages"}],"about":[{"href":"https:\/\/goldenstones.pl\/index.php?rest_route=\/wp\/v2\/types\/page"}],"author":[{"embeddable":true,"href":"https:\/\/goldenstones.pl\/index.php?rest_route=\/wp\/v2\/users\/1"}],"replies":[{"embeddable":true,"href":"https:\/\/goldenstones.pl\/index.php?rest_route=%2Fwp%2Fv2%2Fcomments&post=1696"}],"version-history":[{"count":1,"href":"https:\/\/goldenstones.pl\/index.php?rest_route=\/wp\/v2\/pages\/1696\/revisions"}],"predecessor-version":[{"id":1697,"href":"https:\/\/goldenstones.pl\/index.php?rest_route=\/wp\/v2\/pages\/1696\/revisions\/1697"}],"wp:attachment":[{"href":"https:\/\/goldenstones.pl\/index.php?rest_route=%2Fwp%2Fv2%2Fmedia&parent=1696"}],"curies":[{"name":"wp","href":"https:\/\/api.w.org\/{rel}","templated":true}]}}