{"id":2,"date":"2026-01-11T14:26:26","date_gmt":"2026-01-11T14:26:26","guid":{"rendered":"https:\/\/goldenstones.pl\/?page_id=2"},"modified":"2026-01-27T11:24:08","modified_gmt":"2026-01-27T11:24:08","slug":"sample-page","status":"publish","type":"page","link":"https:\/\/goldenstones.pl\/?page_id=2","title":{"rendered":"O NAS"},"content":{"rendered":"\n<div class=\"wp-block-uagb-container uag-hide-tab uag-hide-mob uagb-block-b8a104d4 alignfull uagb-is-root-container\"><div class=\"uagb-container-inner-blocks-wrap\"><\/div><\/div>\n\n\n\n<div class=\"wp-block-uagb-container uagb-block-d6ac5b83 alignfull uagb-is-root-container\"><div class=\"uagb-container-inner-blocks-wrap\">\n<h2 class=\"wp-block-heading has-ast-global-color-0-color has-text-color has-link-color wp-elements-ab00944937350c7ede6c6d7e91c72fff\">Golden Stones<\/h2>\n\n\n\n<p>to miejsce idealne dla tych, kt\u00f3rzy aran\u017cuj\u0105 lub zmieniaj\u0105 sw\u00f3j ogr\u00f3d \u2013 w tej hurtowni kamieni klienci mog\u0105 wybiera\u0107 spo\u015br\u00f3d wielu rodzaj\u00f3w dekoracji: otoczak\u00f3w, kamieni elewacyjnych, kory kamiennej, \u0142upk\u00f3w czy bry\u0142. Du\u017cy i ciekawy asortyment firmy przyci\u0105ga uwag\u0119 najbardziej wybrednych klient\u00f3w. Na uwag\u0119 zas\u0142uguje r\u00f3wnie\u017c fakt, \u017ce jako\u015b\u0107 towar\u00f3w jest naprawd\u0119 wysoka.<\/p>\n\n\n\n<p class=\"has-ast-global-color-0-color has-text-color has-link-color wp-elements-c98ac85e1e7bb5fd4df6e2b0669f7503\" style=\"font-size:25px\"><strong><em>W skr\u00f3cie: dobra jako\u015b\u0107 za nisk\u0105 cen\u0119 \u2013 tak powinno by\u0107 w ka\u017cdym sklepie!<\/em><\/strong><\/p>\n\n\n\n<div class=\"wp-block-group alignwide uag-hide-tab uag-hide-mob is-content-justification-center is-nowrap is-layout-flex wp-container-core-group-is-layout-58a7467e wp-block-group-is-layout-flex\" style=\"margin-top:0;margin-bottom:0;padding-top:0;padding-right:0;padding-bottom:0;padding-left:0\">\n<figure class=\"wp-block-image size-full is-style-default\"><img loading=\"lazy\" decoding=\"async\" width=\"300\" height=\"178\" src=\"https:\/\/goldenstones.pl\/wp-content\/uploads\/2026\/01\/koronowo-sepolno-biale-blota-sklady-wegla-kamienia-opal-pelet-kora-kamien-kamienna-bydgoszcz-ogrody-1-300x178-1.jpg\" alt=\"\" class=\"wp-image-224\"\/><\/figure>\n\n\n\n<figure class=\"wp-block-image size-full\"><img loading=\"lazy\" decoding=\"async\" width=\"300\" height=\"177\" src=\"https:\/\/goldenstones.pl\/wp-content\/uploads\/2026\/01\/koronowo-sepolno-biale-blota-sklady-wegla-kamienia-opal-pelet-kora-kamien-kamienna-bydgoszcz-ogrody-10-300x177-1.jpg\" alt=\"\" class=\"wp-image-225\"\/><\/figure>\n\n\n\n<figure class=\"wp-block-image size-full\"><img loading=\"lazy\" decoding=\"async\" width=\"300\" height=\"177\" src=\"https:\/\/goldenstones.pl\/wp-content\/uploads\/2026\/01\/koronowo-sepolno-biale-blota-sklady-wegla-kamienia-opal-pelet-kora-kamien-kamienna-bydgoszcz-ogrody-11-300x177-1.jpg\" alt=\"\" class=\"wp-image-226\"\/><\/figure>\n\n\n\n<figure class=\"wp-block-image size-full\"><img loading=\"lazy\" decoding=\"async\" width=\"300\" height=\"169\" src=\"https:\/\/goldenstones.pl\/wp-content\/uploads\/2026\/01\/koronowo-sepolno-biale-blota-sklady-wegla-kamienia-grys-groszek-pellet-pelet-opal-kamien-ogrodowy-bordy-przegrody-1-300x169-1.jpg\" alt=\"\" class=\"wp-image-227\"\/><\/figure>\n<\/div>\n\n\n\n<div class=\"wp-block-uagb-container uag-hide-desktop uagb-block-5ab59c0d\"><\/div>\n\n\n\n<p>W hurtowni mo\u017cna znale\u017a\u0107 kamienie elewacyjne i \u015bcie\u017ckowe, a tak\u017ce otoczaki, grysy i \u017cwiry, dzi\u0119ki kt\u00f3rym ogr\u00f3d zyska unikatowego wygl\u0105du. Kamienie dekoracyjne pos\u0142u\u017c\u0105 nam do wysypania \u015bcie\u017cki, alejki, lub oczka wodnego, a tak\u017ce do otoczenia krzew\u00f3w, drzewek, czy te\u017c kwiat\u00f3w. \u0141upki kamienne \u015bwietnie nadaj\u0105 si\u0119 do budowy \u015bcie\u017cek, taras\u00f3w, podjazd\u00f3w, schody, skalniaki czy te\u017c elewacje, a do tego s\u0105 bardzo wytrzyma\u0142e \u2013 b\u0119d\u0105 d\u0142ugo cieszy\u0142y nasze oko i chroni\u0142y powierzchni\u0119. W hurtowni Golden Stones mo\u017cna zaopatrzy\u0107 si\u0119 r\u00f3wnie\u017c w \u017cwir ogrodowy, kt\u00f3ry stanowi rewelacyjn\u0105 podstaw\u0119 do ro\u015blin \u2013 dzi\u0119ki jego zdolno\u015bci utrzymywania wilgoci kwiaty i krzewy b\u0119d\u0105 d\u0142ugo nawodnione. Inne materia\u0142y, takie jak kora kamienna ozdobna i bry\u0142y sprawi\u0105, \u017ce architektura naszego ogrodu b\u0119dzie urozmaicona, a ogr\u00f3d sam w sobie pozyska naturalny wygl\u0105d.<\/p>\n\n\n\n<p>Golden Stones to nie tylko hurtownia kamieni, ale tak\u017ce sk\u0142ad materia\u0142\u00f3w opa\u0142owych, w kt\u00f3rym zaopatrzymy si\u0119 w ekogroszek, w\u0119giel, pellet, mia\u0142, a tak\u017ce brykiet. Firma dysponuje szerok\u0105 gam\u0105 produkt\u00f3w: znajdziemy tu ekogroszek workowany, a tak\u017ce w\u0119giel brunatny i kamienny, kt\u00f3ry jest pakowany i workowany w postaci kostki, mia\u0142u, groszku lub orzecha. W sk\u0142adzie klienci znajd\u0105 r\u00f3wnie\u017c brykiet, kt\u00f3ry cechuje wysoka kaloryczno\u015b\u0107 pozwalaj\u0105ca na pozyskanie optymalnej temperatury. Warto wiedzie\u0107, \u017ce materia\u0142y opa\u0142owe takie, jak brykiet czy pellet s\u0105 ekologicznym, przyjaznym dla \u015brodowiska \u017ar\u00f3d\u0142em energii. Co zrobi\u0107, je\u017celi nie wiemy z jakiego \u017ar\u00f3d\u0142a energii skorzysta\u0107? W hurtowni Golden Stones spotkamy fachowc\u00f3w, kt\u00f3rzy z pewno\u015bci\u0105 odpowiedz\u0105 na wszystkie nasze pytania i doradz\u0105, jaki materia\u0142 wybra\u0107.<\/p>\n\n\n\n<p>Hurtowni\u0119 Golden Stones cechuje nie tylko wysoka jako\u015b\u0107 i przyst\u0119pna cena, ale r\u00f3wnie\u017c szyba dostawa i transport zam\u00f3wionych produkt\u00f3w. Je\u017celi zamawiasz kamienie do dekoracji ogrodu lub w\u0119giel, czy te\u017c ekogroszek i nie chcesz d\u0142ugo czeka\u0107 \u2013 skorzystaj z oferty firmy i ciesz si\u0119 zam\u00f3wionymi artyku\u0142ami bez d\u0142ugiego oczekiwania. Mieszcz\u0105ca si\u0119 w Koronowie pod Bydgoszcz\u0105 hurtownia Golden Stones realizuje zam\u00f3wienia na terenie ca\u0142ego wojew\u00f3dztwa kujawsko \u2013 pomorskiego. Wykwalifikowani pracownicy zapraszaj\u0105 do odwiedzin siedziby firmy \u2013 mo\u017cna tam oceni\u0107 osobi\u015bcie wygl\u0105d i jako\u015b\u0107 kamieni, otoczak\u00f3w oraz \u0142upk\u00f3w, zapozna\u0107 si\u0119 z ca\u0142\u0105 ofert\u0105, jak r\u00f3wnie\u017c zada\u0107 dodatkowe pytania. Natomiast na stronie internetowej firmy mo\u017cemy przejrze\u0107 bogat\u0105 galeri\u0119 zdj\u0119\u0107 ukazuj\u0105c\u0105 produkty Golden Stones. Dzi\u0119ki sklepowi online klienci maj\u0105 dost\u0119p do artyku\u0142\u00f3w 24 h na dob\u0119, przez siedem dni w tygodniu.<\/p>\n\n\n\n<p class=\"has-text-align-center has-ast-global-color-0-color has-text-color has-link-color wp-elements-c1108611435eb8baa7d56b351b9811d8\" style=\"font-size:25px\"><strong><em>Nie czekaj i pomy\u015bl o swoim ogrodzie i domu ju\u017c dzi\u015b!<\/em><\/strong><\/p>\n<\/div><\/div>\n\n\n\n<p><\/p>\n","protected":false},"excerpt":{"rendered":"<p>Golden Stones to miejsce idealne dla tych, kt\u00f3rzy aran\u017cuj\u0105 lub zmieniaj\u0105 sw\u00f3j ogr\u00f3d \u2013 w tej hurtowni kamieni klienci mog\u0105 [&hellip;]<\/p>\n","protected":false},"author":1,"featured_media":0,"parent":0,"menu_order":0,"comment_status":"closed","ping_status":"open","template":"","meta":{"_uag_custom_page_level_css":"","site-sidebar-layout":"default","site-content-layout":"","ast-site-content-layout":"default","site-content-style":"default","site-sidebar-style":"default","ast-global-header-display":"","ast-banner-title-visibility":"","ast-main-header-display":"","ast-hfb-above-header-display":"","ast-hfb-below-header-display":"","ast-hfb-mobile-header-display":"","site-post-title":"disabled","ast-breadcrumbs-content":"","ast-featured-img":"","footer-sml-layout":"","ast-disable-related-posts":"","theme-transparent-header-meta":"","adv-header-id-meta":"","stick-header-meta":"","header-above-stick-meta":"","header-main-stick-meta":"","header-below-stick-meta":"","astra-migrate-meta-layouts":"default","ast-page-background-enabled":"default","ast-page-background-meta":{"desktop":{"background-color":"var(--ast-global-color-5)","background-image":"","background-repeat":"repeat","background-position":"center center","background-size":"auto","background-attachment":"scroll","background-type":"","background-media":"","overlay-type":"","overlay-color":"","overlay-opacity":"","overlay-gradient":""},"tablet":{"background-color":"","background-image":"","background-repeat":"repeat","background-position":"center center","background-size":"auto","background-attachment":"scroll","background-type":"","background-media":"","overlay-type":"","overlay-color":"","overlay-opacity":"","overlay-gradient":""},"mobile":{"background-color":"","background-image":"","background-repeat":"repeat","background-position":"center center","background-size":"auto","background-attachment":"scroll","background-type":"","background-media":"","overlay-type":"","overlay-color":"","overlay-opacity":"","overlay-gradient":""}},"ast-content-background-meta":{"desktop":{"background-color":"var(--ast-global-color-4)","background-image":"","background-repeat":"repeat","background-position":"center center","background-size":"auto","background-attachment":"scroll","background-type":"","background-media":"","overlay-type":"","overlay-color":"","overlay-opacity":"","overlay-gradient":""},"tablet":{"background-color":"var(--ast-global-color-4)","background-image":"","background-repeat":"repeat","background-position":"center center","background-size":"auto","background-attachment":"scroll","background-type":"","background-media":"","overlay-type":"","overlay-color":"","overlay-opacity":"","overlay-gradient":""},"mobile":{"background-color":"var(--ast-global-color-4)","background-image":"","background-repeat":"repeat","background-position":"center center","background-size":"auto","background-attachment":"scroll","background-type":"","background-media":"","overlay-type":"","overlay-color":"","overlay-opacity":"","overlay-gradient":""}},"footnotes":""},"class_list":["post-2","page","type-page","status-publish","hentry"],"uagb_featured_image_src":{"full":false,"thumbnail":false,"medium":false,"medium_large":false,"large":false,"1536x1536":false,"2048x2048":false,"woocommerce_thumbnail":false,"woocommerce_single":false,"woocommerce_gallery_thumbnail":false},"uagb_author_info":{"display_name":"admin","author_link":"https:\/\/goldenstones.pl\/?author=1"},"uagb_comment_info":0,"uagb_excerpt":"Golden Stones to miejsce idealne dla tych, kt\u00f3rzy aran\u017cuj\u0105 lub zmieniaj\u0105 sw\u00f3j ogr\u00f3d \u2013 w tej hurtowni kamieni klienci mog\u0105 [&hellip;]","_links":{"self":[{"href":"https:\/\/goldenstones.pl\/index.php?rest_route=\/wp\/v2\/pages\/2","targetHints":{"allow":["GET"]}}],"collection":[{"href":"https:\/\/goldenstones.pl\/index.php?rest_route=\/wp\/v2\/pages"}],"about":[{"href":"https:\/\/goldenstones.pl\/index.php?rest_route=\/wp\/v2\/types\/page"}],"author":[{"embeddable":true,"href":"https:\/\/goldenstones.pl\/index.php?rest_route=\/wp\/v2\/users\/1"}],"replies":[{"embeddable":true,"href":"https:\/\/goldenstones.pl\/index.php?rest_route=%2Fwp%2Fv2%2Fcomments&post=2"}],"version-history":[{"count":16,"href":"https:\/\/goldenstones.pl\/index.php?rest_route=\/wp\/v2\/pages\/2\/revisions"}],"predecessor-version":[{"id":427,"href":"https:\/\/goldenstones.pl\/index.php?rest_route=\/wp\/v2\/pages\/2\/revisions\/427"}],"wp:attachment":[{"href":"https:\/\/goldenstones.pl\/index.php?rest_route=%2Fwp%2Fv2%2Fmedia&parent=2"}],"curies":[{"name":"wp","href":"https:\/\/api.w.org\/{rel}","templated":true}]}}