{"id":1029,"date":"2026-02-20T10:11:43","date_gmt":"2026-02-20T10:11:43","guid":{"rendered":"https:\/\/goldenstones.pl\/?post_type=product&#038;p=1029"},"modified":"2026-03-09T12:06:25","modified_gmt":"2026-03-09T12:06:25","slug":"otoczak-zieleniec-80x130-mm","status":"publish","type":"product","link":"https:\/\/goldenstones.pl\/?product=otoczak-zieleniec-80x130-mm","title":{"rendered":"Otoczak Zieleniec 80&#215;130 mm"},"content":{"rendered":"<h2>Szare kamienie ogrodowe z nut\u0105 zieleni<\/h2>\n<p><span style=\"color: #333333;\">Otoczak Zieleniec o ciemnej, ch\u0142odnej, zielonej barwie. Wytwarzany mechaniczne ze ska\u0142 Zieleniec. Stosowany w kompozycjach ogrodowych, rabatkach, skalniakach, wzd\u0142u\u017c \u015bcie\u017cek. Pi\u0119knie prezentuje si\u0119 np. zag\u0142\u0119biony w oczkach wodnych i kaskadach, gdzie woda uwydatnia jego ciemnozielony kolor.<br \/>\n<\/span>Otoczak cechuje si\u0119 ob\u0142ym kszta\u0142tem. Jest to \u017cwir polskiego pochodzenia specjalnie segregowany wed\u0142ug wielko\u015bci.<br \/>\nKamie\u0144 otoczany powstaje na dwa sposoby, naturalnie i mechanicznie. Naturalnie powstaje dzi\u0119ki p\u0142yn\u0105cej wodzie, kt\u00f3ra wraz z piaskiem szlifuje bry\u0142y. Natomiast przy produkcji otoczak\u00f3w u\u017cywa si\u0119 du\u017cych b\u0119bn\u00f3w, w kt\u00f3rych kamie\u0144 wraz z piaskiem \u015bcieraj\u0105 si\u0119, podobnie jak w naturalnym \u015brodowisku.<\/p>\n<p><span style=\"color: #333333;\">\u00a0<\/span><\/p>\n","protected":false},"excerpt":{"rendered":"<ul>\n<li><span style=\"color: #e36a00;\"><strong>FRAKCJA: <\/strong><\/span><span style=\"color: #333333;\">80-130mm<\/span><\/li>\n<li><strong><span style=\"color: #e36a00;\">WYDAJNO\u015a\u0106:<\/span> <\/strong><span style=\"color: #333333;\"><strong>1 tona<\/strong> oko\u0142o 0,2 m\u00b2<\/span><\/li>\n<li><strong><span style=\"color: #e36a00;\">CECHY CHARAKTERYSTYCZNE:<\/span><\/strong> <span style=\"color: #333333;\">na sucho prezentuje si\u0119 w barwach ch\u0142odnej szaro\u015bci wpadaj\u0105cej w ziele\u0144, mokry ciemnozielony<\/span><\/li>\n<li><strong><span style=\"color: #e36a00;\">KOLORYSTYKA:<\/span><\/strong> zielonoszary i zielony<\/li>\n<li><span style=\"color: #e36a00;\"><strong>POCHODZENIE:<\/strong><\/span> <span style=\"color: #333333;\">Polska<\/span><\/li>\n<li><strong><span style=\"color: #e36a00;\">PRZEZNACZENIE:<\/span><\/strong> <span style=\"color: #333333;\">kwietniki, obrze\u017ca, rabaty, skalniaki<\/span><\/li>\n<li><strong><span style=\"color: #e36a00;\">PIEL\u0118GNACJA:<\/span><\/strong> <span style=\"color: #333333;\">na zewn\u0105trz k\u0142adziony na agrow\u0142\u00f3knini\u0119<\/span><\/li>\n<li><strong><span style=\"color: #e36a00;\">WSZYSTKIE DOST\u0118PNE FRAKCJE:<\/span><\/strong> <span style=\"color: #e36a00;\"><span style=\"color: #333333;\">8-13cm<\/span><\/span><\/li>\n<\/ul>\n","protected":false},"featured_media":1050,"comment_status":"closed","ping_status":"closed","template":"","meta":{"_uag_custom_page_level_css":"","site-sidebar-layout":"default","site-content-layout":"","ast-site-content-layout":"default","site-content-style":"default","site-sidebar-style":"default","ast-global-header-display":"","ast-banner-title-visibility":"","ast-main-header-display":"","ast-hfb-above-header-display":"","ast-hfb-below-header-display":"","ast-hfb-mobile-header-display":"","site-post-title":"","ast-breadcrumbs-content":"","ast-featured-img":"","footer-sml-layout":"","ast-disable-related-posts":"","theme-transparent-header-meta":"default","adv-header-id-meta":"","stick-header-meta":"","header-above-stick-meta":"","header-main-stick-meta":"","header-below-stick-meta":"","astra-migrate-meta-layouts":"set","ast-page-background-enabled":"default","ast-page-background-meta":{"desktop":{"background-color":"var(--ast-global-color-5)","background-image":"","background-repeat":"repeat","background-position":"center center","background-size":"auto","background-attachment":"scroll","background-type":"","background-media":"","overlay-type":"","overlay-color":"","overlay-opacity":"","overlay-gradient":""},"tablet":{"background-color":"","background-image":"","background-repeat":"repeat","background-position":"center center","background-size":"auto","background-attachment":"scroll","background-type":"","background-media":"","overlay-type":"","overlay-color":"","overlay-opacity":"","overlay-gradient":""},"mobile":{"background-color":"","background-image":"","background-repeat":"repeat","background-position":"center center","background-size":"auto","background-attachment":"scroll","background-type":"","background-media":"","overlay-type":"","overlay-color":"","overlay-opacity":"","overlay-gradient":""}},"ast-content-background-meta":{"desktop":{"background-color":"var(--ast-global-color-4)","background-image":"","background-repeat":"repeat","background-position":"center center","background-size":"auto","background-attachment":"scroll","background-type":"","background-media":"","overlay-type":"","overlay-color":"","overlay-opacity":"","overlay-gradient":""},"tablet":{"background-color":"var(--ast-global-color-4)","background-image":"","background-repeat":"repeat","background-position":"center center","background-size":"auto","background-attachment":"scroll","background-type":"","background-media":"","overlay-type":"","overlay-color":"","overlay-opacity":"","overlay-gradient":""},"mobile":{"background-color":"var(--ast-global-color-4)","background-image":"","background-repeat":"repeat","background-position":"center center","background-size":"auto","background-attachment":"scroll","background-type":"","background-media":"","overlay-type":"","overlay-color":"","overlay-opacity":"","overlay-gradient":""}}},"product_brand":[],"product_cat":[21,116,122],"product_tag":[167,168],"class_list":{"0":"post-1029","1":"product","2":"type-product","3":"status-publish","4":"has-post-thumbnail","6":"product_cat-kamienie","7":"product_cat-kamienie-kamienie","8":"product_cat-otoczaki-kamienie-kamienie","9":"product_tag-grysy-bydgoszcz","10":"product_tag-tanie-grysy-bydgoszcz","11":"desktop-align-left","12":"tablet-align-left","13":"mobile-align-left","15":"first","16":"instock","17":"shipping-taxable","18":"product-type-simple"},"uagb_featured_image_src":{"full":["https:\/\/goldenstones.pl\/wp-content\/uploads\/2026\/02\/otoczak-zieleniec-biale-blota-koronowo-sepolno.jpg",500,496,false],"thumbnail":["https:\/\/goldenstones.pl\/wp-content\/uploads\/2026\/02\/otoczak-zieleniec-biale-blota-koronowo-sepolno-150x150.jpg",150,150,true],"medium":["https:\/\/goldenstones.pl\/wp-content\/uploads\/2026\/02\/otoczak-zieleniec-biale-blota-koronowo-sepolno-300x298.jpg",300,298,true],"medium_large":["https:\/\/goldenstones.pl\/wp-content\/uploads\/2026\/02\/otoczak-zieleniec-biale-blota-koronowo-sepolno.jpg",500,496,false],"large":["https:\/\/goldenstones.pl\/wp-content\/uploads\/2026\/02\/otoczak-zieleniec-biale-blota-koronowo-sepolno.jpg",500,496,false],"1536x1536":["https:\/\/goldenstones.pl\/wp-content\/uploads\/2026\/02\/otoczak-zieleniec-biale-blota-koronowo-sepolno.jpg",500,496,false],"2048x2048":["https:\/\/goldenstones.pl\/wp-content\/uploads\/2026\/02\/otoczak-zieleniec-biale-blota-koronowo-sepolno.jpg",500,496,false],"woocommerce_thumbnail":["https:\/\/goldenstones.pl\/wp-content\/uploads\/2026\/02\/otoczak-zieleniec-biale-blota-koronowo-sepolno-300x300.jpg",300,300,true],"woocommerce_single":["https:\/\/goldenstones.pl\/wp-content\/uploads\/2026\/02\/otoczak-zieleniec-biale-blota-koronowo-sepolno.jpg",500,496,false],"woocommerce_gallery_thumbnail":["https:\/\/goldenstones.pl\/wp-content\/uploads\/2026\/02\/otoczak-zieleniec-biale-blota-koronowo-sepolno-100x100.jpg",100,100,true]},"uagb_author_info":{"display_name":"admin","author_link":"https:\/\/goldenstones.pl\/?author=0"},"uagb_comment_info":0,"uagb_excerpt":"FRAKCJA: 80-130mm WYDAJNO\u015a\u0106: 1 tona oko\u0142o 0,2 m\u00b2 CECHY CHARAKTERYSTYCZNE: na sucho prezentuje si\u0119 w barwach ch\u0142odnej szaro\u015bci wpadaj\u0105cej w ziele\u0144, mokry ciemnozielony KOLORYSTYKA: zielonoszary i zielony POCHODZENIE: Polska PRZEZNACZENIE: kwietniki, obrze\u017ca, rabaty, skalniaki PIEL\u0118GNACJA: na zewn\u0105trz k\u0142adziony na agrow\u0142\u00f3knini\u0119 WSZYSTKIE DOST\u0118PNE FRAKCJE: 8-13cm","_links":{"self":[{"href":"https:\/\/goldenstones.pl\/index.php?rest_route=\/wp\/v2\/product\/1029","targetHints":{"allow":["GET"]}}],"collection":[{"href":"https:\/\/goldenstones.pl\/index.php?rest_route=\/wp\/v2\/product"}],"about":[{"href":"https:\/\/goldenstones.pl\/index.php?rest_route=\/wp\/v2\/types\/product"}],"replies":[{"embeddable":true,"href":"https:\/\/goldenstones.pl\/index.php?rest_route=%2Fwp%2Fv2%2Fcomments&post=1029"}],"wp:featuredmedia":[{"embeddable":true,"href":"https:\/\/goldenstones.pl\/index.php?rest_route=\/wp\/v2\/media\/1050"}],"wp:attachment":[{"href":"https:\/\/goldenstones.pl\/index.php?rest_route=%2Fwp%2Fv2%2Fmedia&parent=1029"}],"wp:term":[{"taxonomy":"product_brand","embeddable":true,"href":"https:\/\/goldenstones.pl\/index.php?rest_route=%2Fwp%2Fv2%2Fproduct_brand&post=1029"},{"taxonomy":"product_cat","embeddable":true,"href":"https:\/\/goldenstones.pl\/index.php?rest_route=%2Fwp%2Fv2%2Fproduct_cat&post=1029"},{"taxonomy":"product_tag","embeddable":true,"href":"https:\/\/goldenstones.pl\/index.php?rest_route=%2Fwp%2Fv2%2Fproduct_tag&post=1029"}],"curies":[{"name":"wp","href":"https:\/\/api.w.org\/{rel}","templated":true}]}}