{"id":1063,"date":"2026-02-20T10:11:59","date_gmt":"2026-02-20T10:11:59","guid":{"rendered":"https:\/\/goldenstones.pl\/?post_type=product&#038;p=1063"},"modified":"2026-03-09T14:01:50","modified_gmt":"2026-03-09T14:01:50","slug":"monolit-rozowy-naturalna-rzezba-12zl-kg","status":"publish","type":"product","link":"https:\/\/goldenstones.pl\/?product=monolit-rozowy-naturalna-rzezba-12zl-kg","title":{"rendered":"Monolit R\u00f3\u017cowy naturalna rze\u017aba (12z\u0142\/kg)"},"content":{"rendered":"<h2>R\u00f3\u017cowy g\u0142az kamie\u0144 ogrodowy<\/h2>\n<p>Chcesz relaksowa\u0107 si\u0119 w pi\u0119knie przystrojonym ogrodzie? Skandynawskie monolity ogrodowe podkre\u015bl\u0105 pi\u0119kno twojego ogr\u00f3dka i upi\u0119ksz\u0105 zbiorniki wodne. Ta wyj\u0105tkowa dekoracja ogrodowa wyr\u00f3\u017cnia si\u0119\u00a0 niepowtarzaln\u0105 barw\u0105 przenikaj\u0105cych si\u0119 jasnych r\u00f3\u017cy i bieli. Ozdoba ta idealnie wkomponuje si\u0119 do oczek wodnych, fontann i palisad. Monolit r\u00f3\u017cowy charakteryzuje pi\u0119kny b\u0142ysk przy ekspozycji na s\u0142o\u0144ce. Kamie\u0144 ten, \u015bwietnie sprawdzi si\u0119 w nowoczesnym ogrodzie i klasycznym podw\u00f3rku. Nasza firma zapewni dow\u00f3z i ogromny wyb\u00f3r materia\u0142\u00f3w. Kup ju\u017c teraz i ciesz si\u0119 relaksem w\u015br\u00f3d pi\u0119knych ozd\u00f3b ogrodowych.<a href=\"https:\/\/www.goldenstones.pl\/sklep\/kategoria\/kamienie\/ogrodowe\/bryly_glazy\/\"> Zobacz nasz\u0105 pe\u0142n\u0105 ofert\u0119 kamieni \u0142amanych &gt; tutaj.\u00a0<\/a><\/p>\n","protected":false},"excerpt":{"rendered":"<p><span style=\"color: #333333;\"><a style=\"color: #333333;\" href=\"https:\/\/www.goldenstones.pl\/elementor-63\/\"><strong>\u00a0Zalecany odbi\u00f3r osobisty w sk\u0142adach Golden Stones. Przed zam\u00f3wieniem prosimy o kontakt w celu ustalenia szczeg\u00f3\u0142\u00f3w. <\/strong><strong>Monolity wyceniane s\u0105 indywidualnie w zale\u017cno\u015bci od wagi konkretnego g\u0142azu, cena wyliczana jest na podstawie ilo\u015bci kilogram\u00f3w.<\/strong><\/a><\/span><\/p>\n<ul>\n<li><span style=\"color: #E36A00;\"><strong>FRAKCJA: <\/strong><\/span><span style=\"color: #333333;\">g\u0142az<\/span><\/li>\n<li><strong><span style=\"color: #E36A00;\">CECHY CHARAKTERYSTYCZNE: <\/span><\/strong><span style=\"color: #333333;\">jasna kolorystyka, o ciep\u0142ym pastelowym odcieniu, mieni\u0105cy si\u0119 przy ekspozycji na s\u0142o\u0144ce<\/span><\/li>\n<li><strong><span style=\"color: #E36A00;\">KOLORYSTYKA: <\/span><\/strong><span style=\"color: #333333;\">mix: kremowa biel, pudrowy r\u00f3\u017c, jasna popiel<\/span><\/li>\n<li><span style=\"color: #E36A00;\"><strong>POCHODZENIE:<\/strong><\/span> <span style=\"color: #333333;\">Skandynawia<\/span><\/li>\n<li><strong><span style=\"color: #E36A00;\">PRZEZNACZENIE:<\/span><\/strong> <span style=\"color: #333333;\">skwery, kwietniki, rabatki, kompozycje dekoracyjne<\/span><\/li>\n<\/ul>\n<p><strong>Podana na stronie cena dotyczy jednego kg produktu.<\/strong><\/p>\n","protected":false},"featured_media":1091,"comment_status":"closed","ping_status":"closed","template":"","meta":{"_uag_custom_page_level_css":"","site-sidebar-layout":"default","site-content-layout":"","ast-site-content-layout":"default","site-content-style":"default","site-sidebar-style":"default","ast-global-header-display":"","ast-banner-title-visibility":"","ast-main-header-display":"","ast-hfb-above-header-display":"","ast-hfb-below-header-display":"","ast-hfb-mobile-header-display":"","site-post-title":"","ast-breadcrumbs-content":"","ast-featured-img":"","footer-sml-layout":"","ast-disable-related-posts":"","theme-transparent-header-meta":"","adv-header-id-meta":"","stick-header-meta":"","header-above-stick-meta":"","header-main-stick-meta":"","header-below-stick-meta":"","astra-migrate-meta-layouts":"default","ast-page-background-enabled":"default","ast-page-background-meta":{"desktop":{"background-color":"var(--ast-global-color-5)","background-image":"","background-repeat":"repeat","background-position":"center center","background-size":"auto","background-attachment":"scroll","background-type":"","background-media":"","overlay-type":"","overlay-color":"","overlay-opacity":"","overlay-gradient":""},"tablet":{"background-color":"","background-image":"","background-repeat":"repeat","background-position":"center center","background-size":"auto","background-attachment":"scroll","background-type":"","background-media":"","overlay-type":"","overlay-color":"","overlay-opacity":"","overlay-gradient":""},"mobile":{"background-color":"","background-image":"","background-repeat":"repeat","background-position":"center center","background-size":"auto","background-attachment":"scroll","background-type":"","background-media":"","overlay-type":"","overlay-color":"","overlay-opacity":"","overlay-gradient":""}},"ast-content-background-meta":{"desktop":{"background-color":"var(--ast-global-color-4)","background-image":"","background-repeat":"repeat","background-position":"center center","background-size":"auto","background-attachment":"scroll","background-type":"","background-media":"","overlay-type":"","overlay-color":"","overlay-opacity":"","overlay-gradient":""},"tablet":{"background-color":"var(--ast-global-color-4)","background-image":"","background-repeat":"repeat","background-position":"center center","background-size":"auto","background-attachment":"scroll","background-type":"","background-media":"","overlay-type":"","overlay-color":"","overlay-opacity":"","overlay-gradient":""},"mobile":{"background-color":"var(--ast-global-color-4)","background-image":"","background-repeat":"repeat","background-position":"center center","background-size":"auto","background-attachment":"scroll","background-type":"","background-media":"","overlay-type":"","overlay-color":"","overlay-opacity":"","overlay-gradient":""}}},"product_brand":[],"product_cat":[164,149,21,116,214],"product_tag":[154,155],"class_list":{"0":"post-1063","1":"product","2":"type-product","3":"status-publish","4":"has-post-thumbnail","6":"product_cat-bryly-i-glazy-kamienie-kamienie","7":"product_cat-kamien-lamany","8":"product_cat-kamienie","9":"product_cat-kamienie-kamienie","10":"product_cat-monolity","11":"product_tag-fontanna-z-kamienia-bydgoszcz","12":"product_tag-kamienne-fontanny-bydgoszcz","13":"desktop-align-left","14":"tablet-align-left","15":"mobile-align-left","17":"first","18":"onbackorder","19":"shipping-taxable","20":"product-type-simple"},"uagb_featured_image_src":{"full":["https:\/\/goldenstones.pl\/wp-content\/uploads\/2026\/02\/szpliki-z-kamienia-fontanny.jpg",256,256,false],"thumbnail":["https:\/\/goldenstones.pl\/wp-content\/uploads\/2026\/02\/szpliki-z-kamienia-fontanny-150x150.jpg",150,150,true],"medium":["https:\/\/goldenstones.pl\/wp-content\/uploads\/2026\/02\/szpliki-z-kamienia-fontanny.jpg",256,256,false],"medium_large":["https:\/\/goldenstones.pl\/wp-content\/uploads\/2026\/02\/szpliki-z-kamienia-fontanny.jpg",256,256,false],"large":["https:\/\/goldenstones.pl\/wp-content\/uploads\/2026\/02\/szpliki-z-kamienia-fontanny.jpg",256,256,false],"1536x1536":["https:\/\/goldenstones.pl\/wp-content\/uploads\/2026\/02\/szpliki-z-kamienia-fontanny.jpg",256,256,false],"2048x2048":["https:\/\/goldenstones.pl\/wp-content\/uploads\/2026\/02\/szpliki-z-kamienia-fontanny.jpg",256,256,false],"woocommerce_thumbnail":["https:\/\/goldenstones.pl\/wp-content\/uploads\/2026\/02\/szpliki-z-kamienia-fontanny.jpg",256,256,false],"woocommerce_single":["https:\/\/goldenstones.pl\/wp-content\/uploads\/2026\/02\/szpliki-z-kamienia-fontanny.jpg",256,256,false],"woocommerce_gallery_thumbnail":["https:\/\/goldenstones.pl\/wp-content\/uploads\/2026\/02\/szpliki-z-kamienia-fontanny-100x100.jpg",100,100,true]},"uagb_author_info":{"display_name":"admin","author_link":"https:\/\/goldenstones.pl\/?author=0"},"uagb_comment_info":0,"uagb_excerpt":"\u00a0Zalecany odbi\u00f3r osobisty w sk\u0142adach Golden Stones. Przed zam\u00f3wieniem prosimy o kontakt w celu ustalenia szczeg\u00f3\u0142\u00f3w. Monolity wyceniane s\u0105 indywidualnie w zale\u017cno\u015bci od wagi konkretnego g\u0142azu, cena wyliczana jest na podstawie ilo\u015bci kilogram\u00f3w. FRAKCJA: g\u0142az CECHY CHARAKTERYSTYCZNE: jasna kolorystyka, o ciep\u0142ym pastelowym odcieniu, mieni\u0105cy si\u0119 przy ekspozycji na s\u0142o\u0144ce KOLORYSTYKA: mix: kremowa biel, pudrowy r\u00f3\u017c,&hellip;","_links":{"self":[{"href":"https:\/\/goldenstones.pl\/index.php?rest_route=\/wp\/v2\/product\/1063","targetHints":{"allow":["GET"]}}],"collection":[{"href":"https:\/\/goldenstones.pl\/index.php?rest_route=\/wp\/v2\/product"}],"about":[{"href":"https:\/\/goldenstones.pl\/index.php?rest_route=\/wp\/v2\/types\/product"}],"replies":[{"embeddable":true,"href":"https:\/\/goldenstones.pl\/index.php?rest_route=%2Fwp%2Fv2%2Fcomments&post=1063"}],"wp:featuredmedia":[{"embeddable":true,"href":"https:\/\/goldenstones.pl\/index.php?rest_route=\/wp\/v2\/media\/1091"}],"wp:attachment":[{"href":"https:\/\/goldenstones.pl\/index.php?rest_route=%2Fwp%2Fv2%2Fmedia&parent=1063"}],"wp:term":[{"taxonomy":"product_brand","embeddable":true,"href":"https:\/\/goldenstones.pl\/index.php?rest_route=%2Fwp%2Fv2%2Fproduct_brand&post=1063"},{"taxonomy":"product_cat","embeddable":true,"href":"https:\/\/goldenstones.pl\/index.php?rest_route=%2Fwp%2Fv2%2Fproduct_cat&post=1063"},{"taxonomy":"product_tag","embeddable":true,"href":"https:\/\/goldenstones.pl\/index.php?rest_route=%2Fwp%2Fv2%2Fproduct_tag&post=1063"}],"curies":[{"name":"wp","href":"https:\/\/api.w.org\/{rel}","templated":true}]}}