{"id":1064,"date":"2026-02-20T10:11:59","date_gmt":"2026-02-20T10:11:59","guid":{"rendered":"https:\/\/goldenstones.pl\/?post_type=product&#038;p=1064"},"modified":"2026-03-09T14:01:55","modified_gmt":"2026-03-09T14:01:55","slug":"monolit-zielony-naturalna-rzezba-12zl-kg","status":"publish","type":"product","link":"https:\/\/goldenstones.pl\/?product=monolit-zielony-naturalna-rzezba-12zl-kg","title":{"rendered":"Monolit Zielony naturalna rze\u017aba (12z\u0142\/kg)"},"content":{"rendered":"<h2>Zielony monolit ogrodowy<\/h2>\n<p>Chcesz oryginalnie przystroi\u0107 swoj\u0105 dzia\u0142k\u0119? Pi\u0119kne, skandynawskie rze\u017aby z monolitu uwydatni\u0105 atuty twojego ogrodu i upi\u0119ksz\u0105 zbiornik wodny. Ta zachwycaj\u0105ca rze\u017aba ceniona jest za swoj\u0105 wyj\u0105tkow\u0105 barw\u0119 przenikaj\u0105cych si\u0119 zieleni, szaro\u015bci i bieli. Ten naturalny kamie\u0144 sprawdzi si\u0119 przy fontannach i jako oryginalna dekoracja palisady. Monolit zielony pi\u0119knie b\u0142yszczy si\u0119 w s\u0142o\u0144cu i zachwyci ka\u017cdego go\u015bcia twojego ogrodu. Uniwersalno\u015b\u0107 tej ozdoby sprawia, \u017ce \u015bwietnie sprawdzi si\u0119 na ka\u017cdym podw\u00f3rku. Nasza firma oferuje szybki dow\u00f3z i du\u017cy wyb\u00f3r materia\u0142\u00f3w. Kup teraz i ciesz si\u0119 pi\u0119knie ozdobionym ogrodem. Zobacz nasz\u0105 pe\u0142n\u0105 ofert\u0119 kamieni \u0142amanych. <a href=\"https:\/\/www.goldenstones.pl\/sklep\/kategoria\/kamienie\/ogrodowe\/bryly_glazy\/\">Sprawd\u017a co jeszcze mamy dla Ciebie z serii g\u0142az\u00f3w ogrodowych &gt; tutaj.<\/a><\/p>\n","protected":false},"excerpt":{"rendered":"<p><span style=\"color: #333333;\"><a style=\"color: #333333;\" href=\"https:\/\/www.goldenstones.pl\/elementor-63\/\"><strong>\u00a0Zalecany odbi\u00f3r osobisty w sk\u0142adach Golden Stones. Przed zam\u00f3wieniem prosimy o kontakt w celu ustalenia szczeg\u00f3\u0142\u00f3w. <\/strong><strong>Monolity wyceniane s\u0105 indywidualnie w zale\u017cno\u015bci od wagi konkretnego g\u0142azu, cena wyliczana jest na podstawie ilo\u015bci kilogram\u00f3w.<\/strong><\/a><\/span><\/p>\n<ul>\n<li><span style=\"color: #E36A00;\"><strong>FRAKCJA: <\/strong><\/span><span style=\"color: #333333;\">g\u0142az<\/span><\/li>\n<li><strong><span style=\"color: #E36A00;\">CECHY CHARAKTERYSTYCZNE: <\/span><\/strong><span style=\"color: #E36A00;\"><span style=\"color: #333333;\">g\u0142\u0119bokie kolory,<\/span> <\/span><span style=\"color: #333333;\">\u00a0mieni\u0105cy si\u0119 przy ekspozycji na s\u0142o\u0144ce<\/span><\/li>\n<li><strong><span style=\"color: #E36A00;\">KOLORYSTYKA: <\/span><\/strong><span style=\"color: #333333;\">mix: kremowa biel, odcienie zieleni od jasnej po szmaragdow\u0105 i ciemnozielon\u0105<\/span><\/li>\n<li><span style=\"color: #E36A00;\"><strong>POCHODZENIE:<\/strong><\/span> <span style=\"color: #333333;\">Skandynawia<\/span><\/li>\n<li><strong><span style=\"color: #E36A00;\">PRZEZNACZENIE:<\/span><\/strong> <span style=\"color: #333333;\">skwery, kwietniki, rabatki, kompozycje dekoracyjne<\/span><\/li>\n<\/ul>\n<p><strong>Podana na stronie cena dotyczy jednego kg produktu.<\/strong><\/p>\n","protected":false},"featured_media":1093,"comment_status":"closed","ping_status":"closed","template":"","meta":{"_uag_custom_page_level_css":"","site-sidebar-layout":"default","site-content-layout":"","ast-site-content-layout":"default","site-content-style":"default","site-sidebar-style":"default","ast-global-header-display":"","ast-banner-title-visibility":"","ast-main-header-display":"","ast-hfb-above-header-display":"","ast-hfb-below-header-display":"","ast-hfb-mobile-header-display":"","site-post-title":"","ast-breadcrumbs-content":"","ast-featured-img":"","footer-sml-layout":"","ast-disable-related-posts":"","theme-transparent-header-meta":"","adv-header-id-meta":"","stick-header-meta":"","header-above-stick-meta":"","header-main-stick-meta":"","header-below-stick-meta":"","astra-migrate-meta-layouts":"default","ast-page-background-enabled":"default","ast-page-background-meta":{"desktop":{"background-color":"var(--ast-global-color-5)","background-image":"","background-repeat":"repeat","background-position":"center center","background-size":"auto","background-attachment":"scroll","background-type":"","background-media":"","overlay-type":"","overlay-color":"","overlay-opacity":"","overlay-gradient":""},"tablet":{"background-color":"","background-image":"","background-repeat":"repeat","background-position":"center center","background-size":"auto","background-attachment":"scroll","background-type":"","background-media":"","overlay-type":"","overlay-color":"","overlay-opacity":"","overlay-gradient":""},"mobile":{"background-color":"","background-image":"","background-repeat":"repeat","background-position":"center center","background-size":"auto","background-attachment":"scroll","background-type":"","background-media":"","overlay-type":"","overlay-color":"","overlay-opacity":"","overlay-gradient":""}},"ast-content-background-meta":{"desktop":{"background-color":"var(--ast-global-color-4)","background-image":"","background-repeat":"repeat","background-position":"center center","background-size":"auto","background-attachment":"scroll","background-type":"","background-media":"","overlay-type":"","overlay-color":"","overlay-opacity":"","overlay-gradient":""},"tablet":{"background-color":"var(--ast-global-color-4)","background-image":"","background-repeat":"repeat","background-position":"center center","background-size":"auto","background-attachment":"scroll","background-type":"","background-media":"","overlay-type":"","overlay-color":"","overlay-opacity":"","overlay-gradient":""},"mobile":{"background-color":"var(--ast-global-color-4)","background-image":"","background-repeat":"repeat","background-position":"center center","background-size":"auto","background-attachment":"scroll","background-type":"","background-media":"","overlay-type":"","overlay-color":"","overlay-opacity":"","overlay-gradient":""}}},"product_brand":[],"product_cat":[164,149,215,21,116,214],"product_tag":[154,155],"class_list":{"0":"post-1064","1":"product","2":"type-product","3":"status-publish","4":"has-post-thumbnail","6":"product_cat-bryly-i-glazy-kamienie-kamienie","7":"product_cat-kamien-lamany","8":"product_cat-kamien-lamany-granit","9":"product_cat-kamienie","10":"product_cat-kamienie-kamienie","11":"product_cat-monolity","12":"product_tag-fontanna-z-kamienia-bydgoszcz","13":"product_tag-kamienne-fontanny-bydgoszcz","14":"desktop-align-left","15":"tablet-align-left","16":"mobile-align-left","18":"first","19":"onbackorder","20":"shipping-taxable","21":"product-type-simple"},"uagb_featured_image_src":{"full":["https:\/\/goldenstones.pl\/wp-content\/uploads\/2026\/02\/szpliki-z-kamienia-fontanny-z-blyszczacego-kamienia.jpg",256,256,false],"thumbnail":["https:\/\/goldenstones.pl\/wp-content\/uploads\/2026\/02\/szpliki-z-kamienia-fontanny-z-blyszczacego-kamienia-150x150.jpg",150,150,true],"medium":["https:\/\/goldenstones.pl\/wp-content\/uploads\/2026\/02\/szpliki-z-kamienia-fontanny-z-blyszczacego-kamienia.jpg",256,256,false],"medium_large":["https:\/\/goldenstones.pl\/wp-content\/uploads\/2026\/02\/szpliki-z-kamienia-fontanny-z-blyszczacego-kamienia.jpg",256,256,false],"large":["https:\/\/goldenstones.pl\/wp-content\/uploads\/2026\/02\/szpliki-z-kamienia-fontanny-z-blyszczacego-kamienia.jpg",256,256,false],"1536x1536":["https:\/\/goldenstones.pl\/wp-content\/uploads\/2026\/02\/szpliki-z-kamienia-fontanny-z-blyszczacego-kamienia.jpg",256,256,false],"2048x2048":["https:\/\/goldenstones.pl\/wp-content\/uploads\/2026\/02\/szpliki-z-kamienia-fontanny-z-blyszczacego-kamienia.jpg",256,256,false],"woocommerce_thumbnail":["https:\/\/goldenstones.pl\/wp-content\/uploads\/2026\/02\/szpliki-z-kamienia-fontanny-z-blyszczacego-kamienia.jpg",256,256,false],"woocommerce_single":["https:\/\/goldenstones.pl\/wp-content\/uploads\/2026\/02\/szpliki-z-kamienia-fontanny-z-blyszczacego-kamienia.jpg",256,256,false],"woocommerce_gallery_thumbnail":["https:\/\/goldenstones.pl\/wp-content\/uploads\/2026\/02\/szpliki-z-kamienia-fontanny-z-blyszczacego-kamienia-100x100.jpg",100,100,true]},"uagb_author_info":{"display_name":"admin","author_link":"https:\/\/goldenstones.pl\/?author=0"},"uagb_comment_info":0,"uagb_excerpt":"\u00a0Zalecany odbi\u00f3r osobisty w sk\u0142adach Golden Stones. Przed zam\u00f3wieniem prosimy o kontakt w celu ustalenia szczeg\u00f3\u0142\u00f3w. Monolity wyceniane s\u0105 indywidualnie w zale\u017cno\u015bci od wagi konkretnego g\u0142azu, cena wyliczana jest na podstawie ilo\u015bci kilogram\u00f3w. FRAKCJA: g\u0142az CECHY CHARAKTERYSTYCZNE: g\u0142\u0119bokie kolory, \u00a0mieni\u0105cy si\u0119 przy ekspozycji na s\u0142o\u0144ce KOLORYSTYKA: mix: kremowa biel, odcienie zieleni od jasnej po szmaragdow\u0105&hellip;","_links":{"self":[{"href":"https:\/\/goldenstones.pl\/index.php?rest_route=\/wp\/v2\/product\/1064","targetHints":{"allow":["GET"]}}],"collection":[{"href":"https:\/\/goldenstones.pl\/index.php?rest_route=\/wp\/v2\/product"}],"about":[{"href":"https:\/\/goldenstones.pl\/index.php?rest_route=\/wp\/v2\/types\/product"}],"replies":[{"embeddable":true,"href":"https:\/\/goldenstones.pl\/index.php?rest_route=%2Fwp%2Fv2%2Fcomments&post=1064"}],"wp:featuredmedia":[{"embeddable":true,"href":"https:\/\/goldenstones.pl\/index.php?rest_route=\/wp\/v2\/media\/1093"}],"wp:attachment":[{"href":"https:\/\/goldenstones.pl\/index.php?rest_route=%2Fwp%2Fv2%2Fmedia&parent=1064"}],"wp:term":[{"taxonomy":"product_brand","embeddable":true,"href":"https:\/\/goldenstones.pl\/index.php?rest_route=%2Fwp%2Fv2%2Fproduct_brand&post=1064"},{"taxonomy":"product_cat","embeddable":true,"href":"https:\/\/goldenstones.pl\/index.php?rest_route=%2Fwp%2Fv2%2Fproduct_cat&post=1064"},{"taxonomy":"product_tag","embeddable":true,"href":"https:\/\/goldenstones.pl\/index.php?rest_route=%2Fwp%2Fv2%2Fproduct_tag&post=1064"}],"curies":[{"name":"wp","href":"https:\/\/api.w.org\/{rel}","templated":true}]}}