{"id":1071,"date":"2026-02-20T10:12:00","date_gmt":"2026-02-20T10:12:00","guid":{"rendered":"https:\/\/goldenstones.pl\/?post_type=product&#038;p=1071"},"modified":"2026-03-09T12:04:42","modified_gmt":"2026-03-09T12:04:42","slug":"otoczak-ice-blue-15-25-mm","status":"publish","type":"product","link":"https:\/\/goldenstones.pl\/?product=otoczak-ice-blue-15-25-mm","title":{"rendered":"Otoczak Ice Blue 15-25 mm"},"content":{"rendered":"<h2>Kamie\u0144 otoczak niebieskoszary<\/h2>\n<p>Niebieski kamie\u0144 z delikatnymi szarymi przebarwieniami, pi\u0119knie mieni si\u0119 w s\u0142o\u0144cu. Modny w\u015br\u00f3d projektant\u00f3w ogrod\u00f3w. Idealnie pasuje do przestrzeni ogrodowej w stylu naturalistycznym. Wygl\u0105da elegancko, jest trwa\u0142y i b\u0119dzie spe\u0142nia\u0107 swoj\u0105 rol\u0119 przez dziesi\u0105tki lat. Doda on Twojej aran\u017cacji szyku.<br \/>\nOtoczak niebieskoszary pi\u0119knie prezentuje si\u0119 na rabatach. Podkre\u015bla ziele\u0144, sprawdzi si\u0119 w\u015br\u00f3d kwiat\u00f3w, krzew\u00f3w i traw ozdobnych. Doskonale pasuje tak\u017ce do ozdobnych zbiornik\u00f3w wodnych: oczka wodnego, kamiennej fontanny czy strumyka.<br \/>\nKamie\u0144 pe\u0142ni rol\u0119 estetyczn\u0105 oraz praktyczn\u0105. Utrzymuje odpowiedni\u0105 wilgotno\u015b\u0107 gleby, a latem chroni korzenie przed przegrzaniem.<br \/>\nKamienie Ice Blue efektownie wygl\u0105daj\u0105 tak\u017ce w domowych aran\u017cacjach: donicach, akwarium lub terrarium.<\/p>\n","protected":false},"excerpt":{"rendered":"<ul>\n<li><span style=\"color: #e36a00;\"><strong>FRAKCJA: <\/strong><\/span><span style=\"color: #333333;\">15-25mm<\/span><\/li>\n<li><strong><span style=\"color: #e36a00;\">WYDAJNO\u015a\u0106:<\/span><\/strong><span style=\"color: #333333;\"><strong> 1 tona<\/strong> oko\u0142o 20 m\u00b2, <strong>1 worek\/20kg<\/strong> oko\u0142o 0,4 m\u00b2<\/span><\/li>\n<li><strong><span style=\"color: #e36a00;\">CECHY CHARAKTERYSTYCZNE: <\/span><\/strong><span style=\"color: #333333;\">matowy, twardy, jednolita struktura<\/span><\/li>\n<li><strong><span style=\"color: #e36a00;\">KOLORYSTYKA: <\/span><\/strong><span style=\"color: #333333;\">odcie\u0144 szaro\u015bci z niebiesk\u0105 nut\u0105<\/span><\/li>\n<li><span style=\"color: #e36a00;\"><strong>POCHODZENIE:<\/strong><\/span> <span style=\"color: #333333;\">W\u0142ochy<\/span><\/li>\n<li><strong><span style=\"color: #e36a00;\">PRZEZNACZENIE:<\/span><\/strong> <span style=\"color: #333333;\">skwery, kwietniki, rabatki, alejki, kompozycje dekoracyjne w wazonach, gabionach i donicach, podjazdy, \u015bcie\u017cki, podsypki pod drzewa i krzewy, kaskady i oczka wodne, fontanny<\/span><\/li>\n<li><strong><span style=\"color: #e36a00;\">PIEL\u0118GNACJA:<\/span><\/strong> <span style=\"color: #333333;\">zalecane pod\u0142o\u017ce z agrow\u0142\u00f3kniny<\/span><\/li>\n<li><span style=\"color: #e36a00;\"><strong>DOST\u0118PNE FRAKCJE: <\/strong><\/span><span style=\"color: #333333;\">7-15mm, 15-25mm, 25-40mm<\/span><\/li>\n<\/ul>\n","protected":false},"featured_media":904,"comment_status":"closed","ping_status":"closed","template":"","meta":{"_uag_custom_page_level_css":"","site-sidebar-layout":"default","site-content-layout":"","ast-site-content-layout":"default","site-content-style":"default","site-sidebar-style":"default","ast-global-header-display":"","ast-banner-title-visibility":"","ast-main-header-display":"","ast-hfb-above-header-display":"","ast-hfb-below-header-display":"","ast-hfb-mobile-header-display":"","site-post-title":"","ast-breadcrumbs-content":"","ast-featured-img":"","footer-sml-layout":"","ast-disable-related-posts":"","theme-transparent-header-meta":"default","adv-header-id-meta":"","stick-header-meta":"","header-above-stick-meta":"","header-main-stick-meta":"","header-below-stick-meta":"","astra-migrate-meta-layouts":"set","ast-page-background-enabled":"default","ast-page-background-meta":{"desktop":{"background-color":"var(--ast-global-color-5)","background-image":"","background-repeat":"repeat","background-position":"center center","background-size":"auto","background-attachment":"scroll","background-type":"","background-media":"","overlay-type":"","overlay-color":"","overlay-opacity":"","overlay-gradient":""},"tablet":{"background-color":"","background-image":"","background-repeat":"repeat","background-position":"center center","background-size":"auto","background-attachment":"scroll","background-type":"","background-media":"","overlay-type":"","overlay-color":"","overlay-opacity":"","overlay-gradient":""},"mobile":{"background-color":"","background-image":"","background-repeat":"repeat","background-position":"center center","background-size":"auto","background-attachment":"scroll","background-type":"","background-media":"","overlay-type":"","overlay-color":"","overlay-opacity":"","overlay-gradient":""}},"ast-content-background-meta":{"desktop":{"background-color":"var(--ast-global-color-4)","background-image":"","background-repeat":"repeat","background-position":"center center","background-size":"auto","background-attachment":"scroll","background-type":"","background-media":"","overlay-type":"","overlay-color":"","overlay-opacity":"","overlay-gradient":""},"tablet":{"background-color":"var(--ast-global-color-4)","background-image":"","background-repeat":"repeat","background-position":"center center","background-size":"auto","background-attachment":"scroll","background-type":"","background-media":"","overlay-type":"","overlay-color":"","overlay-opacity":"","overlay-gradient":""},"mobile":{"background-color":"var(--ast-global-color-4)","background-image":"","background-repeat":"repeat","background-position":"center center","background-size":"auto","background-attachment":"scroll","background-type":"","background-media":"","overlay-type":"","overlay-color":"","overlay-opacity":"","overlay-gradient":""}}},"product_brand":[],"product_cat":[21,116,122],"product_tag":[181,177,182,180],"class_list":{"0":"post-1071","1":"product","2":"type-product","3":"status-publish","4":"has-post-thumbnail","6":"product_cat-kamienie","7":"product_cat-kamienie-kamienie","8":"product_cat-otoczaki-kamienie-kamienie","9":"product_tag-ice-blue-otoczaki","10":"product_tag-otoczaki-bydgoszcz","11":"product_tag-otoczaki-ice-blue-bydgoszcz","12":"product_tag-tanie-otoczaki-bydgoszcz","13":"desktop-align-left","14":"tablet-align-left","15":"mobile-align-left","17":"first","18":"instock","19":"shipping-taxable","20":"product-type-simple"},"uagb_featured_image_src":{"full":["https:\/\/goldenstones.pl\/wp-content\/uploads\/2026\/02\/otoczak-bialo-szary-ice-ble-15-25-mm.jpg",800,800,false],"thumbnail":["https:\/\/goldenstones.pl\/wp-content\/uploads\/2026\/02\/otoczak-bialo-szary-ice-ble-15-25-mm-150x150.jpg",150,150,true],"medium":["https:\/\/goldenstones.pl\/wp-content\/uploads\/2026\/02\/otoczak-bialo-szary-ice-ble-15-25-mm-300x300.jpg",300,300,true],"medium_large":["https:\/\/goldenstones.pl\/wp-content\/uploads\/2026\/02\/otoczak-bialo-szary-ice-ble-15-25-mm-768x768.jpg",768,768,true],"large":["https:\/\/goldenstones.pl\/wp-content\/uploads\/2026\/02\/otoczak-bialo-szary-ice-ble-15-25-mm.jpg",800,800,false],"1536x1536":["https:\/\/goldenstones.pl\/wp-content\/uploads\/2026\/02\/otoczak-bialo-szary-ice-ble-15-25-mm.jpg",800,800,false],"2048x2048":["https:\/\/goldenstones.pl\/wp-content\/uploads\/2026\/02\/otoczak-bialo-szary-ice-ble-15-25-mm.jpg",800,800,false],"woocommerce_thumbnail":["https:\/\/goldenstones.pl\/wp-content\/uploads\/2026\/02\/otoczak-bialo-szary-ice-ble-15-25-mm-300x300.jpg",300,300,true],"woocommerce_single":["https:\/\/goldenstones.pl\/wp-content\/uploads\/2026\/02\/otoczak-bialo-szary-ice-ble-15-25-mm-600x600.jpg",600,600,true],"woocommerce_gallery_thumbnail":["https:\/\/goldenstones.pl\/wp-content\/uploads\/2026\/02\/otoczak-bialo-szary-ice-ble-15-25-mm-100x100.jpg",100,100,true]},"uagb_author_info":{"display_name":"admin","author_link":"https:\/\/goldenstones.pl\/?author=0"},"uagb_comment_info":0,"uagb_excerpt":"FRAKCJA: 15-25mm WYDAJNO\u015a\u0106: 1 tona oko\u0142o 20 m\u00b2, 1 worek\/20kg oko\u0142o 0,4 m\u00b2 CECHY CHARAKTERYSTYCZNE: matowy, twardy, jednolita struktura KOLORYSTYKA: odcie\u0144 szaro\u015bci z niebiesk\u0105 nut\u0105 POCHODZENIE: W\u0142ochy PRZEZNACZENIE: skwery, kwietniki, rabatki, alejki, kompozycje dekoracyjne w wazonach, gabionach i donicach, podjazdy, \u015bcie\u017cki, podsypki pod drzewa i krzewy, kaskady i oczka wodne, fontanny PIEL\u0118GNACJA: zalecane pod\u0142o\u017ce z&hellip;","_links":{"self":[{"href":"https:\/\/goldenstones.pl\/index.php?rest_route=\/wp\/v2\/product\/1071","targetHints":{"allow":["GET"]}}],"collection":[{"href":"https:\/\/goldenstones.pl\/index.php?rest_route=\/wp\/v2\/product"}],"about":[{"href":"https:\/\/goldenstones.pl\/index.php?rest_route=\/wp\/v2\/types\/product"}],"replies":[{"embeddable":true,"href":"https:\/\/goldenstones.pl\/index.php?rest_route=%2Fwp%2Fv2%2Fcomments&post=1071"}],"wp:featuredmedia":[{"embeddable":true,"href":"https:\/\/goldenstones.pl\/index.php?rest_route=\/wp\/v2\/media\/904"}],"wp:attachment":[{"href":"https:\/\/goldenstones.pl\/index.php?rest_route=%2Fwp%2Fv2%2Fmedia&parent=1071"}],"wp:term":[{"taxonomy":"product_brand","embeddable":true,"href":"https:\/\/goldenstones.pl\/index.php?rest_route=%2Fwp%2Fv2%2Fproduct_brand&post=1071"},{"taxonomy":"product_cat","embeddable":true,"href":"https:\/\/goldenstones.pl\/index.php?rest_route=%2Fwp%2Fv2%2Fproduct_cat&post=1071"},{"taxonomy":"product_tag","embeddable":true,"href":"https:\/\/goldenstones.pl\/index.php?rest_route=%2Fwp%2Fv2%2Fproduct_tag&post=1071"}],"curies":[{"name":"wp","href":"https:\/\/api.w.org\/{rel}","templated":true}]}}