{"id":1073,"date":"2026-02-20T10:12:00","date_gmt":"2026-02-20T10:12:00","guid":{"rendered":"https:\/\/goldenstones.pl\/?post_type=product&#038;p=1073"},"modified":"2026-03-09T14:00:44","modified_gmt":"2026-03-09T14:00:44","slug":"bryly-matrix-bianco-rosso-200-400-mm-1-tona","status":"publish","type":"product","link":"https:\/\/goldenstones.pl\/?product=bryly-matrix-bianco-rosso-200-400-mm-1-tona","title":{"rendered":"Bry\u0142y Matrix Bianco Rosso 200-400 mm (1 tona)"},"content":{"rendered":"<h2>W\u0142oskie kamienie do ogrodu Matrix<\/h2>\n<p>Chcesz mie\u0107 ekskluzywny ogr\u00f3dek? Chcesz si\u0119 wyr\u00f3\u017cni\u0107 z po\u015br\u00f3d t\u0142umu? Nasze Bry\u0142y dekoracyjne Matrix podkre\u015bl\u0105 Twoje podw\u00f3rko a nawet ogrodzenie. Znajd\u0105 one zastosowanie do ozd\u00f3b fontanny lub oczek wodnych. Jest to pi\u0119kny kamie\u0144 o jasnym zabarwieniu z przemiennymi warstwami, kt\u00f3ry pochodzi z W\u0142och. Mo\u017ce on by\u0107 na przemiennie ecru, szaro\u015bci, r\u00f3\u017cu czy bieli.\u00a0 Przez swoj\u0105 barw\u0119 b\u0119dzie idealnie wpasowywa\u0142 si\u0119 w Tw\u00f3j ogr\u00f3d. Mog\u0105 te\u017c pe\u0142ni\u0107 funkcj\u0119 dekoracyjn\u0105 ogrodu.\u00a0 Dodadz\u0105 one przejrzysto\u015bci oraz dadz\u0105 efekt atrakcyjno\u015bci wizualnej. Nasza firma gwarantuj\u0119 Ci, \u017ce b\u0119dziesz zadowolony z naszych us\u0142ug jak i z niskich cen.\u00a0 Bezproblemowo zawieziemy Ci Twoje zam\u00f3wienie do domu. Chcesz zobaczy\u0107 inne oferty? \u015amia\u0142o! Posiadamy przer\u00f3\u017cne oferty, kt\u00f3re na pewno Ci\u0119 zainteresuj\u0105!<a href=\"https:\/\/www.goldenstones.pl\/sklep\/kategoria\/kamienie\/ogrodowe\/bryly_glazy\/\"> Wejd\u017a\u00a0 &gt; tutaj i zobacz<\/a><\/p>\n","protected":false},"excerpt":{"rendered":"<ul>\n<li><strong><span style=\"color: #E36A00;\">FRAKCJA: <\/span><\/strong><span style=\"color: #E36A00;\"><span style=\"color: #333333;\">20-40cm<\/span><\/span><\/li>\n<li>Srednia waga kamienia : od 5kg do 15kg<\/li>\n<li><strong><span style=\"color: #E36A00;\">CECHY CHARAKTERYSTYCZNE: <\/span><\/strong><span style=\"color: #333333;\">ob\u0142y kszta\u0142t, mrozoodporny, jasny kamie\u0144 z widocznymi naprzemiennymi warstwami<\/span><\/li>\n<li><strong><span style=\"color: #E36A00;\">KOLORYSTYKA: <\/span><\/strong><span style=\"color: #333333;\">na przemiennie ecru, biel, szaro\u015bci, jasny r\u00f3\u017c<\/span><\/li>\n<li><span style=\"color: #E36A00;\"><strong>POCHODZENIE: <\/strong><span style=\"color: #333333;\">W\u0142ochy<\/span><\/span><\/li>\n<li><strong><span style=\"color: #E36A00;\">PRZEZNACZENIE:<\/span><\/strong> <span style=\"color: #333333;\">naturalna rze\u017aba ogrodowa,\u00a0kaskady i oczka wodne, fontanny<\/span><\/li>\n<\/ul>\n<p><span style=\"color: #333333;\"><a style=\"color: #333333;\" href=\"https:\/\/www.goldenstones.pl\/elementor-63\/\"><strong>Przed zam\u00f3wieniem prosimy o kontakt w celu ustalenia szczeg\u00f3\u0142\u00f3w.<\/strong><\/a><\/span><\/p>\n","protected":false},"featured_media":1098,"comment_status":"closed","ping_status":"closed","template":"","meta":{"_uag_custom_page_level_css":"","site-sidebar-layout":"default","site-content-layout":"","ast-site-content-layout":"default","site-content-style":"default","site-sidebar-style":"default","ast-global-header-display":"","ast-banner-title-visibility":"","ast-main-header-display":"","ast-hfb-above-header-display":"","ast-hfb-below-header-display":"","ast-hfb-mobile-header-display":"","site-post-title":"","ast-breadcrumbs-content":"","ast-featured-img":"","footer-sml-layout":"","ast-disable-related-posts":"","theme-transparent-header-meta":"","adv-header-id-meta":"","stick-header-meta":"","header-above-stick-meta":"","header-main-stick-meta":"","header-below-stick-meta":"","astra-migrate-meta-layouts":"default","ast-page-background-enabled":"default","ast-page-background-meta":{"desktop":{"background-color":"var(--ast-global-color-5)","background-image":"","background-repeat":"repeat","background-position":"center center","background-size":"auto","background-attachment":"scroll","background-type":"","background-media":"","overlay-type":"","overlay-color":"","overlay-opacity":"","overlay-gradient":""},"tablet":{"background-color":"","background-image":"","background-repeat":"repeat","background-position":"center center","background-size":"auto","background-attachment":"scroll","background-type":"","background-media":"","overlay-type":"","overlay-color":"","overlay-opacity":"","overlay-gradient":""},"mobile":{"background-color":"","background-image":"","background-repeat":"repeat","background-position":"center center","background-size":"auto","background-attachment":"scroll","background-type":"","background-media":"","overlay-type":"","overlay-color":"","overlay-opacity":"","overlay-gradient":""}},"ast-content-background-meta":{"desktop":{"background-color":"var(--ast-global-color-4)","background-image":"","background-repeat":"repeat","background-position":"center center","background-size":"auto","background-attachment":"scroll","background-type":"","background-media":"","overlay-type":"","overlay-color":"","overlay-opacity":"","overlay-gradient":""},"tablet":{"background-color":"var(--ast-global-color-4)","background-image":"","background-repeat":"repeat","background-position":"center center","background-size":"auto","background-attachment":"scroll","background-type":"","background-media":"","overlay-type":"","overlay-color":"","overlay-opacity":"","overlay-gradient":""},"mobile":{"background-color":"var(--ast-global-color-4)","background-image":"","background-repeat":"repeat","background-position":"center center","background-size":"auto","background-attachment":"scroll","background-type":"","background-media":"","overlay-type":"","overlay-color":"","overlay-opacity":"","overlay-gradient":""}}},"product_brand":[],"product_cat":[164,21,116,142],"product_tag":[165,166],"class_list":{"0":"post-1073","1":"product","2":"type-product","3":"status-publish","4":"has-post-thumbnail","6":"product_cat-bryly-i-glazy-kamienie-kamienie","7":"product_cat-kamienie","8":"product_cat-kamienie-kamienie","9":"product_cat-kaskady-i-oczka-wodne","10":"product_tag-bryly-ogrodowe-bydgoszcz","11":"product_tag-bryly-w-ogrodzie","12":"desktop-align-left","13":"tablet-align-left","14":"mobile-align-left","16":"first","17":"instock","18":"shipping-taxable","19":"product-type-simple"},"uagb_featured_image_src":{"full":["https:\/\/goldenstones.pl\/wp-content\/uploads\/2026\/02\/bryla-matrix-bianco-rosso-biale-blota-koronowo-sepolno.jpg",500,496,false],"thumbnail":["https:\/\/goldenstones.pl\/wp-content\/uploads\/2026\/02\/bryla-matrix-bianco-rosso-biale-blota-koronowo-sepolno-150x150.jpg",150,150,true],"medium":["https:\/\/goldenstones.pl\/wp-content\/uploads\/2026\/02\/bryla-matrix-bianco-rosso-biale-blota-koronowo-sepolno-300x298.jpg",300,298,true],"medium_large":["https:\/\/goldenstones.pl\/wp-content\/uploads\/2026\/02\/bryla-matrix-bianco-rosso-biale-blota-koronowo-sepolno.jpg",500,496,false],"large":["https:\/\/goldenstones.pl\/wp-content\/uploads\/2026\/02\/bryla-matrix-bianco-rosso-biale-blota-koronowo-sepolno.jpg",500,496,false],"1536x1536":["https:\/\/goldenstones.pl\/wp-content\/uploads\/2026\/02\/bryla-matrix-bianco-rosso-biale-blota-koronowo-sepolno.jpg",500,496,false],"2048x2048":["https:\/\/goldenstones.pl\/wp-content\/uploads\/2026\/02\/bryla-matrix-bianco-rosso-biale-blota-koronowo-sepolno.jpg",500,496,false],"woocommerce_thumbnail":["https:\/\/goldenstones.pl\/wp-content\/uploads\/2026\/02\/bryla-matrix-bianco-rosso-biale-blota-koronowo-sepolno-300x300.jpg",300,300,true],"woocommerce_single":["https:\/\/goldenstones.pl\/wp-content\/uploads\/2026\/02\/bryla-matrix-bianco-rosso-biale-blota-koronowo-sepolno.jpg",500,496,false],"woocommerce_gallery_thumbnail":["https:\/\/goldenstones.pl\/wp-content\/uploads\/2026\/02\/bryla-matrix-bianco-rosso-biale-blota-koronowo-sepolno-100x100.jpg",100,100,true]},"uagb_author_info":{"display_name":"admin","author_link":"https:\/\/goldenstones.pl\/?author=0"},"uagb_comment_info":0,"uagb_excerpt":"FRAKCJA: 20-40cm Srednia waga kamienia : od 5kg do 15kg CECHY CHARAKTERYSTYCZNE: ob\u0142y kszta\u0142t, mrozoodporny, jasny kamie\u0144 z widocznymi naprzemiennymi warstwami KOLORYSTYKA: na przemiennie ecru, biel, szaro\u015bci, jasny r\u00f3\u017c POCHODZENIE: W\u0142ochy PRZEZNACZENIE: naturalna rze\u017aba ogrodowa,\u00a0kaskady i oczka wodne, fontanny Przed zam\u00f3wieniem prosimy o kontakt w celu ustalenia szczeg\u00f3\u0142\u00f3w.","_links":{"self":[{"href":"https:\/\/goldenstones.pl\/index.php?rest_route=\/wp\/v2\/product\/1073","targetHints":{"allow":["GET"]}}],"collection":[{"href":"https:\/\/goldenstones.pl\/index.php?rest_route=\/wp\/v2\/product"}],"about":[{"href":"https:\/\/goldenstones.pl\/index.php?rest_route=\/wp\/v2\/types\/product"}],"replies":[{"embeddable":true,"href":"https:\/\/goldenstones.pl\/index.php?rest_route=%2Fwp%2Fv2%2Fcomments&post=1073"}],"wp:featuredmedia":[{"embeddable":true,"href":"https:\/\/goldenstones.pl\/index.php?rest_route=\/wp\/v2\/media\/1098"}],"wp:attachment":[{"href":"https:\/\/goldenstones.pl\/index.php?rest_route=%2Fwp%2Fv2%2Fmedia&parent=1073"}],"wp:term":[{"taxonomy":"product_brand","embeddable":true,"href":"https:\/\/goldenstones.pl\/index.php?rest_route=%2Fwp%2Fv2%2Fproduct_brand&post=1073"},{"taxonomy":"product_cat","embeddable":true,"href":"https:\/\/goldenstones.pl\/index.php?rest_route=%2Fwp%2Fv2%2Fproduct_cat&post=1073"},{"taxonomy":"product_tag","embeddable":true,"href":"https:\/\/goldenstones.pl\/index.php?rest_route=%2Fwp%2Fv2%2Fproduct_tag&post=1073"}],"curies":[{"name":"wp","href":"https:\/\/api.w.org\/{rel}","templated":true}]}}