{"id":1078,"date":"2026-02-20T10:12:00","date_gmt":"2026-02-20T10:12:00","guid":{"rendered":"https:\/\/goldenstones.pl\/?post_type=product&#038;p=1078"},"modified":"2026-02-23T12:36:49","modified_gmt":"2026-02-23T12:36:49","slug":"bryly-szklane-szklo-zielone-100-200mm","status":"publish","type":"product","link":"https:\/\/goldenstones.pl\/?product=bryly-szklane-szklo-zielone-100-200mm","title":{"rendered":"Bry\u0142y szklane szk\u0142o zielone 100-200mm"},"content":{"rendered":"<h2>Bry\u0142y szklane zielone<\/h2>\n<p>Je\u015bli chcesz w ciekawy i nietuzinkowy spos\u00f3b przystroi\u0107 sw\u00f3j ogr\u00f3d lub wype\u0142ni\u0107 pust\u0105 przestrze\u0144 w pokoju albo miejscu pracy, wypr\u00f3buj nasze szklane, zielone bry\u0142y od Golden Stones! Idealnie sprawdz\u0105 jako ozdobna rze\u017aba do\u00a0 wszelakich wn\u0119trz, ogrod\u00f3w, kaskad i oczek wodnych. Dzi\u0119ki pod\u015bwietleniu ich \u015bwiat\u0142em od spodu zyskasz niesamowit\u0105 i magiczn\u0105 atmosfer\u0119. Nasze bry\u0142y charakteryzuj\u0105 si\u0119 du\u017c\u0105 transparentno\u015bci\u0105, mrozoodporno\u015bci\u0105 oraz wysokim po\u0142yskiem przez co b\u0119d\u0105 si\u0119 bardzo dobrze prezentowa\u0107 w dzie\u0144 oraz w nocy. Zam\u00f3w ju\u017c dzisiaj i zachwy\u0107 wszystkich oryginalno\u015bci\u0105 wystroju oraz\u00a0 nietypowym pomys\u0142em na dekoracje pomieszcze\u0144.<\/p>\n<p><a href=\"https:\/\/www.goldenstones.pl\/sklep\/kategoria\/kamienie\/ogrodowe\/szklo_dekoracyjne\/\">Sprawd\u017a nasze inne oferty z tego artyku\u0142u klikaj\u0105c tutaj<\/a><\/p>\n","protected":false},"excerpt":{"rendered":"<p><strong>Waga produktu waha si\u0119 w przedziale od 0,5 kg do 4 kg<\/strong><\/p>\n<ul>\n<li><strong><span style=\"color: #E36A00;\">FRAKCJA: <\/span><\/strong><span style=\"color: #E36A00;\"><span style=\"color: #333333;\">100-200mm<\/span><\/span><\/li>\n<li><strong><span style=\"color: #E36A00;\">CECHY CHARAKTERYSTYCZNE: <\/span><\/strong><span style=\"color: #333333;\">mrozoodporno\u015b\u0107, transparentno\u015b\u0107, wysoki po\u0142ysk<\/span><\/li>\n<li><strong><span style=\"color: #E36A00;\">KOLORYSTYKA: <\/span><\/strong><span style=\"color: #333333;\">odcienie zieleni, onyksu<\/span><\/li>\n<li><strong><span style=\"color: #E36A00;\">PRZEZNACZENIE: <\/span><\/strong>rze\u017aba ogrodowa i do wn\u0119trz,<span style=\"color: #333333;\">\u00a0kaskady i oczka wodne, fontanny, strumyki, dekoracja spa<\/span><\/li>\n<\/ul>\n<p><span style=\"color: #333333;\"><a style=\"color: #333333;\" href=\"https:\/\/www.goldenstones.pl\/elementor-63\/\"><strong>\u00a0Przed zam\u00f3wieniem prosimy o kontakt w celu ustalenia szczeg\u00f3\u0142\u00f3w.<\/strong><\/a><\/span><\/p>\n<p>&nbsp;<\/p>\n","protected":false},"featured_media":1105,"comment_status":"closed","ping_status":"closed","template":"","meta":{"_uag_custom_page_level_css":"","site-sidebar-layout":"default","site-content-layout":"","ast-site-content-layout":"default","site-content-style":"default","site-sidebar-style":"default","ast-global-header-display":"","ast-banner-title-visibility":"","ast-main-header-display":"","ast-hfb-above-header-display":"","ast-hfb-below-header-display":"","ast-hfb-mobile-header-display":"","site-post-title":"","ast-breadcrumbs-content":"","ast-featured-img":"","footer-sml-layout":"","ast-disable-related-posts":"","theme-transparent-header-meta":"","adv-header-id-meta":"","stick-header-meta":"","header-above-stick-meta":"","header-main-stick-meta":"","header-below-stick-meta":"","astra-migrate-meta-layouts":"default","ast-page-background-enabled":"default","ast-page-background-meta":{"desktop":{"background-color":"var(--ast-global-color-5)","background-image":"","background-repeat":"repeat","background-position":"center center","background-size":"auto","background-attachment":"scroll","background-type":"","background-media":"","overlay-type":"","overlay-color":"","overlay-opacity":"","overlay-gradient":""},"tablet":{"background-color":"","background-image":"","background-repeat":"repeat","background-position":"center center","background-size":"auto","background-attachment":"scroll","background-type":"","background-media":"","overlay-type":"","overlay-color":"","overlay-opacity":"","overlay-gradient":""},"mobile":{"background-color":"","background-image":"","background-repeat":"repeat","background-position":"center center","background-size":"auto","background-attachment":"scroll","background-type":"","background-media":"","overlay-type":"","overlay-color":"","overlay-opacity":"","overlay-gradient":""}},"ast-content-background-meta":{"desktop":{"background-color":"var(--ast-global-color-4)","background-image":"","background-repeat":"repeat","background-position":"center center","background-size":"auto","background-attachment":"scroll","background-type":"","background-media":"","overlay-type":"","overlay-color":"","overlay-opacity":"","overlay-gradient":""},"tablet":{"background-color":"var(--ast-global-color-4)","background-image":"","background-repeat":"repeat","background-position":"center center","background-size":"auto","background-attachment":"scroll","background-type":"","background-media":"","overlay-type":"","overlay-color":"","overlay-opacity":"","overlay-gradient":""},"mobile":{"background-color":"var(--ast-global-color-4)","background-image":"","background-repeat":"repeat","background-position":"center center","background-size":"auto","background-attachment":"scroll","background-type":"","background-media":"","overlay-type":"","overlay-color":"","overlay-opacity":"","overlay-gradient":""}}},"product_brand":[],"product_cat":[21,116,115,156],"product_tag":[157,158,159,160],"class_list":{"0":"post-1078","1":"product","2":"type-product","3":"status-publish","4":"has-post-thumbnail","6":"product_cat-kamienie","7":"product_cat-kamienie-kamienie","8":"product_cat-kamienie-do-gabionow","9":"product_cat-szklo-dekoracyjne","10":"product_tag-bryly-szklane-bydgoszcz","11":"product_tag-szklo-dekoracyjne","12":"product_tag-szklo-gabionowe","13":"product_tag-szklo-turkusowe","14":"desktop-align-left","15":"tablet-align-left","16":"mobile-align-left","18":"first","19":"instock","20":"shipping-taxable","21":"purchasable","22":"product-type-simple"},"uagb_featured_image_src":{"full":["https:\/\/goldenstones.pl\/wp-content\/uploads\/2026\/02\/szklo-dekoracyjne-bryly-szklane-zielone-biale-blota-koronowo-sepolno.jpg",504,500,false],"thumbnail":["https:\/\/goldenstones.pl\/wp-content\/uploads\/2026\/02\/szklo-dekoracyjne-bryly-szklane-zielone-biale-blota-koronowo-sepolno-150x150.jpg",150,150,true],"medium":["https:\/\/goldenstones.pl\/wp-content\/uploads\/2026\/02\/szklo-dekoracyjne-bryly-szklane-zielone-biale-blota-koronowo-sepolno-300x298.jpg",300,298,true],"medium_large":["https:\/\/goldenstones.pl\/wp-content\/uploads\/2026\/02\/szklo-dekoracyjne-bryly-szklane-zielone-biale-blota-koronowo-sepolno.jpg",504,500,false],"large":["https:\/\/goldenstones.pl\/wp-content\/uploads\/2026\/02\/szklo-dekoracyjne-bryly-szklane-zielone-biale-blota-koronowo-sepolno.jpg",504,500,false],"1536x1536":["https:\/\/goldenstones.pl\/wp-content\/uploads\/2026\/02\/szklo-dekoracyjne-bryly-szklane-zielone-biale-blota-koronowo-sepolno.jpg",504,500,false],"2048x2048":["https:\/\/goldenstones.pl\/wp-content\/uploads\/2026\/02\/szklo-dekoracyjne-bryly-szklane-zielone-biale-blota-koronowo-sepolno.jpg",504,500,false],"woocommerce_thumbnail":["https:\/\/goldenstones.pl\/wp-content\/uploads\/2026\/02\/szklo-dekoracyjne-bryly-szklane-zielone-biale-blota-koronowo-sepolno-300x300.jpg",300,300,true],"woocommerce_single":["https:\/\/goldenstones.pl\/wp-content\/uploads\/2026\/02\/szklo-dekoracyjne-bryly-szklane-zielone-biale-blota-koronowo-sepolno.jpg",504,500,false],"woocommerce_gallery_thumbnail":["https:\/\/goldenstones.pl\/wp-content\/uploads\/2026\/02\/szklo-dekoracyjne-bryly-szklane-zielone-biale-blota-koronowo-sepolno-100x100.jpg",100,100,true]},"uagb_author_info":{"display_name":"admin","author_link":"https:\/\/goldenstones.pl\/?author=0"},"uagb_comment_info":0,"uagb_excerpt":"Waga produktu waha si\u0119 w przedziale od 0,5 kg do 4 kg FRAKCJA: 100-200mm CECHY CHARAKTERYSTYCZNE: mrozoodporno\u015b\u0107, transparentno\u015b\u0107, wysoki po\u0142ysk KOLORYSTYKA: odcienie zieleni, onyksu PRZEZNACZENIE: rze\u017aba ogrodowa i do wn\u0119trz,\u00a0kaskady i oczka wodne, fontanny, strumyki, dekoracja spa \u00a0Przed zam\u00f3wieniem prosimy o kontakt w celu ustalenia szczeg\u00f3\u0142\u00f3w. &nbsp;","_links":{"self":[{"href":"https:\/\/goldenstones.pl\/index.php?rest_route=\/wp\/v2\/product\/1078","targetHints":{"allow":["GET"]}}],"collection":[{"href":"https:\/\/goldenstones.pl\/index.php?rest_route=\/wp\/v2\/product"}],"about":[{"href":"https:\/\/goldenstones.pl\/index.php?rest_route=\/wp\/v2\/types\/product"}],"replies":[{"embeddable":true,"href":"https:\/\/goldenstones.pl\/index.php?rest_route=%2Fwp%2Fv2%2Fcomments&post=1078"}],"wp:featuredmedia":[{"embeddable":true,"href":"https:\/\/goldenstones.pl\/index.php?rest_route=\/wp\/v2\/media\/1105"}],"wp:attachment":[{"href":"https:\/\/goldenstones.pl\/index.php?rest_route=%2Fwp%2Fv2%2Fmedia&parent=1078"}],"wp:term":[{"taxonomy":"product_brand","embeddable":true,"href":"https:\/\/goldenstones.pl\/index.php?rest_route=%2Fwp%2Fv2%2Fproduct_brand&post=1078"},{"taxonomy":"product_cat","embeddable":true,"href":"https:\/\/goldenstones.pl\/index.php?rest_route=%2Fwp%2Fv2%2Fproduct_cat&post=1078"},{"taxonomy":"product_tag","embeddable":true,"href":"https:\/\/goldenstones.pl\/index.php?rest_route=%2Fwp%2Fv2%2Fproduct_tag&post=1078"}],"curies":[{"name":"wp","href":"https:\/\/api.w.org\/{rel}","templated":true}]}}