{"id":1081,"date":"2026-02-20T10:12:01","date_gmt":"2026-02-20T10:12:01","guid":{"rendered":"https:\/\/goldenstones.pl\/?post_type=product&#038;p=1081"},"modified":"2026-02-23T12:36:49","modified_gmt":"2026-02-23T12:36:49","slug":"drobinki-szklane-zlote-worek-10kg","status":"publish","type":"product","link":"https:\/\/goldenstones.pl\/?product=drobinki-szklane-zlote-worek-10kg","title":{"rendered":"Drobinki Szklane Z\u0142ote worek 10kg"},"content":{"rendered":"<h2>Drobinki Z\u0142ote Szklane<\/h2>\n<p>Nie wierz jakich ozd\u00f3b u\u017cy\u0107 aby udekorowa\u0107 sw\u00f3j ogr\u00f3d? Sprawd\u017a nasze drobinki ze z\u0142otego szk\u0142a. Dzi\u0119ki ich bursztynowej barwie, ka\u017cde udekorowane nimi miejsce zyska egzotyczny, oryginalny i niepowtarzalny wygl\u0105d oraz charakter. Idealnie si\u0119 sprawdz\u0105 jako ciekawa i niepowtarzalna ozdoba do akwarium, wszelakich ogrod\u00f3w, \u015bwiecznik\u00f3w lub innych szklanych naczy\u0144. Odznaczaj\u0105 si\u0119 du\u017c\u0105 transparentno\u015bci\u0105 oraz mrozoodporno\u015bci\u0105, dzi\u0119ki czemu b\u0119d\u0105 mog\u0142y wytrzyma\u0107 wszelkie mrozy i niskie temperatury. Martwisz si\u0119, \u017ce tw\u00f3j produkt mo\u017ce si\u0119 uszkodzi\u0107 podczas transportu, albo nie lubisz gdy dostawa od producenta trwa zbyt d\u0142ugo? Zamawiaj\u0105c u nas ten produkt unikniesz tych produkt\u00f3w jak ognia! Nasz sklep oferuje szybkie dostawy prosto do domu oraz bezpiecze\u0144stwo podczas transportu.<\/p>\n<p><strong><a href=\"https:\/\/www.goldenstones.pl\/sklep\/kategoria\/kamienie\/ogrodowe\/szklo_dekoracyjne\/\">Zainteresowa\u0142 ciebie ten produkt? Sprawd\u017a nasze inne artyku\u0142y klikaj\u0105c tutaj!<\/a><\/strong><\/p>\n<p>&nbsp;<\/p>\n<p>&nbsp;<\/p>\n","protected":false},"excerpt":{"rendered":"<ul>\n<li><strong><span style=\"color: #E36A00;\">FRAKCJA: <\/span><\/strong><span style=\"color: #E36A00;\"><span style=\"color: #333333;\">5-10mm<\/span><\/span><\/li>\n<li><strong><span style=\"color: #E36A00;\">CECHY CHARAKTERYSTYCZNE: <\/span><\/strong><span style=\"color: #333333;\">pi\u0119kne zabarwienie, mrozoodporno\u015b\u0107, transparentno\u015b\u0107 koloru<\/span><\/li>\n<li><strong><span style=\"color: #E36A00;\">KOLORYSTYKA: <\/span><\/strong><span style=\"color: #333333;\">bursztynowy<\/span><\/li>\n<li><strong><span style=\"color: #E36A00;\">PRZEZNACZENIE: <\/span><\/strong>dekoracja ogrodowa i do wn\u0119trz,<span style=\"color: #333333;\"> kaskady, oczka wodne, fontanny, strumyki, dekoracja spa, podsypki, obrze\u017ca<\/span><\/li>\n<\/ul>\n<p><span style=\"color: #333333;\"><strong>Podana na stronie cena dotyczy 10 kg produktu.<\/strong><\/span><\/p>\n","protected":false},"featured_media":771,"comment_status":"closed","ping_status":"closed","template":"","meta":{"_uag_custom_page_level_css":"","site-sidebar-layout":"default","site-content-layout":"","ast-site-content-layout":"default","site-content-style":"default","site-sidebar-style":"default","ast-global-header-display":"","ast-banner-title-visibility":"","ast-main-header-display":"","ast-hfb-above-header-display":"","ast-hfb-below-header-display":"","ast-hfb-mobile-header-display":"","site-post-title":"","ast-breadcrumbs-content":"","ast-featured-img":"","footer-sml-layout":"","ast-disable-related-posts":"","theme-transparent-header-meta":"","adv-header-id-meta":"","stick-header-meta":"","header-above-stick-meta":"","header-main-stick-meta":"","header-below-stick-meta":"","astra-migrate-meta-layouts":"default","ast-page-background-enabled":"default","ast-page-background-meta":{"desktop":{"background-color":"var(--ast-global-color-5)","background-image":"","background-repeat":"repeat","background-position":"center center","background-size":"auto","background-attachment":"scroll","background-type":"","background-media":"","overlay-type":"","overlay-color":"","overlay-opacity":"","overlay-gradient":""},"tablet":{"background-color":"","background-image":"","background-repeat":"repeat","background-position":"center center","background-size":"auto","background-attachment":"scroll","background-type":"","background-media":"","overlay-type":"","overlay-color":"","overlay-opacity":"","overlay-gradient":""},"mobile":{"background-color":"","background-image":"","background-repeat":"repeat","background-position":"center center","background-size":"auto","background-attachment":"scroll","background-type":"","background-media":"","overlay-type":"","overlay-color":"","overlay-opacity":"","overlay-gradient":""}},"ast-content-background-meta":{"desktop":{"background-color":"var(--ast-global-color-4)","background-image":"","background-repeat":"repeat","background-position":"center center","background-size":"auto","background-attachment":"scroll","background-type":"","background-media":"","overlay-type":"","overlay-color":"","overlay-opacity":"","overlay-gradient":""},"tablet":{"background-color":"var(--ast-global-color-4)","background-image":"","background-repeat":"repeat","background-position":"center center","background-size":"auto","background-attachment":"scroll","background-type":"","background-media":"","overlay-type":"","overlay-color":"","overlay-opacity":"","overlay-gradient":""},"mobile":{"background-color":"var(--ast-global-color-4)","background-image":"","background-repeat":"repeat","background-position":"center center","background-size":"auto","background-attachment":"scroll","background-type":"","background-media":"","overlay-type":"","overlay-color":"","overlay-opacity":"","overlay-gradient":""}}},"product_brand":[],"product_cat":[21,116,156],"product_tag":[157,158,159],"class_list":{"0":"post-1081","1":"product","2":"type-product","3":"status-publish","4":"has-post-thumbnail","6":"product_cat-kamienie","7":"product_cat-kamienie-kamienie","8":"product_cat-szklo-dekoracyjne","9":"product_tag-bryly-szklane-bydgoszcz","10":"product_tag-szklo-dekoracyjne","11":"product_tag-szklo-gabionowe","12":"desktop-align-left","13":"tablet-align-left","14":"mobile-align-left","16":"first","17":"instock","18":"shipping-taxable","19":"purchasable","20":"product-type-simple"},"uagb_featured_image_src":{"full":["https:\/\/goldenstones.pl\/wp-content\/uploads\/2026\/02\/szklo-dekoracyjne-drobinki-zlote-szkla.jpg",256,256,false],"thumbnail":["https:\/\/goldenstones.pl\/wp-content\/uploads\/2026\/02\/szklo-dekoracyjne-drobinki-zlote-szkla-150x150.jpg",150,150,true],"medium":["https:\/\/goldenstones.pl\/wp-content\/uploads\/2026\/02\/szklo-dekoracyjne-drobinki-zlote-szkla.jpg",256,256,false],"medium_large":["https:\/\/goldenstones.pl\/wp-content\/uploads\/2026\/02\/szklo-dekoracyjne-drobinki-zlote-szkla.jpg",256,256,false],"large":["https:\/\/goldenstones.pl\/wp-content\/uploads\/2026\/02\/szklo-dekoracyjne-drobinki-zlote-szkla.jpg",256,256,false],"1536x1536":["https:\/\/goldenstones.pl\/wp-content\/uploads\/2026\/02\/szklo-dekoracyjne-drobinki-zlote-szkla.jpg",256,256,false],"2048x2048":["https:\/\/goldenstones.pl\/wp-content\/uploads\/2026\/02\/szklo-dekoracyjne-drobinki-zlote-szkla.jpg",256,256,false],"woocommerce_thumbnail":["https:\/\/goldenstones.pl\/wp-content\/uploads\/2026\/02\/szklo-dekoracyjne-drobinki-zlote-szkla.jpg",256,256,false],"woocommerce_single":["https:\/\/goldenstones.pl\/wp-content\/uploads\/2026\/02\/szklo-dekoracyjne-drobinki-zlote-szkla.jpg",256,256,false],"woocommerce_gallery_thumbnail":["https:\/\/goldenstones.pl\/wp-content\/uploads\/2026\/02\/szklo-dekoracyjne-drobinki-zlote-szkla-100x100.jpg",100,100,true]},"uagb_author_info":{"display_name":"admin","author_link":"https:\/\/goldenstones.pl\/?author=0"},"uagb_comment_info":0,"uagb_excerpt":"FRAKCJA: 5-10mm CECHY CHARAKTERYSTYCZNE: pi\u0119kne zabarwienie, mrozoodporno\u015b\u0107, transparentno\u015b\u0107 koloru KOLORYSTYKA: bursztynowy PRZEZNACZENIE: dekoracja ogrodowa i do wn\u0119trz, kaskady, oczka wodne, fontanny, strumyki, dekoracja spa, podsypki, obrze\u017ca Podana na stronie cena dotyczy 10 kg produktu.","_links":{"self":[{"href":"https:\/\/goldenstones.pl\/index.php?rest_route=\/wp\/v2\/product\/1081","targetHints":{"allow":["GET"]}}],"collection":[{"href":"https:\/\/goldenstones.pl\/index.php?rest_route=\/wp\/v2\/product"}],"about":[{"href":"https:\/\/goldenstones.pl\/index.php?rest_route=\/wp\/v2\/types\/product"}],"replies":[{"embeddable":true,"href":"https:\/\/goldenstones.pl\/index.php?rest_route=%2Fwp%2Fv2%2Fcomments&post=1081"}],"wp:featuredmedia":[{"embeddable":true,"href":"https:\/\/goldenstones.pl\/index.php?rest_route=\/wp\/v2\/media\/771"}],"wp:attachment":[{"href":"https:\/\/goldenstones.pl\/index.php?rest_route=%2Fwp%2Fv2%2Fmedia&parent=1081"}],"wp:term":[{"taxonomy":"product_brand","embeddable":true,"href":"https:\/\/goldenstones.pl\/index.php?rest_route=%2Fwp%2Fv2%2Fproduct_brand&post=1081"},{"taxonomy":"product_cat","embeddable":true,"href":"https:\/\/goldenstones.pl\/index.php?rest_route=%2Fwp%2Fv2%2Fproduct_cat&post=1081"},{"taxonomy":"product_tag","embeddable":true,"href":"https:\/\/goldenstones.pl\/index.php?rest_route=%2Fwp%2Fv2%2Fproduct_tag&post=1081"}],"curies":[{"name":"wp","href":"https:\/\/api.w.org\/{rel}","templated":true}]}}