{"id":1118,"date":"2026-02-20T10:12:17","date_gmt":"2026-02-20T10:12:17","guid":{"rendered":"https:\/\/goldenstones.pl\/?post_type=product&#038;p=1118"},"modified":"2026-04-09T10:41:58","modified_gmt":"2026-04-09T10:41:58","slug":"szpilki-kolki-100-szt-15-cm-do-agrowlokniny","status":"publish","type":"product","link":"https:\/\/goldenstones.pl\/?product=szpilki-kolki-100-szt-15-cm-do-agrowlokniny","title":{"rendered":"Szpilki ko\u0142ki 100 szt 15 cm do agrow\u0142\u00f3kniny"},"content":{"rendered":"<h2>Szpilki i ko\u0142ki do agrow\u0142\u00f3kniny<\/h2>\n<p>Chcesz skutecznie zapobiec wyrastaniu chwast\u00f3w w twoim ogrodzie lub plantacjach? Nasze szpilki i ko\u0142ki do agrow\u0142\u00f3kniny b\u0119d\u0105 idealnym sposobem na ten problem. Dzi\u0119ki nim poprawisz warunki rozwoju swoich ro\u015blin i skutecznie zwalczysz natr\u0119tnie wyrastaj\u0105ce chwasty bez u\u017cycia szkodliwych \u015brodk\u00f3w chemicznych. W naszych ofertach znajdziesz szpilki nie tylko do mocowania agrow\u0142\u00f3kniny, ale i r\u00f3wnie\u017c do geow\u0142\u00f3kniny oraz siatek na krety. Dzi\u0119ki elastyczno\u015bci w\u0142\u00f3kien i mo\u017cliwo\u015bci ponownego ich wykorzystania wystarcz\u0105 Ci one na wiele d\u0142ugich lat.<\/p>\n<p><a href=\"https:\/\/www.goldenstones.pl\/sklep\/kategoria\/artykuly_ogrodnicze\/pielegnacja\/wloknina\/\">Sprawd\u017a nasz inne oferty powi\u0105zane z tym produktem klikaj\u0105c tutaj.\u00a0<\/a><\/p>\n","protected":false},"excerpt":{"rendered":"<p>Szpilki maj\u0105 d\u0142ugo\u015b\u0107 15 cm, g\u0142\u00f3wka &#8211; 2 cm. W opakowaniu 100 sztuk.<\/p>\n<p>Do mocowania agrow\u0142\u00f3kniny, agrotkaniny, geow\u0142\u00f3kniny oraz siatek na krety.<\/p>\n<p>S\u0105 stosowane w ma\u0142ych ogr\u00f3dkach, jak i w du\u017cych plantacjach.<\/p>\n<p>Dobrze przymocowana tkanina daje gwarancj\u0119 niedostawaniu si\u0119 chwast\u00f3w.<\/p>\n<p>S\u0105 elastyczne i wielokrotnego u\u017cytku.<\/p>\n","protected":false},"featured_media":1148,"comment_status":"closed","ping_status":"closed","template":"","meta":{"_uag_custom_page_level_css":"","site-sidebar-layout":"default","site-content-layout":"","ast-site-content-layout":"default","site-content-style":"default","site-sidebar-style":"default","ast-global-header-display":"","ast-banner-title-visibility":"","ast-main-header-display":"","ast-hfb-above-header-display":"","ast-hfb-below-header-display":"","ast-hfb-mobile-header-display":"","site-post-title":"","ast-breadcrumbs-content":"","ast-featured-img":"","footer-sml-layout":"","ast-disable-related-posts":"","theme-transparent-header-meta":"default","adv-header-id-meta":"","stick-header-meta":"","header-above-stick-meta":"","header-main-stick-meta":"","header-below-stick-meta":"","astra-migrate-meta-layouts":"set","ast-page-background-enabled":"default","ast-page-background-meta":{"desktop":{"background-color":"var(--ast-global-color-5)","background-image":"","background-repeat":"repeat","background-position":"center center","background-size":"auto","background-attachment":"scroll","background-type":"","background-media":"","overlay-type":"","overlay-color":"","overlay-opacity":"","overlay-gradient":""},"tablet":{"background-color":"","background-image":"","background-repeat":"repeat","background-position":"center center","background-size":"auto","background-attachment":"scroll","background-type":"","background-media":"","overlay-type":"","overlay-color":"","overlay-opacity":"","overlay-gradient":""},"mobile":{"background-color":"","background-image":"","background-repeat":"repeat","background-position":"center center","background-size":"auto","background-attachment":"scroll","background-type":"","background-media":"","overlay-type":"","overlay-color":"","overlay-opacity":"","overlay-gradient":""}},"ast-content-background-meta":{"desktop":{"background-color":"var(--ast-global-color-4)","background-image":"","background-repeat":"repeat","background-position":"center center","background-size":"auto","background-attachment":"scroll","background-type":"","background-media":"","overlay-type":"","overlay-color":"","overlay-opacity":"","overlay-gradient":""},"tablet":{"background-color":"var(--ast-global-color-4)","background-image":"","background-repeat":"repeat","background-position":"center center","background-size":"auto","background-attachment":"scroll","background-type":"","background-media":"","overlay-type":"","overlay-color":"","overlay-opacity":"","overlay-gradient":""},"mobile":{"background-color":"var(--ast-global-color-4)","background-image":"","background-repeat":"repeat","background-position":"center center","background-size":"auto","background-attachment":"scroll","background-type":"","background-media":"","overlay-type":"","overlay-color":"","overlay-opacity":"","overlay-gradient":""}}},"product_brand":[],"product_cat":[43,68,81],"product_tag":[217,79,218,219,220],"class_list":{"0":"post-1118","1":"product","2":"type-product","3":"status-publish","4":"has-post-thumbnail","6":"product_cat-artykuly-ogrodnicze","7":"product_cat-obrzeza-bordy","8":"product_cat-wloknina-tkanina","9":"product_tag-kolki-do-agrowlokniny-bydgoszcz","10":"product_tag-szpilki-bydgoszcz","11":"product_tag-szpilki-do-agrowlokniny","12":"product_tag-tanie-kolki","13":"product_tag-tanie-szpilki-bydgoszcz","14":"desktop-align-left","15":"tablet-align-left","16":"mobile-align-left","18":"first","19":"instock","20":"shipping-taxable","21":"purchasable","22":"product-type-simple"},"uagb_featured_image_src":{"full":["https:\/\/goldenstones.pl\/wp-content\/uploads\/2026\/02\/szpilki-do-wlokniny-agrowlokniny-100-szt.jpg",800,800,false],"thumbnail":["https:\/\/goldenstones.pl\/wp-content\/uploads\/2026\/02\/szpilki-do-wlokniny-agrowlokniny-100-szt-150x150.jpg",150,150,true],"medium":["https:\/\/goldenstones.pl\/wp-content\/uploads\/2026\/02\/szpilki-do-wlokniny-agrowlokniny-100-szt-300x300.jpg",300,300,true],"medium_large":["https:\/\/goldenstones.pl\/wp-content\/uploads\/2026\/02\/szpilki-do-wlokniny-agrowlokniny-100-szt-768x768.jpg",768,768,true],"large":["https:\/\/goldenstones.pl\/wp-content\/uploads\/2026\/02\/szpilki-do-wlokniny-agrowlokniny-100-szt.jpg",800,800,false],"1536x1536":["https:\/\/goldenstones.pl\/wp-content\/uploads\/2026\/02\/szpilki-do-wlokniny-agrowlokniny-100-szt.jpg",800,800,false],"2048x2048":["https:\/\/goldenstones.pl\/wp-content\/uploads\/2026\/02\/szpilki-do-wlokniny-agrowlokniny-100-szt.jpg",800,800,false],"woocommerce_thumbnail":["https:\/\/goldenstones.pl\/wp-content\/uploads\/2026\/02\/szpilki-do-wlokniny-agrowlokniny-100-szt-300x300.jpg",300,300,true],"woocommerce_single":["https:\/\/goldenstones.pl\/wp-content\/uploads\/2026\/02\/szpilki-do-wlokniny-agrowlokniny-100-szt-600x600.jpg",600,600,true],"woocommerce_gallery_thumbnail":["https:\/\/goldenstones.pl\/wp-content\/uploads\/2026\/02\/szpilki-do-wlokniny-agrowlokniny-100-szt-100x100.jpg",100,100,true]},"uagb_author_info":{"display_name":"admin","author_link":"https:\/\/goldenstones.pl\/?author=0"},"uagb_comment_info":0,"uagb_excerpt":"Szpilki maj\u0105 d\u0142ugo\u015b\u0107 15 cm, g\u0142\u00f3wka - 2 cm. W opakowaniu 100 sztuk. Do mocowania agrow\u0142\u00f3kniny, agrotkaniny, geow\u0142\u00f3kniny oraz siatek na krety. S\u0105 stosowane w ma\u0142ych ogr\u00f3dkach, jak i w du\u017cych plantacjach. Dobrze przymocowana tkanina daje gwarancj\u0119 niedostawaniu si\u0119 chwast\u00f3w. S\u0105 elastyczne i wielokrotnego u\u017cytku.","_links":{"self":[{"href":"https:\/\/goldenstones.pl\/index.php?rest_route=\/wp\/v2\/product\/1118","targetHints":{"allow":["GET"]}}],"collection":[{"href":"https:\/\/goldenstones.pl\/index.php?rest_route=\/wp\/v2\/product"}],"about":[{"href":"https:\/\/goldenstones.pl\/index.php?rest_route=\/wp\/v2\/types\/product"}],"replies":[{"embeddable":true,"href":"https:\/\/goldenstones.pl\/index.php?rest_route=%2Fwp%2Fv2%2Fcomments&post=1118"}],"wp:featuredmedia":[{"embeddable":true,"href":"https:\/\/goldenstones.pl\/index.php?rest_route=\/wp\/v2\/media\/1148"}],"wp:attachment":[{"href":"https:\/\/goldenstones.pl\/index.php?rest_route=%2Fwp%2Fv2%2Fmedia&parent=1118"}],"wp:term":[{"taxonomy":"product_brand","embeddable":true,"href":"https:\/\/goldenstones.pl\/index.php?rest_route=%2Fwp%2Fv2%2Fproduct_brand&post=1118"},{"taxonomy":"product_cat","embeddable":true,"href":"https:\/\/goldenstones.pl\/index.php?rest_route=%2Fwp%2Fv2%2Fproduct_cat&post=1118"},{"taxonomy":"product_tag","embeddable":true,"href":"https:\/\/goldenstones.pl\/index.php?rest_route=%2Fwp%2Fv2%2Fproduct_tag&post=1118"}],"curies":[{"name":"wp","href":"https:\/\/api.w.org\/{rel}","templated":true}]}}