{"id":1134,"date":"2026-02-20T10:12:18","date_gmt":"2026-02-20T10:12:18","guid":{"rendered":"https:\/\/goldenstones.pl\/?post_type=product&#038;p=1134"},"modified":"2026-02-23T12:36:54","modified_gmt":"2026-02-23T12:36:54","slug":"kamien-granitowy-szary","status":"publish","type":"product","link":"https:\/\/goldenstones.pl\/?product=kamien-granitowy-szary","title":{"rendered":"Kamie\u0144 Granitowy Szary"},"content":{"rendered":"<h2>Kamie\u0144 granitowy &#8211; szary<\/h2>\n<p>Granit jest g\u0142\u0119binow\u0105 ska\u0142\u0105 kwa\u015bn\u0105. Jest zwart\u0105 ska\u0142\u0105 naturaln\u0105, stosowany jako nawierzchnia &#8211; to wr\u0119cz idealny wyb\u00f3r. \u0141\u0105czy w sobie uniwersalnie elegancki wygl\u0105d, a tak\u017ce s\u0142awetn\u0105 wytrzyma\u0142o\u015b\u0107. Kamie\u0144 ten jest uwielbiany przez klient\u00f3w od lat. Mo\u017cna stwierdzi\u0107, i\u017c to ponadczasowa opcja. Dodatkowo nale\u017cy do tych \u0142atwych w utrzymaniu. Kamie\u0144 ten charakteryzuje si\u0119 bowiem bardzo nisk\u0105 nasi\u0105kliwo\u015bci\u0105, dzi\u0119ki czemu nie jest podatny na zabrudzenia. Nie trzeba si\u0119 martwi\u0107 o \u017cadne przebarwienia b\u0105d\u017a blakni\u0119cie od \u015bwiat\u0142a UV, warto zaznaczy\u0107, i\u017c jest te\u017c wytrzyma\u0142a na du\u017c\u0105 eksploatacj\u0119 i uszkodzenia mechaniczne. To solidne kruszywo o niezwyk\u0142ej odporno\u015bci, kt\u00f3ra \u0142\u0105czy w sobie tak\u017ce mrozoodporno\u015b\u0107. Materia\u0142 ten nie kruszy si\u0119 i nie p\u0119ka, dlatego jest zalecany do stosowania, jako pod\u0142o\u017ce do tworzenia podjazd\u00f3w, bo granit charakteryzuje si\u0119 du\u017c\u0105 odporno\u015bci\u0105 na obci\u0105\u017cenia. To szara wersja kolorystyczna, kt\u00f3ra jest bezpiecznym wyborem do ka\u017cdego ogrodu. Dla Twojej wygody proponujemy skorzystanie z mo\u017cliwo\u015bci profesjonalnego dowozu. Posiadamy najwi\u0119kszy wyb\u00f3r kamieni w ca\u0142ym regionie,<strong><a href=\"https:\/\/www.goldenstones.pl\/kategoria\/kamienie\/granit\/kostka_granitowa\/\">\u00a0sprawd\u017a tak\u017ce inne nasze oferty z kategorii kostki granitowej &gt;tutaj.<\/a><\/strong><\/p>\n","protected":false},"excerpt":{"rendered":"<ul>\n<li><span style=\"color: #E36A00;\"><strong>ROZMIAR: <\/strong><\/span><span style=\"color: #333333;\">3-17 cm<\/span><\/li>\n<li><strong><span style=\"color: #E36A00;\">CECHY CHARAKTERYSTYCZNE: <\/span><\/strong><span style=\"color: #333333;\">matowa, r\u00f3wny kolor z ciemnymi akcentami, zwarta struktura o jednolitej powierzchni, ma\u0142o nasi\u0105kliwe, mrozoodporne, odporne na nacisk, ostre za\u0142amania bry\u0142y<\/span><\/li>\n<li><strong><span style=\"color: #E36A00;\">KOLORYSTYKA: <\/span><\/strong><span style=\"color: #E36A00;\"><span style=\"color: #333333;\">jednolita szara z ciemnymi akcentami<\/span><\/span><\/li>\n<li><span style=\"color: #E36A00;\"><strong>POCHODZENIE:<\/strong><\/span> <span style=\"color: #333333;\">Polska<\/span><\/li>\n<li><strong><span style=\"color: #E36A00;\">PRZEZNACZENIE:<\/span><\/strong> <span style=\"color: #333333;\">obrze\u017ca, opaska wok\u00f3\u0142 domu i kompozycji kwiatowych, skalniak\u00f3w, skwer\u00f3w<\/span><\/li>\n<\/ul>\n<p><span style=\"color: #333333;\"><a style=\"color: #333333;\" href=\"https:\/\/www.goldenstones.pl\/elementor-63\/\"><strong>Podana na stronie cena dotyczy jednej tony produktu. Przed zam\u00f3wieniem prosimy o kontakt w celu ustalenia szczeg\u00f3\u0142\u00f3w.<\/strong><\/a><\/span><\/p>\n","protected":false},"featured_media":1156,"comment_status":"closed","ping_status":"closed","template":"","meta":{"_uag_custom_page_level_css":"","site-sidebar-layout":"default","site-content-layout":"","ast-site-content-layout":"default","site-content-style":"default","site-sidebar-style":"default","ast-global-header-display":"","ast-banner-title-visibility":"","ast-main-header-display":"","ast-hfb-above-header-display":"","ast-hfb-below-header-display":"","ast-hfb-mobile-header-display":"","site-post-title":"","ast-breadcrumbs-content":"","ast-featured-img":"","footer-sml-layout":"","ast-disable-related-posts":"","theme-transparent-header-meta":"","adv-header-id-meta":"","stick-header-meta":"","header-above-stick-meta":"","header-main-stick-meta":"","header-below-stick-meta":"","astra-migrate-meta-layouts":"default","ast-page-background-enabled":"default","ast-page-background-meta":{"desktop":{"background-color":"var(--ast-global-color-5)","background-image":"","background-repeat":"repeat","background-position":"center center","background-size":"auto","background-attachment":"scroll","background-type":"","background-media":"","overlay-type":"","overlay-color":"","overlay-opacity":"","overlay-gradient":""},"tablet":{"background-color":"","background-image":"","background-repeat":"repeat","background-position":"center center","background-size":"auto","background-attachment":"scroll","background-type":"","background-media":"","overlay-type":"","overlay-color":"","overlay-opacity":"","overlay-gradient":""},"mobile":{"background-color":"","background-image":"","background-repeat":"repeat","background-position":"center center","background-size":"auto","background-attachment":"scroll","background-type":"","background-media":"","overlay-type":"","overlay-color":"","overlay-opacity":"","overlay-gradient":""}},"ast-content-background-meta":{"desktop":{"background-color":"var(--ast-global-color-4)","background-image":"","background-repeat":"repeat","background-position":"center center","background-size":"auto","background-attachment":"scroll","background-type":"","background-media":"","overlay-type":"","overlay-color":"","overlay-opacity":"","overlay-gradient":""},"tablet":{"background-color":"var(--ast-global-color-4)","background-image":"","background-repeat":"repeat","background-position":"center center","background-size":"auto","background-attachment":"scroll","background-type":"","background-media":"","overlay-type":"","overlay-color":"","overlay-opacity":"","overlay-gradient":""},"mobile":{"background-color":"var(--ast-global-color-4)","background-image":"","background-repeat":"repeat","background-position":"center center","background-size":"auto","background-attachment":"scroll","background-type":"","background-media":"","overlay-type":"","overlay-color":"","overlay-opacity":"","overlay-gradient":""}}},"product_brand":[],"product_cat":[125,21,135,37],"product_tag":[136,137,138],"class_list":{"0":"post-1134","1":"product","2":"type-product","3":"status-publish","4":"has-post-thumbnail","6":"product_cat-granit","7":"product_cat-kamienie","8":"product_cat-kostka-granitowa","9":"product_cat-uwypuklone-na-stronie-glownej-sklepu","10":"product_tag-granit-bydgoszcz","11":"product_tag-kostka-granitowa","12":"product_tag-kostki-granitowe-bydgoszcz","13":"desktop-align-left","14":"tablet-align-left","15":"mobile-align-left","17":"first","18":"instock","19":"shipping-taxable","20":"purchasable","21":"product-type-simple"},"uagb_featured_image_src":{"full":["https:\/\/goldenstones.pl\/wp-content\/uploads\/2026\/02\/szary-granit-biale-blota-koronowo-sepolno.jpg",500,496,false],"thumbnail":["https:\/\/goldenstones.pl\/wp-content\/uploads\/2026\/02\/szary-granit-biale-blota-koronowo-sepolno-150x150.jpg",150,150,true],"medium":["https:\/\/goldenstones.pl\/wp-content\/uploads\/2026\/02\/szary-granit-biale-blota-koronowo-sepolno-300x298.jpg",300,298,true],"medium_large":["https:\/\/goldenstones.pl\/wp-content\/uploads\/2026\/02\/szary-granit-biale-blota-koronowo-sepolno.jpg",500,496,false],"large":["https:\/\/goldenstones.pl\/wp-content\/uploads\/2026\/02\/szary-granit-biale-blota-koronowo-sepolno.jpg",500,496,false],"1536x1536":["https:\/\/goldenstones.pl\/wp-content\/uploads\/2026\/02\/szary-granit-biale-blota-koronowo-sepolno.jpg",500,496,false],"2048x2048":["https:\/\/goldenstones.pl\/wp-content\/uploads\/2026\/02\/szary-granit-biale-blota-koronowo-sepolno.jpg",500,496,false],"woocommerce_thumbnail":["https:\/\/goldenstones.pl\/wp-content\/uploads\/2026\/02\/szary-granit-biale-blota-koronowo-sepolno-300x300.jpg",300,300,true],"woocommerce_single":["https:\/\/goldenstones.pl\/wp-content\/uploads\/2026\/02\/szary-granit-biale-blota-koronowo-sepolno.jpg",500,496,false],"woocommerce_gallery_thumbnail":["https:\/\/goldenstones.pl\/wp-content\/uploads\/2026\/02\/szary-granit-biale-blota-koronowo-sepolno-100x100.jpg",100,100,true]},"uagb_author_info":{"display_name":"admin","author_link":"https:\/\/goldenstones.pl\/?author=0"},"uagb_comment_info":0,"uagb_excerpt":"ROZMIAR: 3-17 cm CECHY CHARAKTERYSTYCZNE: matowa, r\u00f3wny kolor z ciemnymi akcentami, zwarta struktura o jednolitej powierzchni, ma\u0142o nasi\u0105kliwe, mrozoodporne, odporne na nacisk, ostre za\u0142amania bry\u0142y KOLORYSTYKA: jednolita szara z ciemnymi akcentami POCHODZENIE: Polska PRZEZNACZENIE: obrze\u017ca, opaska wok\u00f3\u0142 domu i kompozycji kwiatowych, skalniak\u00f3w, skwer\u00f3w Podana na stronie cena dotyczy jednej tony produktu. Przed zam\u00f3wieniem prosimy o&hellip;","_links":{"self":[{"href":"https:\/\/goldenstones.pl\/index.php?rest_route=\/wp\/v2\/product\/1134","targetHints":{"allow":["GET"]}}],"collection":[{"href":"https:\/\/goldenstones.pl\/index.php?rest_route=\/wp\/v2\/product"}],"about":[{"href":"https:\/\/goldenstones.pl\/index.php?rest_route=\/wp\/v2\/types\/product"}],"replies":[{"embeddable":true,"href":"https:\/\/goldenstones.pl\/index.php?rest_route=%2Fwp%2Fv2%2Fcomments&post=1134"}],"wp:featuredmedia":[{"embeddable":true,"href":"https:\/\/goldenstones.pl\/index.php?rest_route=\/wp\/v2\/media\/1156"}],"wp:attachment":[{"href":"https:\/\/goldenstones.pl\/index.php?rest_route=%2Fwp%2Fv2%2Fmedia&parent=1134"}],"wp:term":[{"taxonomy":"product_brand","embeddable":true,"href":"https:\/\/goldenstones.pl\/index.php?rest_route=%2Fwp%2Fv2%2Fproduct_brand&post=1134"},{"taxonomy":"product_cat","embeddable":true,"href":"https:\/\/goldenstones.pl\/index.php?rest_route=%2Fwp%2Fv2%2Fproduct_cat&post=1134"},{"taxonomy":"product_tag","embeddable":true,"href":"https:\/\/goldenstones.pl\/index.php?rest_route=%2Fwp%2Fv2%2Fproduct_tag&post=1134"}],"curies":[{"name":"wp","href":"https:\/\/api.w.org\/{rel}","templated":true}]}}