{"id":1135,"date":"2026-02-20T10:12:18","date_gmt":"2026-02-20T10:12:18","guid":{"rendered":"https:\/\/goldenstones.pl\/?post_type=product&#038;p=1135"},"modified":"2026-02-23T12:36:54","modified_gmt":"2026-02-23T12:36:54","slug":"plytka-lupana-sciezkowa","status":"publish","type":"product","link":"https:\/\/goldenstones.pl\/?product=plytka-lupana-sciezkowa","title":{"rendered":"P\u0142ytka \u0141upana \u015acie\u017ckowa"},"content":{"rendered":"<h2>Naturalny kamie\u0144 \u0142upany na \u015bcie\u017ck\u0119 ogrodow\u0105<\/h2>\n<p>Szukasz uniwersalnego wyko\u0144czenia ogrodu b\u0105d\u017a \u015bciany? Wybierz p\u0142ytk\u0119 \u0142upan\u0105 \u015bcie\u017ckow\u0105 &#8211; szaro be\u017cow\u0105 ska\u0142\u0119 o surowej strukturze. Odznacza si\u0119 szerok\u0105 mo\u017cliwo\u015bci\u0105 zastosowa\u0144, jako element ozdobny wn\u0119trz, jak i kamie\u0144 zewn\u0119trzny, kt\u00f3ry uzupe\u0142ni elewacj\u0119, spe\u0142ni funkcj\u0119 pod\u0142o\u017ca \u015bcie\u017cki oraz b\u0119dzie dope\u0142nieniem kaskad czy oczek wodnych. To idealny dodatek, kt\u00f3rym efektownie i praktycznie zagospodarujesz przestrze\u0144. Zagwarantujemy Ci szybki i wygodny dow\u00f3z minera\u0142\u00f3w, jako sprzedawca oferuj\u0105cy najwi\u0119kszy wyb\u00f3r kamieni w regionie. <strong><a href=\"https:\/\/www.goldenstones.pl\/kategoria\/kamienie\/kamienie_lupane\/kamienie_lamane\/\">Zobacz nasz\u0105 pe\u0142n\u0105 ofert\u0119 na kamie\u0144 \u0142amany &gt; tutaj.<\/a><\/strong><\/p>\n","protected":false},"excerpt":{"rendered":"<ul>\n<li><span style=\"color: #E36A00;\"><strong>FRAKCJA: <\/strong><\/span><span style=\"color: #333333;\">g\u0142az \u0142amany<\/span><\/li>\n<li><strong><span style=\"color: #E36A00;\">CECHY CHARAKTERYSTYCZNE: <\/span><\/strong><span style=\"color: #333333;\">jednolita kolorystyka<\/span><\/li>\n<li><strong><span style=\"color: #E36A00;\">KOLORYSTYKA: <\/span><\/strong><span style=\"color: #333333;\">odcienie szaro\u015bci i be\u017cy<\/span><\/li>\n<li><span style=\"color: #E36A00;\"><strong>POCHODZENIE:<\/strong><\/span> Polska<\/li>\n<li><strong><span style=\"color: #E36A00;\">PRZEZNACZENIE:<\/span><\/strong> do wykorzystania w aran\u017cacji ogrodu i dekoracji \u015bciennych we wn\u0119trzach<\/li>\n<\/ul>\n<p><span style=\"color: #333333;\"><a style=\"color: #333333;\" href=\"https:\/\/www.goldenstones.pl\/elementor-63\/\"><strong>Podana na stronie cena dotyczy jednej tony produktu. Przed zam\u00f3wieniem prosimy o kontakt w celu ustalenia szczeg\u00f3\u0142\u00f3w.<\/strong><\/a><\/span><\/p>\n","protected":false},"featured_media":1157,"comment_status":"closed","ping_status":"closed","template":"","meta":{"_uag_custom_page_level_css":"","site-sidebar-layout":"default","site-content-layout":"","ast-site-content-layout":"default","site-content-style":"default","site-sidebar-style":"default","ast-global-header-display":"","ast-banner-title-visibility":"","ast-main-header-display":"","ast-hfb-above-header-display":"","ast-hfb-below-header-display":"","ast-hfb-mobile-header-display":"","site-post-title":"","ast-breadcrumbs-content":"","ast-featured-img":"","footer-sml-layout":"","ast-disable-related-posts":"","theme-transparent-header-meta":"","adv-header-id-meta":"","stick-header-meta":"","header-above-stick-meta":"","header-main-stick-meta":"","header-below-stick-meta":"","astra-migrate-meta-layouts":"default","ast-page-background-enabled":"default","ast-page-background-meta":{"desktop":{"background-color":"var(--ast-global-color-5)","background-image":"","background-repeat":"repeat","background-position":"center center","background-size":"auto","background-attachment":"scroll","background-type":"","background-media":"","overlay-type":"","overlay-color":"","overlay-opacity":"","overlay-gradient":""},"tablet":{"background-color":"","background-image":"","background-repeat":"repeat","background-position":"center center","background-size":"auto","background-attachment":"scroll","background-type":"","background-media":"","overlay-type":"","overlay-color":"","overlay-opacity":"","overlay-gradient":""},"mobile":{"background-color":"","background-image":"","background-repeat":"repeat","background-position":"center center","background-size":"auto","background-attachment":"scroll","background-type":"","background-media":"","overlay-type":"","overlay-color":"","overlay-opacity":"","overlay-gradient":""}},"ast-content-background-meta":{"desktop":{"background-color":"var(--ast-global-color-4)","background-image":"","background-repeat":"repeat","background-position":"center center","background-size":"auto","background-attachment":"scroll","background-type":"","background-media":"","overlay-type":"","overlay-color":"","overlay-opacity":"","overlay-gradient":""},"tablet":{"background-color":"var(--ast-global-color-4)","background-image":"","background-repeat":"repeat","background-position":"center center","background-size":"auto","background-attachment":"scroll","background-type":"","background-media":"","overlay-type":"","overlay-color":"","overlay-opacity":"","overlay-gradient":""},"mobile":{"background-color":"var(--ast-global-color-4)","background-image":"","background-repeat":"repeat","background-position":"center center","background-size":"auto","background-attachment":"scroll","background-type":"","background-media":"","overlay-type":"","overlay-color":"","overlay-opacity":"","overlay-gradient":""}}},"product_brand":[],"product_cat":[144,149,21,126],"product_tag":[150,151,152],"class_list":{"0":"post-1135","1":"product","2":"type-product","3":"status-publish","4":"has-post-thumbnail","6":"product_cat-kamien-elewacyjny","7":"product_cat-kamien-lamany","8":"product_cat-kamienie","9":"product_cat-kamienie-lupane","10":"product_tag-bydgoszcz-kamien-lamany","11":"product_tag-lupki-bydgoszcz","12":"product_tag-lupki-na-elewacje-bydgoszcz","13":"desktop-align-left","14":"tablet-align-left","15":"mobile-align-left","17":"first","18":"instock","19":"shipping-taxable","20":"purchasable","21":"product-type-simple"},"uagb_featured_image_src":{"full":["https:\/\/goldenstones.pl\/wp-content\/uploads\/2026\/02\/plytka-lupana-sciezkowa-biale-blota-koronowo-sepolno.jpg",501,497,false],"thumbnail":["https:\/\/goldenstones.pl\/wp-content\/uploads\/2026\/02\/plytka-lupana-sciezkowa-biale-blota-koronowo-sepolno-150x150.jpg",150,150,true],"medium":["https:\/\/goldenstones.pl\/wp-content\/uploads\/2026\/02\/plytka-lupana-sciezkowa-biale-blota-koronowo-sepolno-300x298.jpg",300,298,true],"medium_large":["https:\/\/goldenstones.pl\/wp-content\/uploads\/2026\/02\/plytka-lupana-sciezkowa-biale-blota-koronowo-sepolno.jpg",501,497,false],"large":["https:\/\/goldenstones.pl\/wp-content\/uploads\/2026\/02\/plytka-lupana-sciezkowa-biale-blota-koronowo-sepolno.jpg",501,497,false],"1536x1536":["https:\/\/goldenstones.pl\/wp-content\/uploads\/2026\/02\/plytka-lupana-sciezkowa-biale-blota-koronowo-sepolno.jpg",501,497,false],"2048x2048":["https:\/\/goldenstones.pl\/wp-content\/uploads\/2026\/02\/plytka-lupana-sciezkowa-biale-blota-koronowo-sepolno.jpg",501,497,false],"woocommerce_thumbnail":["https:\/\/goldenstones.pl\/wp-content\/uploads\/2026\/02\/plytka-lupana-sciezkowa-biale-blota-koronowo-sepolno-300x300.jpg",300,300,true],"woocommerce_single":["https:\/\/goldenstones.pl\/wp-content\/uploads\/2026\/02\/plytka-lupana-sciezkowa-biale-blota-koronowo-sepolno.jpg",501,497,false],"woocommerce_gallery_thumbnail":["https:\/\/goldenstones.pl\/wp-content\/uploads\/2026\/02\/plytka-lupana-sciezkowa-biale-blota-koronowo-sepolno-100x100.jpg",100,100,true]},"uagb_author_info":{"display_name":"admin","author_link":"https:\/\/goldenstones.pl\/?author=0"},"uagb_comment_info":0,"uagb_excerpt":"FRAKCJA: g\u0142az \u0142amany CECHY CHARAKTERYSTYCZNE: jednolita kolorystyka KOLORYSTYKA: odcienie szaro\u015bci i be\u017cy POCHODZENIE: Polska PRZEZNACZENIE: do wykorzystania w aran\u017cacji ogrodu i dekoracji \u015bciennych we wn\u0119trzach Podana na stronie cena dotyczy jednej tony produktu. Przed zam\u00f3wieniem prosimy o kontakt w celu ustalenia szczeg\u00f3\u0142\u00f3w.","_links":{"self":[{"href":"https:\/\/goldenstones.pl\/index.php?rest_route=\/wp\/v2\/product\/1135","targetHints":{"allow":["GET"]}}],"collection":[{"href":"https:\/\/goldenstones.pl\/index.php?rest_route=\/wp\/v2\/product"}],"about":[{"href":"https:\/\/goldenstones.pl\/index.php?rest_route=\/wp\/v2\/types\/product"}],"replies":[{"embeddable":true,"href":"https:\/\/goldenstones.pl\/index.php?rest_route=%2Fwp%2Fv2%2Fcomments&post=1135"}],"wp:featuredmedia":[{"embeddable":true,"href":"https:\/\/goldenstones.pl\/index.php?rest_route=\/wp\/v2\/media\/1157"}],"wp:attachment":[{"href":"https:\/\/goldenstones.pl\/index.php?rest_route=%2Fwp%2Fv2%2Fmedia&parent=1135"}],"wp:term":[{"taxonomy":"product_brand","embeddable":true,"href":"https:\/\/goldenstones.pl\/index.php?rest_route=%2Fwp%2Fv2%2Fproduct_brand&post=1135"},{"taxonomy":"product_cat","embeddable":true,"href":"https:\/\/goldenstones.pl\/index.php?rest_route=%2Fwp%2Fv2%2Fproduct_cat&post=1135"},{"taxonomy":"product_tag","embeddable":true,"href":"https:\/\/goldenstones.pl\/index.php?rest_route=%2Fwp%2Fv2%2Fproduct_tag&post=1135"}],"curies":[{"name":"wp","href":"https:\/\/api.w.org\/{rel}","templated":true}]}}