{"id":1138,"date":"2026-02-20T10:12:19","date_gmt":"2026-02-20T10:12:19","guid":{"rendered":"https:\/\/goldenstones.pl\/?post_type=product&#038;p=1138"},"modified":"2026-02-23T12:36:54","modified_gmt":"2026-02-23T12:36:54","slug":"polygonal-slate-blue-normal-1kg","status":"publish","type":"product","link":"https:\/\/goldenstones.pl\/?product=polygonal-slate-blue-normal-1kg","title":{"rendered":"Polygonal Slate Blue Normal 1kg"},"content":{"rendered":"<h2>Wielok\u0105tny \u0142upek Sikis<\/h2>\n<p>Nale\u017cy do kategorii kamieni \u0142amanych z przeznaczeniem do elewacji. \u0141upek Sikis pochodzi ze s\u0142onecznej Grecji. To p\u0142askie kruszywo ciosane. Charakteryzuje si\u0119 szarym kolorem o lekko b\u0142\u0119kitnym zabarwieniu, kt\u00f3re prze\u0142amuj\u0105 liczne ja\u015bniejsze \u017cy\u0142ki w odcieniach be\u017cu, br\u0105zu i ecru. Twarde i wytrzyma\u0142e kruszywo, odznacza si\u0119 mrozoodporno\u015bci\u0105. Ciekawym\u00a0 walorem jest nieporowaty charakter, co oznacza i\u017c nie wch\u0142ania \u0142atwo wody &#8211; czyni go to wygodnym w utrzymaniu. \u015awietnie sprawdzi si\u0119, jako pod\u0142o\u017ce do chodnik\u00f3w oraz \u015bcie\u017cek. Nada si\u0119 doskonale, jako budulec do stopni, murk\u00f3w oraz \u015bcian. Wspaniale dope\u0142ni ka\u017cdy zak\u0105tek Twojej przestrzeni zar\u00f3wno w ogrodzie wypoczynkowym, jak i wn\u0119trzach.<\/p>\n<p>Dla Twojej wygody proponujemy skorzystanie z mo\u017cliwo\u015bci naszej oferty szybkiego i profesjonalnego dowozu.\u00a0<strong><a href=\"https:\/\/www.goldenstones.pl\/kategoria\/kamienie\/kamienie_lupane\/kamien_elewacyjy\/\">Sprawd\u017a tak\u017ce pozosta\u0142e produkty z naszej oferty kamieni elewacyjnych &gt;tutaj.<\/a><\/strong><\/p>\n","protected":false},"excerpt":{"rendered":"<p><span style=\"color: #E36A00;\"><strong><span style=\"color: #333333;\">Produkt wyceniany jest 1 kg<\/span><\/strong><\/span><\/p>\n<ul>\n<li><strong><span style=\"color: #E36A00;\">CECHY CHARAKTERYSTYCZNE: <\/span><\/strong><span style=\"color: #333333;\">mrozoodporne, jednolity kamie\u0144, ciosany, p\u0142aski<\/span><\/li>\n<li><strong><span style=\"color: #E36A00;\">KOLORYSTYKA: <\/span><\/strong><span style=\"color: #333333;\">odcienie szaro\u015bci i be\u017cy<\/span><\/li>\n<li><span style=\"color: #E36A00;\"><strong>POCHODZENIE:<\/strong><span style=\"color: #333333;\"> Grecja<\/span><\/span><\/li>\n<li><strong><span style=\"color: #E36A00;\">PRZEZNACZENIE: <\/span><\/strong><span style=\"color: #333333;\">chodniki, \u015bcie\u017cki, stopnie, skwery, elewacje, murki i \u015bciany<\/span><\/li>\n<\/ul>\n<p><span style=\"color: #333333;\"><a style=\"color: #333333;\" href=\"https:\/\/www.goldenstones.pl\/elementor-63\/\"><strong>Podana na stronie cena dotyczy 1 kg produktu. Przed zam\u00f3wieniem prosimy o kontakt w celu ustalenia szczeg\u00f3\u0142\u00f3w.<\/strong><\/a><\/span><\/p>\n","protected":false},"featured_media":1164,"comment_status":"closed","ping_status":"closed","template":"","meta":{"_uag_custom_page_level_css":"","site-sidebar-layout":"default","site-content-layout":"","ast-site-content-layout":"default","site-content-style":"default","site-sidebar-style":"default","ast-global-header-display":"","ast-banner-title-visibility":"","ast-main-header-display":"","ast-hfb-above-header-display":"","ast-hfb-below-header-display":"","ast-hfb-mobile-header-display":"","site-post-title":"","ast-breadcrumbs-content":"","ast-featured-img":"","footer-sml-layout":"","ast-disable-related-posts":"","theme-transparent-header-meta":"","adv-header-id-meta":"","stick-header-meta":"","header-above-stick-meta":"","header-main-stick-meta":"","header-below-stick-meta":"","astra-migrate-meta-layouts":"default","ast-page-background-enabled":"default","ast-page-background-meta":{"desktop":{"background-color":"var(--ast-global-color-5)","background-image":"","background-repeat":"repeat","background-position":"center center","background-size":"auto","background-attachment":"scroll","background-type":"","background-media":"","overlay-type":"","overlay-color":"","overlay-opacity":"","overlay-gradient":""},"tablet":{"background-color":"","background-image":"","background-repeat":"repeat","background-position":"center center","background-size":"auto","background-attachment":"scroll","background-type":"","background-media":"","overlay-type":"","overlay-color":"","overlay-opacity":"","overlay-gradient":""},"mobile":{"background-color":"","background-image":"","background-repeat":"repeat","background-position":"center center","background-size":"auto","background-attachment":"scroll","background-type":"","background-media":"","overlay-type":"","overlay-color":"","overlay-opacity":"","overlay-gradient":""}},"ast-content-background-meta":{"desktop":{"background-color":"var(--ast-global-color-4)","background-image":"","background-repeat":"repeat","background-position":"center center","background-size":"auto","background-attachment":"scroll","background-type":"","background-media":"","overlay-type":"","overlay-color":"","overlay-opacity":"","overlay-gradient":""},"tablet":{"background-color":"var(--ast-global-color-4)","background-image":"","background-repeat":"repeat","background-position":"center center","background-size":"auto","background-attachment":"scroll","background-type":"","background-media":"","overlay-type":"","overlay-color":"","overlay-opacity":"","overlay-gradient":""},"mobile":{"background-color":"var(--ast-global-color-4)","background-image":"","background-repeat":"repeat","background-position":"center center","background-size":"auto","background-attachment":"scroll","background-type":"","background-media":"","overlay-type":"","overlay-color":"","overlay-opacity":"","overlay-gradient":""}}},"product_brand":[],"product_cat":[144,215,21,126],"product_tag":[140,141],"class_list":{"0":"post-1138","1":"product","2":"type-product","3":"status-publish","4":"has-post-thumbnail","6":"product_cat-kamien-elewacyjny","7":"product_cat-kamien-lamany-granit","8":"product_cat-kamienie","9":"product_cat-kamienie-lupane","10":"product_tag-kamien-sciezkowy-bydgoszcz","11":"product_tag-kamien-wielkoplytowy-bydgoszcz","12":"desktop-align-left","13":"tablet-align-left","14":"mobile-align-left","16":"first","17":"instock","18":"shipping-taxable","19":"purchasable","20":"product-type-simple"},"uagb_featured_image_src":{"full":["https:\/\/goldenstones.pl\/wp-content\/uploads\/2026\/02\/polygonal-slate-blue-normal-biale-blota-koronowo-sepolno.jpg",501,497,false],"thumbnail":["https:\/\/goldenstones.pl\/wp-content\/uploads\/2026\/02\/polygonal-slate-blue-normal-biale-blota-koronowo-sepolno-150x150.jpg",150,150,true],"medium":["https:\/\/goldenstones.pl\/wp-content\/uploads\/2026\/02\/polygonal-slate-blue-normal-biale-blota-koronowo-sepolno-300x298.jpg",300,298,true],"medium_large":["https:\/\/goldenstones.pl\/wp-content\/uploads\/2026\/02\/polygonal-slate-blue-normal-biale-blota-koronowo-sepolno.jpg",501,497,false],"large":["https:\/\/goldenstones.pl\/wp-content\/uploads\/2026\/02\/polygonal-slate-blue-normal-biale-blota-koronowo-sepolno.jpg",501,497,false],"1536x1536":["https:\/\/goldenstones.pl\/wp-content\/uploads\/2026\/02\/polygonal-slate-blue-normal-biale-blota-koronowo-sepolno.jpg",501,497,false],"2048x2048":["https:\/\/goldenstones.pl\/wp-content\/uploads\/2026\/02\/polygonal-slate-blue-normal-biale-blota-koronowo-sepolno.jpg",501,497,false],"woocommerce_thumbnail":["https:\/\/goldenstones.pl\/wp-content\/uploads\/2026\/02\/polygonal-slate-blue-normal-biale-blota-koronowo-sepolno-300x300.jpg",300,300,true],"woocommerce_single":["https:\/\/goldenstones.pl\/wp-content\/uploads\/2026\/02\/polygonal-slate-blue-normal-biale-blota-koronowo-sepolno.jpg",501,497,false],"woocommerce_gallery_thumbnail":["https:\/\/goldenstones.pl\/wp-content\/uploads\/2026\/02\/polygonal-slate-blue-normal-biale-blota-koronowo-sepolno-100x100.jpg",100,100,true]},"uagb_author_info":{"display_name":"admin","author_link":"https:\/\/goldenstones.pl\/?author=0"},"uagb_comment_info":0,"uagb_excerpt":"Produkt wyceniany jest 1 kg CECHY CHARAKTERYSTYCZNE: mrozoodporne, jednolity kamie\u0144, ciosany, p\u0142aski KOLORYSTYKA: odcienie szaro\u015bci i be\u017cy POCHODZENIE: Grecja PRZEZNACZENIE: chodniki, \u015bcie\u017cki, stopnie, skwery, elewacje, murki i \u015bciany Podana na stronie cena dotyczy 1 kg produktu. Przed zam\u00f3wieniem prosimy o kontakt w celu ustalenia szczeg\u00f3\u0142\u00f3w.","_links":{"self":[{"href":"https:\/\/goldenstones.pl\/index.php?rest_route=\/wp\/v2\/product\/1138","targetHints":{"allow":["GET"]}}],"collection":[{"href":"https:\/\/goldenstones.pl\/index.php?rest_route=\/wp\/v2\/product"}],"about":[{"href":"https:\/\/goldenstones.pl\/index.php?rest_route=\/wp\/v2\/types\/product"}],"replies":[{"embeddable":true,"href":"https:\/\/goldenstones.pl\/index.php?rest_route=%2Fwp%2Fv2%2Fcomments&post=1138"}],"wp:featuredmedia":[{"embeddable":true,"href":"https:\/\/goldenstones.pl\/index.php?rest_route=\/wp\/v2\/media\/1164"}],"wp:attachment":[{"href":"https:\/\/goldenstones.pl\/index.php?rest_route=%2Fwp%2Fv2%2Fmedia&parent=1138"}],"wp:term":[{"taxonomy":"product_brand","embeddable":true,"href":"https:\/\/goldenstones.pl\/index.php?rest_route=%2Fwp%2Fv2%2Fproduct_brand&post=1138"},{"taxonomy":"product_cat","embeddable":true,"href":"https:\/\/goldenstones.pl\/index.php?rest_route=%2Fwp%2Fv2%2Fproduct_cat&post=1138"},{"taxonomy":"product_tag","embeddable":true,"href":"https:\/\/goldenstones.pl\/index.php?rest_route=%2Fwp%2Fv2%2Fproduct_tag&post=1138"}],"curies":[{"name":"wp","href":"https:\/\/api.w.org\/{rel}","templated":true}]}}