{"id":1139,"date":"2026-02-20T10:12:19","date_gmt":"2026-02-20T10:12:19","guid":{"rendered":"https:\/\/goldenstones.pl\/?post_type=product&#038;p=1139"},"modified":"2026-03-09T14:08:20","modified_gmt":"2026-03-09T14:08:20","slug":"polygonal-antique-blue-1kg","status":"publish","type":"product","link":"https:\/\/goldenstones.pl\/?product=polygonal-antique-blue-1kg","title":{"rendered":"Polygonal Antique Blue 1kg"},"content":{"rendered":"<h2>Kamie\u0144 Polygonal Antique Blue<\/h2>\n<p>Szukasz interesuj\u0105cych pomys\u0142\u00f3w na \u015bcie\u017ck\u0119 w twoim ogrodzie, a mo\u017ce nie wiesz czym wy\u0142o\u017cy\u0107 pod\u0142og\u0119 pod altan\u0105 albo oczko wodne? Wypr\u00f3buj nasze kamienie Polygonal Antique Blue, kt\u00f3re idealnie si\u0119 do tego nadadz\u0105!\u00a0 Dzi\u0119ki nimi uzyskasz niepowtarzalny efekt i wzbudzisz zainteresowanie u innych. Nasza firma oferuje kamienie p\u0142askie, ciosane r\u0119cznie oraz stylizowane specjalnie pod wymagania ka\u017cdego klienta. Doskonale si\u0119 sprawdzi jako ozdoba kaskad, \u015bcie\u017cek, chodnik\u00f3w lub skwer\u00f3w.<\/p>\n<p><a href=\"https:\/\/www.goldenstones.pl\/sklep\/kategoria\/artykuly_ogrodnicze\/kaskady-i-oczka-wodne\/\">Chcesz zobaczy\u0107 wi\u0119cej naszych ofert? Kliknij tutaj!<\/a><\/p>\n<p>&nbsp;<\/p>\n","protected":false},"excerpt":{"rendered":"<p><span style=\"color: #E36A00;\"><strong><span style=\"color: #333333;\">Produkt wyceniany jest za kilogram<\/span><\/strong><\/span><\/p>\n<ul>\n<li><strong><span style=\"color: #E36A00;\">CECHY CHARAKTERYSTYCZNE: <\/span><\/strong><span style=\"color: #333333;\">p\u0142aski, ciosany r\u0119cznie, stylizowane kraw\u0119dzie, grubszy od Polygonal Cavalas<\/span><\/li>\n<li><strong><span style=\"color: #E36A00;\">KOLORYSTYKA: <\/span><\/strong><span style=\"color: #333333;\">jednolita szaro-niebieska<\/span><\/li>\n<li><span style=\"color: #E36A00;\"><strong>POCHODZENIE:<\/strong><span style=\"color: #333333;\"> Grecja<\/span><\/span><\/li>\n<li><strong><span style=\"color: #E36A00;\">PRZEZNACZENIE: <\/span><\/strong><span style=\"color: #333333;\">chodniki, \u015bcie\u017cki, stopnie, skwery, obrze\u017ca oczek wodnych i kaskad<\/span><\/li>\n<\/ul>\n<p><span style=\"color: #333333;\"><a style=\"color: #333333;\" href=\"https:\/\/www.goldenstones.pl\/elementor-63\/\"><strong>Podana na stronie cena dotyczy 1kg produktu. Przed zam\u00f3wieniem prosimy o kontakt w celu ustalenia szczeg\u00f3\u0142\u00f3w.<\/strong><\/a><\/span><\/p>\n","protected":false},"featured_media":1166,"comment_status":"closed","ping_status":"closed","template":"","meta":{"_uag_custom_page_level_css":"","site-sidebar-layout":"default","site-content-layout":"","ast-site-content-layout":"default","site-content-style":"default","site-sidebar-style":"default","ast-global-header-display":"","ast-banner-title-visibility":"","ast-main-header-display":"","ast-hfb-above-header-display":"","ast-hfb-below-header-display":"","ast-hfb-mobile-header-display":"","site-post-title":"","ast-breadcrumbs-content":"","ast-featured-img":"","footer-sml-layout":"","ast-disable-related-posts":"","theme-transparent-header-meta":"","adv-header-id-meta":"","stick-header-meta":"","header-above-stick-meta":"","header-main-stick-meta":"","header-below-stick-meta":"","astra-migrate-meta-layouts":"default","ast-page-background-enabled":"default","ast-page-background-meta":{"desktop":{"background-color":"var(--ast-global-color-5)","background-image":"","background-repeat":"repeat","background-position":"center center","background-size":"auto","background-attachment":"scroll","background-type":"","background-media":"","overlay-type":"","overlay-color":"","overlay-opacity":"","overlay-gradient":""},"tablet":{"background-color":"","background-image":"","background-repeat":"repeat","background-position":"center center","background-size":"auto","background-attachment":"scroll","background-type":"","background-media":"","overlay-type":"","overlay-color":"","overlay-opacity":"","overlay-gradient":""},"mobile":{"background-color":"","background-image":"","background-repeat":"repeat","background-position":"center center","background-size":"auto","background-attachment":"scroll","background-type":"","background-media":"","overlay-type":"","overlay-color":"","overlay-opacity":"","overlay-gradient":""}},"ast-content-background-meta":{"desktop":{"background-color":"var(--ast-global-color-4)","background-image":"","background-repeat":"repeat","background-position":"center center","background-size":"auto","background-attachment":"scroll","background-type":"","background-media":"","overlay-type":"","overlay-color":"","overlay-opacity":"","overlay-gradient":""},"tablet":{"background-color":"var(--ast-global-color-4)","background-image":"","background-repeat":"repeat","background-position":"center center","background-size":"auto","background-attachment":"scroll","background-type":"","background-media":"","overlay-type":"","overlay-color":"","overlay-opacity":"","overlay-gradient":""},"mobile":{"background-color":"var(--ast-global-color-4)","background-image":"","background-repeat":"repeat","background-position":"center center","background-size":"auto","background-attachment":"scroll","background-type":"","background-media":"","overlay-type":"","overlay-color":"","overlay-opacity":"","overlay-gradient":""}}},"product_brand":[],"product_cat":[215,139,21,126,142],"product_tag":[140,141],"class_list":{"0":"post-1139","1":"product","2":"type-product","3":"status-publish","4":"has-post-thumbnail","6":"product_cat-kamien-lamany-granit","7":"product_cat-kamien-sciezkowy","8":"product_cat-kamienie","9":"product_cat-kamienie-lupane","10":"product_cat-kaskady-i-oczka-wodne","11":"product_tag-kamien-sciezkowy-bydgoszcz","12":"product_tag-kamien-wielkoplytowy-bydgoszcz","13":"desktop-align-left","14":"tablet-align-left","15":"mobile-align-left","17":"first","18":"instock","19":"shipping-taxable","20":"product-type-simple"},"uagb_featured_image_src":{"full":["https:\/\/goldenstones.pl\/wp-content\/uploads\/2026\/02\/polygonal-antiqe-blue-biale-blota-koronowo-sepolno.jpg",501,497,false],"thumbnail":["https:\/\/goldenstones.pl\/wp-content\/uploads\/2026\/02\/polygonal-antiqe-blue-biale-blota-koronowo-sepolno-150x150.jpg",150,150,true],"medium":["https:\/\/goldenstones.pl\/wp-content\/uploads\/2026\/02\/polygonal-antiqe-blue-biale-blota-koronowo-sepolno-300x298.jpg",300,298,true],"medium_large":["https:\/\/goldenstones.pl\/wp-content\/uploads\/2026\/02\/polygonal-antiqe-blue-biale-blota-koronowo-sepolno.jpg",501,497,false],"large":["https:\/\/goldenstones.pl\/wp-content\/uploads\/2026\/02\/polygonal-antiqe-blue-biale-blota-koronowo-sepolno.jpg",501,497,false],"1536x1536":["https:\/\/goldenstones.pl\/wp-content\/uploads\/2026\/02\/polygonal-antiqe-blue-biale-blota-koronowo-sepolno.jpg",501,497,false],"2048x2048":["https:\/\/goldenstones.pl\/wp-content\/uploads\/2026\/02\/polygonal-antiqe-blue-biale-blota-koronowo-sepolno.jpg",501,497,false],"woocommerce_thumbnail":["https:\/\/goldenstones.pl\/wp-content\/uploads\/2026\/02\/polygonal-antiqe-blue-biale-blota-koronowo-sepolno-300x300.jpg",300,300,true],"woocommerce_single":["https:\/\/goldenstones.pl\/wp-content\/uploads\/2026\/02\/polygonal-antiqe-blue-biale-blota-koronowo-sepolno.jpg",501,497,false],"woocommerce_gallery_thumbnail":["https:\/\/goldenstones.pl\/wp-content\/uploads\/2026\/02\/polygonal-antiqe-blue-biale-blota-koronowo-sepolno-100x100.jpg",100,100,true]},"uagb_author_info":{"display_name":"admin","author_link":"https:\/\/goldenstones.pl\/?author=0"},"uagb_comment_info":0,"uagb_excerpt":"Produkt wyceniany jest za kilogram CECHY CHARAKTERYSTYCZNE: p\u0142aski, ciosany r\u0119cznie, stylizowane kraw\u0119dzie, grubszy od Polygonal Cavalas KOLORYSTYKA: jednolita szaro-niebieska POCHODZENIE: Grecja PRZEZNACZENIE: chodniki, \u015bcie\u017cki, stopnie, skwery, obrze\u017ca oczek wodnych i kaskad Podana na stronie cena dotyczy 1kg produktu. Przed zam\u00f3wieniem prosimy o kontakt w celu ustalenia szczeg\u00f3\u0142\u00f3w.","_links":{"self":[{"href":"https:\/\/goldenstones.pl\/index.php?rest_route=\/wp\/v2\/product\/1139","targetHints":{"allow":["GET"]}}],"collection":[{"href":"https:\/\/goldenstones.pl\/index.php?rest_route=\/wp\/v2\/product"}],"about":[{"href":"https:\/\/goldenstones.pl\/index.php?rest_route=\/wp\/v2\/types\/product"}],"replies":[{"embeddable":true,"href":"https:\/\/goldenstones.pl\/index.php?rest_route=%2Fwp%2Fv2%2Fcomments&post=1139"}],"wp:featuredmedia":[{"embeddable":true,"href":"https:\/\/goldenstones.pl\/index.php?rest_route=\/wp\/v2\/media\/1166"}],"wp:attachment":[{"href":"https:\/\/goldenstones.pl\/index.php?rest_route=%2Fwp%2Fv2%2Fmedia&parent=1139"}],"wp:term":[{"taxonomy":"product_brand","embeddable":true,"href":"https:\/\/goldenstones.pl\/index.php?rest_route=%2Fwp%2Fv2%2Fproduct_brand&post=1139"},{"taxonomy":"product_cat","embeddable":true,"href":"https:\/\/goldenstones.pl\/index.php?rest_route=%2Fwp%2Fv2%2Fproduct_cat&post=1139"},{"taxonomy":"product_tag","embeddable":true,"href":"https:\/\/goldenstones.pl\/index.php?rest_route=%2Fwp%2Fv2%2Fproduct_tag&post=1139"}],"curies":[{"name":"wp","href":"https:\/\/api.w.org\/{rel}","templated":true}]}}