{"id":1279,"date":"2026-02-20T10:13:01","date_gmt":"2026-02-20T10:13:01","guid":{"rendered":"https:\/\/goldenstones.pl\/?post_type=product&#038;p=1279"},"modified":"2026-02-23T12:37:06","modified_gmt":"2026-02-23T12:37:06","slug":"betonowe-kule-do-ogrodu","status":"publish","type":"product","link":"https:\/\/goldenstones.pl\/?product=betonowe-kule-do-ogrodu","title":{"rendered":"Betonowe kule do ogrodu"},"content":{"rendered":"<h2>Nowoczesna ozdoba ogrodowa<\/h2>\n<p>Szukasz uniwersalnej i ponadczasowej ozdoby do ogrodu, na skwer, do kwietnika? Zobacz ofert\u0119 w sklepach stacjonarnych Golden Stones i wybierz betonowe kule. Element ma\u0142ej architektury wybierany zar\u00f3wno do ozdoby miejsc publicznych, jak i przydomowych pas\u00f3w zieleni. G\u0142adka i ob\u0142a forma w popielatej kolorystyce wpasuje si\u0119 w kompozycje z trawami lub krzewami ozdobnymi wyprowadzanymi na geometryczne kszta\u0142ty. Z powodzeniem mo\u017cna je ustawia\u0107 w pobli\u017cu okr\u0105g\u0142ych lamp, tak\u017ce w kszta\u0142cie kulek. Te pi\u0119kne ozdoby ogrodowe dost\u0119pne s\u0105 w trzech rozmiarach, dzi\u0119ki czemu dopasujesz najlepszy dla swoich potrzeb.<\/p>\n<p>Marzysz o wyj\u0105tkowej fontannie lub nietuzinkowej ozdobie, kt\u00f3ra b\u0119dzie widoczna ponad tafl\u0105 wody oczka wodnego. Wyobra\u017a sobie jak ciekawie b\u0119dzie wygl\u0105da\u0107 w takim miejscu umiejscowiona na podstawie betonowa kula. Dzi\u0119ki wysokiej odporno\u015bci na z\u0142e warunki zewn\u0119trzne mo\u017ce by\u0107 ona w sta\u0142ym kontakcie z wod\u0105. Nie ulegnie korozji w postaci wykruszenia. Wpasuje si\u0119 zar\u00f3wno w klasyczn\u0105 jak i nowoczesn\u0105 architektur\u0119 ogrodow\u0105. Mo\u017ce sta\u0107 samodzielnie lub np. po\u0142o\u017cona w s\u0105siedztwie bukszpanu wyprofilowanego na kuliste kszta\u0142ty. B\u0119dzie to idealny wyznacznik do oddzielenia r\u00f3\u017cnych stref ogrodowych np. wskazanie strefy ruchu dla pieszych w miejskim parku lub miejsce zako\u0144czenia parkingu przy hotelu.<\/p>\n<p>&nbsp;<\/p>\n","protected":false},"excerpt":{"rendered":"<p><span style=\"color: #333333;\"><a style=\"color: #333333;\" href=\"https:\/\/www.goldenstones.pl\/elementor-63\/\"><strong>Produkt dost\u0119pny stacjonarnie w sk\u0142adach Golden Stones. Przed zam\u00f3wieniem prosimy o kontakt w celu ustalenia szczeg\u00f3\u0142\u00f3w. <\/strong><strong>Betonowe kule wyceniane s\u0105 indywidualnie w zale\u017cno\u015bci od ich wagi, cena wyliczana jest na podstawie ilo\u015bci kilogram\u00f3w.<\/strong><\/a><\/span><\/p>\n<ul>\n<li><span style=\"color: #E36A00;\"><strong>FRAKCJA: <\/strong><\/span><span style=\"color: #333333;\">ozdoba betonowa<\/span><\/li>\n<li><strong><span style=\"color: #E36A00;\">CECHY CHARAKTERYSTYCZNE: <\/span><\/strong><span style=\"color: #333333;\">mrozoodporne, do ca\u0142orocznego sezonowania na zewn\u0105trz, mo\u017cna je stawia\u0107 w pobli\u017cu wody, w fontannach<\/span><\/li>\n<li><strong><span style=\"color: #E36A00;\">KOLORYSTYKA: <\/span><\/strong>jasna, popielata kolorystyka<\/li>\n<li><span style=\"color: #E36A00;\"><strong>POCHODZENIE:<\/strong><\/span> <span style=\"color: #333333;\">Polska<\/span><\/li>\n<li><strong><span style=\"color: #E36A00;\">PRZEZNACZENIE:<\/span><\/strong> <span style=\"color: #333333;\">skwery, kwietniki, rabatki, kompozycje dekoracyjne, tarasy, fontanny<\/span><\/li>\n<\/ul>\n","protected":false},"featured_media":1346,"comment_status":"closed","ping_status":"closed","template":"","meta":{"_uag_custom_page_level_css":"","site-sidebar-layout":"default","site-content-layout":"","ast-site-content-layout":"default","site-content-style":"default","site-sidebar-style":"default","ast-global-header-display":"","ast-banner-title-visibility":"","ast-main-header-display":"","ast-hfb-above-header-display":"","ast-hfb-below-header-display":"","ast-hfb-mobile-header-display":"","site-post-title":"","ast-breadcrumbs-content":"","ast-featured-img":"","footer-sml-layout":"","ast-disable-related-posts":"","theme-transparent-header-meta":"","adv-header-id-meta":"","stick-header-meta":"","header-above-stick-meta":"","header-main-stick-meta":"","header-below-stick-meta":"","astra-migrate-meta-layouts":"default","ast-page-background-enabled":"default","ast-page-background-meta":{"desktop":{"background-color":"var(--ast-global-color-5)","background-image":"","background-repeat":"repeat","background-position":"center center","background-size":"auto","background-attachment":"scroll","background-type":"","background-media":"","overlay-type":"","overlay-color":"","overlay-opacity":"","overlay-gradient":""},"tablet":{"background-color":"","background-image":"","background-repeat":"repeat","background-position":"center center","background-size":"auto","background-attachment":"scroll","background-type":"","background-media":"","overlay-type":"","overlay-color":"","overlay-opacity":"","overlay-gradient":""},"mobile":{"background-color":"","background-image":"","background-repeat":"repeat","background-position":"center center","background-size":"auto","background-attachment":"scroll","background-type":"","background-media":"","overlay-type":"","overlay-color":"","overlay-opacity":"","overlay-gradient":""}},"ast-content-background-meta":{"desktop":{"background-color":"var(--ast-global-color-4)","background-image":"","background-repeat":"repeat","background-position":"center center","background-size":"auto","background-attachment":"scroll","background-type":"","background-media":"","overlay-type":"","overlay-color":"","overlay-opacity":"","overlay-gradient":""},"tablet":{"background-color":"var(--ast-global-color-4)","background-image":"","background-repeat":"repeat","background-position":"center center","background-size":"auto","background-attachment":"scroll","background-type":"","background-media":"","overlay-type":"","overlay-color":"","overlay-opacity":"","overlay-gradient":""},"mobile":{"background-color":"var(--ast-global-color-4)","background-image":"","background-repeat":"repeat","background-position":"center center","background-size":"auto","background-attachment":"scroll","background-type":"","background-media":"","overlay-type":"","overlay-color":"","overlay-opacity":"","overlay-gradient":""}}},"product_brand":[],"product_cat":[43,87,88],"product_tag":[],"class_list":{"0":"post-1279","1":"product","2":"type-product","3":"status-publish","4":"has-post-thumbnail","6":"product_cat-artykuly-ogrodnicze","7":"product_cat-ozdoby-i-wyposazenie","8":"product_cat-wyroby-betonowe","9":"desktop-align-left","10":"tablet-align-left","11":"mobile-align-left","13":"first","14":"onbackorder","15":"shipping-taxable","16":"product-type-simple"},"uagb_featured_image_src":{"full":["https:\/\/goldenstones.pl\/wp-content\/uploads\/2026\/02\/betonowe-kule-tanio-bydgoszcz-koronowo.jpg",1871,1871,false],"thumbnail":["https:\/\/goldenstones.pl\/wp-content\/uploads\/2026\/02\/betonowe-kule-tanio-bydgoszcz-koronowo-150x150.jpg",150,150,true],"medium":["https:\/\/goldenstones.pl\/wp-content\/uploads\/2026\/02\/betonowe-kule-tanio-bydgoszcz-koronowo-300x300.jpg",300,300,true],"medium_large":["https:\/\/goldenstones.pl\/wp-content\/uploads\/2026\/02\/betonowe-kule-tanio-bydgoszcz-koronowo-768x768.jpg",768,768,true],"large":["https:\/\/goldenstones.pl\/wp-content\/uploads\/2026\/02\/betonowe-kule-tanio-bydgoszcz-koronowo-1024x1024.jpg",1024,1024,true],"1536x1536":["https:\/\/goldenstones.pl\/wp-content\/uploads\/2026\/02\/betonowe-kule-tanio-bydgoszcz-koronowo-1536x1536.jpg",1536,1536,true],"2048x2048":["https:\/\/goldenstones.pl\/wp-content\/uploads\/2026\/02\/betonowe-kule-tanio-bydgoszcz-koronowo.jpg",1871,1871,false],"woocommerce_thumbnail":["https:\/\/goldenstones.pl\/wp-content\/uploads\/2026\/02\/betonowe-kule-tanio-bydgoszcz-koronowo-300x300.jpg",300,300,true],"woocommerce_single":["https:\/\/goldenstones.pl\/wp-content\/uploads\/2026\/02\/betonowe-kule-tanio-bydgoszcz-koronowo-600x600.jpg",600,600,true],"woocommerce_gallery_thumbnail":["https:\/\/goldenstones.pl\/wp-content\/uploads\/2026\/02\/betonowe-kule-tanio-bydgoszcz-koronowo-100x100.jpg",100,100,true]},"uagb_author_info":{"display_name":"admin","author_link":"https:\/\/goldenstones.pl\/?author=0"},"uagb_comment_info":0,"uagb_excerpt":"Produkt dost\u0119pny stacjonarnie w sk\u0142adach Golden Stones. Przed zam\u00f3wieniem prosimy o kontakt w celu ustalenia szczeg\u00f3\u0142\u00f3w. Betonowe kule wyceniane s\u0105 indywidualnie w zale\u017cno\u015bci od ich wagi, cena wyliczana jest na podstawie ilo\u015bci kilogram\u00f3w. FRAKCJA: ozdoba betonowa CECHY CHARAKTERYSTYCZNE: mrozoodporne, do ca\u0142orocznego sezonowania na zewn\u0105trz, mo\u017cna je stawia\u0107 w pobli\u017cu wody, w fontannach KOLORYSTYKA: jasna, popielata&hellip;","_links":{"self":[{"href":"https:\/\/goldenstones.pl\/index.php?rest_route=\/wp\/v2\/product\/1279","targetHints":{"allow":["GET"]}}],"collection":[{"href":"https:\/\/goldenstones.pl\/index.php?rest_route=\/wp\/v2\/product"}],"about":[{"href":"https:\/\/goldenstones.pl\/index.php?rest_route=\/wp\/v2\/types\/product"}],"replies":[{"embeddable":true,"href":"https:\/\/goldenstones.pl\/index.php?rest_route=%2Fwp%2Fv2%2Fcomments&post=1279"}],"wp:featuredmedia":[{"embeddable":true,"href":"https:\/\/goldenstones.pl\/index.php?rest_route=\/wp\/v2\/media\/1346"}],"wp:attachment":[{"href":"https:\/\/goldenstones.pl\/index.php?rest_route=%2Fwp%2Fv2%2Fmedia&parent=1279"}],"wp:term":[{"taxonomy":"product_brand","embeddable":true,"href":"https:\/\/goldenstones.pl\/index.php?rest_route=%2Fwp%2Fv2%2Fproduct_brand&post=1279"},{"taxonomy":"product_cat","embeddable":true,"href":"https:\/\/goldenstones.pl\/index.php?rest_route=%2Fwp%2Fv2%2Fproduct_cat&post=1279"},{"taxonomy":"product_tag","embeddable":true,"href":"https:\/\/goldenstones.pl\/index.php?rest_route=%2Fwp%2Fv2%2Fproduct_tag&post=1279"}],"curies":[{"name":"wp","href":"https:\/\/api.w.org\/{rel}","templated":true}]}}