{"id":1320,"date":"2026-02-20T10:13:23","date_gmt":"2026-02-20T10:13:23","guid":{"rendered":"https:\/\/goldenstones.pl\/?post_type=product&#038;p=1320"},"modified":"2026-04-09T09:35:08","modified_gmt":"2026-04-09T09:35:08","slug":"pellet-sylva-6-mm-worek-15kg","status":"publish","type":"product","link":"https:\/\/goldenstones.pl\/?product=pellet-sylva-6-mm-worek-15kg","title":{"rendered":"Pellet Sylva 6 mm, worek 15kg"},"content":{"rendered":"<h2>Pellet Sylva<\/h2>\n<p>Pellety to granulat drewniany, powsta\u0142y z pozosta\u0142o\u015bci przemys\u0142u rolnego, le\u015bnictwa i innych, \u00a0kt\u00f3re \u0142atwo ulegaj\u0105 rozk\u0142adowi. Pelet stanowi ekologiczn\u0105 i ekonomiczn\u0105 alternatyw\u0119 dla tradycyjnych \u017ar\u00f3de\u0142 energii.<\/p>\n<p><strong>Ekologiczny<\/strong><br \/>\nPelety zapewniaj\u0105 wysoki komfort i korzystnie zast\u0119puj\u0105 olej opa\u0142owy, gaz, w\u0119giel, energi\u0119 elektryczn\u0105.<br \/>\nPod wysokim ci\u015bnieniem wi\u00f3ry zostaj\u0105 sprasowane na granulat \u2013 pelety.<br \/>\nOpa\u0142 ten jest wysokiej jako\u015bci, czysty i bez CO2, spala si\u0119 w piecach pozostawiaj\u0105c bardzo ma\u0142o popio\u0142u i zanieczyszcze\u0144, co zapewnia optymalny efekt spalania.<\/p>\n<p><strong>Ekonomiczny<\/strong><br \/>\n<strong>2 kg peletu = 1 L oleju opa\u0142owego<\/strong><b><br \/>\n<\/b>Spalanie nieszkodliwe dla otoczenia, pelety nie zawieraj\u0105 CO2.<br \/>\nProdukowane bez dodatk\u00f3w.<br \/>\nPelety s\u0105 sprasowane, \u0142atwe do magazynowania, prak\u00adtyczne, naturalne i czyste.<\/p>\n<p><a href=\"https:\/\/www.goldenstones.pl\/sklep\/kategoria\/opal\/\"><strong>Zobacz ca\u0142\u0105 seri\u0119 materia\u0142\u00f3w opa\u0142owych od Golden Stones. Kliknij tutaj.<\/strong><\/a><\/p>\n","protected":false},"excerpt":{"rendered":"<ul>\n<li><strong><span style=\"color: #e36a00;\">CECHY CHARAKTERYSTYCZNE: <\/span><\/strong><span style=\"color: #333333;\">paliwo opa\u0142owe, ekologiczne, wytwory z drewna wi\u00f3ry, trociny<\/span><\/li>\n<li><strong><span style=\"color: #e36a00;\">WARTO\u015a\u0106 ENERGETYCZNA: <\/span><\/strong><span style=\"color: #e36a00;\"><span style=\"color: #333333;\">oko\u0142o 5 kW\/kg<\/span><\/span><\/li>\n<li><strong><span style=\"color: #e36a00;\">CI\u0118\u017bAR W\u0141A\u015aCIWY:<\/span><\/strong><span style=\"color: #e36a00;\">\u00a0<span style=\"color: #333333;\">minimum 650 kg\/m3<\/span><\/span><\/li>\n<li><strong><span style=\"color: #e36a00;\">WILGOTNO\u015a\u0106:<\/span><\/strong><strong><span style=\"color: #e36a00;\">\u00a0<\/span><\/strong><span style=\"color: #333333;\">maksymalnie 8% ca\u0142kowitego ci\u0119\u017caru<\/span><\/li>\n<li><strong><span style=\"color: #e36a00;\">ZAWARTO\u015a\u0106 POPIO\u0141U:<\/span><\/strong><strong><span style=\"color: #e36a00;\">\u00a0<\/span><\/strong><span style=\"color: #333333;\">maksymalnie 0,5% ca\u0142kowitego ci\u0119\u017caru<\/span><\/li>\n<li><strong><span style=\"color: #e36a00;\">\u015aREDNICA: <\/span><\/strong><span style=\"color: #333333;\">6 (+\/- 0,5 mm)<\/span><\/li>\n<li><strong><span style=\"color: #e36a00;\">D\u0141UGO\u015a\u0106: <\/span><\/strong><span style=\"color: #333333;\">30 mm max.<\/span><\/li>\n<li><span style=\"color: #e36a00;\"><strong>POCHODZENIE: <\/strong><span style=\"color: #333333;\">Polska<\/span><\/span><\/li>\n<li><strong><span style=\"color: #e36a00;\">PRZEZNACZENIE:<\/span><\/strong> <span style=\"color: #333333;\">do stosowania w kot\u0142ach i kominkach CO, podsypka pod krzewy i drzewa ozdobne<\/span><\/li>\n<li><strong><span style=\"color: #e36a00;\">DOST\u0118PNO\u015a\u0106: <\/span><\/strong><span style=\"color: #e36a00;\"><span style=\"color: #333333;\">pakowany w worki 15 kg<\/span><\/span><\/li>\n<li><strong><span style=\"color: #e36a00;\">DOSTAWA: <\/span><\/strong><span style=\"color: #e36a00;\"><span style=\"color: #333333;\">dow\u00f3z gratis do 20 km od sk\u0142adu Golden Stones<\/span><\/span><\/li>\n<\/ul>\n<p><span style=\"color: #333333;\"><strong>Podana na stronie cena dotyczy jednego worka 15kg. Przed zam\u00f3wieniem prosimy o kontakt w celu ustalenia szczeg\u00f3\u0142\u00f3w.<\/strong><\/span><\/p>\n","protected":false},"featured_media":1349,"comment_status":"closed","ping_status":"closed","template":"","meta":{"_uag_custom_page_level_css":"","site-sidebar-layout":"default","site-content-layout":"","ast-site-content-layout":"default","site-content-style":"default","site-sidebar-style":"default","ast-global-header-display":"","ast-banner-title-visibility":"","ast-main-header-display":"","ast-hfb-above-header-display":"","ast-hfb-below-header-display":"","ast-hfb-mobile-header-display":"","site-post-title":"","ast-breadcrumbs-content":"","ast-featured-img":"","footer-sml-layout":"","ast-disable-related-posts":"","theme-transparent-header-meta":"default","adv-header-id-meta":"","stick-header-meta":"","header-above-stick-meta":"","header-main-stick-meta":"","header-below-stick-meta":"","astra-migrate-meta-layouts":"set","ast-page-background-enabled":"default","ast-page-background-meta":{"desktop":{"background-color":"var(--ast-global-color-5)","background-image":"","background-repeat":"repeat","background-position":"center center","background-size":"auto","background-attachment":"scroll","background-type":"","background-media":"","overlay-type":"","overlay-color":"","overlay-opacity":"","overlay-gradient":""},"tablet":{"background-color":"","background-image":"","background-repeat":"repeat","background-position":"center center","background-size":"auto","background-attachment":"scroll","background-type":"","background-media":"","overlay-type":"","overlay-color":"","overlay-opacity":"","overlay-gradient":""},"mobile":{"background-color":"","background-image":"","background-repeat":"repeat","background-position":"center center","background-size":"auto","background-attachment":"scroll","background-type":"","background-media":"","overlay-type":"","overlay-color":"","overlay-opacity":"","overlay-gradient":""}},"ast-content-background-meta":{"desktop":{"background-color":"var(--ast-global-color-4)","background-image":"","background-repeat":"repeat","background-position":"center center","background-size":"auto","background-attachment":"scroll","background-type":"","background-media":"","overlay-type":"","overlay-color":"","overlay-opacity":"","overlay-gradient":""},"tablet":{"background-color":"var(--ast-global-color-4)","background-image":"","background-repeat":"repeat","background-position":"center center","background-size":"auto","background-attachment":"scroll","background-type":"","background-media":"","overlay-type":"","overlay-color":"","overlay-opacity":"","overlay-gradient":""},"mobile":{"background-color":"var(--ast-global-color-4)","background-image":"","background-repeat":"repeat","background-position":"center center","background-size":"auto","background-attachment":"scroll","background-type":"","background-media":"","overlay-type":"","overlay-color":"","overlay-opacity":"","overlay-gradient":""}}},"product_brand":[],"product_cat":[24,206],"product_tag":[207,208,209,210,211],"class_list":{"0":"post-1320","1":"product","2":"type-product","3":"status-publish","4":"has-post-thumbnail","6":"product_cat-opal","7":"product_cat-pellet","8":"product_tag-dobry-pellet","9":"product_tag-pellet-bydgoszcz","10":"product_tag-pellet-koronowo","11":"product_tag-tani-pellet-bydgoszcz","12":"product_tag-transport-pelletu-gratis","13":"desktop-align-left","14":"tablet-align-left","15":"mobile-align-left","17":"first","18":"instock","19":"shipping-taxable","20":"purchasable","21":"product-type-simple"},"uagb_featured_image_src":{"full":["https:\/\/goldenstones.pl\/wp-content\/uploads\/2026\/02\/sylva-1.jpg",393,517,false],"thumbnail":["https:\/\/goldenstones.pl\/wp-content\/uploads\/2026\/02\/sylva-1-150x150.jpg",150,150,true],"medium":["https:\/\/goldenstones.pl\/wp-content\/uploads\/2026\/02\/sylva-1-228x300.jpg",228,300,true],"medium_large":["https:\/\/goldenstones.pl\/wp-content\/uploads\/2026\/02\/sylva-1.jpg",393,517,false],"large":["https:\/\/goldenstones.pl\/wp-content\/uploads\/2026\/02\/sylva-1.jpg",393,517,false],"1536x1536":["https:\/\/goldenstones.pl\/wp-content\/uploads\/2026\/02\/sylva-1.jpg",393,517,false],"2048x2048":["https:\/\/goldenstones.pl\/wp-content\/uploads\/2026\/02\/sylva-1.jpg",393,517,false],"woocommerce_thumbnail":["https:\/\/goldenstones.pl\/wp-content\/uploads\/2026\/02\/sylva-1-300x300.jpg",300,300,true],"woocommerce_single":["https:\/\/goldenstones.pl\/wp-content\/uploads\/2026\/02\/sylva-1.jpg",393,517,false],"woocommerce_gallery_thumbnail":["https:\/\/goldenstones.pl\/wp-content\/uploads\/2026\/02\/sylva-1-100x100.jpg",100,100,true]},"uagb_author_info":{"display_name":"admin","author_link":"https:\/\/goldenstones.pl\/?author=0"},"uagb_comment_info":0,"uagb_excerpt":"CECHY CHARAKTERYSTYCZNE: paliwo opa\u0142owe, ekologiczne, wytwory z drewna wi\u00f3ry, trociny WARTO\u015a\u0106 ENERGETYCZNA: oko\u0142o 5 kW\/kg CI\u0118\u017bAR W\u0141A\u015aCIWY:\u00a0minimum 650 kg\/m3 WILGOTNO\u015a\u0106:\u00a0maksymalnie 8% ca\u0142kowitego ci\u0119\u017caru ZAWARTO\u015a\u0106 POPIO\u0141U:\u00a0maksymalnie 0,5% ca\u0142kowitego ci\u0119\u017caru \u015aREDNICA: 6 (+\/- 0,5 mm) D\u0141UGO\u015a\u0106: 30 mm max. POCHODZENIE: Polska PRZEZNACZENIE: do stosowania w kot\u0142ach i kominkach CO, podsypka pod krzewy i drzewa ozdobne DOST\u0118PNO\u015a\u0106: pakowany&hellip;","_links":{"self":[{"href":"https:\/\/goldenstones.pl\/index.php?rest_route=\/wp\/v2\/product\/1320","targetHints":{"allow":["GET"]}}],"collection":[{"href":"https:\/\/goldenstones.pl\/index.php?rest_route=\/wp\/v2\/product"}],"about":[{"href":"https:\/\/goldenstones.pl\/index.php?rest_route=\/wp\/v2\/types\/product"}],"replies":[{"embeddable":true,"href":"https:\/\/goldenstones.pl\/index.php?rest_route=%2Fwp%2Fv2%2Fcomments&post=1320"}],"wp:featuredmedia":[{"embeddable":true,"href":"https:\/\/goldenstones.pl\/index.php?rest_route=\/wp\/v2\/media\/1349"}],"wp:attachment":[{"href":"https:\/\/goldenstones.pl\/index.php?rest_route=%2Fwp%2Fv2%2Fmedia&parent=1320"}],"wp:term":[{"taxonomy":"product_brand","embeddable":true,"href":"https:\/\/goldenstones.pl\/index.php?rest_route=%2Fwp%2Fv2%2Fproduct_brand&post=1320"},{"taxonomy":"product_cat","embeddable":true,"href":"https:\/\/goldenstones.pl\/index.php?rest_route=%2Fwp%2Fv2%2Fproduct_cat&post=1320"},{"taxonomy":"product_tag","embeddable":true,"href":"https:\/\/goldenstones.pl\/index.php?rest_route=%2Fwp%2Fv2%2Fproduct_tag&post=1320"}],"curies":[{"name":"wp","href":"https:\/\/api.w.org\/{rel}","templated":true}]}}