{"id":1321,"date":"2026-02-20T10:13:23","date_gmt":"2026-02-20T10:13:23","guid":{"rendered":"https:\/\/goldenstones.pl\/?post_type=product&#038;p=1321"},"modified":"2026-04-09T09:40:03","modified_gmt":"2026-04-09T09:40:03","slug":"wegiel-orzech-25-80mm-worek-25kg","status":"publish","type":"product","link":"https:\/\/goldenstones.pl\/?product=wegiel-orzech-25-80mm-worek-25kg","title":{"rendered":"W\u0119giel Orzech 25-80mm, worek 25kg"},"content":{"rendered":"<h3>W\u0119giel kamienny, typ orzech<\/h3>\n<p>W\u0119giel orzech to paliwo dedykowane do kot\u0142\u00f3w zasypowych, kuchni w\u0119glowych i piec\u00f3w konwencjonalnych. Zawiera niewielk\u0105 ilo\u015b\u0107 siarki, co wp\u0142ywa korzystnie na \u015brodowisko oraz znacznie wyd\u0142u\u017ca okres u\u017cytkowania kot\u0142a. Materia\u0142 opa\u0142owy o wysokiej kaloryczno\u015bci, a tym samym bardzo wydajny. Generuje niewielk\u0105 ilo\u015b\u0107 popio\u0142u, co pozwala to na rzadsze czyszczenie kot\u0142a.<br \/>\nPrezentowany w\u0119giel nie jest smolisty, dlatego nie osadza si\u0119 na przewodach, wi\u0119c jego u\u017cytkowanie jest ca\u0142kowicie bezpieczne dla systemu grzewczego.<br \/>\nIstnieje mo\u017cliwo\u015b\u0107 podniesienia kaloryczno\u015bci innego rodzaju paliwa \u2013 w\u0119giel orzech mo\u017cna spala\u0107 razem z innymi materia\u0142ami opa\u0142owymi (np. peletem drzewnym).<\/p>\n<p><a href=\"https:\/\/www.goldenstones.pl\/sklep\/kategoria\/opal\/\"><strong>Zobacz ca\u0142\u0105 seri\u0119 materia\u0142\u00f3w opa\u0142owych od Golden Stones. Kliknij tutaj.<\/strong><\/a><\/p>\n","protected":false},"excerpt":{"rendered":"<p><span style=\"color: #e36a00;\"><strong>Granulacja:<\/strong><\/span> 25-80 mm<br \/>\n<span style=\"color: #e36a00;\"><strong>Warto\u015b\u0107 opa\u0142owa:<\/strong><\/span> 24-26 MJ\/kg<br \/>\n<strong><span style=\"color: #e36a00;\">Zawarto\u015b\u0107 popio\u0142u:<\/span><\/strong> 5,70-10,00 %<\/p>\n","protected":false},"featured_media":573,"comment_status":"closed","ping_status":"closed","template":"","meta":{"_uag_custom_page_level_css":"","site-sidebar-layout":"default","site-content-layout":"","ast-site-content-layout":"default","site-content-style":"default","site-sidebar-style":"default","ast-global-header-display":"","ast-banner-title-visibility":"","ast-main-header-display":"","ast-hfb-above-header-display":"","ast-hfb-below-header-display":"","ast-hfb-mobile-header-display":"","site-post-title":"","ast-breadcrumbs-content":"","ast-featured-img":"","footer-sml-layout":"","ast-disable-related-posts":"","theme-transparent-header-meta":"default","adv-header-id-meta":"","stick-header-meta":"","header-above-stick-meta":"","header-main-stick-meta":"","header-below-stick-meta":"","astra-migrate-meta-layouts":"set","ast-page-background-enabled":"default","ast-page-background-meta":{"desktop":{"background-color":"var(--ast-global-color-5)","background-image":"","background-repeat":"repeat","background-position":"center center","background-size":"auto","background-attachment":"scroll","background-type":"","background-media":"","overlay-type":"","overlay-color":"","overlay-opacity":"","overlay-gradient":""},"tablet":{"background-color":"","background-image":"","background-repeat":"repeat","background-position":"center center","background-size":"auto","background-attachment":"scroll","background-type":"","background-media":"","overlay-type":"","overlay-color":"","overlay-opacity":"","overlay-gradient":""},"mobile":{"background-color":"","background-image":"","background-repeat":"repeat","background-position":"center center","background-size":"auto","background-attachment":"scroll","background-type":"","background-media":"","overlay-type":"","overlay-color":"","overlay-opacity":"","overlay-gradient":""}},"ast-content-background-meta":{"desktop":{"background-color":"var(--ast-global-color-4)","background-image":"","background-repeat":"repeat","background-position":"center center","background-size":"auto","background-attachment":"scroll","background-type":"","background-media":"","overlay-type":"","overlay-color":"","overlay-opacity":"","overlay-gradient":""},"tablet":{"background-color":"var(--ast-global-color-4)","background-image":"","background-repeat":"repeat","background-position":"center center","background-size":"auto","background-attachment":"scroll","background-type":"","background-media":"","overlay-type":"","overlay-color":"","overlay-opacity":"","overlay-gradient":""},"mobile":{"background-color":"var(--ast-global-color-4)","background-image":"","background-repeat":"repeat","background-position":"center center","background-size":"auto","background-attachment":"scroll","background-type":"","background-media":"","overlay-type":"","overlay-color":"","overlay-opacity":"","overlay-gradient":""}}},"product_brand":[],"product_cat":[24,37,38,39,242],"product_tag":[40,41,42],"class_list":{"0":"post-1321","1":"product","2":"type-product","3":"status-publish","4":"has-post-thumbnail","6":"product_cat-opal","7":"product_cat-uwypuklone-na-stronie-glownej-sklepu","8":"product_cat-wegiel","9":"product_cat-wegiel-orzech","10":"product_cat-wegiel-workowany","11":"product_tag-bydgoszcz-orzech","12":"product_tag-tani-orzech-bydgoszcz","13":"product_tag-wegiel-orzech-koronowo","14":"desktop-align-left","15":"tablet-align-left","16":"mobile-align-left","18":"first","19":"instock","20":"shipping-taxable","21":"purchasable","22":"product-type-simple"},"uagb_featured_image_src":{"full":["https:\/\/goldenstones.pl\/wp-content\/uploads\/2026\/02\/wegiel-workowany-orzech-40-80-mm.jpg",300,300,false],"thumbnail":["https:\/\/goldenstones.pl\/wp-content\/uploads\/2026\/02\/wegiel-workowany-orzech-40-80-mm-150x150.jpg",150,150,true],"medium":["https:\/\/goldenstones.pl\/wp-content\/uploads\/2026\/02\/wegiel-workowany-orzech-40-80-mm.jpg",300,300,false],"medium_large":["https:\/\/goldenstones.pl\/wp-content\/uploads\/2026\/02\/wegiel-workowany-orzech-40-80-mm.jpg",300,300,false],"large":["https:\/\/goldenstones.pl\/wp-content\/uploads\/2026\/02\/wegiel-workowany-orzech-40-80-mm.jpg",300,300,false],"1536x1536":["https:\/\/goldenstones.pl\/wp-content\/uploads\/2026\/02\/wegiel-workowany-orzech-40-80-mm.jpg",300,300,false],"2048x2048":["https:\/\/goldenstones.pl\/wp-content\/uploads\/2026\/02\/wegiel-workowany-orzech-40-80-mm.jpg",300,300,false],"woocommerce_thumbnail":["https:\/\/goldenstones.pl\/wp-content\/uploads\/2026\/02\/wegiel-workowany-orzech-40-80-mm.jpg",300,300,false],"woocommerce_single":["https:\/\/goldenstones.pl\/wp-content\/uploads\/2026\/02\/wegiel-workowany-orzech-40-80-mm.jpg",300,300,false],"woocommerce_gallery_thumbnail":["https:\/\/goldenstones.pl\/wp-content\/uploads\/2026\/02\/wegiel-workowany-orzech-40-80-mm-100x100.jpg",100,100,true]},"uagb_author_info":{"display_name":"admin","author_link":"https:\/\/goldenstones.pl\/?author=0"},"uagb_comment_info":0,"uagb_excerpt":"Granulacja: 25-80 mm Warto\u015b\u0107 opa\u0142owa: 24-26 MJ\/kg Zawarto\u015b\u0107 popio\u0142u: 5,70-10,00 %","_links":{"self":[{"href":"https:\/\/goldenstones.pl\/index.php?rest_route=\/wp\/v2\/product\/1321","targetHints":{"allow":["GET"]}}],"collection":[{"href":"https:\/\/goldenstones.pl\/index.php?rest_route=\/wp\/v2\/product"}],"about":[{"href":"https:\/\/goldenstones.pl\/index.php?rest_route=\/wp\/v2\/types\/product"}],"replies":[{"embeddable":true,"href":"https:\/\/goldenstones.pl\/index.php?rest_route=%2Fwp%2Fv2%2Fcomments&post=1321"}],"wp:featuredmedia":[{"embeddable":true,"href":"https:\/\/goldenstones.pl\/index.php?rest_route=\/wp\/v2\/media\/573"}],"wp:attachment":[{"href":"https:\/\/goldenstones.pl\/index.php?rest_route=%2Fwp%2Fv2%2Fmedia&parent=1321"}],"wp:term":[{"taxonomy":"product_brand","embeddable":true,"href":"https:\/\/goldenstones.pl\/index.php?rest_route=%2Fwp%2Fv2%2Fproduct_brand&post=1321"},{"taxonomy":"product_cat","embeddable":true,"href":"https:\/\/goldenstones.pl\/index.php?rest_route=%2Fwp%2Fv2%2Fproduct_cat&post=1321"},{"taxonomy":"product_tag","embeddable":true,"href":"https:\/\/goldenstones.pl\/index.php?rest_route=%2Fwp%2Fv2%2Fproduct_tag&post=1321"}],"curies":[{"name":"wp","href":"https:\/\/api.w.org\/{rel}","templated":true}]}}