{"id":1335,"date":"2026-02-20T10:13:25","date_gmt":"2026-02-20T10:13:25","guid":{"rendered":"https:\/\/goldenstones.pl\/?post_type=product&#038;p=1335"},"modified":"2026-03-09T12:04:04","modified_gmt":"2026-03-09T12:04:04","slug":"otoczak-giallo-siena-15-25-mm-tona","status":"publish","type":"product","link":"https:\/\/goldenstones.pl\/?product=otoczak-giallo-siena-15-25-mm-tona","title":{"rendered":"Otoczak Giallo Siena 15-25 mm, tona"},"content":{"rendered":"<h2>Otoczak Giallo Siena<\/h2>\n<p>Otoczak Giallo Siena to kamie\u0144 o ciekawej kolorystyce. Idealnie wkomponuj\u0105 si\u0119 w nowoczesny ogr\u00f3d. Doskonale sprawdz\u0105 si\u0119 jako wyko\u0144czenie doniczek i wazon\u00f3w. W architekturze ogrodowej r\u00f3wnie\u017c znajd\u0105 swoje miejsce jako posypka wok\u00f3\u0142 domu i drzew.<br \/>\nOtoczak cechuje si\u0119 ob\u0142ym kszta\u0142tem. Jest to otoczak w\u0142oskiego pochodzenia, specjalnie segregowany wed\u0142ug wielko\u015bci.<br \/>\nKamie\u0144 otaczany powstaje na dwa sposoby, naturalnie i mechanicznie. Naturalnie powstaje dzi\u0119ki p\u0142yn\u0105cej wodzie, kt\u00f3ra wraz z piaskiem szlifuje bry\u0142y. Natomiast przy produkcji otoczak\u00f3w u\u017cywa si\u0119 du\u017cych b\u0119bn\u00f3w, w kt\u00f3rych kamie\u0144 wraz z piaskiem \u015bcieraj\u0105 si\u0119, podobnie jak w naturalnym \u015brodowisku.<\/p>\n","protected":false},"excerpt":{"rendered":"<ul>\n<li><span style=\"color: #e36a00;\"><strong>FRAKCJA: <\/strong><\/span><span style=\"color: #333333;\">15-25 mm<\/span><\/li>\n<li><strong><span style=\"color: #e36a00;\">WYDAJNO\u015a\u0106:<\/span> <\/strong><span style=\"color: #333333;\"><strong>1 tona<\/strong> oko\u0142o 19 m\u00b2, <strong>1 worek\/20kg<\/strong> oko\u0142o 0,4 m\u00b2<\/span><\/li>\n<li><strong><span style=\"color: #e36a00;\">CECHY CHARAKTERYSTYCZNE: <\/span><\/strong><span style=\"color: #333333;\">ob\u0142e kamienie o jasnej kolorystyce, o ciep\u0142ym \u017c\u00f3\u0142tym odcieniu<\/span><\/li>\n<li><strong><span style=\"color: #e36a00;\">KOLORYSTYKA: <\/span><\/strong><span style=\"color: #333333;\">\u017c\u00f3\u0142ty, kremowy<\/span><\/li>\n<li><span style=\"color: #e36a00;\"><strong>POCHODZENIE:<\/strong><\/span> <span style=\"color: #333333;\">W\u0142ochy<\/span><\/li>\n<li><strong><span style=\"color: #e36a00;\">PRZEZNACZENIE:<\/span><\/strong> <span style=\"color: #333333;\">skwery, kwietniki, rabatki, alejki, kompozycje dekoracyjne w wazonach, gabionach i donicach, podjazdy, \u015bcie\u017cki, podsypki pod drzewa i krzewy<\/span><\/li>\n<li><strong><span style=\"color: #e36a00;\">PIEL\u0118GNACJA:<\/span><\/strong> <span style=\"color: #333333;\">zalecane pod\u0142o\u017ce z agrow\u0142\u00f3kniny i bord\u00f3w<\/span><\/li>\n<li><span style=\"color: #e36a00;\"><strong>DOST\u0118PNE FRAKCJE: <\/strong><\/span><span style=\"color: #333333;\">15-25mm<\/span><\/li>\n<\/ul>\n","protected":false},"featured_media":1356,"comment_status":"closed","ping_status":"closed","template":"","meta":{"_uag_custom_page_level_css":"","site-sidebar-layout":"default","site-content-layout":"","ast-site-content-layout":"default","site-content-style":"default","site-sidebar-style":"default","ast-global-header-display":"","ast-banner-title-visibility":"","ast-main-header-display":"","ast-hfb-above-header-display":"","ast-hfb-below-header-display":"","ast-hfb-mobile-header-display":"","site-post-title":"","ast-breadcrumbs-content":"","ast-featured-img":"","footer-sml-layout":"","ast-disable-related-posts":"","theme-transparent-header-meta":"default","adv-header-id-meta":"","stick-header-meta":"","header-above-stick-meta":"","header-main-stick-meta":"","header-below-stick-meta":"","astra-migrate-meta-layouts":"set","ast-page-background-enabled":"default","ast-page-background-meta":{"desktop":{"background-color":"var(--ast-global-color-5)","background-image":"","background-repeat":"repeat","background-position":"center center","background-size":"auto","background-attachment":"scroll","background-type":"","background-media":"","overlay-type":"","overlay-color":"","overlay-opacity":"","overlay-gradient":""},"tablet":{"background-color":"","background-image":"","background-repeat":"repeat","background-position":"center center","background-size":"auto","background-attachment":"scroll","background-type":"","background-media":"","overlay-type":"","overlay-color":"","overlay-opacity":"","overlay-gradient":""},"mobile":{"background-color":"","background-image":"","background-repeat":"repeat","background-position":"center center","background-size":"auto","background-attachment":"scroll","background-type":"","background-media":"","overlay-type":"","overlay-color":"","overlay-opacity":"","overlay-gradient":""}},"ast-content-background-meta":{"desktop":{"background-color":"var(--ast-global-color-4)","background-image":"","background-repeat":"repeat","background-position":"center center","background-size":"auto","background-attachment":"scroll","background-type":"","background-media":"","overlay-type":"","overlay-color":"","overlay-opacity":"","overlay-gradient":""},"tablet":{"background-color":"var(--ast-global-color-4)","background-image":"","background-repeat":"repeat","background-position":"center center","background-size":"auto","background-attachment":"scroll","background-type":"","background-media":"","overlay-type":"","overlay-color":"","overlay-opacity":"","overlay-gradient":""},"mobile":{"background-color":"var(--ast-global-color-4)","background-image":"","background-repeat":"repeat","background-position":"center center","background-size":"auto","background-attachment":"scroll","background-type":"","background-media":"","overlay-type":"","overlay-color":"","overlay-opacity":"","overlay-gradient":""}}},"product_brand":[],"product_cat":[21,116,122],"product_tag":[176,177,178,179,180],"class_list":{"0":"post-1335","1":"product","2":"type-product","3":"status-publish","4":"has-post-thumbnail","6":"product_cat-kamienie","7":"product_cat-kamienie-kamienie","8":"product_cat-otoczaki-kamienie-kamienie","9":"product_tag-biale-otoczaki-bydgoszcz","10":"product_tag-otoczaki-bydgoszcz","11":"product_tag-otoczaki-w-ogrodzie","12":"product_tag-snieznobiale-otoczaki-bydgoszcz","13":"product_tag-tanie-otoczaki-bydgoszcz","14":"desktop-align-left","15":"tablet-align-left","16":"mobile-align-left","18":"first","19":"instock","20":"shipping-taxable","21":"product-type-simple"},"uagb_featured_image_src":{"full":["https:\/\/goldenstones.pl\/wp-content\/uploads\/2026\/02\/otoczak-giallo-siena-15-25-mm.jpg",800,800,false],"thumbnail":["https:\/\/goldenstones.pl\/wp-content\/uploads\/2026\/02\/otoczak-giallo-siena-15-25-mm-150x150.jpg",150,150,true],"medium":["https:\/\/goldenstones.pl\/wp-content\/uploads\/2026\/02\/otoczak-giallo-siena-15-25-mm-300x300.jpg",300,300,true],"medium_large":["https:\/\/goldenstones.pl\/wp-content\/uploads\/2026\/02\/otoczak-giallo-siena-15-25-mm-768x768.jpg",768,768,true],"large":["https:\/\/goldenstones.pl\/wp-content\/uploads\/2026\/02\/otoczak-giallo-siena-15-25-mm.jpg",800,800,false],"1536x1536":["https:\/\/goldenstones.pl\/wp-content\/uploads\/2026\/02\/otoczak-giallo-siena-15-25-mm.jpg",800,800,false],"2048x2048":["https:\/\/goldenstones.pl\/wp-content\/uploads\/2026\/02\/otoczak-giallo-siena-15-25-mm.jpg",800,800,false],"woocommerce_thumbnail":["https:\/\/goldenstones.pl\/wp-content\/uploads\/2026\/02\/otoczak-giallo-siena-15-25-mm-300x300.jpg",300,300,true],"woocommerce_single":["https:\/\/goldenstones.pl\/wp-content\/uploads\/2026\/02\/otoczak-giallo-siena-15-25-mm-600x600.jpg",600,600,true],"woocommerce_gallery_thumbnail":["https:\/\/goldenstones.pl\/wp-content\/uploads\/2026\/02\/otoczak-giallo-siena-15-25-mm-100x100.jpg",100,100,true]},"uagb_author_info":{"display_name":"admin","author_link":"https:\/\/goldenstones.pl\/?author=0"},"uagb_comment_info":0,"uagb_excerpt":"FRAKCJA: 15-25 mm WYDAJNO\u015a\u0106: 1 tona oko\u0142o 19 m\u00b2, 1 worek\/20kg oko\u0142o 0,4 m\u00b2 CECHY CHARAKTERYSTYCZNE: ob\u0142e kamienie o jasnej kolorystyce, o ciep\u0142ym \u017c\u00f3\u0142tym odcieniu KOLORYSTYKA: \u017c\u00f3\u0142ty, kremowy POCHODZENIE: W\u0142ochy PRZEZNACZENIE: skwery, kwietniki, rabatki, alejki, kompozycje dekoracyjne w wazonach, gabionach i donicach, podjazdy, \u015bcie\u017cki, podsypki pod drzewa i krzewy PIEL\u0118GNACJA: zalecane pod\u0142o\u017ce z agrow\u0142\u00f3kniny i&hellip;","_links":{"self":[{"href":"https:\/\/goldenstones.pl\/index.php?rest_route=\/wp\/v2\/product\/1335","targetHints":{"allow":["GET"]}}],"collection":[{"href":"https:\/\/goldenstones.pl\/index.php?rest_route=\/wp\/v2\/product"}],"about":[{"href":"https:\/\/goldenstones.pl\/index.php?rest_route=\/wp\/v2\/types\/product"}],"replies":[{"embeddable":true,"href":"https:\/\/goldenstones.pl\/index.php?rest_route=%2Fwp%2Fv2%2Fcomments&post=1335"}],"wp:featuredmedia":[{"embeddable":true,"href":"https:\/\/goldenstones.pl\/index.php?rest_route=\/wp\/v2\/media\/1356"}],"wp:attachment":[{"href":"https:\/\/goldenstones.pl\/index.php?rest_route=%2Fwp%2Fv2%2Fmedia&parent=1335"}],"wp:term":[{"taxonomy":"product_brand","embeddable":true,"href":"https:\/\/goldenstones.pl\/index.php?rest_route=%2Fwp%2Fv2%2Fproduct_brand&post=1335"},{"taxonomy":"product_cat","embeddable":true,"href":"https:\/\/goldenstones.pl\/index.php?rest_route=%2Fwp%2Fv2%2Fproduct_cat&post=1335"},{"taxonomy":"product_tag","embeddable":true,"href":"https:\/\/goldenstones.pl\/index.php?rest_route=%2Fwp%2Fv2%2Fproduct_tag&post=1335"}],"curies":[{"name":"wp","href":"https:\/\/api.w.org\/{rel}","templated":true}]}}