{"id":1338,"date":"2026-02-20T10:13:25","date_gmt":"2026-02-20T10:13:25","guid":{"rendered":"https:\/\/goldenstones.pl\/?post_type=product&#038;p=1338"},"modified":"2026-02-23T12:37:10","modified_gmt":"2026-02-23T12:37:10","slug":"zrebki-kolorowe-dekoracyjne-szare-kora-szara-50l","status":"publish","type":"product","link":"https:\/\/goldenstones.pl\/?product=zrebki-kolorowe-dekoracyjne-szare-kora-szara-50l","title":{"rendered":"Zr\u0119bki kolorowe dekoracyjne szare, kora szara 50l"},"content":{"rendered":"<h2 align=\"LEFT\">Zr\u0119bki kolorowe dekoracyjne szare<\/h2>\n<p>Je\u015bli chcesz w nietuzinkowy spos\u00f3b udekorowa\u0107 sw\u00f3j ogr\u00f3d tak aby zadziwia\u0142 wszystkie osoby odwiedzaj\u0105ce ciebie, skorzystaj z kolorowych zr\u0119bk\u00f3w naszej firmy Golden Stones. Dzi\u0119ki nimi zape\u0142nisz pust\u0105 przestrze\u0144 w swoim ogrodzie oraz skutecznie ochronisz swoje ro\u015bliny przed chwastami, przez co pod\u0142o\u017ce zyska \u0142adny i schludny wygl\u0105d na bardzo d\u0142ugi czas. Dzi\u0119ki szarej barwie w prosty spos\u00f3b rozja\u015bnisz swoje podw\u00f3rko albo ogr\u00f3d. Gwarantujemy r\u00f3wnie\u017c szybki i bezpieczny transport kupionego przez ciebie produktu.<\/p>\n<p><a href=\"https:\/\/www.goldenstones.pl\/sklep\/kategoria\/artykuly_ogrodnicze\/podsypki\/zrebki\/\">Poznaj inne nasze artyku\u0142y klikaj\u0105c tutaj!<\/a><\/p>\n","protected":false},"excerpt":{"rendered":"<p>Zr\u0119bki kolorowe dekoracyjne szare Je\u015bli chcesz w nietuzinkowy spos\u00f3b udekorowa\u0107 sw\u00f3j ogr\u00f3d tak aby zadziwia\u0142 wszystkie osoby odwiedzaj\u0105ce ciebie, skorzystaj [&hellip;]<\/p>\n","protected":false},"featured_media":1358,"comment_status":"closed","ping_status":"closed","template":"","meta":{"_uag_custom_page_level_css":"","site-sidebar-layout":"default","site-content-layout":"","ast-site-content-layout":"default","site-content-style":"default","site-sidebar-style":"default","ast-global-header-display":"","ast-banner-title-visibility":"","ast-main-header-display":"","ast-hfb-above-header-display":"","ast-hfb-below-header-display":"","ast-hfb-mobile-header-display":"","site-post-title":"","ast-breadcrumbs-content":"","ast-featured-img":"","footer-sml-layout":"","ast-disable-related-posts":"","theme-transparent-header-meta":"","adv-header-id-meta":"","stick-header-meta":"","header-above-stick-meta":"","header-main-stick-meta":"","header-below-stick-meta":"","astra-migrate-meta-layouts":"default","ast-page-background-enabled":"default","ast-page-background-meta":{"desktop":{"background-color":"var(--ast-global-color-5)","background-image":"","background-repeat":"repeat","background-position":"center center","background-size":"auto","background-attachment":"scroll","background-type":"","background-media":"","overlay-type":"","overlay-color":"","overlay-opacity":"","overlay-gradient":""},"tablet":{"background-color":"","background-image":"","background-repeat":"repeat","background-position":"center center","background-size":"auto","background-attachment":"scroll","background-type":"","background-media":"","overlay-type":"","overlay-color":"","overlay-opacity":"","overlay-gradient":""},"mobile":{"background-color":"","background-image":"","background-repeat":"repeat","background-position":"center center","background-size":"auto","background-attachment":"scroll","background-type":"","background-media":"","overlay-type":"","overlay-color":"","overlay-opacity":"","overlay-gradient":""}},"ast-content-background-meta":{"desktop":{"background-color":"var(--ast-global-color-4)","background-image":"","background-repeat":"repeat","background-position":"center center","background-size":"auto","background-attachment":"scroll","background-type":"","background-media":"","overlay-type":"","overlay-color":"","overlay-opacity":"","overlay-gradient":""},"tablet":{"background-color":"var(--ast-global-color-4)","background-image":"","background-repeat":"repeat","background-position":"center center","background-size":"auto","background-attachment":"scroll","background-type":"","background-media":"","overlay-type":"","overlay-color":"","overlay-opacity":"","overlay-gradient":""},"mobile":{"background-color":"var(--ast-global-color-4)","background-image":"","background-repeat":"repeat","background-position":"center center","background-size":"auto","background-attachment":"scroll","background-type":"","background-media":"","overlay-type":"","overlay-color":"","overlay-opacity":"","overlay-gradient":""}}},"product_brand":[],"product_cat":[43,45,37,46],"product_tag":[47,262,48,49,50],"class_list":{"0":"post-1338","1":"product","2":"type-product","3":"status-publish","4":"has-post-thumbnail","6":"product_cat-artykuly-ogrodnicze","7":"product_cat-kora-sosnowa-podloza-artykuly-ogrodnicze","8":"product_cat-uwypuklone-na-stronie-glownej-sklepu","9":"product_cat-zrebki-kolorowe","10":"product_tag-bydgoszcz-zrebki","11":"product_tag-szare-zrebki","12":"product_tag-tanie-zrebki","13":"product_tag-zrebki-bydgoszcz","14":"product_tag-zrebki-kolorowe-bydgoszcz","15":"desktop-align-left","16":"tablet-align-left","17":"mobile-align-left","19":"first","20":"instock","21":"shipping-taxable","22":"purchasable","23":"product-type-simple"},"uagb_featured_image_src":{"full":["https:\/\/goldenstones.pl\/wp-content\/uploads\/2026\/02\/zrebki-dekoracyjne-szare.jpg",800,800,false],"thumbnail":["https:\/\/goldenstones.pl\/wp-content\/uploads\/2026\/02\/zrebki-dekoracyjne-szare-150x150.jpg",150,150,true],"medium":["https:\/\/goldenstones.pl\/wp-content\/uploads\/2026\/02\/zrebki-dekoracyjne-szare-300x300.jpg",300,300,true],"medium_large":["https:\/\/goldenstones.pl\/wp-content\/uploads\/2026\/02\/zrebki-dekoracyjne-szare-768x768.jpg",768,768,true],"large":["https:\/\/goldenstones.pl\/wp-content\/uploads\/2026\/02\/zrebki-dekoracyjne-szare.jpg",800,800,false],"1536x1536":["https:\/\/goldenstones.pl\/wp-content\/uploads\/2026\/02\/zrebki-dekoracyjne-szare.jpg",800,800,false],"2048x2048":["https:\/\/goldenstones.pl\/wp-content\/uploads\/2026\/02\/zrebki-dekoracyjne-szare.jpg",800,800,false],"woocommerce_thumbnail":["https:\/\/goldenstones.pl\/wp-content\/uploads\/2026\/02\/zrebki-dekoracyjne-szare-300x300.jpg",300,300,true],"woocommerce_single":["https:\/\/goldenstones.pl\/wp-content\/uploads\/2026\/02\/zrebki-dekoracyjne-szare-600x600.jpg",600,600,true],"woocommerce_gallery_thumbnail":["https:\/\/goldenstones.pl\/wp-content\/uploads\/2026\/02\/zrebki-dekoracyjne-szare-100x100.jpg",100,100,true]},"uagb_author_info":{"display_name":"admin","author_link":"https:\/\/goldenstones.pl\/?author=0"},"uagb_comment_info":0,"uagb_excerpt":"Zr\u0119bki kolorowe dekoracyjne szare Je\u015bli chcesz w nietuzinkowy spos\u00f3b udekorowa\u0107 sw\u00f3j ogr\u00f3d tak aby zadziwia\u0142 wszystkie osoby odwiedzaj\u0105ce ciebie, skorzystaj [&hellip;]","_links":{"self":[{"href":"https:\/\/goldenstones.pl\/index.php?rest_route=\/wp\/v2\/product\/1338","targetHints":{"allow":["GET"]}}],"collection":[{"href":"https:\/\/goldenstones.pl\/index.php?rest_route=\/wp\/v2\/product"}],"about":[{"href":"https:\/\/goldenstones.pl\/index.php?rest_route=\/wp\/v2\/types\/product"}],"replies":[{"embeddable":true,"href":"https:\/\/goldenstones.pl\/index.php?rest_route=%2Fwp%2Fv2%2Fcomments&post=1338"}],"wp:featuredmedia":[{"embeddable":true,"href":"https:\/\/goldenstones.pl\/index.php?rest_route=\/wp\/v2\/media\/1358"}],"wp:attachment":[{"href":"https:\/\/goldenstones.pl\/index.php?rest_route=%2Fwp%2Fv2%2Fmedia&parent=1338"}],"wp:term":[{"taxonomy":"product_brand","embeddable":true,"href":"https:\/\/goldenstones.pl\/index.php?rest_route=%2Fwp%2Fv2%2Fproduct_brand&post=1338"},{"taxonomy":"product_cat","embeddable":true,"href":"https:\/\/goldenstones.pl\/index.php?rest_route=%2Fwp%2Fv2%2Fproduct_cat&post=1338"},{"taxonomy":"product_tag","embeddable":true,"href":"https:\/\/goldenstones.pl\/index.php?rest_route=%2Fwp%2Fv2%2Fproduct_tag&post=1338"}],"curies":[{"name":"wp","href":"https:\/\/api.w.org\/{rel}","templated":true}]}}