{"id":1340,"date":"2026-02-20T10:13:25","date_gmt":"2026-02-20T10:13:25","guid":{"rendered":"https:\/\/goldenstones.pl\/?post_type=product&#038;p=1340"},"modified":"2026-04-09T10:54:59","modified_gmt":"2026-04-09T10:54:59","slug":"palisada-granitowa-okragla-mix-kolor-walce","status":"publish","type":"product","link":"https:\/\/goldenstones.pl\/?product=palisada-granitowa-okragla-mix-kolor-walce","title":{"rendered":"1 szt. Palisada Granitowa okr\u0105g\u0142a, mix kolor, walce"},"content":{"rendered":"<p>Oferujemy Pa\u0144stwu NOWO\u015a\u0106, czyli granitowe walce o \u015brednicy 8,5 cm a d\u0142ugo\u015bci od 20-30cm.\u00a0 Palisady granitowe to po\u0142\u0105czenie urody kamienia i wyj\u0105tkowa praktyczno\u015b\u0107. Te okr\u0105g\u0142e palisady nie rozpadn\u0105 si\u0119, jak wiele s\u0142abo wykonanych cegie\u0142 betonowych czy glinianych.<\/p>\n<p>Granit jest pochodzenia mineralnego naturalnego. Nie podlega procesom starzenia zachowuj\u0105c sta\u0142o\u015b\u0107 barwy i g\u0142adko\u015b\u0107 powierzchni. Po umyciu &#8211; odzyskuje swoje pe\u0142ne w\u0142asno\u015bci dekoracyjne i ekologiczne. Kostka granitowa to doskona\u0142y materia\u0142 wykorzystywany przy budowie nawierzchni dr\u00f3g, ulic, plac\u00f3w itp. Dzieje si\u0119 tak m.in. dlatego, \u017ce granit, z kt\u00f3rego jest produkowana odznacza si\u0119: du\u017c\u0105 wytrzyma\u0142o\u015bci\u0105 na \u015bciskanie, nisk\u0105 \u015bcieralno\u015bci\u0105, du\u017c\u0105 wytrzyma\u0142o\u015bci\u0105 na uderzenia, ma\u0142\u0105 nasi\u0105kliwo\u015bci\u0105 wagow\u0105, ca\u0142kowit\u0105 odporno\u015bci\u0105 na zamarzanie.<\/p>\n","protected":false},"excerpt":{"rendered":"<ul>\n<li><span style=\"color: #e36a00;\"><strong>FRAKCJA: <\/strong><\/span><span style=\"color: #333333;\">20-30 x 8,5cm<\/span><\/li>\n<li><strong><span style=\"color: #e36a00;\">KOLORYSTYKA: <\/span><\/strong><span style=\"color: #e36a00;\"><span style=\"color: #333333;\">mix kolor<\/span><\/span><\/li>\n<li><span style=\"color: #e36a00;\"><strong>POCHODZENIE:<\/strong><\/span> <span style=\"color: #333333;\">Polska<\/span><\/li>\n<li><strong><span style=\"color: #e36a00;\">PRZEZNACZENIE:<\/span><\/strong> <span style=\"color: #333333;\">obrze\u017ca na parkingi, \u015bcie\u017cki, opaska wok\u00f3\u0142 domu i kompozycji kwiatowych, skalniak\u00f3w, skwer\u00f3w<\/span><\/li>\n<li><strong><span style=\"color: #e36a00;\">PIEL\u0118GNACJA: <\/span><\/strong><span style=\"color: #e36a00;\"><span style=\"color: #333333;\">rekomendowane czyszczenie urz\u0105dzeniem ci\u015bnieniowym<\/span><\/span><\/li>\n<\/ul>\n<p><span style=\"color: #333333;\"><a style=\"color: #333333;\" href=\"https:\/\/www.goldenstones.pl\/elementor-63\/\"><strong>Podana na stronie cena dotyczy jednej sztuki produktu. Przed zam\u00f3wieniem prosimy o kontakt w celu ustalenia szczeg\u00f3\u0142\u00f3w.<\/strong><\/a><\/span><\/p>\n","protected":false},"featured_media":1362,"comment_status":"closed","ping_status":"closed","template":"","meta":{"_uag_custom_page_level_css":"","site-sidebar-layout":"default","site-content-layout":"","ast-site-content-layout":"default","site-content-style":"default","site-sidebar-style":"default","ast-global-header-display":"","ast-banner-title-visibility":"","ast-main-header-display":"","ast-hfb-above-header-display":"","ast-hfb-below-header-display":"","ast-hfb-mobile-header-display":"","site-post-title":"","ast-breadcrumbs-content":"","ast-featured-img":"","footer-sml-layout":"","ast-disable-related-posts":"","theme-transparent-header-meta":"default","adv-header-id-meta":"","stick-header-meta":"","header-above-stick-meta":"","header-main-stick-meta":"","header-below-stick-meta":"","astra-migrate-meta-layouts":"set","ast-page-background-enabled":"default","ast-page-background-meta":{"desktop":{"background-color":"var(--ast-global-color-5)","background-image":"","background-repeat":"repeat","background-position":"center center","background-size":"auto","background-attachment":"scroll","background-type":"","background-media":"","overlay-type":"","overlay-color":"","overlay-opacity":"","overlay-gradient":""},"tablet":{"background-color":"","background-image":"","background-repeat":"repeat","background-position":"center center","background-size":"auto","background-attachment":"scroll","background-type":"","background-media":"","overlay-type":"","overlay-color":"","overlay-opacity":"","overlay-gradient":""},"mobile":{"background-color":"","background-image":"","background-repeat":"repeat","background-position":"center center","background-size":"auto","background-attachment":"scroll","background-type":"","background-media":"","overlay-type":"","overlay-color":"","overlay-opacity":"","overlay-gradient":""}},"ast-content-background-meta":{"desktop":{"background-color":"var(--ast-global-color-4)","background-image":"","background-repeat":"repeat","background-position":"center center","background-size":"auto","background-attachment":"scroll","background-type":"","background-media":"","overlay-type":"","overlay-color":"","overlay-opacity":"","overlay-gradient":""},"tablet":{"background-color":"var(--ast-global-color-4)","background-image":"","background-repeat":"repeat","background-position":"center center","background-size":"auto","background-attachment":"scroll","background-type":"","background-media":"","overlay-type":"","overlay-color":"","overlay-opacity":"","overlay-gradient":""},"mobile":{"background-color":"var(--ast-global-color-4)","background-image":"","background-repeat":"repeat","background-position":"center center","background-size":"auto","background-attachment":"scroll","background-type":"","background-media":"","overlay-type":"","overlay-color":"","overlay-opacity":"","overlay-gradient":""}}},"product_brand":[],"product_cat":[125,21,131],"product_tag":[132,133,134],"class_list":{"0":"post-1340","1":"product","2":"type-product","3":"status-publish","4":"has-post-thumbnail","6":"product_cat-granit","7":"product_cat-kamienie","8":"product_cat-palisada","9":"product_tag-palisada-granitowa","10":"product_tag-palisady-granitowe-bydgoszcz","11":"product_tag-wyroby-z-granitu","12":"desktop-align-left","13":"tablet-align-left","14":"mobile-align-left","16":"first","17":"instock","18":"shipping-taxable","19":"purchasable","20":"product-type-simple"},"uagb_featured_image_src":{"full":["https:\/\/goldenstones.pl\/wp-content\/uploads\/2026\/02\/palisady-granitowe-mix-kolor.jpg",800,800,false],"thumbnail":["https:\/\/goldenstones.pl\/wp-content\/uploads\/2026\/02\/palisady-granitowe-mix-kolor-150x150.jpg",150,150,true],"medium":["https:\/\/goldenstones.pl\/wp-content\/uploads\/2026\/02\/palisady-granitowe-mix-kolor-300x300.jpg",300,300,true],"medium_large":["https:\/\/goldenstones.pl\/wp-content\/uploads\/2026\/02\/palisady-granitowe-mix-kolor-768x768.jpg",768,768,true],"large":["https:\/\/goldenstones.pl\/wp-content\/uploads\/2026\/02\/palisady-granitowe-mix-kolor.jpg",800,800,false],"1536x1536":["https:\/\/goldenstones.pl\/wp-content\/uploads\/2026\/02\/palisady-granitowe-mix-kolor.jpg",800,800,false],"2048x2048":["https:\/\/goldenstones.pl\/wp-content\/uploads\/2026\/02\/palisady-granitowe-mix-kolor.jpg",800,800,false],"woocommerce_thumbnail":["https:\/\/goldenstones.pl\/wp-content\/uploads\/2026\/02\/palisady-granitowe-mix-kolor-300x300.jpg",300,300,true],"woocommerce_single":["https:\/\/goldenstones.pl\/wp-content\/uploads\/2026\/02\/palisady-granitowe-mix-kolor-600x600.jpg",600,600,true],"woocommerce_gallery_thumbnail":["https:\/\/goldenstones.pl\/wp-content\/uploads\/2026\/02\/palisady-granitowe-mix-kolor-100x100.jpg",100,100,true]},"uagb_author_info":{"display_name":"admin","author_link":"https:\/\/goldenstones.pl\/?author=0"},"uagb_comment_info":0,"uagb_excerpt":"FRAKCJA: 20-30 x 8,5cm KOLORYSTYKA: mix kolor POCHODZENIE: Polska PRZEZNACZENIE: obrze\u017ca na parkingi, \u015bcie\u017cki, opaska wok\u00f3\u0142 domu i kompozycji kwiatowych, skalniak\u00f3w, skwer\u00f3w PIEL\u0118GNACJA: rekomendowane czyszczenie urz\u0105dzeniem ci\u015bnieniowym Podana na stronie cena dotyczy jednej sztuki produktu. Przed zam\u00f3wieniem prosimy o kontakt w celu ustalenia szczeg\u00f3\u0142\u00f3w.","_links":{"self":[{"href":"https:\/\/goldenstones.pl\/index.php?rest_route=\/wp\/v2\/product\/1340","targetHints":{"allow":["GET"]}}],"collection":[{"href":"https:\/\/goldenstones.pl\/index.php?rest_route=\/wp\/v2\/product"}],"about":[{"href":"https:\/\/goldenstones.pl\/index.php?rest_route=\/wp\/v2\/types\/product"}],"replies":[{"embeddable":true,"href":"https:\/\/goldenstones.pl\/index.php?rest_route=%2Fwp%2Fv2%2Fcomments&post=1340"}],"wp:featuredmedia":[{"embeddable":true,"href":"https:\/\/goldenstones.pl\/index.php?rest_route=\/wp\/v2\/media\/1362"}],"wp:attachment":[{"href":"https:\/\/goldenstones.pl\/index.php?rest_route=%2Fwp%2Fv2%2Fmedia&parent=1340"}],"wp:term":[{"taxonomy":"product_brand","embeddable":true,"href":"https:\/\/goldenstones.pl\/index.php?rest_route=%2Fwp%2Fv2%2Fproduct_brand&post=1340"},{"taxonomy":"product_cat","embeddable":true,"href":"https:\/\/goldenstones.pl\/index.php?rest_route=%2Fwp%2Fv2%2Fproduct_cat&post=1340"},{"taxonomy":"product_tag","embeddable":true,"href":"https:\/\/goldenstones.pl\/index.php?rest_route=%2Fwp%2Fv2%2Fproduct_tag&post=1340"}],"curies":[{"name":"wp","href":"https:\/\/api.w.org\/{rel}","templated":true}]}}