{"id":1367,"date":"2026-02-20T10:13:48","date_gmt":"2026-02-20T10:13:48","guid":{"rendered":"https:\/\/goldenstones.pl\/?post_type=product&#038;p=1367"},"modified":"2026-03-09T12:33:29","modified_gmt":"2026-03-09T12:33:29","slug":"kora-kamienna-szara-11-32mm-tona","status":"publish","type":"product","link":"https:\/\/goldenstones.pl\/?product=kora-kamienna-szara-11-32mm-tona","title":{"rendered":"Kora Kamienna szara 11-32mm, tona"},"content":{"rendered":"<h2 class=\"_04xlpA direction-ltr align-center para-style-body\"><span class=\"JsGRdQ\">Kora Kamienna szara<\/span><\/h2>\n<p>Szukasz spektakularnego wyko\u0144czenia ogrodu? Proponujemy kor\u0119 kamienn\u0105 &#8211; funkcjonaln\u0105 alternatyw\u0119 dla drewnianej kory, kt\u00f3ra jest trwa\u0142a oraz wygodna w utrzymaniu. Do piel\u0119gnacji zalecamy pod\u0142o\u017ce z agrow\u0142\u00f3kien oraz bord\u00f3w. Idealnie nada si\u0119 do dope\u0142nienia kompozycji dekoracyjnych, rabatek, kwietnik\u00f3w, jak i skwer\u00f3w. B\u0142yszcz\u0105ce w promieniach s\u0142onecznych drobinki sprawiaj\u0105, i\u017c kamienie prezentuj\u0105 si\u0119 niezwykle efektownie &#8211; dope\u0142niaj\u0105c Tw\u00f3j ogr\u00f3d. Oferujemy trzy wielko\u015bci kory kamiennej z grysu, ta po\u015brednia &#8211; 11-32mm &#8211; jako najbardziej uniwersalna sprawdzi si\u0119 na ka\u017cdej powierzchni. Korzystaj\u0105c z naszej oferty dowozu zagwarantujemy Ci szybki i wygodny transport wybranych kamieni.<\/p>\n","protected":false},"excerpt":{"rendered":"<ul>\n<li><span style=\"color: #e36a00;\"><strong>FRAKCJA: <\/strong><\/span><span style=\"color: #333333;\">11-32mm<\/span><\/li>\n<li><strong><span style=\"color: #e36a00;\">WYDAJNO\u015a\u0106:<\/span> <\/strong><span style=\"color: #333333;\"><strong>1 tona<\/strong> oko\u0142o 26 m\u00b2, <strong>1 worek 20kg<\/strong> oko\u0142o 0,3 m\u00b2<\/span><\/li>\n<li><strong><span style=\"color: #e36a00;\">CECHY CHARAKTERYSTYCZNE: <\/span><\/strong><span style=\"color: #333333;\">kamie\u0144 \u0142amany, b\u0142yszcz\u0105ce drobinkami podczas ekspozycji na s\u0142o\u0144ce,\u00a0<\/span><\/li>\n<li><strong><span style=\"color: #e36a00;\">KOLORYSTYKA: <\/span><\/strong><span style=\"color: #333333;\">mix r\u00f3\u017cnych odcieni szaro\u015bci z wtr\u0105ceniem bieli i rdzawego<\/span><\/li>\n<li><span style=\"color: #e36a00;\"><strong>POCHODZENIE:<\/strong><\/span> <span style=\"color: #333333;\">Polska<\/span><\/li>\n<li><strong><span style=\"color: #e36a00;\">PRZEZNACZENIE:<\/span><\/strong> <span style=\"color: #333333;\">skwery, kwietniki, rabatki, alejki, kompozycje dekoracyjne w wazonach, gabionach i donicach<\/span><\/li>\n<li><strong><span style=\"color: #e36a00;\">PIEL\u0118GNACJA:<\/span><\/strong> <span style=\"color: #333333;\">zalecane pod\u0142o\u017ce z agrow\u0142\u00f3kniny i bord\u00f3w<\/span><\/li>\n<\/ul>\n","protected":false},"featured_media":1397,"comment_status":"closed","ping_status":"closed","template":"","meta":{"_uag_custom_page_level_css":"","site-sidebar-layout":"default","site-content-layout":"","ast-site-content-layout":"default","site-content-style":"default","site-sidebar-style":"default","ast-global-header-display":"","ast-banner-title-visibility":"","ast-main-header-display":"","ast-hfb-above-header-display":"","ast-hfb-below-header-display":"","ast-hfb-mobile-header-display":"","site-post-title":"","ast-breadcrumbs-content":"","ast-featured-img":"","footer-sml-layout":"","ast-disable-related-posts":"","theme-transparent-header-meta":"default","adv-header-id-meta":"","stick-header-meta":"","header-above-stick-meta":"","header-main-stick-meta":"","header-below-stick-meta":"","astra-migrate-meta-layouts":"set","ast-page-background-enabled":"default","ast-page-background-meta":{"desktop":{"background-color":"var(--ast-global-color-5)","background-image":"","background-repeat":"repeat","background-position":"center center","background-size":"auto","background-attachment":"scroll","background-type":"","background-media":"","overlay-type":"","overlay-color":"","overlay-opacity":"","overlay-gradient":""},"tablet":{"background-color":"","background-image":"","background-repeat":"repeat","background-position":"center center","background-size":"auto","background-attachment":"scroll","background-type":"","background-media":"","overlay-type":"","overlay-color":"","overlay-opacity":"","overlay-gradient":""},"mobile":{"background-color":"","background-image":"","background-repeat":"repeat","background-position":"center center","background-size":"auto","background-attachment":"scroll","background-type":"","background-media":"","overlay-type":"","overlay-color":"","overlay-opacity":"","overlay-gradient":""}},"ast-content-background-meta":{"desktop":{"background-color":"var(--ast-global-color-4)","background-image":"","background-repeat":"repeat","background-position":"center center","background-size":"auto","background-attachment":"scroll","background-type":"","background-media":"","overlay-type":"","overlay-color":"","overlay-opacity":"","overlay-gradient":""},"tablet":{"background-color":"var(--ast-global-color-4)","background-image":"","background-repeat":"repeat","background-position":"center center","background-size":"auto","background-attachment":"scroll","background-type":"","background-media":"","overlay-type":"","overlay-color":"","overlay-opacity":"","overlay-gradient":""},"mobile":{"background-color":"var(--ast-global-color-4)","background-image":"","background-repeat":"repeat","background-position":"center center","background-size":"auto","background-attachment":"scroll","background-type":"","background-media":"","overlay-type":"","overlay-color":"","overlay-opacity":"","overlay-gradient":""}}},"product_brand":[],"product_cat":[161,21,116,117],"product_tag":[121,162,272],"class_list":{"0":"post-1367","1":"product","2":"type-product","3":"status-publish","4":"has-post-thumbnail","6":"product_cat-grysy-i-zwiry-kamienie-kamienie","7":"product_cat-kamienie","8":"product_cat-kamienie-kamienie","9":"product_cat-kora-kamienna-kamienie-kamienie","10":"product_tag-kora-kamienna-bydgoszcz","11":"product_tag-kora-kamienna-do-ogrodu","12":"product_tag-kora-kamienna-szara-bydgoszcz","13":"desktop-align-left","14":"tablet-align-left","15":"mobile-align-left","17":"first","18":"instock","19":"shipping-taxable","20":"product-type-simple"},"uagb_featured_image_src":{"full":["https:\/\/goldenstones.pl\/wp-content\/uploads\/2026\/02\/grys-kora-kamienna-szara-11-32-cm.jpg",800,800,false],"thumbnail":["https:\/\/goldenstones.pl\/wp-content\/uploads\/2026\/02\/grys-kora-kamienna-szara-11-32-cm-150x150.jpg",150,150,true],"medium":["https:\/\/goldenstones.pl\/wp-content\/uploads\/2026\/02\/grys-kora-kamienna-szara-11-32-cm-300x300.jpg",300,300,true],"medium_large":["https:\/\/goldenstones.pl\/wp-content\/uploads\/2026\/02\/grys-kora-kamienna-szara-11-32-cm-768x768.jpg",768,768,true],"large":["https:\/\/goldenstones.pl\/wp-content\/uploads\/2026\/02\/grys-kora-kamienna-szara-11-32-cm.jpg",800,800,false],"1536x1536":["https:\/\/goldenstones.pl\/wp-content\/uploads\/2026\/02\/grys-kora-kamienna-szara-11-32-cm.jpg",800,800,false],"2048x2048":["https:\/\/goldenstones.pl\/wp-content\/uploads\/2026\/02\/grys-kora-kamienna-szara-11-32-cm.jpg",800,800,false],"woocommerce_thumbnail":["https:\/\/goldenstones.pl\/wp-content\/uploads\/2026\/02\/grys-kora-kamienna-szara-11-32-cm-300x300.jpg",300,300,true],"woocommerce_single":["https:\/\/goldenstones.pl\/wp-content\/uploads\/2026\/02\/grys-kora-kamienna-szara-11-32-cm-600x600.jpg",600,600,true],"woocommerce_gallery_thumbnail":["https:\/\/goldenstones.pl\/wp-content\/uploads\/2026\/02\/grys-kora-kamienna-szara-11-32-cm-100x100.jpg",100,100,true]},"uagb_author_info":{"display_name":"admin","author_link":"https:\/\/goldenstones.pl\/?author=0"},"uagb_comment_info":0,"uagb_excerpt":"FRAKCJA: 11-32mm WYDAJNO\u015a\u0106: 1 tona oko\u0142o 26 m\u00b2, 1 worek 20kg oko\u0142o 0,3 m\u00b2 CECHY CHARAKTERYSTYCZNE: kamie\u0144 \u0142amany, b\u0142yszcz\u0105ce drobinkami podczas ekspozycji na s\u0142o\u0144ce,\u00a0 KOLORYSTYKA: mix r\u00f3\u017cnych odcieni szaro\u015bci z wtr\u0105ceniem bieli i rdzawego POCHODZENIE: Polska PRZEZNACZENIE: skwery, kwietniki, rabatki, alejki, kompozycje dekoracyjne w wazonach, gabionach i donicach PIEL\u0118GNACJA: zalecane pod\u0142o\u017ce z agrow\u0142\u00f3kniny i bord\u00f3w","_links":{"self":[{"href":"https:\/\/goldenstones.pl\/index.php?rest_route=\/wp\/v2\/product\/1367","targetHints":{"allow":["GET"]}}],"collection":[{"href":"https:\/\/goldenstones.pl\/index.php?rest_route=\/wp\/v2\/product"}],"about":[{"href":"https:\/\/goldenstones.pl\/index.php?rest_route=\/wp\/v2\/types\/product"}],"replies":[{"embeddable":true,"href":"https:\/\/goldenstones.pl\/index.php?rest_route=%2Fwp%2Fv2%2Fcomments&post=1367"}],"wp:featuredmedia":[{"embeddable":true,"href":"https:\/\/goldenstones.pl\/index.php?rest_route=\/wp\/v2\/media\/1397"}],"wp:attachment":[{"href":"https:\/\/goldenstones.pl\/index.php?rest_route=%2Fwp%2Fv2%2Fmedia&parent=1367"}],"wp:term":[{"taxonomy":"product_brand","embeddable":true,"href":"https:\/\/goldenstones.pl\/index.php?rest_route=%2Fwp%2Fv2%2Fproduct_brand&post=1367"},{"taxonomy":"product_cat","embeddable":true,"href":"https:\/\/goldenstones.pl\/index.php?rest_route=%2Fwp%2Fv2%2Fproduct_cat&post=1367"},{"taxonomy":"product_tag","embeddable":true,"href":"https:\/\/goldenstones.pl\/index.php?rest_route=%2Fwp%2Fv2%2Fproduct_tag&post=1367"}],"curies":[{"name":"wp","href":"https:\/\/api.w.org\/{rel}","templated":true}]}}