{"id":1460,"date":"2026-02-20T10:14:21","date_gmt":"2026-02-20T10:14:21","guid":{"rendered":"https:\/\/goldenstones.pl\/?post_type=product&#038;p=1460"},"modified":"2026-04-09T10:40:03","modified_gmt":"2026-04-09T10:40:03","slug":"agrowloknina-biala-uv-16m-x-10m","status":"publish","type":"product","link":"https:\/\/goldenstones.pl\/?product=agrowloknina-biala-uv-16m-x-10m","title":{"rendered":"Agrow\u0142\u00f3knina bia\u0142a UV 1,6m x 10m"},"content":{"rendered":"<p>Bia\u0142a agrow\u0142\u00f3knina jest najskuteczniejszym, nowoczesnym w ostatnim czasie materia\u0142em ogrodniczym, kt\u00f3ry w profesjonalny spos\u00f3b zniweluje rozw\u00f3j chwast\u00f3w oraz zapewni prawid\u0142owy rozw\u00f3j wszelkich ro\u015blin. Stosowa\u0107 j\u0105 mo\u017cna r\u00f3wnie\u017c jako zak\u0142adnia do r\u00f3\u017cnego rodzaju skalniak\u00f3w i skarp oraz do czasowego os\u0142aniania ro\u015blin uprawnych i gleby. Dzi\u0119ki mo\u017cliwo\u015bci ich wielokrotnego u\u017cytku starcz\u0105 Ci one na wiele bardzo d\u0142ugich lat.<\/p>\n","protected":false},"excerpt":{"rendered":"<p>Bia\u0142a agrow\u0142\u00f3knina jest najskuteczniejszym, nowoczesnym w ostatnim czasie materia\u0142em ogrodniczym, kt\u00f3ry w profesjonalny spos\u00f3b zniweluje rozw\u00f3j chwast\u00f3w oraz zapewni prawid\u0142owy [&hellip;]<\/p>\n","protected":false},"featured_media":1478,"comment_status":"closed","ping_status":"closed","template":"","meta":{"_uag_custom_page_level_css":"","site-sidebar-layout":"default","site-content-layout":"","ast-site-content-layout":"default","site-content-style":"default","site-sidebar-style":"default","ast-global-header-display":"","ast-banner-title-visibility":"","ast-main-header-display":"","ast-hfb-above-header-display":"","ast-hfb-below-header-display":"","ast-hfb-mobile-header-display":"","site-post-title":"","ast-breadcrumbs-content":"","ast-featured-img":"","footer-sml-layout":"","ast-disable-related-posts":"","theme-transparent-header-meta":"default","adv-header-id-meta":"","stick-header-meta":"","header-above-stick-meta":"","header-main-stick-meta":"","header-below-stick-meta":"","astra-migrate-meta-layouts":"set","ast-page-background-enabled":"default","ast-page-background-meta":{"desktop":{"background-color":"var(--ast-global-color-5)","background-image":"","background-repeat":"repeat","background-position":"center center","background-size":"auto","background-attachment":"scroll","background-type":"","background-media":"","overlay-type":"","overlay-color":"","overlay-opacity":"","overlay-gradient":""},"tablet":{"background-color":"","background-image":"","background-repeat":"repeat","background-position":"center center","background-size":"auto","background-attachment":"scroll","background-type":"","background-media":"","overlay-type":"","overlay-color":"","overlay-opacity":"","overlay-gradient":""},"mobile":{"background-color":"","background-image":"","background-repeat":"repeat","background-position":"center center","background-size":"auto","background-attachment":"scroll","background-type":"","background-media":"","overlay-type":"","overlay-color":"","overlay-opacity":"","overlay-gradient":""}},"ast-content-background-meta":{"desktop":{"background-color":"var(--ast-global-color-4)","background-image":"","background-repeat":"repeat","background-position":"center center","background-size":"auto","background-attachment":"scroll","background-type":"","background-media":"","overlay-type":"","overlay-color":"","overlay-opacity":"","overlay-gradient":""},"tablet":{"background-color":"var(--ast-global-color-4)","background-image":"","background-repeat":"repeat","background-position":"center center","background-size":"auto","background-attachment":"scroll","background-type":"","background-media":"","overlay-type":"","overlay-color":"","overlay-opacity":"","overlay-gradient":""},"mobile":{"background-color":"var(--ast-global-color-4)","background-image":"","background-repeat":"repeat","background-position":"center center","background-size":"auto","background-attachment":"scroll","background-type":"","background-media":"","overlay-type":"","overlay-color":"","overlay-opacity":"","overlay-gradient":""}}},"product_brand":[],"product_cat":[67,81],"product_tag":[],"class_list":{"0":"post-1460","1":"product","2":"type-product","3":"status-publish","4":"has-post-thumbnail","6":"product_cat-wloknina-siatki-bordy","7":"product_cat-wloknina-tkanina","8":"desktop-align-left","9":"tablet-align-left","10":"mobile-align-left","12":"first","13":"instock","14":"shipping-taxable","15":"purchasable","16":"product-type-simple"},"uagb_featured_image_src":{"full":["https:\/\/goldenstones.pl\/wp-content\/uploads\/2026\/02\/IMG_20240709_101801-removebg-preview.png",433,577,false],"thumbnail":["https:\/\/goldenstones.pl\/wp-content\/uploads\/2026\/02\/IMG_20240709_101801-removebg-preview-150x150.png",150,150,true],"medium":["https:\/\/goldenstones.pl\/wp-content\/uploads\/2026\/02\/IMG_20240709_101801-removebg-preview-225x300.png",225,300,true],"medium_large":["https:\/\/goldenstones.pl\/wp-content\/uploads\/2026\/02\/IMG_20240709_101801-removebg-preview.png",433,577,false],"large":["https:\/\/goldenstones.pl\/wp-content\/uploads\/2026\/02\/IMG_20240709_101801-removebg-preview.png",433,577,false],"1536x1536":["https:\/\/goldenstones.pl\/wp-content\/uploads\/2026\/02\/IMG_20240709_101801-removebg-preview.png",433,577,false],"2048x2048":["https:\/\/goldenstones.pl\/wp-content\/uploads\/2026\/02\/IMG_20240709_101801-removebg-preview.png",433,577,false],"woocommerce_thumbnail":["https:\/\/goldenstones.pl\/wp-content\/uploads\/2026\/02\/IMG_20240709_101801-removebg-preview-300x300.png",300,300,true],"woocommerce_single":["https:\/\/goldenstones.pl\/wp-content\/uploads\/2026\/02\/IMG_20240709_101801-removebg-preview.png",433,577,false],"woocommerce_gallery_thumbnail":["https:\/\/goldenstones.pl\/wp-content\/uploads\/2026\/02\/IMG_20240709_101801-removebg-preview-100x100.png",100,100,true]},"uagb_author_info":{"display_name":"admin","author_link":"https:\/\/goldenstones.pl\/?author=0"},"uagb_comment_info":0,"uagb_excerpt":"Bia\u0142a agrow\u0142\u00f3knina jest najskuteczniejszym, nowoczesnym w ostatnim czasie materia\u0142em ogrodniczym, kt\u00f3ry w profesjonalny spos\u00f3b zniweluje rozw\u00f3j chwast\u00f3w oraz zapewni prawid\u0142owy [&hellip;]","_links":{"self":[{"href":"https:\/\/goldenstones.pl\/index.php?rest_route=\/wp\/v2\/product\/1460","targetHints":{"allow":["GET"]}}],"collection":[{"href":"https:\/\/goldenstones.pl\/index.php?rest_route=\/wp\/v2\/product"}],"about":[{"href":"https:\/\/goldenstones.pl\/index.php?rest_route=\/wp\/v2\/types\/product"}],"replies":[{"embeddable":true,"href":"https:\/\/goldenstones.pl\/index.php?rest_route=%2Fwp%2Fv2%2Fcomments&post=1460"}],"wp:featuredmedia":[{"embeddable":true,"href":"https:\/\/goldenstones.pl\/index.php?rest_route=\/wp\/v2\/media\/1478"}],"wp:attachment":[{"href":"https:\/\/goldenstones.pl\/index.php?rest_route=%2Fwp%2Fv2%2Fmedia&parent=1460"}],"wp:term":[{"taxonomy":"product_brand","embeddable":true,"href":"https:\/\/goldenstones.pl\/index.php?rest_route=%2Fwp%2Fv2%2Fproduct_brand&post=1460"},{"taxonomy":"product_cat","embeddable":true,"href":"https:\/\/goldenstones.pl\/index.php?rest_route=%2Fwp%2Fv2%2Fproduct_cat&post=1460"},{"taxonomy":"product_tag","embeddable":true,"href":"https:\/\/goldenstones.pl\/index.php?rest_route=%2Fwp%2Fv2%2Fproduct_tag&post=1460"}],"curies":[{"name":"wp","href":"https:\/\/api.w.org\/{rel}","templated":true}]}}