{"id":1463,"date":"2026-02-20T10:14:21","date_gmt":"2026-02-20T10:14:21","guid":{"rendered":"https:\/\/goldenstones.pl\/?post_type=product&#038;p=1463"},"modified":"2026-02-23T12:37:17","modified_gmt":"2026-02-23T12:37:17","slug":"fontanna-ogrodowa-2","status":"publish","type":"product","link":"https:\/\/goldenstones.pl\/?product=fontanna-ogrodowa-2","title":{"rendered":"Fontanna ogrodowa 2"},"content":{"rendered":"<p><strong>Zalecany odbi\u00f3r osobisty w sk\u0142adach Golden Stones. G\u0142azy wyceniane s\u0105 indywidualnie. Cena zale\u017cy od wagi konkretnego g\u0142azu. Przed zakupem prosimy o kontakt w celu ustalenia szczeg\u00f3\u0142\u00f3w zam\u00f3wienia!<\/strong><\/p>\n<ul>\n<li><strong>FRAKCJA:\u00a0<\/strong>g\u0142az<\/li>\n<li><strong>CECHY CHARAKTERYSTYCZNE:\u00a0<\/strong>du\u017cy g\u0142az z otworem do wodotrysku, fontanny<\/li>\n<li><strong>PRZEZNACZENIE:\u00a0<\/strong>naturalna rze\u017aba ogrodowa monolit, kaskady i oczka wodne, fontanny<\/li>\n<li><strong>WAGA:\u00a0<\/strong>oko\u0142o 150 kg<\/li>\n<\/ul>\n<p><strong>Podana na stronie cena dotyczy jednego kilograma kamienia.\u00a0<\/strong><\/p>\n","protected":false},"excerpt":{"rendered":"<p>Zalecany odbi\u00f3r osobisty w sk\u0142adach Golden Stones. G\u0142azy wyceniane s\u0105 indywidualnie. Cena zale\u017cy od wagi konkretnego g\u0142azu. Przed zakupem prosimy [&hellip;]<\/p>\n","protected":false},"featured_media":1488,"comment_status":"closed","ping_status":"closed","template":"","meta":{"_uag_custom_page_level_css":"","site-sidebar-layout":"default","site-content-layout":"","ast-site-content-layout":"default","site-content-style":"default","site-sidebar-style":"default","ast-global-header-display":"","ast-banner-title-visibility":"","ast-main-header-display":"","ast-hfb-above-header-display":"","ast-hfb-below-header-display":"","ast-hfb-mobile-header-display":"","site-post-title":"","ast-breadcrumbs-content":"","ast-featured-img":"","footer-sml-layout":"","ast-disable-related-posts":"","theme-transparent-header-meta":"","adv-header-id-meta":"","stick-header-meta":"","header-above-stick-meta":"","header-main-stick-meta":"","header-below-stick-meta":"","astra-migrate-meta-layouts":"default","ast-page-background-enabled":"default","ast-page-background-meta":{"desktop":{"background-color":"var(--ast-global-color-5)","background-image":"","background-repeat":"repeat","background-position":"center center","background-size":"auto","background-attachment":"scroll","background-type":"","background-media":"","overlay-type":"","overlay-color":"","overlay-opacity":"","overlay-gradient":""},"tablet":{"background-color":"","background-image":"","background-repeat":"repeat","background-position":"center center","background-size":"auto","background-attachment":"scroll","background-type":"","background-media":"","overlay-type":"","overlay-color":"","overlay-opacity":"","overlay-gradient":""},"mobile":{"background-color":"","background-image":"","background-repeat":"repeat","background-position":"center center","background-size":"auto","background-attachment":"scroll","background-type":"","background-media":"","overlay-type":"","overlay-color":"","overlay-opacity":"","overlay-gradient":""}},"ast-content-background-meta":{"desktop":{"background-color":"var(--ast-global-color-4)","background-image":"","background-repeat":"repeat","background-position":"center center","background-size":"auto","background-attachment":"scroll","background-type":"","background-media":"","overlay-type":"","overlay-color":"","overlay-opacity":"","overlay-gradient":""},"tablet":{"background-color":"var(--ast-global-color-4)","background-image":"","background-repeat":"repeat","background-position":"center center","background-size":"auto","background-attachment":"scroll","background-type":"","background-media":"","overlay-type":"","overlay-color":"","overlay-opacity":"","overlay-gradient":""},"mobile":{"background-color":"var(--ast-global-color-4)","background-image":"","background-repeat":"repeat","background-position":"center center","background-size":"auto","background-attachment":"scroll","background-type":"","background-media":"","overlay-type":"","overlay-color":"","overlay-opacity":"","overlay-gradient":""}}},"product_brand":[],"product_cat":[43,153],"product_tag":[],"class_list":{"0":"post-1463","1":"product","2":"type-product","3":"status-publish","4":"has-post-thumbnail","6":"product_cat-artykuly-ogrodnicze","7":"product_cat-fontanny","8":"desktop-align-left","9":"tablet-align-left","10":"mobile-align-left","12":"first","13":"instock","14":"shipping-taxable","15":"product-type-simple"},"uagb_featured_image_src":{"full":["https:\/\/goldenstones.pl\/wp-content\/uploads\/2026\/02\/fontanna-2-1.jpg",640,853,false],"thumbnail":["https:\/\/goldenstones.pl\/wp-content\/uploads\/2026\/02\/fontanna-2-1-150x150.jpg",150,150,true],"medium":["https:\/\/goldenstones.pl\/wp-content\/uploads\/2026\/02\/fontanna-2-1-225x300.jpg",225,300,true],"medium_large":["https:\/\/goldenstones.pl\/wp-content\/uploads\/2026\/02\/fontanna-2-1.jpg",640,853,false],"large":["https:\/\/goldenstones.pl\/wp-content\/uploads\/2026\/02\/fontanna-2-1.jpg",640,853,false],"1536x1536":["https:\/\/goldenstones.pl\/wp-content\/uploads\/2026\/02\/fontanna-2-1.jpg",640,853,false],"2048x2048":["https:\/\/goldenstones.pl\/wp-content\/uploads\/2026\/02\/fontanna-2-1.jpg",640,853,false],"woocommerce_thumbnail":["https:\/\/goldenstones.pl\/wp-content\/uploads\/2026\/02\/fontanna-2-1-300x300.jpg",300,300,true],"woocommerce_single":["https:\/\/goldenstones.pl\/wp-content\/uploads\/2026\/02\/fontanna-2-1-600x800.jpg",600,800,true],"woocommerce_gallery_thumbnail":["https:\/\/goldenstones.pl\/wp-content\/uploads\/2026\/02\/fontanna-2-1-100x100.jpg",100,100,true]},"uagb_author_info":{"display_name":"admin","author_link":"https:\/\/goldenstones.pl\/?author=0"},"uagb_comment_info":0,"uagb_excerpt":"Zalecany odbi\u00f3r osobisty w sk\u0142adach Golden Stones. G\u0142azy wyceniane s\u0105 indywidualnie. Cena zale\u017cy od wagi konkretnego g\u0142azu. Przed zakupem prosimy [&hellip;]","_links":{"self":[{"href":"https:\/\/goldenstones.pl\/index.php?rest_route=\/wp\/v2\/product\/1463","targetHints":{"allow":["GET"]}}],"collection":[{"href":"https:\/\/goldenstones.pl\/index.php?rest_route=\/wp\/v2\/product"}],"about":[{"href":"https:\/\/goldenstones.pl\/index.php?rest_route=\/wp\/v2\/types\/product"}],"replies":[{"embeddable":true,"href":"https:\/\/goldenstones.pl\/index.php?rest_route=%2Fwp%2Fv2%2Fcomments&post=1463"}],"wp:featuredmedia":[{"embeddable":true,"href":"https:\/\/goldenstones.pl\/index.php?rest_route=\/wp\/v2\/media\/1488"}],"wp:attachment":[{"href":"https:\/\/goldenstones.pl\/index.php?rest_route=%2Fwp%2Fv2%2Fmedia&parent=1463"}],"wp:term":[{"taxonomy":"product_brand","embeddable":true,"href":"https:\/\/goldenstones.pl\/index.php?rest_route=%2Fwp%2Fv2%2Fproduct_brand&post=1463"},{"taxonomy":"product_cat","embeddable":true,"href":"https:\/\/goldenstones.pl\/index.php?rest_route=%2Fwp%2Fv2%2Fproduct_cat&post=1463"},{"taxonomy":"product_tag","embeddable":true,"href":"https:\/\/goldenstones.pl\/index.php?rest_route=%2Fwp%2Fv2%2Fproduct_tag&post=1463"}],"curies":[{"name":"wp","href":"https:\/\/api.w.org\/{rel}","templated":true}]}}