{"id":1503,"date":"2026-02-20T10:14:41","date_gmt":"2026-02-20T10:14:41","guid":{"rendered":"https:\/\/goldenstones.pl\/?post_type=product&#038;p=1503"},"modified":"2026-02-23T12:37:18","modified_gmt":"2026-02-23T12:37:18","slug":"figurka-ogrodowa-betonowa-chlopiec-d6","status":"publish","type":"product","link":"https:\/\/goldenstones.pl\/?product=figurka-ogrodowa-betonowa-chlopiec-d6","title":{"rendered":"Figurka ogrodowa, betonowa CH\u0141OPIEC- D6"},"content":{"rendered":"<ul>\n<li><strong><span style=\"color: #E36A00;\">MODEL SKU: <\/span><\/strong>D.6<\/li>\n<li><strong><span style=\"color: #E36A00;\">WYSOKO\u015a\u0106: <\/span><\/strong><span style=\"color: #E36A00;\"><span style=\"color: #000000;\">70 cm<\/span><\/span><\/li>\n<li><strong><span style=\"color: #E36A00;\">WAGA: <\/span><\/strong><span style=\"color: #000000;\">27 kg<\/span><\/li>\n<li><strong><span style=\"color: #E36A00;\">MATERIA\u0141:<\/span><\/strong> <span style=\"color: #000000;\">odlew z bia\u0142ego betonu<\/span><\/li>\n<li><strong><span style=\"color: #E36A00;\">CECHY CHARAKTERYSTYCZNE: <\/span><\/strong><span style=\"color: #000000;\">du\u017ca wytrzyma\u0142o\u015b\u0107 na warunki atmosferyczne<\/span><\/li>\n<li><strong><span style=\"color: #E36A00;\">KOLORYSTYKA: <\/span><\/strong><span style=\"color: #000000;\">bia\u0142y beton<\/span><\/li>\n<li><strong><span style=\"color: #E36A00;\">DEKORACJE: <\/span><\/strong><span style=\"color: #000000;\">r\u0119cznie malowane cienie<\/span><\/li>\n<li><span style=\"color: #E36A00;\"><strong>POCHODZENIE:<\/strong><\/span> <span style=\"color: #000000;\">Polska<\/span><\/li>\n<\/ul>\n<p>&nbsp;<\/p>\n","protected":false},"excerpt":{"rendered":"<p align=\"JUSTIFY\"><span style=\"color: #000000;\">Oferujemy Pa\u0144stwu szerok\u0105 gam\u0119 wyrob\u00f3w betonowych, kt\u00f3re podzielone s\u0105 na kilka kategorii: rze\u017aby, zwierz\u0119ta, krasnale, elfy, donice, fontanny, anio\u0142y, dzieci, grzyby, buddy, kwietniki, postumenty, lampiony, popiersia oraz poide\u0142ka.<\/span><\/p>\n<p style=\"text-align: left;\" align=\"JUSTIFY\"><span style=\"color: #000000;\"><span style=\"font-family: Calibri, sans-serif;\"><span style=\"font-size: large;\">Figury betonowe wykonane z du\u017ca staranno\u015bci\u0105 i dba\u0142o\u015bci o szczeg\u00f3\u0142y, odporne na warunki pogodowe. Ozdoby, kt\u00f3re Pa\u0144stwu polecamy to produkt polskiego producenta. Wykonane s\u0105 z mocnego, bia\u0142ego cementu.<\/span><\/span><\/span><\/p>\n<p align=\"JUSTIFY\"><span style=\"color: #000000;\">Zapraszamy<\/span><\/p>\n<p>&nbsp;<\/p>\n","protected":false},"featured_media":1533,"comment_status":"closed","ping_status":"closed","template":"","meta":{"_uag_custom_page_level_css":"","site-sidebar-layout":"default","site-content-layout":"","ast-site-content-layout":"default","site-content-style":"default","site-sidebar-style":"default","ast-global-header-display":"","ast-banner-title-visibility":"","ast-main-header-display":"","ast-hfb-above-header-display":"","ast-hfb-below-header-display":"","ast-hfb-mobile-header-display":"","site-post-title":"","ast-breadcrumbs-content":"","ast-featured-img":"","footer-sml-layout":"","ast-disable-related-posts":"","theme-transparent-header-meta":"","adv-header-id-meta":"","stick-header-meta":"","header-above-stick-meta":"","header-main-stick-meta":"","header-below-stick-meta":"","astra-migrate-meta-layouts":"default","ast-page-background-enabled":"default","ast-page-background-meta":{"desktop":{"background-color":"var(--ast-global-color-5)","background-image":"","background-repeat":"repeat","background-position":"center center","background-size":"auto","background-attachment":"scroll","background-type":"","background-media":"","overlay-type":"","overlay-color":"","overlay-opacity":"","overlay-gradient":""},"tablet":{"background-color":"","background-image":"","background-repeat":"repeat","background-position":"center center","background-size":"auto","background-attachment":"scroll","background-type":"","background-media":"","overlay-type":"","overlay-color":"","overlay-opacity":"","overlay-gradient":""},"mobile":{"background-color":"","background-image":"","background-repeat":"repeat","background-position":"center center","background-size":"auto","background-attachment":"scroll","background-type":"","background-media":"","overlay-type":"","overlay-color":"","overlay-opacity":"","overlay-gradient":""}},"ast-content-background-meta":{"desktop":{"background-color":"var(--ast-global-color-4)","background-image":"","background-repeat":"repeat","background-position":"center center","background-size":"auto","background-attachment":"scroll","background-type":"","background-media":"","overlay-type":"","overlay-color":"","overlay-opacity":"","overlay-gradient":""},"tablet":{"background-color":"var(--ast-global-color-4)","background-image":"","background-repeat":"repeat","background-position":"center center","background-size":"auto","background-attachment":"scroll","background-type":"","background-media":"","overlay-type":"","overlay-color":"","overlay-opacity":"","overlay-gradient":""},"mobile":{"background-color":"var(--ast-global-color-4)","background-image":"","background-repeat":"repeat","background-position":"center center","background-size":"auto","background-attachment":"scroll","background-type":"","background-media":"","overlay-type":"","overlay-color":"","overlay-opacity":"","overlay-gradient":""}}},"product_brand":[],"product_cat":[276,153,87],"product_tag":[284,278,279,280],"class_list":{"0":"post-1503","1":"product","2":"type-product","3":"status-publish","4":"has-post-thumbnail","6":"product_cat-figurki-betonowe-ozdoby-i-wyposazenie","7":"product_cat-fontanny","8":"product_cat-ozdoby-i-wyposazenie","9":"product_tag-chlopiec-z-betonu","10":"product_tag-figurki-betonowe-bydgoszcz","11":"product_tag-figurki-bydgoszcz","12":"product_tag-wyroby-betonowe-bydgoszcz","13":"desktop-align-left","14":"tablet-align-left","15":"mobile-align-left","17":"first","18":"outofstock","19":"shipping-taxable","20":"product-type-simple"},"uagb_featured_image_src":{"full":["https:\/\/goldenstones.pl\/wp-content\/uploads\/2026\/02\/figurki-ogrodowe-D.6.jpg",300,300,false],"thumbnail":["https:\/\/goldenstones.pl\/wp-content\/uploads\/2026\/02\/figurki-ogrodowe-D.6-150x150.jpg",150,150,true],"medium":["https:\/\/goldenstones.pl\/wp-content\/uploads\/2026\/02\/figurki-ogrodowe-D.6.jpg",300,300,false],"medium_large":["https:\/\/goldenstones.pl\/wp-content\/uploads\/2026\/02\/figurki-ogrodowe-D.6.jpg",300,300,false],"large":["https:\/\/goldenstones.pl\/wp-content\/uploads\/2026\/02\/figurki-ogrodowe-D.6.jpg",300,300,false],"1536x1536":["https:\/\/goldenstones.pl\/wp-content\/uploads\/2026\/02\/figurki-ogrodowe-D.6.jpg",300,300,false],"2048x2048":["https:\/\/goldenstones.pl\/wp-content\/uploads\/2026\/02\/figurki-ogrodowe-D.6.jpg",300,300,false],"woocommerce_thumbnail":["https:\/\/goldenstones.pl\/wp-content\/uploads\/2026\/02\/figurki-ogrodowe-D.6.jpg",300,300,false],"woocommerce_single":["https:\/\/goldenstones.pl\/wp-content\/uploads\/2026\/02\/figurki-ogrodowe-D.6.jpg",300,300,false],"woocommerce_gallery_thumbnail":["https:\/\/goldenstones.pl\/wp-content\/uploads\/2026\/02\/figurki-ogrodowe-D.6-100x100.jpg",100,100,true]},"uagb_author_info":{"display_name":"admin","author_link":"https:\/\/goldenstones.pl\/?author=0"},"uagb_comment_info":0,"uagb_excerpt":"Oferujemy Pa\u0144stwu szerok\u0105 gam\u0119 wyrob\u00f3w betonowych, kt\u00f3re podzielone s\u0105 na kilka kategorii: rze\u017aby, zwierz\u0119ta, krasnale, elfy, donice, fontanny, anio\u0142y, dzieci, grzyby, buddy, kwietniki, postumenty, lampiony, popiersia oraz poide\u0142ka. Figury betonowe wykonane z du\u017ca staranno\u015bci\u0105 i dba\u0142o\u015bci o szczeg\u00f3\u0142y, odporne na warunki pogodowe. Ozdoby, kt\u00f3re Pa\u0144stwu polecamy to produkt polskiego producenta. Wykonane s\u0105 z mocnego, bia\u0142ego&hellip;","_links":{"self":[{"href":"https:\/\/goldenstones.pl\/index.php?rest_route=\/wp\/v2\/product\/1503","targetHints":{"allow":["GET"]}}],"collection":[{"href":"https:\/\/goldenstones.pl\/index.php?rest_route=\/wp\/v2\/product"}],"about":[{"href":"https:\/\/goldenstones.pl\/index.php?rest_route=\/wp\/v2\/types\/product"}],"replies":[{"embeddable":true,"href":"https:\/\/goldenstones.pl\/index.php?rest_route=%2Fwp%2Fv2%2Fcomments&post=1503"}],"wp:featuredmedia":[{"embeddable":true,"href":"https:\/\/goldenstones.pl\/index.php?rest_route=\/wp\/v2\/media\/1533"}],"wp:attachment":[{"href":"https:\/\/goldenstones.pl\/index.php?rest_route=%2Fwp%2Fv2%2Fmedia&parent=1503"}],"wp:term":[{"taxonomy":"product_brand","embeddable":true,"href":"https:\/\/goldenstones.pl\/index.php?rest_route=%2Fwp%2Fv2%2Fproduct_brand&post=1503"},{"taxonomy":"product_cat","embeddable":true,"href":"https:\/\/goldenstones.pl\/index.php?rest_route=%2Fwp%2Fv2%2Fproduct_cat&post=1503"},{"taxonomy":"product_tag","embeddable":true,"href":"https:\/\/goldenstones.pl\/index.php?rest_route=%2Fwp%2Fv2%2Fproduct_tag&post=1503"}],"curies":[{"name":"wp","href":"https:\/\/api.w.org\/{rel}","templated":true}]}}