{"id":1633,"date":"2026-02-20T10:15:23","date_gmt":"2026-02-20T10:15:23","guid":{"rendered":"https:\/\/goldenstones.pl\/?post_type=product&#038;p=1633"},"modified":"2026-04-09T09:37:56","modified_gmt":"2026-04-09T09:37:56","slug":"wegiel-groszek-ekobran-gold-worek-25kg","status":"publish","type":"product","link":"https:\/\/goldenstones.pl\/?product=wegiel-groszek-ekobran-gold-worek-25kg","title":{"rendered":"W\u0119giel groszek Ekobran Gold worek 25kg"},"content":{"rendered":"<p>EKOBRAN GOLD\u00a0 jest wysokiej jako\u015bci paliwem do kot\u0142\u00f3w retortowych, produkowanym z wyselekcjonowanego p\u0142ukanego w\u0119gla pochodzenia syberyjskiego. Dzi\u0119ki wsp\u00f3\u0142pracy z czo\u0142owymi producentami urz\u0105dze\u0144 grzewczych uda\u0142o nam si\u0119 stworzy\u0107 optymalne paliwo do piec\u00f3w retorowych i rusztowych, zapewniaj\u0105ce utrzymanie wysokich parametr\u00f3w energetycznych i ekologicznych.<\/p>\n<p>Unikalny proces produkcyjny z system jako\u015bci, procedury sk\u0142adowania i dobra dystrybucja gwarantuj\u0105 najlepsze cechy ekogroszku: sta\u0142o\u015b\u0107, powtarzalno\u015b\u0107, bezpiecze\u0144stwo. Pocz\u0105wszy od surowca przez produkcj\u0119, pakowanie i sk\u0142adowanie, wszystko odbywa si\u0119 na specjalnie przystosowanych halach. To daje gwarancj\u0119 sta\u0142ych parametr\u00f3w niezale\u017cnie od warunk\u00f3w pogodowych.<\/p>\n<p>EKOBRAN GOLD poddawany jest sta\u0142ej, rygorystycznej kontroli jako\u015bci. Kupuj\u0105c EKOBRAN masz gwarancj\u0119 zakupu produktu najwy\u017cszej jako\u015bci i czysto\u015bci. Ka\u017cda partia produkcyjna EKOBRAN GOLD\u00a0 poddawana jest szczeg\u00f3\u0142owym badaniom parametr\u00f3w opa\u0142owych w G\u0142\u00f3wnym Instytucie G\u00f3rnictwa w Katowicach.<\/p>\n<p>EKOBRAN GOLD spe\u0142nia wszystkie kryteria, a mianowicie:<\/p>\n<p>Granulacja 5 \u2013 25 mm<br \/>\nCiep\u0142o spalania ~27 MJ\/kg<br \/>\nWarto\u015b\u0107 opa\u0142owa (w stanie roboczym) 24-25 MJ\/kg<br \/>\nZawarto\u015b\u0107 popio\u0142u (w stanie roboczym) 2-3%<br \/>\nZawarto\u015b\u0107 siarki ca\u0142kowitej (w stanie roboczym) do 0,5 %<br \/>\nLiczba Rogi w zakresie 0-3 ; w\u0119giel z kategorii Niespiekalny<br \/>\nTemperatura mi\u0119knienia min. 1200 \u00b0C<\/p>\n","protected":false},"excerpt":{"rendered":"<ul>\n<li><strong>CECHY CHARAKTERYSTYCZNE: <\/strong>paliwo opa\u0142owe, ekologiczne, naturalne, w\u0119giel kamienny<\/li>\n<li><strong>WARTO\u015a\u0106 ENERGETYCZNA: <\/strong>oko\u0142o(Q) ~26-28 MJ\/kg<\/li>\n<li><strong>CI\u0118\u017bAR NETTO:<\/strong>\u00a025 kg<\/li>\n<li><strong>ZAWARTO\u015a\u0106 POPIO\u0141U:<\/strong> (A) 2-3%<\/li>\n<li><strong>ZAWARTO\u015a\u0106 SIARKI:<\/strong> (S) max 0,5%,<\/li>\n<li><strong>SPIEKALNO\u015a\u0106: <\/strong>Rogi 0-3<\/li>\n<li><strong>D\u0141UGO\u015a\u0106 ZIARNA: 5<\/strong>-25 mm<\/li>\n<li><strong>PRZEZNACZENIE:<\/strong> do stosowania w kot\u0142ach i kominkach CO<\/li>\n<li><strong>DOST\u0118PNO\u015a\u0106: <\/strong>pakowany w worki 25 kg<\/li>\n<li><strong>DOSTAWA: <\/strong>dow\u00f3z gratis do 25 km od sk\u0142adu Golden Stones<\/li>\n<li>W\u0119giel kamienny przeznaczony do kot\u0142\u00f3w rusztowych i retortowych z podajnikiem automatycznym.<\/li>\n<\/ul>\n","protected":false},"featured_media":1653,"comment_status":"closed","ping_status":"closed","template":"","meta":{"_uag_custom_page_level_css":"","site-sidebar-layout":"default","site-content-layout":"","ast-site-content-layout":"default","site-content-style":"default","site-sidebar-style":"default","ast-global-header-display":"","ast-banner-title-visibility":"","ast-main-header-display":"","ast-hfb-above-header-display":"","ast-hfb-below-header-display":"","ast-hfb-mobile-header-display":"","site-post-title":"","ast-breadcrumbs-content":"","ast-featured-img":"","footer-sml-layout":"","ast-disable-related-posts":"","theme-transparent-header-meta":"default","adv-header-id-meta":"","stick-header-meta":"","header-above-stick-meta":"","header-main-stick-meta":"","header-below-stick-meta":"","astra-migrate-meta-layouts":"set","ast-page-background-enabled":"default","ast-page-background-meta":{"desktop":{"background-color":"var(--ast-global-color-5)","background-image":"","background-repeat":"repeat","background-position":"center center","background-size":"auto","background-attachment":"scroll","background-type":"","background-media":"","overlay-type":"","overlay-color":"","overlay-opacity":"","overlay-gradient":""},"tablet":{"background-color":"","background-image":"","background-repeat":"repeat","background-position":"center center","background-size":"auto","background-attachment":"scroll","background-type":"","background-media":"","overlay-type":"","overlay-color":"","overlay-opacity":"","overlay-gradient":""},"mobile":{"background-color":"","background-image":"","background-repeat":"repeat","background-position":"center center","background-size":"auto","background-attachment":"scroll","background-type":"","background-media":"","overlay-type":"","overlay-color":"","overlay-opacity":"","overlay-gradient":""}},"ast-content-background-meta":{"desktop":{"background-color":"var(--ast-global-color-4)","background-image":"","background-repeat":"repeat","background-position":"center center","background-size":"auto","background-attachment":"scroll","background-type":"","background-media":"","overlay-type":"","overlay-color":"","overlay-opacity":"","overlay-gradient":""},"tablet":{"background-color":"var(--ast-global-color-4)","background-image":"","background-repeat":"repeat","background-position":"center center","background-size":"auto","background-attachment":"scroll","background-type":"","background-media":"","overlay-type":"","overlay-color":"","overlay-opacity":"","overlay-gradient":""},"mobile":{"background-color":"var(--ast-global-color-4)","background-image":"","background-repeat":"repeat","background-position":"center center","background-size":"auto","background-attachment":"scroll","background-type":"","background-media":"","overlay-type":"","overlay-color":"","overlay-opacity":"","overlay-gradient":""}}},"product_brand":[],"product_cat":[38,239,242],"product_tag":[],"class_list":{"0":"post-1633","1":"product","2":"type-product","3":"status-publish","4":"has-post-thumbnail","6":"product_cat-wegiel","7":"product_cat-wegiel-ekogroszek","8":"product_cat-wegiel-workowany","9":"desktop-align-left","10":"tablet-align-left","11":"mobile-align-left","13":"first","14":"instock","15":"shipping-taxable","16":"purchasable","17":"product-type-simple"},"uagb_featured_image_src":{"full":["https:\/\/goldenstones.pl\/wp-content\/uploads\/2026\/02\/Ekobran-Gold-1-400x420-1.png",400,420,false],"thumbnail":["https:\/\/goldenstones.pl\/wp-content\/uploads\/2026\/02\/Ekobran-Gold-1-400x420-1-150x150.png",150,150,true],"medium":["https:\/\/goldenstones.pl\/wp-content\/uploads\/2026\/02\/Ekobran-Gold-1-400x420-1-286x300.png",286,300,true],"medium_large":["https:\/\/goldenstones.pl\/wp-content\/uploads\/2026\/02\/Ekobran-Gold-1-400x420-1.png",400,420,false],"large":["https:\/\/goldenstones.pl\/wp-content\/uploads\/2026\/02\/Ekobran-Gold-1-400x420-1.png",400,420,false],"1536x1536":["https:\/\/goldenstones.pl\/wp-content\/uploads\/2026\/02\/Ekobran-Gold-1-400x420-1.png",400,420,false],"2048x2048":["https:\/\/goldenstones.pl\/wp-content\/uploads\/2026\/02\/Ekobran-Gold-1-400x420-1.png",400,420,false],"woocommerce_thumbnail":["https:\/\/goldenstones.pl\/wp-content\/uploads\/2026\/02\/Ekobran-Gold-1-400x420-1-300x300.png",300,300,true],"woocommerce_single":["https:\/\/goldenstones.pl\/wp-content\/uploads\/2026\/02\/Ekobran-Gold-1-400x420-1.png",400,420,false],"woocommerce_gallery_thumbnail":["https:\/\/goldenstones.pl\/wp-content\/uploads\/2026\/02\/Ekobran-Gold-1-400x420-1-100x100.png",100,100,true]},"uagb_author_info":{"display_name":"admin","author_link":"https:\/\/goldenstones.pl\/?author=0"},"uagb_comment_info":0,"uagb_excerpt":"CECHY CHARAKTERYSTYCZNE: paliwo opa\u0142owe, ekologiczne, naturalne, w\u0119giel kamienny WARTO\u015a\u0106 ENERGETYCZNA: oko\u0142o(Q) ~26-28 MJ\/kg CI\u0118\u017bAR NETTO:\u00a025 kg ZAWARTO\u015a\u0106 POPIO\u0141U: (A) 2-3% ZAWARTO\u015a\u0106 SIARKI: (S) max 0,5%, SPIEKALNO\u015a\u0106: Rogi 0-3 D\u0141UGO\u015a\u0106 ZIARNA: 5-25 mm PRZEZNACZENIE: do stosowania w kot\u0142ach i kominkach CO DOST\u0118PNO\u015a\u0106: pakowany w worki 25 kg DOSTAWA: dow\u00f3z gratis do 25 km od sk\u0142adu Golden&hellip;","_links":{"self":[{"href":"https:\/\/goldenstones.pl\/index.php?rest_route=\/wp\/v2\/product\/1633","targetHints":{"allow":["GET"]}}],"collection":[{"href":"https:\/\/goldenstones.pl\/index.php?rest_route=\/wp\/v2\/product"}],"about":[{"href":"https:\/\/goldenstones.pl\/index.php?rest_route=\/wp\/v2\/types\/product"}],"replies":[{"embeddable":true,"href":"https:\/\/goldenstones.pl\/index.php?rest_route=%2Fwp%2Fv2%2Fcomments&post=1633"}],"wp:featuredmedia":[{"embeddable":true,"href":"https:\/\/goldenstones.pl\/index.php?rest_route=\/wp\/v2\/media\/1653"}],"wp:attachment":[{"href":"https:\/\/goldenstones.pl\/index.php?rest_route=%2Fwp%2Fv2%2Fmedia&parent=1633"}],"wp:term":[{"taxonomy":"product_brand","embeddable":true,"href":"https:\/\/goldenstones.pl\/index.php?rest_route=%2Fwp%2Fv2%2Fproduct_brand&post=1633"},{"taxonomy":"product_cat","embeddable":true,"href":"https:\/\/goldenstones.pl\/index.php?rest_route=%2Fwp%2Fv2%2Fproduct_cat&post=1633"},{"taxonomy":"product_tag","embeddable":true,"href":"https:\/\/goldenstones.pl\/index.php?rest_route=%2Fwp%2Fv2%2Fproduct_tag&post=1633"}],"curies":[{"name":"wp","href":"https:\/\/api.w.org\/{rel}","templated":true}]}}