{"id":546,"date":"2026-02-20T10:09:00","date_gmt":"2026-02-20T10:09:00","guid":{"rendered":"https:\/\/goldenstones.pl\/?post_type=product&#038;p=546"},"modified":"2026-02-23T12:36:01","modified_gmt":"2026-02-23T12:36:01","slug":"wypalacz-sadzy-sadpal-ii","status":"publish","type":"product","link":"https:\/\/goldenstones.pl\/?product=wypalacz-sadzy-sadpal-ii","title":{"rendered":"Wypalacz sadzy SADPAL II"},"content":{"rendered":"<h1 align=\"LEFT\">Sadpal II<\/h1>\n<p align=\"LEFT\">Wypalacz sadzy to wspania\u0142y preparat do piec\u00f3w zmiennocieplnych, kt\u00f3ry w swoim sk\u0142adzie nie zawiera metali ci\u0119\u017ckich. Skutecznie likwiduje osad spalinowy, czy\u015bci powierzchnie grzejne, a jednocze\u015bnie zapobiega ponownego powstawaniu osadu. Dodatkowo zmniejsza przyczepno\u015b\u0107 sadzy, zabezpiecza powierzchnie grzejne przed korozj\u0105, a tak\u017ce zapewnia oszcz\u0119dno\u015b\u0107 na paliwie do 8%.<\/p>\n","protected":false},"excerpt":{"rendered":"<p><span style=\"color: #E36A00;\"><strong>Preparat posiada:<\/strong><\/span><\/p>\n<ul>\n<li>pozytywn\u0105 opinie wp\u0142ywu na \u015brodowisko,<\/li>\n<li>pozytywn\u0105 opinie o dzia\u0142aniu antykorozyjnym wydan\u0105 przez Instytut Techniki Cieplnej i Mechaniki P\u0142yn\u00f3w Politechniki Wroc\u0142awskiej,<\/li>\n<li>Certyfikat Klasyfikacyjny IPO, Orzeczenie Ministerstwa Gospodarki,<\/li>\n<li>Atest Higieniczny nr HK\/W\/0880\/01\/2013<\/li>\n<li>pozytywn\u0105 opini\u0119 Instytutu Medycyny Pracy, wpis do rejestru IMP Rej\/593\/99<\/li>\n<\/ul>\n<p><span style=\"color: #E36A00;\"><strong>Charakterystyka:<\/strong><\/span><\/p>\n<ul>\n<li>jest mieszanin\u0105 soli alkaicznych wraz z dodatkami palnymi,<\/li>\n<li>jest nietoksycznym py\u0142em przemys\u0142owym,<\/li>\n<li>nie jest materia\u0142em wybuchowym ani substancj\u0105 o w\u0142a\u015bciwo\u015bciach wybuchowych.<\/li>\n<\/ul>\n","protected":false},"featured_media":577,"comment_status":"closed","ping_status":"closed","template":"","meta":{"_uag_custom_page_level_css":"","site-sidebar-layout":"default","site-content-layout":"","ast-site-content-layout":"default","site-content-style":"default","site-sidebar-style":"default","ast-global-header-display":"","ast-banner-title-visibility":"","ast-main-header-display":"","ast-hfb-above-header-display":"","ast-hfb-below-header-display":"","ast-hfb-mobile-header-display":"","site-post-title":"","ast-breadcrumbs-content":"","ast-featured-img":"","footer-sml-layout":"","ast-disable-related-posts":"","theme-transparent-header-meta":"default","adv-header-id-meta":"","stick-header-meta":"","header-above-stick-meta":"","header-main-stick-meta":"","header-below-stick-meta":"","astra-migrate-meta-layouts":"set","ast-page-background-enabled":"default","ast-page-background-meta":{"desktop":{"background-color":"var(--ast-global-color-5)","background-image":"","background-repeat":"repeat","background-position":"center center","background-size":"auto","background-attachment":"scroll","background-type":"","background-media":"","overlay-type":"","overlay-color":"","overlay-opacity":"","overlay-gradient":""},"tablet":{"background-color":"","background-image":"","background-repeat":"repeat","background-position":"center center","background-size":"auto","background-attachment":"scroll","background-type":"","background-media":"","overlay-type":"","overlay-color":"","overlay-opacity":"","overlay-gradient":""},"mobile":{"background-color":"","background-image":"","background-repeat":"repeat","background-position":"center center","background-size":"auto","background-attachment":"scroll","background-type":"","background-media":"","overlay-type":"","overlay-color":"","overlay-opacity":"","overlay-gradient":""}},"ast-content-background-meta":{"desktop":{"background-color":"var(--ast-global-color-4)","background-image":"","background-repeat":"repeat","background-position":"center center","background-size":"auto","background-attachment":"scroll","background-type":"","background-media":"","overlay-type":"","overlay-color":"","overlay-opacity":"","overlay-gradient":""},"tablet":{"background-color":"var(--ast-global-color-4)","background-image":"","background-repeat":"repeat","background-position":"center center","background-size":"auto","background-attachment":"scroll","background-type":"","background-media":"","overlay-type":"","overlay-color":"","overlay-opacity":"","overlay-gradient":""},"mobile":{"background-color":"var(--ast-global-color-4)","background-image":"","background-repeat":"repeat","background-position":"center center","background-size":"auto","background-attachment":"scroll","background-type":"","background-media":"","overlay-type":"","overlay-color":"","overlay-opacity":"","overlay-gradient":""}}},"product_brand":[],"product_cat":[51,52],"product_tag":[58,59,60],"class_list":{"0":"post-546","1":"product","2":"type-product","3":"status-publish","4":"has-post-thumbnail","6":"product_cat-inne","7":"product_cat-rozpalki","8":"product_tag-czysty-kominek","9":"product_tag-wypalacz-sadzy-bydgoszcz","10":"product_tag-wypalanie-sadzy","11":"desktop-align-left","12":"tablet-align-left","13":"mobile-align-left","15":"first","16":"outofstock","17":"shipping-taxable","18":"purchasable","19":"product-type-simple"},"uagb_featured_image_src":{"full":["https:\/\/goldenstones.pl\/wp-content\/uploads\/2026\/02\/4.-wypalacz-sadzy-bydgoszcz.jpg",800,800,false],"thumbnail":["https:\/\/goldenstones.pl\/wp-content\/uploads\/2026\/02\/4.-wypalacz-sadzy-bydgoszcz-150x150.jpg",150,150,true],"medium":["https:\/\/goldenstones.pl\/wp-content\/uploads\/2026\/02\/4.-wypalacz-sadzy-bydgoszcz-300x300.jpg",300,300,true],"medium_large":["https:\/\/goldenstones.pl\/wp-content\/uploads\/2026\/02\/4.-wypalacz-sadzy-bydgoszcz-768x768.jpg",768,768,true],"large":["https:\/\/goldenstones.pl\/wp-content\/uploads\/2026\/02\/4.-wypalacz-sadzy-bydgoszcz.jpg",800,800,false],"1536x1536":["https:\/\/goldenstones.pl\/wp-content\/uploads\/2026\/02\/4.-wypalacz-sadzy-bydgoszcz.jpg",800,800,false],"2048x2048":["https:\/\/goldenstones.pl\/wp-content\/uploads\/2026\/02\/4.-wypalacz-sadzy-bydgoszcz.jpg",800,800,false],"woocommerce_thumbnail":["https:\/\/goldenstones.pl\/wp-content\/uploads\/2026\/02\/4.-wypalacz-sadzy-bydgoszcz-300x300.jpg",300,300,true],"woocommerce_single":["https:\/\/goldenstones.pl\/wp-content\/uploads\/2026\/02\/4.-wypalacz-sadzy-bydgoszcz-600x600.jpg",600,600,true],"woocommerce_gallery_thumbnail":["https:\/\/goldenstones.pl\/wp-content\/uploads\/2026\/02\/4.-wypalacz-sadzy-bydgoszcz-100x100.jpg",100,100,true]},"uagb_author_info":{"display_name":"admin","author_link":"https:\/\/goldenstones.pl\/?author=0"},"uagb_comment_info":0,"uagb_excerpt":"Preparat posiada: pozytywn\u0105 opinie wp\u0142ywu na \u015brodowisko, pozytywn\u0105 opinie o dzia\u0142aniu antykorozyjnym wydan\u0105 przez Instytut Techniki Cieplnej i Mechaniki P\u0142yn\u00f3w Politechniki Wroc\u0142awskiej, Certyfikat Klasyfikacyjny IPO, Orzeczenie Ministerstwa Gospodarki, Atest Higieniczny nr HK\/W\/0880\/01\/2013 pozytywn\u0105 opini\u0119 Instytutu Medycyny Pracy, wpis do rejestru IMP Rej\/593\/99 Charakterystyka: jest mieszanin\u0105 soli alkaicznych wraz z dodatkami palnymi, jest nietoksycznym py\u0142em przemys\u0142owym,&hellip;","_links":{"self":[{"href":"https:\/\/goldenstones.pl\/index.php?rest_route=\/wp\/v2\/product\/546","targetHints":{"allow":["GET"]}}],"collection":[{"href":"https:\/\/goldenstones.pl\/index.php?rest_route=\/wp\/v2\/product"}],"about":[{"href":"https:\/\/goldenstones.pl\/index.php?rest_route=\/wp\/v2\/types\/product"}],"replies":[{"embeddable":true,"href":"https:\/\/goldenstones.pl\/index.php?rest_route=%2Fwp%2Fv2%2Fcomments&post=546"}],"wp:featuredmedia":[{"embeddable":true,"href":"https:\/\/goldenstones.pl\/index.php?rest_route=\/wp\/v2\/media\/577"}],"wp:attachment":[{"href":"https:\/\/goldenstones.pl\/index.php?rest_route=%2Fwp%2Fv2%2Fmedia&parent=546"}],"wp:term":[{"taxonomy":"product_brand","embeddable":true,"href":"https:\/\/goldenstones.pl\/index.php?rest_route=%2Fwp%2Fv2%2Fproduct_brand&post=546"},{"taxonomy":"product_cat","embeddable":true,"href":"https:\/\/goldenstones.pl\/index.php?rest_route=%2Fwp%2Fv2%2Fproduct_cat&post=546"},{"taxonomy":"product_tag","embeddable":true,"href":"https:\/\/goldenstones.pl\/index.php?rest_route=%2Fwp%2Fv2%2Fproduct_tag&post=546"}],"curies":[{"name":"wp","href":"https:\/\/api.w.org\/{rel}","templated":true}]}}