{"id":547,"date":"2026-02-20T10:09:00","date_gmt":"2026-02-20T10:09:00","guid":{"rendered":"https:\/\/goldenstones.pl\/?post_type=product&#038;p=547"},"modified":"2026-02-23T12:36:01","modified_gmt":"2026-02-23T12:36:01","slug":"zrebki-kolorowe-dekoracyjne-kora-kolorowa-50l-brazowe","status":"publish","type":"product","link":"https:\/\/goldenstones.pl\/?product=zrebki-kolorowe-dekoracyjne-kora-kolorowa-50l-brazowe","title":{"rendered":"Zr\u0119bki kolorowe dekoracyjne kora kolorowa 50l br\u0105zowe"},"content":{"rendered":"<h2>Zr\u0119bki kolorowe dekoracyjne br\u0105zowe<\/h2>\n<p>Chcesz w interesuj\u0105cy spos\u00f3b udekorowa\u0107 sw\u00f3j ogr\u00f3d i przy okazji ochroni\u0107 swoje ro\u015bliny przed niechcianymi chwastami? Zainwestuj w nasze dekoracyjne, br\u0105zowe zr\u0119bki, kt\u00f3re pomog\u0105 ci\u00a0 w rozwi\u0105zaniu tego problemu! Wystarczy, \u017ce w dane miejsce rozsypiesz je i gotowe! Dzi\u0119ki br\u0105zowym ubarwieniu b\u0119d\u0105 idealnie si\u0119 wpasowywa\u0107 w otoczenie twojego ogrodu. Skutecznie r\u00f3wnie\u017c ochroni\u0105 twoje kwiaty i krzewy przed uporczywymi chwastami. Dzi\u0119ki ich ekologicznemu pochodzeniu nie s\u0105 szkodliwe dla ro\u015blin.\u00a0 Zastosowa\u0107 je r\u00f3wnie\u017c mo\u017cesz do dekoracji skwer\u00f3w, skalniak\u00f3w, alejek ogrodowych oraz drzewek. Oferujemy tak\u017ce szybki bezpieczny i szybki transport prosto pod twoje drzwi.<\/p>\n<p><a href=\"https:\/\/www.goldenstones.pl\/sklep\/kategoria\/artykuly_ogrodnicze\/podsypki\/zrebki\/\">Zainteresowa\u0142 Ciebie ten produkt, kliknij tutaj i sprawd\u017a nasze inne artyku\u0142y<\/a><\/p>\n","protected":false},"excerpt":{"rendered":"<p>Zr\u0119bki kolorowe dekoracyjne br\u0105zowe Chcesz w interesuj\u0105cy spos\u00f3b udekorowa\u0107 sw\u00f3j ogr\u00f3d i przy okazji ochroni\u0107 swoje ro\u015bliny przed niechcianymi chwastami? [&hellip;]<\/p>\n","protected":false},"featured_media":578,"comment_status":"closed","ping_status":"closed","template":"","meta":{"_uag_custom_page_level_css":"","site-sidebar-layout":"default","site-content-layout":"","ast-site-content-layout":"default","site-content-style":"default","site-sidebar-style":"default","ast-global-header-display":"","ast-banner-title-visibility":"","ast-main-header-display":"","ast-hfb-above-header-display":"","ast-hfb-below-header-display":"","ast-hfb-mobile-header-display":"","site-post-title":"","ast-breadcrumbs-content":"","ast-featured-img":"","footer-sml-layout":"","ast-disable-related-posts":"","theme-transparent-header-meta":"","adv-header-id-meta":"","stick-header-meta":"","header-above-stick-meta":"","header-main-stick-meta":"","header-below-stick-meta":"","astra-migrate-meta-layouts":"default","ast-page-background-enabled":"default","ast-page-background-meta":{"desktop":{"background-color":"var(--ast-global-color-5)","background-image":"","background-repeat":"repeat","background-position":"center center","background-size":"auto","background-attachment":"scroll","background-type":"","background-media":"","overlay-type":"","overlay-color":"","overlay-opacity":"","overlay-gradient":""},"tablet":{"background-color":"","background-image":"","background-repeat":"repeat","background-position":"center center","background-size":"auto","background-attachment":"scroll","background-type":"","background-media":"","overlay-type":"","overlay-color":"","overlay-opacity":"","overlay-gradient":""},"mobile":{"background-color":"","background-image":"","background-repeat":"repeat","background-position":"center center","background-size":"auto","background-attachment":"scroll","background-type":"","background-media":"","overlay-type":"","overlay-color":"","overlay-opacity":"","overlay-gradient":""}},"ast-content-background-meta":{"desktop":{"background-color":"var(--ast-global-color-4)","background-image":"","background-repeat":"repeat","background-position":"center center","background-size":"auto","background-attachment":"scroll","background-type":"","background-media":"","overlay-type":"","overlay-color":"","overlay-opacity":"","overlay-gradient":""},"tablet":{"background-color":"var(--ast-global-color-4)","background-image":"","background-repeat":"repeat","background-position":"center center","background-size":"auto","background-attachment":"scroll","background-type":"","background-media":"","overlay-type":"","overlay-color":"","overlay-opacity":"","overlay-gradient":""},"mobile":{"background-color":"var(--ast-global-color-4)","background-image":"","background-repeat":"repeat","background-position":"center center","background-size":"auto","background-attachment":"scroll","background-type":"","background-media":"","overlay-type":"","overlay-color":"","overlay-opacity":"","overlay-gradient":""}}},"product_brand":[],"product_cat":[43,45,46],"product_tag":[47,48,49,50],"class_list":{"0":"post-547","1":"product","2":"type-product","3":"status-publish","4":"has-post-thumbnail","6":"product_cat-artykuly-ogrodnicze","7":"product_cat-kora-sosnowa-podloza-artykuly-ogrodnicze","8":"product_cat-zrebki-kolorowe","9":"product_tag-bydgoszcz-zrebki","10":"product_tag-tanie-zrebki","11":"product_tag-zrebki-bydgoszcz","12":"product_tag-zrebki-kolorowe-bydgoszcz","13":"desktop-align-left","14":"tablet-align-left","15":"mobile-align-left","17":"first","18":"instock","19":"shipping-taxable","20":"purchasable","21":"product-type-simple"},"uagb_featured_image_src":{"full":["https:\/\/goldenstones.pl\/wp-content\/uploads\/2026\/02\/zrebki-kolorowe-brazowe-sklad-kamienia-biale-blota.jpg",300,300,false],"thumbnail":["https:\/\/goldenstones.pl\/wp-content\/uploads\/2026\/02\/zrebki-kolorowe-brazowe-sklad-kamienia-biale-blota-150x150.jpg",150,150,true],"medium":["https:\/\/goldenstones.pl\/wp-content\/uploads\/2026\/02\/zrebki-kolorowe-brazowe-sklad-kamienia-biale-blota.jpg",300,300,false],"medium_large":["https:\/\/goldenstones.pl\/wp-content\/uploads\/2026\/02\/zrebki-kolorowe-brazowe-sklad-kamienia-biale-blota.jpg",300,300,false],"large":["https:\/\/goldenstones.pl\/wp-content\/uploads\/2026\/02\/zrebki-kolorowe-brazowe-sklad-kamienia-biale-blota.jpg",300,300,false],"1536x1536":["https:\/\/goldenstones.pl\/wp-content\/uploads\/2026\/02\/zrebki-kolorowe-brazowe-sklad-kamienia-biale-blota.jpg",300,300,false],"2048x2048":["https:\/\/goldenstones.pl\/wp-content\/uploads\/2026\/02\/zrebki-kolorowe-brazowe-sklad-kamienia-biale-blota.jpg",300,300,false],"woocommerce_thumbnail":["https:\/\/goldenstones.pl\/wp-content\/uploads\/2026\/02\/zrebki-kolorowe-brazowe-sklad-kamienia-biale-blota.jpg",300,300,false],"woocommerce_single":["https:\/\/goldenstones.pl\/wp-content\/uploads\/2026\/02\/zrebki-kolorowe-brazowe-sklad-kamienia-biale-blota.jpg",300,300,false],"woocommerce_gallery_thumbnail":["https:\/\/goldenstones.pl\/wp-content\/uploads\/2026\/02\/zrebki-kolorowe-brazowe-sklad-kamienia-biale-blota-100x100.jpg",100,100,true]},"uagb_author_info":{"display_name":"admin","author_link":"https:\/\/goldenstones.pl\/?author=0"},"uagb_comment_info":0,"uagb_excerpt":"Zr\u0119bki kolorowe dekoracyjne br\u0105zowe Chcesz w interesuj\u0105cy spos\u00f3b udekorowa\u0107 sw\u00f3j ogr\u00f3d i przy okazji ochroni\u0107 swoje ro\u015bliny przed niechcianymi chwastami? [&hellip;]","_links":{"self":[{"href":"https:\/\/goldenstones.pl\/index.php?rest_route=\/wp\/v2\/product\/547","targetHints":{"allow":["GET"]}}],"collection":[{"href":"https:\/\/goldenstones.pl\/index.php?rest_route=\/wp\/v2\/product"}],"about":[{"href":"https:\/\/goldenstones.pl\/index.php?rest_route=\/wp\/v2\/types\/product"}],"replies":[{"embeddable":true,"href":"https:\/\/goldenstones.pl\/index.php?rest_route=%2Fwp%2Fv2%2Fcomments&post=547"}],"wp:featuredmedia":[{"embeddable":true,"href":"https:\/\/goldenstones.pl\/index.php?rest_route=\/wp\/v2\/media\/578"}],"wp:attachment":[{"href":"https:\/\/goldenstones.pl\/index.php?rest_route=%2Fwp%2Fv2%2Fmedia&parent=547"}],"wp:term":[{"taxonomy":"product_brand","embeddable":true,"href":"https:\/\/goldenstones.pl\/index.php?rest_route=%2Fwp%2Fv2%2Fproduct_brand&post=547"},{"taxonomy":"product_cat","embeddable":true,"href":"https:\/\/goldenstones.pl\/index.php?rest_route=%2Fwp%2Fv2%2Fproduct_cat&post=547"},{"taxonomy":"product_tag","embeddable":true,"href":"https:\/\/goldenstones.pl\/index.php?rest_route=%2Fwp%2Fv2%2Fproduct_tag&post=547"}],"curies":[{"name":"wp","href":"https:\/\/api.w.org\/{rel}","templated":true}]}}