{"id":549,"date":"2026-02-20T10:09:00","date_gmt":"2026-02-20T10:09:00","guid":{"rendered":"https:\/\/goldenstones.pl\/?post_type=product&#038;p=549"},"modified":"2026-02-23T12:36:01","modified_gmt":"2026-02-23T12:36:01","slug":"zrebki-kolorowe-dekoracyjne-kora-kolorowa-50l-zolte","status":"publish","type":"product","link":"https:\/\/goldenstones.pl\/?product=zrebki-kolorowe-dekoracyjne-kora-kolorowa-50l-zolte","title":{"rendered":"Zr\u0119bki kolorowe dekoracyjne kora kolorowa  50l \u017c\u00f3\u0142te"},"content":{"rendered":"<h2>Zr\u0119bki kolorowe \u017c\u00f3\u0142te<\/h2>\n<p>Je\u015bli jeste\u015b w posiadaniu ogrodu lub dzia\u0142ki i nie wiesz jak w interesuj\u0105cy spos\u00f3b udekorowa\u0107 pust\u0105 przestrze\u0144 panuj\u0105c\u0105 w nim, nasze zr\u0119bki kolorowe b\u0119d\u0105 idealnym sposobem, aby rozwi\u0105za\u0107 ten problem. Wystarczy, \u017ce wysypiesz je w wyznaczonym przez ciebie miejscu i gotowe! Dzi\u0119ki swojej \u017c\u00f3\u0142tej barwie b\u0119d\u0105 idealnie wkomponowywa\u0142y si\u0119 w znajduj\u0105ce si\u0119 w twoim ogrodzie ro\u015bliny i kwiaty. Nasza firma gwarantuje, \u017ce zr\u0119bki s\u0105 pochodzenia ekologicznego, przez co s\u0105 one bezpieczne dla ro\u015blinno\u015bci i perfekcyjnie ochraniaj\u0105 je przed r\u00f3\u017cnorodnymi chwastami. Zapewniamy tak\u017ce szybki i bezpieczny transport prosto do twojego domu.<\/p>\n<p><a href=\"https:\/\/www.goldenstones.pl\/sklep\/kategoria\/artykuly_ogrodnicze\/podsypki\/zrebki\/\">Zainteresowa\u0142 Ciebie ten produkt? Sprawd\u017a nasze inne oferty, klikaj\u0105c tutaj.\u00a0<\/a><\/p>\n","protected":false},"excerpt":{"rendered":"<p>Zr\u0119bki kolorowe \u017c\u00f3\u0142te Je\u015bli jeste\u015b w posiadaniu ogrodu lub dzia\u0142ki i nie wiesz jak w interesuj\u0105cy spos\u00f3b udekorowa\u0107 pust\u0105 przestrze\u0144 [&hellip;]<\/p>\n","protected":false},"featured_media":580,"comment_status":"closed","ping_status":"closed","template":"","meta":{"_uag_custom_page_level_css":"","site-sidebar-layout":"default","site-content-layout":"","ast-site-content-layout":"default","site-content-style":"default","site-sidebar-style":"default","ast-global-header-display":"","ast-banner-title-visibility":"","ast-main-header-display":"","ast-hfb-above-header-display":"","ast-hfb-below-header-display":"","ast-hfb-mobile-header-display":"","site-post-title":"","ast-breadcrumbs-content":"","ast-featured-img":"","footer-sml-layout":"","ast-disable-related-posts":"","theme-transparent-header-meta":"","adv-header-id-meta":"","stick-header-meta":"","header-above-stick-meta":"","header-main-stick-meta":"","header-below-stick-meta":"","astra-migrate-meta-layouts":"default","ast-page-background-enabled":"default","ast-page-background-meta":{"desktop":{"background-color":"var(--ast-global-color-5)","background-image":"","background-repeat":"repeat","background-position":"center center","background-size":"auto","background-attachment":"scroll","background-type":"","background-media":"","overlay-type":"","overlay-color":"","overlay-opacity":"","overlay-gradient":""},"tablet":{"background-color":"","background-image":"","background-repeat":"repeat","background-position":"center center","background-size":"auto","background-attachment":"scroll","background-type":"","background-media":"","overlay-type":"","overlay-color":"","overlay-opacity":"","overlay-gradient":""},"mobile":{"background-color":"","background-image":"","background-repeat":"repeat","background-position":"center center","background-size":"auto","background-attachment":"scroll","background-type":"","background-media":"","overlay-type":"","overlay-color":"","overlay-opacity":"","overlay-gradient":""}},"ast-content-background-meta":{"desktop":{"background-color":"var(--ast-global-color-4)","background-image":"","background-repeat":"repeat","background-position":"center center","background-size":"auto","background-attachment":"scroll","background-type":"","background-media":"","overlay-type":"","overlay-color":"","overlay-opacity":"","overlay-gradient":""},"tablet":{"background-color":"var(--ast-global-color-4)","background-image":"","background-repeat":"repeat","background-position":"center center","background-size":"auto","background-attachment":"scroll","background-type":"","background-media":"","overlay-type":"","overlay-color":"","overlay-opacity":"","overlay-gradient":""},"mobile":{"background-color":"var(--ast-global-color-4)","background-image":"","background-repeat":"repeat","background-position":"center center","background-size":"auto","background-attachment":"scroll","background-type":"","background-media":"","overlay-type":"","overlay-color":"","overlay-opacity":"","overlay-gradient":""}}},"product_brand":[],"product_cat":[43,45,46],"product_tag":[61,47,48,49,50],"class_list":{"0":"post-549","1":"product","2":"type-product","3":"status-publish","4":"has-post-thumbnail","6":"product_cat-artykuly-ogrodnicze","7":"product_cat-kora-sosnowa-podloza-artykuly-ogrodnicze","8":"product_cat-zrebki-kolorowe","9":"product_tag-bydgoszcz-kolorowe-zrebki","10":"product_tag-bydgoszcz-zrebki","11":"product_tag-tanie-zrebki","12":"product_tag-zrebki-bydgoszcz","13":"product_tag-zrebki-kolorowe-bydgoszcz","14":"desktop-align-left","15":"tablet-align-left","16":"mobile-align-left","18":"first","19":"instock","20":"shipping-taxable","21":"purchasable","22":"product-type-simple"},"uagb_featured_image_src":{"full":["https:\/\/goldenstones.pl\/wp-content\/uploads\/2026\/02\/zrebki-kolorowe-zolte-bydgoszcz-sklad-kamienia.jpg",300,300,false],"thumbnail":["https:\/\/goldenstones.pl\/wp-content\/uploads\/2026\/02\/zrebki-kolorowe-zolte-bydgoszcz-sklad-kamienia-150x150.jpg",150,150,true],"medium":["https:\/\/goldenstones.pl\/wp-content\/uploads\/2026\/02\/zrebki-kolorowe-zolte-bydgoszcz-sklad-kamienia.jpg",300,300,false],"medium_large":["https:\/\/goldenstones.pl\/wp-content\/uploads\/2026\/02\/zrebki-kolorowe-zolte-bydgoszcz-sklad-kamienia.jpg",300,300,false],"large":["https:\/\/goldenstones.pl\/wp-content\/uploads\/2026\/02\/zrebki-kolorowe-zolte-bydgoszcz-sklad-kamienia.jpg",300,300,false],"1536x1536":["https:\/\/goldenstones.pl\/wp-content\/uploads\/2026\/02\/zrebki-kolorowe-zolte-bydgoszcz-sklad-kamienia.jpg",300,300,false],"2048x2048":["https:\/\/goldenstones.pl\/wp-content\/uploads\/2026\/02\/zrebki-kolorowe-zolte-bydgoszcz-sklad-kamienia.jpg",300,300,false],"woocommerce_thumbnail":["https:\/\/goldenstones.pl\/wp-content\/uploads\/2026\/02\/zrebki-kolorowe-zolte-bydgoszcz-sklad-kamienia.jpg",300,300,false],"woocommerce_single":["https:\/\/goldenstones.pl\/wp-content\/uploads\/2026\/02\/zrebki-kolorowe-zolte-bydgoszcz-sklad-kamienia.jpg",300,300,false],"woocommerce_gallery_thumbnail":["https:\/\/goldenstones.pl\/wp-content\/uploads\/2026\/02\/zrebki-kolorowe-zolte-bydgoszcz-sklad-kamienia-100x100.jpg",100,100,true]},"uagb_author_info":{"display_name":"admin","author_link":"https:\/\/goldenstones.pl\/?author=0"},"uagb_comment_info":0,"uagb_excerpt":"Zr\u0119bki kolorowe \u017c\u00f3\u0142te Je\u015bli jeste\u015b w posiadaniu ogrodu lub dzia\u0142ki i nie wiesz jak w interesuj\u0105cy spos\u00f3b udekorowa\u0107 pust\u0105 przestrze\u0144 [&hellip;]","_links":{"self":[{"href":"https:\/\/goldenstones.pl\/index.php?rest_route=\/wp\/v2\/product\/549","targetHints":{"allow":["GET"]}}],"collection":[{"href":"https:\/\/goldenstones.pl\/index.php?rest_route=\/wp\/v2\/product"}],"about":[{"href":"https:\/\/goldenstones.pl\/index.php?rest_route=\/wp\/v2\/types\/product"}],"replies":[{"embeddable":true,"href":"https:\/\/goldenstones.pl\/index.php?rest_route=%2Fwp%2Fv2%2Fcomments&post=549"}],"wp:featuredmedia":[{"embeddable":true,"href":"https:\/\/goldenstones.pl\/index.php?rest_route=\/wp\/v2\/media\/580"}],"wp:attachment":[{"href":"https:\/\/goldenstones.pl\/index.php?rest_route=%2Fwp%2Fv2%2Fmedia&parent=549"}],"wp:term":[{"taxonomy":"product_brand","embeddable":true,"href":"https:\/\/goldenstones.pl\/index.php?rest_route=%2Fwp%2Fv2%2Fproduct_brand&post=549"},{"taxonomy":"product_cat","embeddable":true,"href":"https:\/\/goldenstones.pl\/index.php?rest_route=%2Fwp%2Fv2%2Fproduct_cat&post=549"},{"taxonomy":"product_tag","embeddable":true,"href":"https:\/\/goldenstones.pl\/index.php?rest_route=%2Fwp%2Fv2%2Fproduct_tag&post=549"}],"curies":[{"name":"wp","href":"https:\/\/api.w.org\/{rel}","templated":true}]}}