{"id":553,"date":"2026-02-20T10:09:01","date_gmt":"2026-02-20T10:09:01","guid":{"rendered":"https:\/\/goldenstones.pl\/?post_type=product&#038;p=553"},"modified":"2026-04-09T10:48:02","modified_gmt":"2026-04-09T10:48:02","slug":"kotwy-do-obrzezy-trawnikowych-bordow-19cm-sztuka","status":"publish","type":"product","link":"https:\/\/goldenstones.pl\/?product=kotwy-do-obrzezy-trawnikowych-bordow-19cm-sztuka","title":{"rendered":"kotwy do obrze\u017cy trawnikowych bord\u00f3w 19cm sztuka"},"content":{"rendered":"<h1 class=\"western\"><span style=\"color: #444444;\"><span style=\"font-family: Calibri, sans-serif;\"><span style=\"font-size: medium;\">Kotwy do obrze\u017cy trawnikowych, border\u00f3w i palisad \u2013 19cm<\/span><\/span><\/span><\/h1>\n<p><span style=\"color: #444444;\"><span style=\"font-family: Calibri, sans-serif;\"><span style=\"font-size: medium;\">Stosowanie kotew do obrze\u017cy trawnikowych jest niezb\u0119dne do prawid\u0142owego monta\u017cu border\u00f3w.<\/span><\/span><\/span><\/p>\n<p><span style=\"color: #444444;\"><span style=\"font-family: Calibri, sans-serif;\"><span style=\"font-size: medium;\">Na jeden metr obrze\u017ca wykorzystuje si\u0119 najcz\u0119\u015bciej 3 \u2013 4 sztuki kotew mocuj\u0105cych. <\/span><\/span><\/span><\/p>\n<p><span style=\"color: #444444;\"><span style=\"font-family: Calibri, sans-serif;\"><span style=\"font-size: medium;\"><b>Parametry techniczne:<\/b><\/span><\/span><\/span><\/p>\n<p><span style=\"color: #444444;\"><span style=\"font-family: Calibri, sans-serif;\"><span style=\"font-size: medium;\">d\u0142ugo\u015b\u0107: 19 cm<\/span><\/span><\/span><\/p>\n<p><span style=\"color: #444444;\"><span style=\"font-family: Calibri, sans-serif;\"><span style=\"font-size: medium;\">kolor: czarny &#8211; niewidoczny w ziemi<\/span><\/span><\/span><\/p>\n<p><span style=\"color: #444444;\"><span style=\"font-family: Calibri, sans-serif;\"><span style=\"font-size: medium;\">materia\u0142: wytrzyma\u0142e tworzywo sztuczne ca\u0142kowicie odporne na UV, mr\u00f3z, a tak\u017ce dzia\u0142anie \u015brodk\u00f3w chemicznych<\/span><\/span><\/span><\/p>\n","protected":false},"excerpt":{"rendered":"<p>Kotwy do obrze\u017cy trawnikowych, border\u00f3w i palisad \u2013 19cm Stosowanie kotew do obrze\u017cy trawnikowych jest niezb\u0119dne do prawid\u0142owego monta\u017cu border\u00f3w. [&hellip;]<\/p>\n","protected":false},"featured_media":587,"comment_status":"closed","ping_status":"closed","template":"","meta":{"_uag_custom_page_level_css":"","site-sidebar-layout":"default","site-content-layout":"","ast-site-content-layout":"default","site-content-style":"default","site-sidebar-style":"default","ast-global-header-display":"","ast-banner-title-visibility":"","ast-main-header-display":"","ast-hfb-above-header-display":"","ast-hfb-below-header-display":"","ast-hfb-mobile-header-display":"","site-post-title":"","ast-breadcrumbs-content":"","ast-featured-img":"","footer-sml-layout":"","ast-disable-related-posts":"","theme-transparent-header-meta":"default","adv-header-id-meta":"","stick-header-meta":"","header-above-stick-meta":"","header-main-stick-meta":"","header-below-stick-meta":"","astra-migrate-meta-layouts":"set","ast-page-background-enabled":"default","ast-page-background-meta":{"desktop":{"background-color":"var(--ast-global-color-5)","background-image":"","background-repeat":"repeat","background-position":"center center","background-size":"auto","background-attachment":"scroll","background-type":"","background-media":"","overlay-type":"","overlay-color":"","overlay-opacity":"","overlay-gradient":""},"tablet":{"background-color":"","background-image":"","background-repeat":"repeat","background-position":"center center","background-size":"auto","background-attachment":"scroll","background-type":"","background-media":"","overlay-type":"","overlay-color":"","overlay-opacity":"","overlay-gradient":""},"mobile":{"background-color":"","background-image":"","background-repeat":"repeat","background-position":"center center","background-size":"auto","background-attachment":"scroll","background-type":"","background-media":"","overlay-type":"","overlay-color":"","overlay-opacity":"","overlay-gradient":""}},"ast-content-background-meta":{"desktop":{"background-color":"var(--ast-global-color-4)","background-image":"","background-repeat":"repeat","background-position":"center center","background-size":"auto","background-attachment":"scroll","background-type":"","background-media":"","overlay-type":"","overlay-color":"","overlay-opacity":"","overlay-gradient":""},"tablet":{"background-color":"var(--ast-global-color-4)","background-image":"","background-repeat":"repeat","background-position":"center center","background-size":"auto","background-attachment":"scroll","background-type":"","background-media":"","overlay-type":"","overlay-color":"","overlay-opacity":"","overlay-gradient":""},"mobile":{"background-color":"var(--ast-global-color-4)","background-image":"","background-repeat":"repeat","background-position":"center center","background-size":"auto","background-attachment":"scroll","background-type":"","background-media":"","overlay-type":"","overlay-color":"","overlay-opacity":"","overlay-gradient":""}}},"product_brand":[],"product_cat":[43,68],"product_tag":[75,76,77,78,79,80],"class_list":{"0":"post-553","1":"product","2":"type-product","3":"status-publish","4":"has-post-thumbnail","6":"product_cat-artykuly-ogrodnicze","7":"product_cat-obrzeza-bordy","8":"product_tag-kotwy","9":"product_tag-kotwy-bydgoszcz","10":"product_tag-kotwy-do-wlokniny","11":"product_tag-szpilki","12":"product_tag-szpilki-bydgoszcz","13":"product_tag-szpilki-do-wlokniny","14":"desktop-align-left","15":"tablet-align-left","16":"mobile-align-left","18":"first","19":"instock","20":"shipping-taxable","21":"purchasable","22":"product-type-simple"},"uagb_featured_image_src":{"full":["https:\/\/goldenstones.pl\/wp-content\/uploads\/2026\/02\/kotwy-do-bordow-obrzezy-ogrodowych-19-cm.jpg",800,800,false],"thumbnail":["https:\/\/goldenstones.pl\/wp-content\/uploads\/2026\/02\/kotwy-do-bordow-obrzezy-ogrodowych-19-cm-150x150.jpg",150,150,true],"medium":["https:\/\/goldenstones.pl\/wp-content\/uploads\/2026\/02\/kotwy-do-bordow-obrzezy-ogrodowych-19-cm-300x300.jpg",300,300,true],"medium_large":["https:\/\/goldenstones.pl\/wp-content\/uploads\/2026\/02\/kotwy-do-bordow-obrzezy-ogrodowych-19-cm-768x768.jpg",768,768,true],"large":["https:\/\/goldenstones.pl\/wp-content\/uploads\/2026\/02\/kotwy-do-bordow-obrzezy-ogrodowych-19-cm.jpg",800,800,false],"1536x1536":["https:\/\/goldenstones.pl\/wp-content\/uploads\/2026\/02\/kotwy-do-bordow-obrzezy-ogrodowych-19-cm.jpg",800,800,false],"2048x2048":["https:\/\/goldenstones.pl\/wp-content\/uploads\/2026\/02\/kotwy-do-bordow-obrzezy-ogrodowych-19-cm.jpg",800,800,false],"woocommerce_thumbnail":["https:\/\/goldenstones.pl\/wp-content\/uploads\/2026\/02\/kotwy-do-bordow-obrzezy-ogrodowych-19-cm-300x300.jpg",300,300,true],"woocommerce_single":["https:\/\/goldenstones.pl\/wp-content\/uploads\/2026\/02\/kotwy-do-bordow-obrzezy-ogrodowych-19-cm-600x600.jpg",600,600,true],"woocommerce_gallery_thumbnail":["https:\/\/goldenstones.pl\/wp-content\/uploads\/2026\/02\/kotwy-do-bordow-obrzezy-ogrodowych-19-cm-100x100.jpg",100,100,true]},"uagb_author_info":{"display_name":"admin","author_link":"https:\/\/goldenstones.pl\/?author=0"},"uagb_comment_info":0,"uagb_excerpt":"Kotwy do obrze\u017cy trawnikowych, border\u00f3w i palisad \u2013 19cm Stosowanie kotew do obrze\u017cy trawnikowych jest niezb\u0119dne do prawid\u0142owego monta\u017cu border\u00f3w. [&hellip;]","_links":{"self":[{"href":"https:\/\/goldenstones.pl\/index.php?rest_route=\/wp\/v2\/product\/553","targetHints":{"allow":["GET"]}}],"collection":[{"href":"https:\/\/goldenstones.pl\/index.php?rest_route=\/wp\/v2\/product"}],"about":[{"href":"https:\/\/goldenstones.pl\/index.php?rest_route=\/wp\/v2\/types\/product"}],"replies":[{"embeddable":true,"href":"https:\/\/goldenstones.pl\/index.php?rest_route=%2Fwp%2Fv2%2Fcomments&post=553"}],"wp:featuredmedia":[{"embeddable":true,"href":"https:\/\/goldenstones.pl\/index.php?rest_route=\/wp\/v2\/media\/587"}],"wp:attachment":[{"href":"https:\/\/goldenstones.pl\/index.php?rest_route=%2Fwp%2Fv2%2Fmedia&parent=553"}],"wp:term":[{"taxonomy":"product_brand","embeddable":true,"href":"https:\/\/goldenstones.pl\/index.php?rest_route=%2Fwp%2Fv2%2Fproduct_brand&post=553"},{"taxonomy":"product_cat","embeddable":true,"href":"https:\/\/goldenstones.pl\/index.php?rest_route=%2Fwp%2Fv2%2Fproduct_cat&post=553"},{"taxonomy":"product_tag","embeddable":true,"href":"https:\/\/goldenstones.pl\/index.php?rest_route=%2Fwp%2Fv2%2Fproduct_tag&post=553"}],"curies":[{"name":"wp","href":"https:\/\/api.w.org\/{rel}","templated":true}]}}