{"id":560,"date":"2026-02-20T10:09:02","date_gmt":"2026-02-20T10:09:02","guid":{"rendered":"https:\/\/goldenstones.pl\/?post_type=product&#038;p=560"},"modified":"2026-02-23T12:36:03","modified_gmt":"2026-02-23T12:36:03","slug":"pien-betonowy-20-cm-imitacja-drewna-20-x-55-cm","status":"publish","type":"product","link":"https:\/\/goldenstones.pl\/?product=pien-betonowy-20-cm-imitacja-drewna-20-x-55-cm","title":{"rendered":"Pie\u0144 betonowy 20 cm, imitacja drewna 20 x 5,5 cm"},"content":{"rendered":"<p>Pie\u0144 jest odzwierciedleniem \u015bci\u0119tego drzewa z \u017c\u00f3\u0142tym lub szarym \u015brodkiem. Plaster w 100% imituje pie\u0144 drzewa, mo\u017cna uk\u0142ada\u0107 go w r\u00f3\u017cnych miejscach, konfiguracjach i odst\u0119pach. Doskonale ozdobi\u0105 ka\u017cdy ogr\u00f3d nadaj\u0105c mu naturalny, rustykalny wygl\u0105d. Sprawdz\u0105 si\u0119 tak\u017ce jako odporne na wilgo\u0107 podstawki pod donice z kwiatami i rze\u017aby, latarnie i \u015bwiece ogrodowe.<\/p>\n","protected":false},"excerpt":{"rendered":"<ul>\n<li><span style=\"color: #E36A00;\"><strong>WIELKO\u015a\u0106: <\/strong><\/span><span style=\"color: #333333;\">200x55mm<\/span><\/li>\n<li><strong><span style=\"color: #E36A00;\">CECHY CHARAKTERYSTYCZNE: <\/span><\/strong><span style=\"color: #333333;\">produkt betonowy, imitacja faktury pnia drewna<\/span><\/li>\n<li><strong><span style=\"color: #E36A00;\">KOLORYSTYKA: <\/span><\/strong><span style=\"color: #E36A00;\"><span style=\"color: #333333;\">odcienie br\u0105zu, ugr\u00f3w<\/span><\/span><\/li>\n<li><strong><span style=\"color: #E36A00;\">PRZEZNACZENIE:<\/span><\/strong> <span style=\"color: #333333;\">ozdoba ogrodowa<\/span><\/li>\n<\/ul>\n<p><span style=\"color: #333333;\"><strong>Podana na stronie cena dotyczy jednej sztuki produktu.<\/strong><\/span><\/p>\n","protected":false},"featured_media":594,"comment_status":"closed","ping_status":"closed","template":"","meta":{"_uag_custom_page_level_css":"","site-sidebar-layout":"default","site-content-layout":"","ast-site-content-layout":"default","site-content-style":"default","site-sidebar-style":"default","ast-global-header-display":"","ast-banner-title-visibility":"","ast-main-header-display":"","ast-hfb-above-header-display":"","ast-hfb-below-header-display":"","ast-hfb-mobile-header-display":"","site-post-title":"","ast-breadcrumbs-content":"","ast-featured-img":"","footer-sml-layout":"","ast-disable-related-posts":"","theme-transparent-header-meta":"default","adv-header-id-meta":"","stick-header-meta":"","header-above-stick-meta":"","header-main-stick-meta":"","header-below-stick-meta":"","astra-migrate-meta-layouts":"set","ast-page-background-enabled":"default","ast-page-background-meta":{"desktop":{"background-color":"var(--ast-global-color-5)","background-image":"","background-repeat":"repeat","background-position":"center center","background-size":"auto","background-attachment":"scroll","background-type":"","background-media":"","overlay-type":"","overlay-color":"","overlay-opacity":"","overlay-gradient":""},"tablet":{"background-color":"","background-image":"","background-repeat":"repeat","background-position":"center center","background-size":"auto","background-attachment":"scroll","background-type":"","background-media":"","overlay-type":"","overlay-color":"","overlay-opacity":"","overlay-gradient":""},"mobile":{"background-color":"","background-image":"","background-repeat":"repeat","background-position":"center center","background-size":"auto","background-attachment":"scroll","background-type":"","background-media":"","overlay-type":"","overlay-color":"","overlay-opacity":"","overlay-gradient":""}},"ast-content-background-meta":{"desktop":{"background-color":"var(--ast-global-color-4)","background-image":"","background-repeat":"repeat","background-position":"center center","background-size":"auto","background-attachment":"scroll","background-type":"","background-media":"","overlay-type":"","overlay-color":"","overlay-opacity":"","overlay-gradient":""},"tablet":{"background-color":"var(--ast-global-color-4)","background-image":"","background-repeat":"repeat","background-position":"center center","background-size":"auto","background-attachment":"scroll","background-type":"","background-media":"","overlay-type":"","overlay-color":"","overlay-opacity":"","overlay-gradient":""},"mobile":{"background-color":"var(--ast-global-color-4)","background-image":"","background-repeat":"repeat","background-position":"center center","background-size":"auto","background-attachment":"scroll","background-type":"","background-media":"","overlay-type":"","overlay-color":"","overlay-opacity":"","overlay-gradient":""}}},"product_brand":[],"product_cat":[91,51,88],"product_tag":[89,92,90,93],"class_list":{"0":"post-560","1":"product","2":"type-product","3":"status-publish","4":"has-post-thumbnail","6":"product_cat-imitacja-drewna","7":"product_cat-inne","8":"product_cat-wyroby-betonowe","9":"product_tag-betonowe-drewno-bydgoszcz","10":"product_tag-betonowy-pien","11":"product_tag-drewno-betonowe","12":"product_tag-pien-do-ogrodu","13":"desktop-align-left","14":"tablet-align-left","15":"mobile-align-left","17":"first","18":"outofstock","19":"shipping-taxable","20":"purchasable","21":"product-type-simple"},"uagb_featured_image_src":{"full":["https:\/\/goldenstones.pl\/wp-content\/uploads\/2026\/02\/pien-betonowy-20-55x200mm.jpg",256,256,false],"thumbnail":["https:\/\/goldenstones.pl\/wp-content\/uploads\/2026\/02\/pien-betonowy-20-55x200mm-150x150.jpg",150,150,true],"medium":["https:\/\/goldenstones.pl\/wp-content\/uploads\/2026\/02\/pien-betonowy-20-55x200mm.jpg",256,256,false],"medium_large":["https:\/\/goldenstones.pl\/wp-content\/uploads\/2026\/02\/pien-betonowy-20-55x200mm.jpg",256,256,false],"large":["https:\/\/goldenstones.pl\/wp-content\/uploads\/2026\/02\/pien-betonowy-20-55x200mm.jpg",256,256,false],"1536x1536":["https:\/\/goldenstones.pl\/wp-content\/uploads\/2026\/02\/pien-betonowy-20-55x200mm.jpg",256,256,false],"2048x2048":["https:\/\/goldenstones.pl\/wp-content\/uploads\/2026\/02\/pien-betonowy-20-55x200mm.jpg",256,256,false],"woocommerce_thumbnail":["https:\/\/goldenstones.pl\/wp-content\/uploads\/2026\/02\/pien-betonowy-20-55x200mm.jpg",256,256,false],"woocommerce_single":["https:\/\/goldenstones.pl\/wp-content\/uploads\/2026\/02\/pien-betonowy-20-55x200mm.jpg",256,256,false],"woocommerce_gallery_thumbnail":["https:\/\/goldenstones.pl\/wp-content\/uploads\/2026\/02\/pien-betonowy-20-55x200mm-100x100.jpg",100,100,true]},"uagb_author_info":{"display_name":"admin","author_link":"https:\/\/goldenstones.pl\/?author=0"},"uagb_comment_info":0,"uagb_excerpt":"WIELKO\u015a\u0106: 200x55mm CECHY CHARAKTERYSTYCZNE: produkt betonowy, imitacja faktury pnia drewna KOLORYSTYKA: odcienie br\u0105zu, ugr\u00f3w PRZEZNACZENIE: ozdoba ogrodowa Podana na stronie cena dotyczy jednej sztuki produktu.","_links":{"self":[{"href":"https:\/\/goldenstones.pl\/index.php?rest_route=\/wp\/v2\/product\/560","targetHints":{"allow":["GET"]}}],"collection":[{"href":"https:\/\/goldenstones.pl\/index.php?rest_route=\/wp\/v2\/product"}],"about":[{"href":"https:\/\/goldenstones.pl\/index.php?rest_route=\/wp\/v2\/types\/product"}],"replies":[{"embeddable":true,"href":"https:\/\/goldenstones.pl\/index.php?rest_route=%2Fwp%2Fv2%2Fcomments&post=560"}],"wp:featuredmedia":[{"embeddable":true,"href":"https:\/\/goldenstones.pl\/index.php?rest_route=\/wp\/v2\/media\/594"}],"wp:attachment":[{"href":"https:\/\/goldenstones.pl\/index.php?rest_route=%2Fwp%2Fv2%2Fmedia&parent=560"}],"wp:term":[{"taxonomy":"product_brand","embeddable":true,"href":"https:\/\/goldenstones.pl\/index.php?rest_route=%2Fwp%2Fv2%2Fproduct_brand&post=560"},{"taxonomy":"product_cat","embeddable":true,"href":"https:\/\/goldenstones.pl\/index.php?rest_route=%2Fwp%2Fv2%2Fproduct_cat&post=560"},{"taxonomy":"product_tag","embeddable":true,"href":"https:\/\/goldenstones.pl\/index.php?rest_route=%2Fwp%2Fv2%2Fproduct_tag&post=560"}],"curies":[{"name":"wp","href":"https:\/\/api.w.org\/{rel}","templated":true}]}}