{"id":615,"date":"2026-02-20T10:09:23","date_gmt":"2026-02-20T10:09:23","guid":{"rendered":"https:\/\/goldenstones.pl\/?post_type=product&#038;p=615"},"modified":"2026-02-23T12:36:08","modified_gmt":"2026-02-23T12:36:08","slug":"ziemia-uniwersalna-50l","status":"publish","type":"product","link":"https:\/\/goldenstones.pl\/?product=ziemia-uniwersalna-50l","title":{"rendered":"Ziemia uniwersalna 50L"},"content":{"rendered":"<h2>Ziemia uniwersalna do ro\u015blin lub warzyw<\/h2>\n<p>Potrzebujesz nawozu do swoich kwiat\u00f3w lub do warzyw? Sprawd\u017a nasz\u0105 ziemie uniwersaln\u0105, kt\u00f3ra b\u0119dzie idealna do ro\u015blin zielonych czy kwitn\u0105cych. Posiada ona wysok\u0105 warto\u015b\u0107 fosforu oraz potasu, przez co zapewnia lepsze kwitnienie oraz owocowanie. Mo\u017cesz wykorzysta\u0107 go do uprawy zi\u00f3\u0142, kwiat\u00f3w na balkonie czy w ogrodzie.\u00a0 Zawiera torf wysoki jasny, ciemny i kred\u0119. Jest to naw\u00f3z wielosk\u0142adnikowy, dzi\u0119ki czemu zapewnia odpowiednie napowietrzenie oraz nawodnienie. Nie wymaga ona nawo\u017cenia od 4 do 6 tygodni oraz nie musisz wzbogaca\u0107 gleb\u0119 dodatkowymi preparatami. Jest to lekka formu\u0142a, kt\u00f3ra b\u0119dzie \u015bwietnie gra\u0142a z ro\u015blinami. Dobrze dobrany sk\u0142ad chemiczny pozwala na to aby Twoje kwiaty mia\u0142y dogodne warunki. Wy\u015blemy Twoje zam\u00f3wienie najszybciej jak si\u0119 da! Je\u017celi z jakiego\u015b powodu nie mo\u017cesz odebra\u0107 paczki to niczym si\u0119 nie przejmuj, my przywieziemy Tw\u00f3j produkt! Mamy mn\u00f3stwo innych ofert, kt\u00f3re ci\u0119 zachwyc\u0105! Nie wierzysz?<a href=\"https:\/\/www.goldenstones.pl\/sklep\/kategoria\/artykuly_ogrodnicze\/podsypki\/ziemia\/\"> Sam zobacz i wejd\u017a &gt;&gt; tutaj!\u00a0<\/a><\/p>\n<p>&nbsp;<\/p>\n","protected":false},"excerpt":{"rendered":"<ul>\n<li><strong><span style=\"color: #E36A00;\">OPAKOWANIE: <\/span><\/strong><span style=\"color: #333333;\">50L<\/span><\/li>\n<li><strong><span style=\"color: #E36A00;\">SK\u0141AD: <\/span><\/strong>torf wysoki jasny, torf wysoki ciemny, kreda, naw\u00f3z wielosk\u0142adnikowy: makroelementy (N, P, K) + mikroelementy (Mg, S, B, Fe, Mn, Zn)<\/li>\n<li><strong><span style=\"color: #E36A00;\">CECHY PRODUKTU: <\/span><\/strong>wspomaga w utrzymaniu wilgoci gleby, zwi\u0119kszona zawarto\u015b\u0107 fosforu i potasu zapewnia lepsze kwitnienie i owocowanie<\/li>\n<li><strong><span style=\"color: #E36A00;\">PRZEZNACZENIE: <\/span><\/strong>do uprawy warzyw, zi\u00f3\u0142 i kwiat\u00f3w w domu, ogrodzie, na balkonie i tarasie (pelargonii, surfinii, lobelii, fuksji)<\/li>\n<\/ul>\n","protected":false},"featured_media":645,"comment_status":"closed","ping_status":"closed","template":"","meta":{"_uag_custom_page_level_css":"","site-sidebar-layout":"default","site-content-layout":"","ast-site-content-layout":"default","site-content-style":"default","site-sidebar-style":"default","ast-global-header-display":"","ast-banner-title-visibility":"","ast-main-header-display":"","ast-hfb-above-header-display":"","ast-hfb-below-header-display":"","ast-hfb-mobile-header-display":"","site-post-title":"","ast-breadcrumbs-content":"","ast-featured-img":"","footer-sml-layout":"","ast-disable-related-posts":"","theme-transparent-header-meta":"","adv-header-id-meta":"","stick-header-meta":"","header-above-stick-meta":"","header-main-stick-meta":"","header-below-stick-meta":"","astra-migrate-meta-layouts":"default","ast-page-background-enabled":"default","ast-page-background-meta":{"desktop":{"background-color":"var(--ast-global-color-5)","background-image":"","background-repeat":"repeat","background-position":"center center","background-size":"auto","background-attachment":"scroll","background-type":"","background-media":"","overlay-type":"","overlay-color":"","overlay-opacity":"","overlay-gradient":""},"tablet":{"background-color":"","background-image":"","background-repeat":"repeat","background-position":"center center","background-size":"auto","background-attachment":"scroll","background-type":"","background-media":"","overlay-type":"","overlay-color":"","overlay-opacity":"","overlay-gradient":""},"mobile":{"background-color":"","background-image":"","background-repeat":"repeat","background-position":"center center","background-size":"auto","background-attachment":"scroll","background-type":"","background-media":"","overlay-type":"","overlay-color":"","overlay-opacity":"","overlay-gradient":""}},"ast-content-background-meta":{"desktop":{"background-color":"var(--ast-global-color-4)","background-image":"","background-repeat":"repeat","background-position":"center center","background-size":"auto","background-attachment":"scroll","background-type":"","background-media":"","overlay-type":"","overlay-color":"","overlay-opacity":"","overlay-gradient":""},"tablet":{"background-color":"var(--ast-global-color-4)","background-image":"","background-repeat":"repeat","background-position":"center center","background-size":"auto","background-attachment":"scroll","background-type":"","background-media":"","overlay-type":"","overlay-color":"","overlay-opacity":"","overlay-gradient":""},"mobile":{"background-color":"var(--ast-global-color-4)","background-image":"","background-repeat":"repeat","background-position":"center center","background-size":"auto","background-attachment":"scroll","background-type":"","background-media":"","overlay-type":"","overlay-color":"","overlay-opacity":"","overlay-gradient":""}}},"product_brand":[],"product_cat":[43,109],"product_tag":[110,111],"class_list":{"0":"post-615","1":"product","2":"type-product","3":"status-publish","4":"has-post-thumbnail","6":"product_cat-artykuly-ogrodnicze","7":"product_cat-ziemia-podloza","8":"product_tag-ziemia-do-ogrodu","9":"product_tag-ziemia-uniwerslna","10":"desktop-align-left","11":"tablet-align-left","12":"mobile-align-left","14":"first","15":"instock","16":"shipping-taxable","17":"purchasable","18":"product-type-simple"},"uagb_featured_image_src":{"full":["https:\/\/goldenstones.pl\/wp-content\/uploads\/2026\/02\/uniwersalna-ziemia-kwiatowa-do-kwiatow-.jpg",300,300,false],"thumbnail":["https:\/\/goldenstones.pl\/wp-content\/uploads\/2026\/02\/uniwersalna-ziemia-kwiatowa-do-kwiatow--150x150.jpg",150,150,true],"medium":["https:\/\/goldenstones.pl\/wp-content\/uploads\/2026\/02\/uniwersalna-ziemia-kwiatowa-do-kwiatow-.jpg",300,300,false],"medium_large":["https:\/\/goldenstones.pl\/wp-content\/uploads\/2026\/02\/uniwersalna-ziemia-kwiatowa-do-kwiatow-.jpg",300,300,false],"large":["https:\/\/goldenstones.pl\/wp-content\/uploads\/2026\/02\/uniwersalna-ziemia-kwiatowa-do-kwiatow-.jpg",300,300,false],"1536x1536":["https:\/\/goldenstones.pl\/wp-content\/uploads\/2026\/02\/uniwersalna-ziemia-kwiatowa-do-kwiatow-.jpg",300,300,false],"2048x2048":["https:\/\/goldenstones.pl\/wp-content\/uploads\/2026\/02\/uniwersalna-ziemia-kwiatowa-do-kwiatow-.jpg",300,300,false],"woocommerce_thumbnail":["https:\/\/goldenstones.pl\/wp-content\/uploads\/2026\/02\/uniwersalna-ziemia-kwiatowa-do-kwiatow-.jpg",300,300,false],"woocommerce_single":["https:\/\/goldenstones.pl\/wp-content\/uploads\/2026\/02\/uniwersalna-ziemia-kwiatowa-do-kwiatow-.jpg",300,300,false],"woocommerce_gallery_thumbnail":["https:\/\/goldenstones.pl\/wp-content\/uploads\/2026\/02\/uniwersalna-ziemia-kwiatowa-do-kwiatow--100x100.jpg",100,100,true]},"uagb_author_info":{"display_name":"admin","author_link":"https:\/\/goldenstones.pl\/?author=0"},"uagb_comment_info":0,"uagb_excerpt":"OPAKOWANIE: 50L SK\u0141AD: torf wysoki jasny, torf wysoki ciemny, kreda, naw\u00f3z wielosk\u0142adnikowy: makroelementy (N, P, K) + mikroelementy (Mg, S, B, Fe, Mn, Zn) CECHY PRODUKTU: wspomaga w utrzymaniu wilgoci gleby, zwi\u0119kszona zawarto\u015b\u0107 fosforu i potasu zapewnia lepsze kwitnienie i owocowanie PRZEZNACZENIE: do uprawy warzyw, zi\u00f3\u0142 i kwiat\u00f3w w domu, ogrodzie, na balkonie i tarasie&hellip;","_links":{"self":[{"href":"https:\/\/goldenstones.pl\/index.php?rest_route=\/wp\/v2\/product\/615","targetHints":{"allow":["GET"]}}],"collection":[{"href":"https:\/\/goldenstones.pl\/index.php?rest_route=\/wp\/v2\/product"}],"about":[{"href":"https:\/\/goldenstones.pl\/index.php?rest_route=\/wp\/v2\/types\/product"}],"replies":[{"embeddable":true,"href":"https:\/\/goldenstones.pl\/index.php?rest_route=%2Fwp%2Fv2%2Fcomments&post=615"}],"wp:featuredmedia":[{"embeddable":true,"href":"https:\/\/goldenstones.pl\/index.php?rest_route=\/wp\/v2\/media\/645"}],"wp:attachment":[{"href":"https:\/\/goldenstones.pl\/index.php?rest_route=%2Fwp%2Fv2%2Fmedia&parent=615"}],"wp:term":[{"taxonomy":"product_brand","embeddable":true,"href":"https:\/\/goldenstones.pl\/index.php?rest_route=%2Fwp%2Fv2%2Fproduct_brand&post=615"},{"taxonomy":"product_cat","embeddable":true,"href":"https:\/\/goldenstones.pl\/index.php?rest_route=%2Fwp%2Fv2%2Fproduct_cat&post=615"},{"taxonomy":"product_tag","embeddable":true,"href":"https:\/\/goldenstones.pl\/index.php?rest_route=%2Fwp%2Fv2%2Fproduct_tag&post=615"}],"curies":[{"name":"wp","href":"https:\/\/api.w.org\/{rel}","templated":true}]}}