{"id":616,"date":"2026-02-20T10:09:23","date_gmt":"2026-02-20T10:09:23","guid":{"rendered":"https:\/\/goldenstones.pl\/?post_type=product&#038;p=616"},"modified":"2026-02-23T12:36:08","modified_gmt":"2026-02-23T12:36:08","slug":"podloze-do-borowek-50l","status":"publish","type":"product","link":"https:\/\/goldenstones.pl\/?product=podloze-do-borowek-50l","title":{"rendered":"Pod\u0142o\u017ce do bor\u00f3wek 50L"},"content":{"rendered":"<h2>Ziemia do bor\u00f3wek<\/h2>\n<p>Masz ogr\u00f3d i chcesz posadzi\u0107 bor\u00f3wki lub inne owoce? Idealnie si\u0119 do tego nada ziemia do bor\u00f3wek! Dzi\u0119ki dostarczeniu niezb\u0119dnych sk\u0142adnik\u00f3w mikroelement\u00f3w oraz makroelement\u00f3w doskonale pobudza wzrost korzeni oraz fantastycznie przepuszcza powietrze i wod\u0119! Gwarantuj\u0105 pi\u0119kn\u0105 ziele\u0144 li\u015bci i daj\u0105 wi\u0119ksz\u0105 szanse na szybkie owocowanie oraz kwitnienie. Nie pozwala ro\u015blinom uschn\u0105\u0107 przez \u015bwietne magazynowanie wody. Mo\u017cna u\u017cywa\u0107 nawozu r\u00f3wnie\u017c do posadzenia wrzos\u00f3w, azali lub kwiat\u00f3w kwa\u015bnolubnych. Nie czekaj d\u0142u\u017cej i zam\u00f3w ju\u017c dzisiaj!<\/p>\n<p><a href=\"https:\/\/www.goldenstones.pl\/sklep\/kategoria\/artykuly_ogrodnicze\/podsypki\/ziemia\/\">Zobacz i sprawd\u017a nasze inne ciekawe artyku\u0142y!\u00a0<\/a><\/p>\n","protected":false},"excerpt":{"rendered":"<ul>\n<li><strong><span style=\"color: #E36A00;\">OPAKOWANIE: <\/span><\/strong><span style=\"color: #333333;\">50L<\/span><\/li>\n<li><strong><span style=\"color: #E36A00;\">SK\u0141AD: <\/span><\/strong>torf wysoki jasny, torf wysoki ciemny, kora sosnowa mielona kompostowana, kaw\u00f3z wielosk\u0142adnikowy: makroelementy (N, P, K) + mikroelementy (Mg, S, B, Fe, Mn, Zn)<\/li>\n<li><strong><span style=\"color: #E36A00;\">CECHY PRODUKTU: <\/span><\/strong>wspomaga w utrzymaniu wilgoci gleby, zwi\u0119kszona zawarto\u015b\u0107 fosforu i potasu zapewnia lepsze kwitnienie i owocowanie, niskie zasolenie, bogate w materi\u0119 organiczn\u0105<\/li>\n<li><strong><span style=\"color: #E36A00;\">PRZEZNACZENIE: <\/span><\/strong>do uprawy ro\u015blin kwa\u015bnolubnych sadowniczych, ze szczeg\u00f3lnym uwzgl\u0119dnieniem bor\u00f3wki ameryka\u0144skiej,<br \/>\nbor\u00f3wki niskiej, bor\u00f3wki brusznicy, \u017curawiny. Mo\u017ce by\u0107 tak\u017ce zastosowana do uprawy kwa\u015bnolubnych ro\u015blin ozdobnych<\/li>\n<\/ul>\n","protected":false},"featured_media":646,"comment_status":"closed","ping_status":"closed","template":"","meta":{"_uag_custom_page_level_css":"","site-sidebar-layout":"default","site-content-layout":"","ast-site-content-layout":"default","site-content-style":"default","site-sidebar-style":"default","ast-global-header-display":"","ast-banner-title-visibility":"","ast-main-header-display":"","ast-hfb-above-header-display":"","ast-hfb-below-header-display":"","ast-hfb-mobile-header-display":"","site-post-title":"","ast-breadcrumbs-content":"","ast-featured-img":"","footer-sml-layout":"","ast-disable-related-posts":"","theme-transparent-header-meta":"default","adv-header-id-meta":"","stick-header-meta":"","header-above-stick-meta":"","header-main-stick-meta":"","header-below-stick-meta":"","astra-migrate-meta-layouts":"set","ast-page-background-enabled":"default","ast-page-background-meta":{"desktop":{"background-color":"var(--ast-global-color-5)","background-image":"","background-repeat":"repeat","background-position":"center center","background-size":"auto","background-attachment":"scroll","background-type":"","background-media":"","overlay-type":"","overlay-color":"","overlay-opacity":"","overlay-gradient":""},"tablet":{"background-color":"","background-image":"","background-repeat":"repeat","background-position":"center center","background-size":"auto","background-attachment":"scroll","background-type":"","background-media":"","overlay-type":"","overlay-color":"","overlay-opacity":"","overlay-gradient":""},"mobile":{"background-color":"","background-image":"","background-repeat":"repeat","background-position":"center center","background-size":"auto","background-attachment":"scroll","background-type":"","background-media":"","overlay-type":"","overlay-color":"","overlay-opacity":"","overlay-gradient":""}},"ast-content-background-meta":{"desktop":{"background-color":"var(--ast-global-color-4)","background-image":"","background-repeat":"repeat","background-position":"center center","background-size":"auto","background-attachment":"scroll","background-type":"","background-media":"","overlay-type":"","overlay-color":"","overlay-opacity":"","overlay-gradient":""},"tablet":{"background-color":"var(--ast-global-color-4)","background-image":"","background-repeat":"repeat","background-position":"center center","background-size":"auto","background-attachment":"scroll","background-type":"","background-media":"","overlay-type":"","overlay-color":"","overlay-opacity":"","overlay-gradient":""},"mobile":{"background-color":"var(--ast-global-color-4)","background-image":"","background-repeat":"repeat","background-position":"center center","background-size":"auto","background-attachment":"scroll","background-type":"","background-media":"","overlay-type":"","overlay-color":"","overlay-opacity":"","overlay-gradient":""}}},"product_brand":[],"product_cat":[43,109],"product_tag":[112,113,114],"class_list":{"0":"post-616","1":"product","2":"type-product","3":"status-publish","4":"has-post-thumbnail","6":"product_cat-artykuly-ogrodnicze","7":"product_cat-ziemia-podloza","8":"product_tag-podloze-do-borowek","9":"product_tag-ziemia-ogrodowa-bydgoszcz","10":"product_tag-ziemia-uniwersalna-bydgoszcz","11":"desktop-align-left","12":"tablet-align-left","13":"mobile-align-left","15":"first","16":"outofstock","17":"shipping-taxable","18":"purchasable","19":"product-type-simple"},"uagb_featured_image_src":{"full":["https:\/\/goldenstones.pl\/wp-content\/uploads\/2026\/02\/podloze-do-borowek-hutrownia-sklad.jpg",300,300,false],"thumbnail":["https:\/\/goldenstones.pl\/wp-content\/uploads\/2026\/02\/podloze-do-borowek-hutrownia-sklad-150x150.jpg",150,150,true],"medium":["https:\/\/goldenstones.pl\/wp-content\/uploads\/2026\/02\/podloze-do-borowek-hutrownia-sklad.jpg",300,300,false],"medium_large":["https:\/\/goldenstones.pl\/wp-content\/uploads\/2026\/02\/podloze-do-borowek-hutrownia-sklad.jpg",300,300,false],"large":["https:\/\/goldenstones.pl\/wp-content\/uploads\/2026\/02\/podloze-do-borowek-hutrownia-sklad.jpg",300,300,false],"1536x1536":["https:\/\/goldenstones.pl\/wp-content\/uploads\/2026\/02\/podloze-do-borowek-hutrownia-sklad.jpg",300,300,false],"2048x2048":["https:\/\/goldenstones.pl\/wp-content\/uploads\/2026\/02\/podloze-do-borowek-hutrownia-sklad.jpg",300,300,false],"woocommerce_thumbnail":["https:\/\/goldenstones.pl\/wp-content\/uploads\/2026\/02\/podloze-do-borowek-hutrownia-sklad.jpg",300,300,false],"woocommerce_single":["https:\/\/goldenstones.pl\/wp-content\/uploads\/2026\/02\/podloze-do-borowek-hutrownia-sklad.jpg",300,300,false],"woocommerce_gallery_thumbnail":["https:\/\/goldenstones.pl\/wp-content\/uploads\/2026\/02\/podloze-do-borowek-hutrownia-sklad-100x100.jpg",100,100,true]},"uagb_author_info":{"display_name":"admin","author_link":"https:\/\/goldenstones.pl\/?author=0"},"uagb_comment_info":0,"uagb_excerpt":"OPAKOWANIE: 50L SK\u0141AD: torf wysoki jasny, torf wysoki ciemny, kora sosnowa mielona kompostowana, kaw\u00f3z wielosk\u0142adnikowy: makroelementy (N, P, K) + mikroelementy (Mg, S, B, Fe, Mn, Zn) CECHY PRODUKTU: wspomaga w utrzymaniu wilgoci gleby, zwi\u0119kszona zawarto\u015b\u0107 fosforu i potasu zapewnia lepsze kwitnienie i owocowanie, niskie zasolenie, bogate w materi\u0119 organiczn\u0105 PRZEZNACZENIE: do uprawy ro\u015blin kwa\u015bnolubnych&hellip;","_links":{"self":[{"href":"https:\/\/goldenstones.pl\/index.php?rest_route=\/wp\/v2\/product\/616","targetHints":{"allow":["GET"]}}],"collection":[{"href":"https:\/\/goldenstones.pl\/index.php?rest_route=\/wp\/v2\/product"}],"about":[{"href":"https:\/\/goldenstones.pl\/index.php?rest_route=\/wp\/v2\/types\/product"}],"replies":[{"embeddable":true,"href":"https:\/\/goldenstones.pl\/index.php?rest_route=%2Fwp%2Fv2%2Fcomments&post=616"}],"wp:featuredmedia":[{"embeddable":true,"href":"https:\/\/goldenstones.pl\/index.php?rest_route=\/wp\/v2\/media\/646"}],"wp:attachment":[{"href":"https:\/\/goldenstones.pl\/index.php?rest_route=%2Fwp%2Fv2%2Fmedia&parent=616"}],"wp:term":[{"taxonomy":"product_brand","embeddable":true,"href":"https:\/\/goldenstones.pl\/index.php?rest_route=%2Fwp%2Fv2%2Fproduct_brand&post=616"},{"taxonomy":"product_cat","embeddable":true,"href":"https:\/\/goldenstones.pl\/index.php?rest_route=%2Fwp%2Fv2%2Fproduct_cat&post=616"},{"taxonomy":"product_tag","embeddable":true,"href":"https:\/\/goldenstones.pl\/index.php?rest_route=%2Fwp%2Fv2%2Fproduct_tag&post=616"}],"curies":[{"name":"wp","href":"https:\/\/api.w.org\/{rel}","templated":true}]}}