{"id":617,"date":"2026-02-20T10:09:23","date_gmt":"2026-02-20T10:09:23","guid":{"rendered":"https:\/\/goldenstones.pl\/?post_type=product&#038;p=617"},"modified":"2026-02-23T12:36:08","modified_gmt":"2026-02-23T12:36:08","slug":"ziemia-do-drzewek-i-krzewow-owocowych-50l","status":"publish","type":"product","link":"https:\/\/goldenstones.pl\/?product=ziemia-do-drzewek-i-krzewow-owocowych-50l","title":{"rendered":"Ziemia do drzewek i krzew\u00f3w owocowych 50L"},"content":{"rendered":"<h2>Ziemia do drzewek oraz krzew\u00f3w<\/h2>\n<p>Masz dzia\u0142k\u0119 i posiadasz\u00a0 krzewy z czere\u015bniami lub innymi owocami? Naw\u00f3z, kt\u00f3ry posiadamy jest doskona\u0142y do upraw drzew czy krzew\u00f3w! Sk\u0142ada si\u0119 z torfu wysokiego, po\u015bredniego oraz kory sosnowej, kt\u00f3ra jest mielona.\u00a0 Stwarza idealne warunki dla sadzonek oraz \u015bwietn\u0105 rol\u0119 b\u0119dzie odgrywa\u0107 jako \u015bci\u00f3\u0142ka pod drzewkiem owocowym. Nie musisz martwi\u0107 si\u0119 o nawodnianiu pod\u0142o\u017ca. Nasz naw\u00f3z zapewni ci wilgotn\u0105 gleb\u0119.\u00a0 Produkt jest z naturalnych sk\u0142adnik\u00f3w oraz jest wzbogacona najwy\u017cszej jako\u015bci.\u00a0 Posiada wysoki odczyn pH oraz zapewni Ci szybkie ukorzenienie oraz wzrost ro\u015blin. Oferujemy Ci sprawne realizowanie oraz dostarczanie Twojego zam\u00f3wienia.\u00a0 Mamy przygotowane dla Ciebie jeszcze inne oferty! Jeste\u015b ciekawy? <a href=\"https:\/\/www.goldenstones.pl\/sklep\/kategoria\/artykuly_ogrodnicze\/podsypki\/ziemia\/\">Sprawd\u017a i wejd\u017a &gt;&gt; tutaj!\u00a0<\/a><\/p>\n","protected":false},"excerpt":{"rendered":"<ul>\n<li><strong><span style=\"color: #E36A00;\">OPAKOWANIE: <\/span><\/strong><span style=\"color: #333333;\">50L<\/span><\/li>\n<li><strong><span style=\"color: #E36A00;\">SK\u0141AD: <\/span><\/strong>torf wysoki, torf po\u015bredni, ziemia kompostowa, kora sosnowa mielona kompostowana, naw\u00f3z wielosk\u0142adnikowy zawieraj\u0105cy, makroelementy (N, P, K) + mikroelementy (Mg, S, B, Fe, Mn, Zn)<\/li>\n<li><strong><span style=\"color: #E36A00;\">CECHY PRODUKTU: <\/span><\/strong>wspomaga w utrzymywaniu wilgoci gleby, dzi\u0119ki zwi\u0119kszonemu dodatkowi kory sosnowejmielonej kompostowanej<br \/>\nPrzepuszczalna struktura<\/li>\n<li><strong><span style=\"color: #E36A00;\">PRZEZNACZENIE: <\/span><\/strong>do uprawy drzew i krzew\u00f3w owocowych tj.: jab\u0142onie, grusze, czere\u015bnie, wi\u015bnie, \u015bliwy, agresty, porzeczki, orzechy<\/li>\n<\/ul>\n","protected":false},"featured_media":647,"comment_status":"closed","ping_status":"closed","template":"","meta":{"_uag_custom_page_level_css":"","site-sidebar-layout":"default","site-content-layout":"","ast-site-content-layout":"default","site-content-style":"default","site-sidebar-style":"default","ast-global-header-display":"","ast-banner-title-visibility":"","ast-main-header-display":"","ast-hfb-above-header-display":"","ast-hfb-below-header-display":"","ast-hfb-mobile-header-display":"","site-post-title":"","ast-breadcrumbs-content":"","ast-featured-img":"","footer-sml-layout":"","ast-disable-related-posts":"","theme-transparent-header-meta":"","adv-header-id-meta":"","stick-header-meta":"","header-above-stick-meta":"","header-main-stick-meta":"","header-below-stick-meta":"","astra-migrate-meta-layouts":"default","ast-page-background-enabled":"default","ast-page-background-meta":{"desktop":{"background-color":"var(--ast-global-color-5)","background-image":"","background-repeat":"repeat","background-position":"center center","background-size":"auto","background-attachment":"scroll","background-type":"","background-media":"","overlay-type":"","overlay-color":"","overlay-opacity":"","overlay-gradient":""},"tablet":{"background-color":"","background-image":"","background-repeat":"repeat","background-position":"center center","background-size":"auto","background-attachment":"scroll","background-type":"","background-media":"","overlay-type":"","overlay-color":"","overlay-opacity":"","overlay-gradient":""},"mobile":{"background-color":"","background-image":"","background-repeat":"repeat","background-position":"center center","background-size":"auto","background-attachment":"scroll","background-type":"","background-media":"","overlay-type":"","overlay-color":"","overlay-opacity":"","overlay-gradient":""}},"ast-content-background-meta":{"desktop":{"background-color":"var(--ast-global-color-4)","background-image":"","background-repeat":"repeat","background-position":"center center","background-size":"auto","background-attachment":"scroll","background-type":"","background-media":"","overlay-type":"","overlay-color":"","overlay-opacity":"","overlay-gradient":""},"tablet":{"background-color":"var(--ast-global-color-4)","background-image":"","background-repeat":"repeat","background-position":"center center","background-size":"auto","background-attachment":"scroll","background-type":"","background-media":"","overlay-type":"","overlay-color":"","overlay-opacity":"","overlay-gradient":""},"mobile":{"background-color":"var(--ast-global-color-4)","background-image":"","background-repeat":"repeat","background-position":"center center","background-size":"auto","background-attachment":"scroll","background-type":"","background-media":"","overlay-type":"","overlay-color":"","overlay-opacity":"","overlay-gradient":""}}},"product_brand":[],"product_cat":[43,109],"product_tag":[112,113,114],"class_list":{"0":"post-617","1":"product","2":"type-product","3":"status-publish","4":"has-post-thumbnail","6":"product_cat-artykuly-ogrodnicze","7":"product_cat-ziemia-podloza","8":"product_tag-podloze-do-borowek","9":"product_tag-ziemia-ogrodowa-bydgoszcz","10":"product_tag-ziemia-uniwersalna-bydgoszcz","11":"desktop-align-left","12":"tablet-align-left","13":"mobile-align-left","15":"first","16":"instock","17":"shipping-taxable","18":"purchasable","19":"product-type-simple"},"uagb_featured_image_src":{"full":["https:\/\/goldenstones.pl\/wp-content\/uploads\/2026\/02\/ziemia-do-krzewow-idrzewek-ozdobnych.jpg",416,416,false],"thumbnail":["https:\/\/goldenstones.pl\/wp-content\/uploads\/2026\/02\/ziemia-do-krzewow-idrzewek-ozdobnych-150x150.jpg",150,150,true],"medium":["https:\/\/goldenstones.pl\/wp-content\/uploads\/2026\/02\/ziemia-do-krzewow-idrzewek-ozdobnych-300x300.jpg",300,300,true],"medium_large":["https:\/\/goldenstones.pl\/wp-content\/uploads\/2026\/02\/ziemia-do-krzewow-idrzewek-ozdobnych.jpg",416,416,false],"large":["https:\/\/goldenstones.pl\/wp-content\/uploads\/2026\/02\/ziemia-do-krzewow-idrzewek-ozdobnych.jpg",416,416,false],"1536x1536":["https:\/\/goldenstones.pl\/wp-content\/uploads\/2026\/02\/ziemia-do-krzewow-idrzewek-ozdobnych.jpg",416,416,false],"2048x2048":["https:\/\/goldenstones.pl\/wp-content\/uploads\/2026\/02\/ziemia-do-krzewow-idrzewek-ozdobnych.jpg",416,416,false],"woocommerce_thumbnail":["https:\/\/goldenstones.pl\/wp-content\/uploads\/2026\/02\/ziemia-do-krzewow-idrzewek-ozdobnych-300x300.jpg",300,300,true],"woocommerce_single":["https:\/\/goldenstones.pl\/wp-content\/uploads\/2026\/02\/ziemia-do-krzewow-idrzewek-ozdobnych.jpg",416,416,false],"woocommerce_gallery_thumbnail":["https:\/\/goldenstones.pl\/wp-content\/uploads\/2026\/02\/ziemia-do-krzewow-idrzewek-ozdobnych-100x100.jpg",100,100,true]},"uagb_author_info":{"display_name":"admin","author_link":"https:\/\/goldenstones.pl\/?author=0"},"uagb_comment_info":0,"uagb_excerpt":"OPAKOWANIE: 50L SK\u0141AD: torf wysoki, torf po\u015bredni, ziemia kompostowa, kora sosnowa mielona kompostowana, naw\u00f3z wielosk\u0142adnikowy zawieraj\u0105cy, makroelementy (N, P, K) + mikroelementy (Mg, S, B, Fe, Mn, Zn) CECHY PRODUKTU: wspomaga w utrzymywaniu wilgoci gleby, dzi\u0119ki zwi\u0119kszonemu dodatkowi kory sosnowejmielonej kompostowanej Przepuszczalna struktura PRZEZNACZENIE: do uprawy drzew i krzew\u00f3w owocowych tj.: jab\u0142onie, grusze, czere\u015bnie, wi\u015bnie,&hellip;","_links":{"self":[{"href":"https:\/\/goldenstones.pl\/index.php?rest_route=\/wp\/v2\/product\/617","targetHints":{"allow":["GET"]}}],"collection":[{"href":"https:\/\/goldenstones.pl\/index.php?rest_route=\/wp\/v2\/product"}],"about":[{"href":"https:\/\/goldenstones.pl\/index.php?rest_route=\/wp\/v2\/types\/product"}],"replies":[{"embeddable":true,"href":"https:\/\/goldenstones.pl\/index.php?rest_route=%2Fwp%2Fv2%2Fcomments&post=617"}],"wp:featuredmedia":[{"embeddable":true,"href":"https:\/\/goldenstones.pl\/index.php?rest_route=\/wp\/v2\/media\/647"}],"wp:attachment":[{"href":"https:\/\/goldenstones.pl\/index.php?rest_route=%2Fwp%2Fv2%2Fmedia&parent=617"}],"wp:term":[{"taxonomy":"product_brand","embeddable":true,"href":"https:\/\/goldenstones.pl\/index.php?rest_route=%2Fwp%2Fv2%2Fproduct_brand&post=617"},{"taxonomy":"product_cat","embeddable":true,"href":"https:\/\/goldenstones.pl\/index.php?rest_route=%2Fwp%2Fv2%2Fproduct_cat&post=617"},{"taxonomy":"product_tag","embeddable":true,"href":"https:\/\/goldenstones.pl\/index.php?rest_route=%2Fwp%2Fv2%2Fproduct_tag&post=617"}],"curies":[{"name":"wp","href":"https:\/\/api.w.org\/{rel}","templated":true}]}}