{"id":619,"date":"2026-02-20T10:09:23","date_gmt":"2026-02-20T10:09:23","guid":{"rendered":"https:\/\/goldenstones.pl\/?post_type=product&#038;p=619"},"modified":"2026-02-23T12:36:08","modified_gmt":"2026-02-23T12:36:08","slug":"substrat-torfowy-do-roslin-warzywnych-i-ozdobnych-50l","status":"publish","type":"product","link":"https:\/\/goldenstones.pl\/?product=substrat-torfowy-do-roslin-warzywnych-i-ozdobnych-50l","title":{"rendered":"Substrat torfowy do ro\u015blin warzywnych i ozdobnych 50L"},"content":{"rendered":"<h2>Pod\u0142o\u017ca do ro\u015blin warzywnych i ozdobnych<\/h2>\n<p>Poszukujesz pod\u0142o\u017ca do swoich ro\u015blin? Uprawiasz ro\u015bliny warzywne? Substrat torfowy nada si\u0119 doskonale! \u015awietnie zadba o Twoje kwiaty!\u00a0 Jego zalet\u0105 jest to \u017ce, d\u0142ugo utrzymuje wilgo\u0107 w glebie. Produkt przygotowany jest z torfu wysokiego ciemnego oraz jasnego, dzi\u0119ki czemu jest to przepuszczana struktura. Od\u017cywia ro\u015bliny przez d\u0142ugi okres czasu oraz posiada niski poziom zasolenia.\u00a0 Mo\u017cesz zastosowa\u0107 go w ogr\u00f3dkach, na dzia\u0142kach lub przesadzania ro\u015blin warzywnych w pojemnikach.<\/p>\n<p><a href=\"https:\/\/www.goldenstones.pl\/sklep\/kategoria\/artykuly_ogrodnicze\/podsypki\/ziemia\/\">Mamy dla ciebie jeszcze inne oferty! Sprawd\u017a i si\u0119 przekonaj!\u00a0<\/a><\/p>\n","protected":false},"excerpt":{"rendered":"<p>opakowanie 50l<br \/>\nZastosowanie:<br \/>\nDo wysiewu, pikowania, przesadzania wi\u0119kszo\u015bci ro\u015blin ozdobnych, warzywnych w pojemnikach, na dzia\u0142kach i ogr\u00f3dkach oraz upraw towarowych<\/p>\n","protected":false},"featured_media":649,"comment_status":"closed","ping_status":"closed","template":"","meta":{"_uag_custom_page_level_css":"","site-sidebar-layout":"default","site-content-layout":"","ast-site-content-layout":"default","site-content-style":"default","site-sidebar-style":"default","ast-global-header-display":"","ast-banner-title-visibility":"","ast-main-header-display":"","ast-hfb-above-header-display":"","ast-hfb-below-header-display":"","ast-hfb-mobile-header-display":"","site-post-title":"","ast-breadcrumbs-content":"","ast-featured-img":"","footer-sml-layout":"","ast-disable-related-posts":"","theme-transparent-header-meta":"","adv-header-id-meta":"","stick-header-meta":"","header-above-stick-meta":"","header-main-stick-meta":"","header-below-stick-meta":"","astra-migrate-meta-layouts":"default","ast-page-background-enabled":"default","ast-page-background-meta":{"desktop":{"background-color":"var(--ast-global-color-5)","background-image":"","background-repeat":"repeat","background-position":"center center","background-size":"auto","background-attachment":"scroll","background-type":"","background-media":"","overlay-type":"","overlay-color":"","overlay-opacity":"","overlay-gradient":""},"tablet":{"background-color":"","background-image":"","background-repeat":"repeat","background-position":"center center","background-size":"auto","background-attachment":"scroll","background-type":"","background-media":"","overlay-type":"","overlay-color":"","overlay-opacity":"","overlay-gradient":""},"mobile":{"background-color":"","background-image":"","background-repeat":"repeat","background-position":"center center","background-size":"auto","background-attachment":"scroll","background-type":"","background-media":"","overlay-type":"","overlay-color":"","overlay-opacity":"","overlay-gradient":""}},"ast-content-background-meta":{"desktop":{"background-color":"var(--ast-global-color-4)","background-image":"","background-repeat":"repeat","background-position":"center center","background-size":"auto","background-attachment":"scroll","background-type":"","background-media":"","overlay-type":"","overlay-color":"","overlay-opacity":"","overlay-gradient":""},"tablet":{"background-color":"var(--ast-global-color-4)","background-image":"","background-repeat":"repeat","background-position":"center center","background-size":"auto","background-attachment":"scroll","background-type":"","background-media":"","overlay-type":"","overlay-color":"","overlay-opacity":"","overlay-gradient":""},"mobile":{"background-color":"var(--ast-global-color-4)","background-image":"","background-repeat":"repeat","background-position":"center center","background-size":"auto","background-attachment":"scroll","background-type":"","background-media":"","overlay-type":"","overlay-color":"","overlay-opacity":"","overlay-gradient":""}}},"product_brand":[],"product_cat":[43,109],"product_tag":[112,113,114],"class_list":{"0":"post-619","1":"product","2":"type-product","3":"status-publish","4":"has-post-thumbnail","6":"product_cat-artykuly-ogrodnicze","7":"product_cat-ziemia-podloza","8":"product_tag-podloze-do-borowek","9":"product_tag-ziemia-ogrodowa-bydgoszcz","10":"product_tag-ziemia-uniwersalna-bydgoszcz","11":"desktop-align-left","12":"tablet-align-left","13":"mobile-align-left","15":"first","16":"instock","17":"shipping-taxable","18":"purchasable","19":"product-type-simple"},"uagb_featured_image_src":{"full":["https:\/\/goldenstones.pl\/wp-content\/uploads\/2026\/02\/substrat-torfowy-do-warzyw-i-roslin-ozdobnych-bydgoszcz.jpg",300,300,false],"thumbnail":["https:\/\/goldenstones.pl\/wp-content\/uploads\/2026\/02\/substrat-torfowy-do-warzyw-i-roslin-ozdobnych-bydgoszcz-150x150.jpg",150,150,true],"medium":["https:\/\/goldenstones.pl\/wp-content\/uploads\/2026\/02\/substrat-torfowy-do-warzyw-i-roslin-ozdobnych-bydgoszcz.jpg",300,300,false],"medium_large":["https:\/\/goldenstones.pl\/wp-content\/uploads\/2026\/02\/substrat-torfowy-do-warzyw-i-roslin-ozdobnych-bydgoszcz.jpg",300,300,false],"large":["https:\/\/goldenstones.pl\/wp-content\/uploads\/2026\/02\/substrat-torfowy-do-warzyw-i-roslin-ozdobnych-bydgoszcz.jpg",300,300,false],"1536x1536":["https:\/\/goldenstones.pl\/wp-content\/uploads\/2026\/02\/substrat-torfowy-do-warzyw-i-roslin-ozdobnych-bydgoszcz.jpg",300,300,false],"2048x2048":["https:\/\/goldenstones.pl\/wp-content\/uploads\/2026\/02\/substrat-torfowy-do-warzyw-i-roslin-ozdobnych-bydgoszcz.jpg",300,300,false],"woocommerce_thumbnail":["https:\/\/goldenstones.pl\/wp-content\/uploads\/2026\/02\/substrat-torfowy-do-warzyw-i-roslin-ozdobnych-bydgoszcz.jpg",300,300,false],"woocommerce_single":["https:\/\/goldenstones.pl\/wp-content\/uploads\/2026\/02\/substrat-torfowy-do-warzyw-i-roslin-ozdobnych-bydgoszcz.jpg",300,300,false],"woocommerce_gallery_thumbnail":["https:\/\/goldenstones.pl\/wp-content\/uploads\/2026\/02\/substrat-torfowy-do-warzyw-i-roslin-ozdobnych-bydgoszcz-100x100.jpg",100,100,true]},"uagb_author_info":{"display_name":"admin","author_link":"https:\/\/goldenstones.pl\/?author=0"},"uagb_comment_info":0,"uagb_excerpt":"opakowanie 50l Zastosowanie: Do wysiewu, pikowania, przesadzania wi\u0119kszo\u015bci ro\u015blin ozdobnych, warzywnych w pojemnikach, na dzia\u0142kach i ogr\u00f3dkach oraz upraw towarowych","_links":{"self":[{"href":"https:\/\/goldenstones.pl\/index.php?rest_route=\/wp\/v2\/product\/619","targetHints":{"allow":["GET"]}}],"collection":[{"href":"https:\/\/goldenstones.pl\/index.php?rest_route=\/wp\/v2\/product"}],"about":[{"href":"https:\/\/goldenstones.pl\/index.php?rest_route=\/wp\/v2\/types\/product"}],"replies":[{"embeddable":true,"href":"https:\/\/goldenstones.pl\/index.php?rest_route=%2Fwp%2Fv2%2Fcomments&post=619"}],"wp:featuredmedia":[{"embeddable":true,"href":"https:\/\/goldenstones.pl\/index.php?rest_route=\/wp\/v2\/media\/649"}],"wp:attachment":[{"href":"https:\/\/goldenstones.pl\/index.php?rest_route=%2Fwp%2Fv2%2Fmedia&parent=619"}],"wp:term":[{"taxonomy":"product_brand","embeddable":true,"href":"https:\/\/goldenstones.pl\/index.php?rest_route=%2Fwp%2Fv2%2Fproduct_brand&post=619"},{"taxonomy":"product_cat","embeddable":true,"href":"https:\/\/goldenstones.pl\/index.php?rest_route=%2Fwp%2Fv2%2Fproduct_cat&post=619"},{"taxonomy":"product_tag","embeddable":true,"href":"https:\/\/goldenstones.pl\/index.php?rest_route=%2Fwp%2Fv2%2Fproduct_tag&post=619"}],"curies":[{"name":"wp","href":"https:\/\/api.w.org\/{rel}","templated":true}]}}