{"id":620,"date":"2026-02-20T10:09:23","date_gmt":"2026-02-20T10:09:23","guid":{"rendered":"https:\/\/goldenstones.pl\/?post_type=product&#038;p=620"},"modified":"2026-02-23T12:36:08","modified_gmt":"2026-02-23T12:36:08","slug":"ziemia-do-trawnikow-50l","status":"publish","type":"product","link":"https:\/\/goldenstones.pl\/?product=ziemia-do-trawnikow-50l","title":{"rendered":"Ziemia do trawnik\u00f3w 50L"},"content":{"rendered":"<h2>Pod\u0142o\u017ca do trawnik\u00f3w<\/h2>\n<p>Chcesz mie\u0107 pi\u0119kn\u0105 traw\u0119 na swojej dzia\u0142ce? Nie wiesz jak o ni\u0105 zadba\u0107? Mamy specjaln\u0105 ziemie do trawnik\u00f3w, kt\u00f3ra polepszy struktur\u0119 gleby oraz ochroni przed szkodnikami. Mo\u017cesz j\u0105 r\u00f3wnie\u017c zastosowa\u0107 do drzew lub krzew\u00f3w. Wa\u017cn\u0105 cech\u0105 tego nawozu jest to \u017ce, przeciwdzia\u0142a wzrostowi mchu. Zawiera odpowiednie sk\u0142adniki od\u017cywcze\u00a0 przez co ma pozytywny\u00a0 wp\u0142yw na rozw\u00f3j kie\u0142kowania oraz wzrost.\u00a0 Nie wymaga dodatkowych czynno\u015bci taki jak nawo\u017cenie czy spulchnienie gleby. Produkt jest w pe\u0142ni ekologiczny dzi\u0119ki czemu nie ma z\u0142ego wp\u0142ywu na \u015brodowisko.<\/p>\n<p><a href=\"https:\/\/www.goldenstones.pl\/sklep\/kategoria\/artykuly_ogrodnicze\/podsypki\/ziemia\/\">Wejd\u017a i sprawd\u017a jakie inne artyku\u0142y mamy dla Ciebie!\u00a0<\/a><\/p>\n","protected":false},"excerpt":{"rendered":"<ul>\n<li><strong><span style=\"color: #E36A00;\">OPAKOWANIE: <\/span><\/strong><span style=\"color: #333333;\">50L<\/span><\/li>\n<li><strong><span style=\"color: #E36A00;\">SK\u0141AD: <\/span><\/strong>torf wysoki jasny, torf wysoki ciemny, kreda, naw\u00f3z wielosk\u0142adnikowy: makroelementy (N, P, K) + mikroelementy (Mg, S, B, Fe, Mn, Zn)<\/li>\n<li><strong><span style=\"color: #E36A00;\">CECHY PRODUKTU: <\/span><\/strong>zwi\u0119kszona zawarto\u015b\u0107 magnezu i \u017celaza zapewnia dobre wybarwienie igie\u0142, przepuszczalna i porowata struktura<\/li>\n<li><strong><span style=\"color: #E36A00;\">PRZEZNACZENIE: <\/span><\/strong>do uprawy drzew i krzew\u00f3w iglastych tj. sosny, \u015bwierki, modrzewie, tuje, cyprysiki, ja\u0142owce w donicach i w gruncie<\/li>\n<\/ul>\n","protected":false},"featured_media":650,"comment_status":"closed","ping_status":"closed","template":"","meta":{"_uag_custom_page_level_css":"","site-sidebar-layout":"default","site-content-layout":"","ast-site-content-layout":"default","site-content-style":"default","site-sidebar-style":"default","ast-global-header-display":"","ast-banner-title-visibility":"","ast-main-header-display":"","ast-hfb-above-header-display":"","ast-hfb-below-header-display":"","ast-hfb-mobile-header-display":"","site-post-title":"","ast-breadcrumbs-content":"","ast-featured-img":"","footer-sml-layout":"","ast-disable-related-posts":"","theme-transparent-header-meta":"","adv-header-id-meta":"","stick-header-meta":"","header-above-stick-meta":"","header-main-stick-meta":"","header-below-stick-meta":"","astra-migrate-meta-layouts":"default","ast-page-background-enabled":"default","ast-page-background-meta":{"desktop":{"background-color":"var(--ast-global-color-5)","background-image":"","background-repeat":"repeat","background-position":"center center","background-size":"auto","background-attachment":"scroll","background-type":"","background-media":"","overlay-type":"","overlay-color":"","overlay-opacity":"","overlay-gradient":""},"tablet":{"background-color":"","background-image":"","background-repeat":"repeat","background-position":"center center","background-size":"auto","background-attachment":"scroll","background-type":"","background-media":"","overlay-type":"","overlay-color":"","overlay-opacity":"","overlay-gradient":""},"mobile":{"background-color":"","background-image":"","background-repeat":"repeat","background-position":"center center","background-size":"auto","background-attachment":"scroll","background-type":"","background-media":"","overlay-type":"","overlay-color":"","overlay-opacity":"","overlay-gradient":""}},"ast-content-background-meta":{"desktop":{"background-color":"var(--ast-global-color-4)","background-image":"","background-repeat":"repeat","background-position":"center center","background-size":"auto","background-attachment":"scroll","background-type":"","background-media":"","overlay-type":"","overlay-color":"","overlay-opacity":"","overlay-gradient":""},"tablet":{"background-color":"var(--ast-global-color-4)","background-image":"","background-repeat":"repeat","background-position":"center center","background-size":"auto","background-attachment":"scroll","background-type":"","background-media":"","overlay-type":"","overlay-color":"","overlay-opacity":"","overlay-gradient":""},"mobile":{"background-color":"var(--ast-global-color-4)","background-image":"","background-repeat":"repeat","background-position":"center center","background-size":"auto","background-attachment":"scroll","background-type":"","background-media":"","overlay-type":"","overlay-color":"","overlay-opacity":"","overlay-gradient":""}}},"product_brand":[],"product_cat":[43,109],"product_tag":[112,113,114],"class_list":{"0":"post-620","1":"product","2":"type-product","3":"status-publish","4":"has-post-thumbnail","6":"product_cat-artykuly-ogrodnicze","7":"product_cat-ziemia-podloza","8":"product_tag-podloze-do-borowek","9":"product_tag-ziemia-ogrodowa-bydgoszcz","10":"product_tag-ziemia-uniwersalna-bydgoszcz","11":"desktop-align-left","12":"tablet-align-left","13":"mobile-align-left","15":"first","16":"instock","17":"shipping-taxable","18":"purchasable","19":"product-type-simple"},"uagb_featured_image_src":{"full":["https:\/\/goldenstones.pl\/wp-content\/uploads\/2026\/02\/ziemia-do-trawnikow-bydgoszcz.jpg",324,324,false],"thumbnail":["https:\/\/goldenstones.pl\/wp-content\/uploads\/2026\/02\/ziemia-do-trawnikow-bydgoszcz-150x150.jpg",150,150,true],"medium":["https:\/\/goldenstones.pl\/wp-content\/uploads\/2026\/02\/ziemia-do-trawnikow-bydgoszcz-300x300.jpg",300,300,true],"medium_large":["https:\/\/goldenstones.pl\/wp-content\/uploads\/2026\/02\/ziemia-do-trawnikow-bydgoszcz.jpg",324,324,false],"large":["https:\/\/goldenstones.pl\/wp-content\/uploads\/2026\/02\/ziemia-do-trawnikow-bydgoszcz.jpg",324,324,false],"1536x1536":["https:\/\/goldenstones.pl\/wp-content\/uploads\/2026\/02\/ziemia-do-trawnikow-bydgoszcz.jpg",324,324,false],"2048x2048":["https:\/\/goldenstones.pl\/wp-content\/uploads\/2026\/02\/ziemia-do-trawnikow-bydgoszcz.jpg",324,324,false],"woocommerce_thumbnail":["https:\/\/goldenstones.pl\/wp-content\/uploads\/2026\/02\/ziemia-do-trawnikow-bydgoszcz-300x300.jpg",300,300,true],"woocommerce_single":["https:\/\/goldenstones.pl\/wp-content\/uploads\/2026\/02\/ziemia-do-trawnikow-bydgoszcz.jpg",324,324,false],"woocommerce_gallery_thumbnail":["https:\/\/goldenstones.pl\/wp-content\/uploads\/2026\/02\/ziemia-do-trawnikow-bydgoszcz-100x100.jpg",100,100,true]},"uagb_author_info":{"display_name":"admin","author_link":"https:\/\/goldenstones.pl\/?author=0"},"uagb_comment_info":0,"uagb_excerpt":"OPAKOWANIE: 50L SK\u0141AD: torf wysoki jasny, torf wysoki ciemny, kreda, naw\u00f3z wielosk\u0142adnikowy: makroelementy (N, P, K) + mikroelementy (Mg, S, B, Fe, Mn, Zn) CECHY PRODUKTU: zwi\u0119kszona zawarto\u015b\u0107 magnezu i \u017celaza zapewnia dobre wybarwienie igie\u0142, przepuszczalna i porowata struktura PRZEZNACZENIE: do uprawy drzew i krzew\u00f3w iglastych tj. sosny, \u015bwierki, modrzewie, tuje, cyprysiki, ja\u0142owce w donicach&hellip;","_links":{"self":[{"href":"https:\/\/goldenstones.pl\/index.php?rest_route=\/wp\/v2\/product\/620","targetHints":{"allow":["GET"]}}],"collection":[{"href":"https:\/\/goldenstones.pl\/index.php?rest_route=\/wp\/v2\/product"}],"about":[{"href":"https:\/\/goldenstones.pl\/index.php?rest_route=\/wp\/v2\/types\/product"}],"replies":[{"embeddable":true,"href":"https:\/\/goldenstones.pl\/index.php?rest_route=%2Fwp%2Fv2%2Fcomments&post=620"}],"wp:featuredmedia":[{"embeddable":true,"href":"https:\/\/goldenstones.pl\/index.php?rest_route=\/wp\/v2\/media\/650"}],"wp:attachment":[{"href":"https:\/\/goldenstones.pl\/index.php?rest_route=%2Fwp%2Fv2%2Fmedia&parent=620"}],"wp:term":[{"taxonomy":"product_brand","embeddable":true,"href":"https:\/\/goldenstones.pl\/index.php?rest_route=%2Fwp%2Fv2%2Fproduct_brand&post=620"},{"taxonomy":"product_cat","embeddable":true,"href":"https:\/\/goldenstones.pl\/index.php?rest_route=%2Fwp%2Fv2%2Fproduct_cat&post=620"},{"taxonomy":"product_tag","embeddable":true,"href":"https:\/\/goldenstones.pl\/index.php?rest_route=%2Fwp%2Fv2%2Fproduct_tag&post=620"}],"curies":[{"name":"wp","href":"https:\/\/api.w.org\/{rel}","templated":true}]}}