{"id":622,"date":"2026-02-20T10:09:23","date_gmt":"2026-02-20T10:09:23","guid":{"rendered":"https:\/\/goldenstones.pl\/?post_type=product&#038;p=622"},"modified":"2026-02-23T12:36:09","modified_gmt":"2026-02-23T12:36:09","slug":"ekopodpalka-opakowanie-20-szt","status":"publish","type":"product","link":"https:\/\/goldenstones.pl\/?product=ekopodpalka-opakowanie-20-szt","title":{"rendered":"Ekopodpa\u0142ka opakowanie (20 szt.)"},"content":{"rendered":"<h2 align=\"LEFT\">Podpa\u0142ka do kominka<\/h2>\n<p align=\"LEFT\">Rozpa\u0142ka wyprodukowana jest z kilku gatunk\u00f3w drewna oraz stearyny, kt\u00f3ra nie jest pochodn\u0105 ropy naftowej, a wi\u0119c nieszkodliwa i nietruj\u0105ca. Idealnie nadaje si\u0119 do rozpalania kominka, pieca, kot\u0142a oraz grilla. Potrafi rozpali\u0107 du\u017ce kawa\u0142ki drewna, w\u0119giel, brykiet, ekogroszek, pelet a nawet mokre drewno. Podpa\u0142ka pachnie naturalnym drewnem oraz posiada atest PZH.<\/p>\n","protected":false},"excerpt":{"rendered":"<p align=\"LEFT\"><strong><span style=\"color: #E36A00;\">INFORMACJE O PRODUKCIE:<\/span><\/strong><\/p>\n<ol>\n<li>Rozpala du\u017ce i grube kawa\u0142ki drewna, w\u0119giel, brykiet, pelet, ekogroszek,<\/li>\n<li>NIE ZAWIERA SUBSTANCJI SZKODLIWYCH DLA ZDROWIA !<\/li>\n<li>BEZPIECZNA W U\u017bYCIU I PRZECHOWYWANIU,<\/li>\n<li>POSIADA ATEST PZH,<\/li>\n<li>Nie pozostawia popio\u0142u,<\/li>\n<li>Nie zmienia smaku grillowanych potraw,<\/li>\n<li>Czas palenia: oko\u0142o 10 minut<\/li>\n<li>Wymiary jednej sztuki: 55-75mm d\u0142. \/ 25mm \u015br.<\/li>\n<\/ol>\n","protected":false},"featured_media":652,"comment_status":"closed","ping_status":"closed","template":"","meta":{"_uag_custom_page_level_css":"","site-sidebar-layout":"default","site-content-layout":"","ast-site-content-layout":"default","site-content-style":"default","site-sidebar-style":"default","ast-global-header-display":"","ast-banner-title-visibility":"","ast-main-header-display":"","ast-hfb-above-header-display":"","ast-hfb-below-header-display":"","ast-hfb-mobile-header-display":"","site-post-title":"","ast-breadcrumbs-content":"","ast-featured-img":"","footer-sml-layout":"","ast-disable-related-posts":"","theme-transparent-header-meta":"default","adv-header-id-meta":"","stick-header-meta":"","header-above-stick-meta":"","header-main-stick-meta":"","header-below-stick-meta":"","astra-migrate-meta-layouts":"set","ast-page-background-enabled":"default","ast-page-background-meta":{"desktop":{"background-color":"var(--ast-global-color-5)","background-image":"","background-repeat":"repeat","background-position":"center center","background-size":"auto","background-attachment":"scroll","background-type":"","background-media":"","overlay-type":"","overlay-color":"","overlay-opacity":"","overlay-gradient":""},"tablet":{"background-color":"","background-image":"","background-repeat":"repeat","background-position":"center center","background-size":"auto","background-attachment":"scroll","background-type":"","background-media":"","overlay-type":"","overlay-color":"","overlay-opacity":"","overlay-gradient":""},"mobile":{"background-color":"","background-image":"","background-repeat":"repeat","background-position":"center center","background-size":"auto","background-attachment":"scroll","background-type":"","background-media":"","overlay-type":"","overlay-color":"","overlay-opacity":"","overlay-gradient":""}},"ast-content-background-meta":{"desktop":{"background-color":"var(--ast-global-color-4)","background-image":"","background-repeat":"repeat","background-position":"center center","background-size":"auto","background-attachment":"scroll","background-type":"","background-media":"","overlay-type":"","overlay-color":"","overlay-opacity":"","overlay-gradient":""},"tablet":{"background-color":"var(--ast-global-color-4)","background-image":"","background-repeat":"repeat","background-position":"center center","background-size":"auto","background-attachment":"scroll","background-type":"","background-media":"","overlay-type":"","overlay-color":"","overlay-opacity":"","overlay-gradient":""},"mobile":{"background-color":"var(--ast-global-color-4)","background-image":"","background-repeat":"repeat","background-position":"center center","background-size":"auto","background-attachment":"scroll","background-type":"","background-media":"","overlay-type":"","overlay-color":"","overlay-opacity":"","overlay-gradient":""}}},"product_brand":[],"product_cat":[51,52],"product_tag":[53,54,56,57],"class_list":{"0":"post-622","1":"product","2":"type-product","3":"status-publish","4":"has-post-thumbnail","6":"product_cat-inne","7":"product_cat-rozpalki","8":"product_tag-eko-podpalka-do-kominka","9":"product_tag-ekopodpalka-bydgoszcz","10":"product_tag-podpalka-do-kominka","11":"product_tag-tania-podpalka","12":"desktop-align-left","13":"tablet-align-left","14":"mobile-align-left","16":"first","17":"outofstock","18":"shipping-taxable","19":"purchasable","20":"product-type-simple"},"uagb_featured_image_src":{"full":["https:\/\/goldenstones.pl\/wp-content\/uploads\/2026\/02\/1.-ekopodpalka-do-kominka-bydgoszcz.jpg",800,800,false],"thumbnail":["https:\/\/goldenstones.pl\/wp-content\/uploads\/2026\/02\/1.-ekopodpalka-do-kominka-bydgoszcz-150x150.jpg",150,150,true],"medium":["https:\/\/goldenstones.pl\/wp-content\/uploads\/2026\/02\/1.-ekopodpalka-do-kominka-bydgoszcz-300x300.jpg",300,300,true],"medium_large":["https:\/\/goldenstones.pl\/wp-content\/uploads\/2026\/02\/1.-ekopodpalka-do-kominka-bydgoszcz-768x768.jpg",768,768,true],"large":["https:\/\/goldenstones.pl\/wp-content\/uploads\/2026\/02\/1.-ekopodpalka-do-kominka-bydgoszcz.jpg",800,800,false],"1536x1536":["https:\/\/goldenstones.pl\/wp-content\/uploads\/2026\/02\/1.-ekopodpalka-do-kominka-bydgoszcz.jpg",800,800,false],"2048x2048":["https:\/\/goldenstones.pl\/wp-content\/uploads\/2026\/02\/1.-ekopodpalka-do-kominka-bydgoszcz.jpg",800,800,false],"woocommerce_thumbnail":["https:\/\/goldenstones.pl\/wp-content\/uploads\/2026\/02\/1.-ekopodpalka-do-kominka-bydgoszcz-300x300.jpg",300,300,true],"woocommerce_single":["https:\/\/goldenstones.pl\/wp-content\/uploads\/2026\/02\/1.-ekopodpalka-do-kominka-bydgoszcz-600x600.jpg",600,600,true],"woocommerce_gallery_thumbnail":["https:\/\/goldenstones.pl\/wp-content\/uploads\/2026\/02\/1.-ekopodpalka-do-kominka-bydgoszcz-100x100.jpg",100,100,true]},"uagb_author_info":{"display_name":"admin","author_link":"https:\/\/goldenstones.pl\/?author=0"},"uagb_comment_info":0,"uagb_excerpt":"INFORMACJE O PRODUKCIE: Rozpala du\u017ce i grube kawa\u0142ki drewna, w\u0119giel, brykiet, pelet, ekogroszek, NIE ZAWIERA SUBSTANCJI SZKODLIWYCH DLA ZDROWIA ! BEZPIECZNA W U\u017bYCIU I PRZECHOWYWANIU, POSIADA ATEST PZH, Nie pozostawia popio\u0142u, Nie zmienia smaku grillowanych potraw, Czas palenia: oko\u0142o 10 minut Wymiary jednej sztuki: 55-75mm d\u0142. \/ 25mm \u015br.","_links":{"self":[{"href":"https:\/\/goldenstones.pl\/index.php?rest_route=\/wp\/v2\/product\/622","targetHints":{"allow":["GET"]}}],"collection":[{"href":"https:\/\/goldenstones.pl\/index.php?rest_route=\/wp\/v2\/product"}],"about":[{"href":"https:\/\/goldenstones.pl\/index.php?rest_route=\/wp\/v2\/types\/product"}],"replies":[{"embeddable":true,"href":"https:\/\/goldenstones.pl\/index.php?rest_route=%2Fwp%2Fv2%2Fcomments&post=622"}],"wp:featuredmedia":[{"embeddable":true,"href":"https:\/\/goldenstones.pl\/index.php?rest_route=\/wp\/v2\/media\/652"}],"wp:attachment":[{"href":"https:\/\/goldenstones.pl\/index.php?rest_route=%2Fwp%2Fv2%2Fmedia&parent=622"}],"wp:term":[{"taxonomy":"product_brand","embeddable":true,"href":"https:\/\/goldenstones.pl\/index.php?rest_route=%2Fwp%2Fv2%2Fproduct_brand&post=622"},{"taxonomy":"product_cat","embeddable":true,"href":"https:\/\/goldenstones.pl\/index.php?rest_route=%2Fwp%2Fv2%2Fproduct_cat&post=622"},{"taxonomy":"product_tag","embeddable":true,"href":"https:\/\/goldenstones.pl\/index.php?rest_route=%2Fwp%2Fv2%2Fproduct_tag&post=622"}],"curies":[{"name":"wp","href":"https:\/\/api.w.org\/{rel}","templated":true}]}}