{"id":627,"date":"2026-02-20T10:09:24","date_gmt":"2026-02-20T10:09:24","guid":{"rendered":"https:\/\/goldenstones.pl\/?post_type=product&#038;p=627"},"modified":"2026-02-23T12:36:09","modified_gmt":"2026-02-23T12:36:09","slug":"1-szt-palisada-granitowa-30cm","status":"publish","type":"product","link":"https:\/\/goldenstones.pl\/?product=1-szt-palisada-granitowa-30cm","title":{"rendered":"1 szt. Palisada Granitowa 30cm"},"content":{"rendered":"<p>Palisada Granitowa to po\u0142\u0105czenie urody kamienia i wyj\u0105tkowa praktyczno\u015b\u0107. Ta kamienna ceg\u0142a nie rozpadnie si\u0119, jak wiele s\u0142abo wykonanych cegie\u0142 betonowych i glinianych. A uroda? Do tej chyba nie trzeba nikogo przekonywa\u0107. Pozostaje tylko wybra\u0107 kolor, wymiar i sensownego wykonawc\u0119.<\/p>\n<p>Granit jest pochodzenia mineralnego naturalnego. Nie podlega procesom starzenia zachowuj\u0105c sta\u0142o\u015b\u0107 barwy i g\u0142adko\u015b\u0107 powierzchni. Po umyciu &#8211; odzyskuje swoje pe\u0142ne w\u0142asno\u015bci dekoracyjne i ekologiczne. Kostka granitowa to doskona\u0142y materia\u0142 wykorzystywany przy budowie nawierzchni dr\u00f3g, ulic, plac\u00f3w itp. Dzieje si\u0119 tak m.in. dlatego, \u017ce granit, z kt\u00f3rego jest produkowana odznacza si\u0119: du\u017c\u0105 wytrzyma\u0142o\u015bci\u0105 na \u015bciskanie, nisk\u0105 \u015bcieralno\u015bci\u0105, du\u017c\u0105 wytrzyma\u0142o\u015bci\u0105 na uderzenia, ma\u0142\u0105 nasi\u0105kliwo\u015bci\u0105 wagow\u0105, ca\u0142kowit\u0105 odporno\u015bci\u0105 na zamarzanie.<\/p>\n","protected":false},"excerpt":{"rendered":"<ul>\n<li><span style=\"color: #E36A00;\"><strong>FRAKCJA: <\/strong><\/span><span style=\"color: #333333;\">30\/10\/10cm<\/span><\/li>\n<li><strong><span style=\"color: #E36A00;\">CECHY CHARAKTERYSTYCZNE: <\/span><\/strong><span style=\"color: #333333;\">matowa, jednolity, r\u00f3wny kolor, zwarta struktura o jednolitej powierzchni, ma\u0142o nasi\u0105kliwe, mrozoodporne, odporne na nacisk<\/span><\/li>\n<li><strong><span style=\"color: #E36A00;\">KOLORYSTYKA: <\/span><\/strong><span style=\"color: #E36A00;\"><span style=\"color: #333333;\">jednolita, szara<\/span><\/span><\/li>\n<li><span style=\"color: #E36A00;\"><strong>POCHODZENIE:<\/strong><\/span> <span style=\"color: #333333;\">Polska<\/span><\/li>\n<li><strong><span style=\"color: #E36A00;\">PRZEZNACZENIE:<\/span><\/strong> <span style=\"color: #333333;\">obrze\u017ca, chodniki, podjazdy i drogi dla samochod\u00f3w, parkingi, \u015bcie\u017cki, opaska wok\u00f3\u0142 domu i kompozycji kwiatowych, skalniak\u00f3w, skwer\u00f3w<\/span><\/li>\n<li><strong><span style=\"color: #E36A00;\">PIEL\u0118GNACJA: <\/span><\/strong><span style=\"color: #E36A00;\"><span style=\"color: #333333;\">rekomendowane czyszczenie urz\u0105dzeniem ci\u015bnieniowym<\/span><\/span><\/li>\n<\/ul>\n<p><span style=\"color: #333333;\"><a style=\"color: #333333;\" href=\"https:\/\/www.goldenstones.pl\/elementor-63\/\"><strong>Podana na stronie cena dotyczy jednej sztuki produktu. Przed zam\u00f3wieniem prosimy o kontakt w celu ustalenia szczeg\u00f3\u0142\u00f3w.<\/strong><\/a><\/span><\/p>\n","protected":false},"featured_media":657,"comment_status":"closed","ping_status":"closed","template":"","meta":{"_uag_custom_page_level_css":"","site-sidebar-layout":"default","site-content-layout":"","ast-site-content-layout":"default","site-content-style":"default","site-sidebar-style":"default","ast-global-header-display":"","ast-banner-title-visibility":"","ast-main-header-display":"","ast-hfb-above-header-display":"","ast-hfb-below-header-display":"","ast-hfb-mobile-header-display":"","site-post-title":"","ast-breadcrumbs-content":"","ast-featured-img":"","footer-sml-layout":"","ast-disable-related-posts":"","theme-transparent-header-meta":"","adv-header-id-meta":"","stick-header-meta":"","header-above-stick-meta":"","header-main-stick-meta":"","header-below-stick-meta":"","astra-migrate-meta-layouts":"default","ast-page-background-enabled":"default","ast-page-background-meta":{"desktop":{"background-color":"var(--ast-global-color-5)","background-image":"","background-repeat":"repeat","background-position":"center center","background-size":"auto","background-attachment":"scroll","background-type":"","background-media":"","overlay-type":"","overlay-color":"","overlay-opacity":"","overlay-gradient":""},"tablet":{"background-color":"","background-image":"","background-repeat":"repeat","background-position":"center center","background-size":"auto","background-attachment":"scroll","background-type":"","background-media":"","overlay-type":"","overlay-color":"","overlay-opacity":"","overlay-gradient":""},"mobile":{"background-color":"","background-image":"","background-repeat":"repeat","background-position":"center center","background-size":"auto","background-attachment":"scroll","background-type":"","background-media":"","overlay-type":"","overlay-color":"","overlay-opacity":"","overlay-gradient":""}},"ast-content-background-meta":{"desktop":{"background-color":"var(--ast-global-color-4)","background-image":"","background-repeat":"repeat","background-position":"center center","background-size":"auto","background-attachment":"scroll","background-type":"","background-media":"","overlay-type":"","overlay-color":"","overlay-opacity":"","overlay-gradient":""},"tablet":{"background-color":"var(--ast-global-color-4)","background-image":"","background-repeat":"repeat","background-position":"center center","background-size":"auto","background-attachment":"scroll","background-type":"","background-media":"","overlay-type":"","overlay-color":"","overlay-opacity":"","overlay-gradient":""},"mobile":{"background-color":"var(--ast-global-color-4)","background-image":"","background-repeat":"repeat","background-position":"center center","background-size":"auto","background-attachment":"scroll","background-type":"","background-media":"","overlay-type":"","overlay-color":"","overlay-opacity":"","overlay-gradient":""}}},"product_brand":[],"product_cat":[125,21,131],"product_tag":[132,133,134],"class_list":{"0":"post-627","1":"product","2":"type-product","3":"status-publish","4":"has-post-thumbnail","6":"product_cat-granit","7":"product_cat-kamienie","8":"product_cat-palisada","9":"product_tag-palisada-granitowa","10":"product_tag-palisady-granitowe-bydgoszcz","11":"product_tag-wyroby-z-granitu","12":"desktop-align-left","13":"tablet-align-left","14":"mobile-align-left","16":"first","17":"instock","18":"shipping-taxable","19":"purchasable","20":"product-type-simple"},"uagb_featured_image_src":{"full":["https:\/\/goldenstones.pl\/wp-content\/uploads\/2026\/02\/palisada-granitowa-30-cm.jpg",256,256,false],"thumbnail":["https:\/\/goldenstones.pl\/wp-content\/uploads\/2026\/02\/palisada-granitowa-30-cm-150x150.jpg",150,150,true],"medium":["https:\/\/goldenstones.pl\/wp-content\/uploads\/2026\/02\/palisada-granitowa-30-cm.jpg",256,256,false],"medium_large":["https:\/\/goldenstones.pl\/wp-content\/uploads\/2026\/02\/palisada-granitowa-30-cm.jpg",256,256,false],"large":["https:\/\/goldenstones.pl\/wp-content\/uploads\/2026\/02\/palisada-granitowa-30-cm.jpg",256,256,false],"1536x1536":["https:\/\/goldenstones.pl\/wp-content\/uploads\/2026\/02\/palisada-granitowa-30-cm.jpg",256,256,false],"2048x2048":["https:\/\/goldenstones.pl\/wp-content\/uploads\/2026\/02\/palisada-granitowa-30-cm.jpg",256,256,false],"woocommerce_thumbnail":["https:\/\/goldenstones.pl\/wp-content\/uploads\/2026\/02\/palisada-granitowa-30-cm.jpg",256,256,false],"woocommerce_single":["https:\/\/goldenstones.pl\/wp-content\/uploads\/2026\/02\/palisada-granitowa-30-cm.jpg",256,256,false],"woocommerce_gallery_thumbnail":["https:\/\/goldenstones.pl\/wp-content\/uploads\/2026\/02\/palisada-granitowa-30-cm-100x100.jpg",100,100,true]},"uagb_author_info":{"display_name":"admin","author_link":"https:\/\/goldenstones.pl\/?author=0"},"uagb_comment_info":0,"uagb_excerpt":"FRAKCJA: 30\/10\/10cm CECHY CHARAKTERYSTYCZNE: matowa, jednolity, r\u00f3wny kolor, zwarta struktura o jednolitej powierzchni, ma\u0142o nasi\u0105kliwe, mrozoodporne, odporne na nacisk KOLORYSTYKA: jednolita, szara POCHODZENIE: Polska PRZEZNACZENIE: obrze\u017ca, chodniki, podjazdy i drogi dla samochod\u00f3w, parkingi, \u015bcie\u017cki, opaska wok\u00f3\u0142 domu i kompozycji kwiatowych, skalniak\u00f3w, skwer\u00f3w PIEL\u0118GNACJA: rekomendowane czyszczenie urz\u0105dzeniem ci\u015bnieniowym Podana na stronie cena dotyczy jednej sztuki produktu.&hellip;","_links":{"self":[{"href":"https:\/\/goldenstones.pl\/index.php?rest_route=\/wp\/v2\/product\/627","targetHints":{"allow":["GET"]}}],"collection":[{"href":"https:\/\/goldenstones.pl\/index.php?rest_route=\/wp\/v2\/product"}],"about":[{"href":"https:\/\/goldenstones.pl\/index.php?rest_route=\/wp\/v2\/types\/product"}],"replies":[{"embeddable":true,"href":"https:\/\/goldenstones.pl\/index.php?rest_route=%2Fwp%2Fv2%2Fcomments&post=627"}],"wp:featuredmedia":[{"embeddable":true,"href":"https:\/\/goldenstones.pl\/index.php?rest_route=\/wp\/v2\/media\/657"}],"wp:attachment":[{"href":"https:\/\/goldenstones.pl\/index.php?rest_route=%2Fwp%2Fv2%2Fmedia&parent=627"}],"wp:term":[{"taxonomy":"product_brand","embeddable":true,"href":"https:\/\/goldenstones.pl\/index.php?rest_route=%2Fwp%2Fv2%2Fproduct_brand&post=627"},{"taxonomy":"product_cat","embeddable":true,"href":"https:\/\/goldenstones.pl\/index.php?rest_route=%2Fwp%2Fv2%2Fproduct_cat&post=627"},{"taxonomy":"product_tag","embeddable":true,"href":"https:\/\/goldenstones.pl\/index.php?rest_route=%2Fwp%2Fv2%2Fproduct_tag&post=627"}],"curies":[{"name":"wp","href":"https:\/\/api.w.org\/{rel}","templated":true}]}}