{"id":635,"date":"2026-02-20T10:09:25","date_gmt":"2026-02-20T10:09:25","guid":{"rendered":"https:\/\/goldenstones.pl\/?post_type=product&#038;p=635"},"modified":"2026-02-23T12:36:11","modified_gmt":"2026-02-23T12:36:11","slug":"kostka-granitowa-czerwona-7x9-cm","status":"publish","type":"product","link":"https:\/\/goldenstones.pl\/?product=kostka-granitowa-czerwona-7x9-cm","title":{"rendered":"Kostka Granitowa Czerwona 7&#215;9 cm"},"content":{"rendered":"<h2>Kostka granitowa &#8211; czerwona<\/h2>\n<p>Granit g\u0142\u0119binowa kwa\u015bna ska\u0142a. Nawierzchnia wykonana z naturalnego granitu to idealny wyb<span lang=\"en-US\">\u00f3<\/span>r, gdy\u017c jest ona po\u0142\u0105czeniem klasycznej elegancji z niezwyk\u0142\u0105 praktyczno\u015bci\u0105. Wybierana przez klient<span lang=\"en-US\">\u00f3<\/span>w od wielu lat &#8211; jest ponadczasowo stylowa, a przy tym \u0142atwa w utrzymaniu. Odznacza si\u0119 bardzo nisk\u0105 nasi\u0105kliwo\u015bci\u0105, a za czym idzie &#8211; odporno\u015bci\u0105 na wszelkie zabrudzenia. Nie gro\u017c\u0105 jej przebarwienia czy blakni\u0119cie. Tak\u017ce nale\u017cy r<span lang=\"en-US\">\u00f3<\/span>wnie\u017c wspomnie\u0107 o niezwyk\u0142ej odporno\u015bci na uszkodzenia mechaniczne i du\u017c\u0105 eksploatacj\u0119. Jest wytrzyma\u0142a na \u015bcieranie, s\u0142o\u0144ce czy korozje. Materia\u0142 ten nie p\u0119ka oraz nie kruszy si\u0119. Jego chropowata struktura jest niezwykle trwa\u0142a i solidna, ta inwestycja b\u0119dzie Ci\u0119 cieszy\u0107 latami. Jest najlepszym wyborem, jako materia\u0142 do zbudowania podjazdu, gdy\u017c granit charakteryzuje si\u0119 r<span lang=\"en-US\">\u00f3<\/span>wnie\u017c odporno\u015bci\u0105 na obci\u0105\u017cenia. Kolor czerwony o\u017cywi Twoj\u0105 dzia\u0142k\u0119, doda jej dobrej energii i wyr\u00f3\u017cni na tle s\u0105siad\u00f3w. Ten produkt posiada wymiary 9x11cm. Dla Twojej wygody proponujemy skorzystanie z mo\u017cliwo\u015bci profesjonalnego dowozu. Posiadamy najwi\u0119kszy wyb\u00f3r kamieni w ca\u0142ym regionie,<strong><a href=\"https:\/\/www.goldenstones.pl\/kategoria\/kamienie\/granit\/kostka_granitowa\/\"> sprawd\u017a tak\u017ce inne nasze oferty z kategorii kostki granitowej &gt;tutaj.<\/a><\/strong><\/p>\n<p><strong><span style=\"color: #E36A00;\">WYDAJNO\u015a\u0106:<\/span> <\/strong><\/p>\n<table style=\"height: 322px;\" width=\"696\">\n<tbody>\n<tr>\n<td>\n<p style=\"text-align: center;\"><strong><span style=\"color: #E36A00;\">ROZMIAR*<\/span><\/strong><strong><span style=\"color: #E36A00;\">(cm)<\/span><\/strong><\/p>\n<\/td>\n<td><strong><span style=\"color: #E36A00;\">Wydajno\u015b\u0107 z 1 tony <\/span> <\/strong><\/td>\n<td><strong><span style=\"color: #E36A00;\">Wydajno\u015b\u0107 z 1 tony (mb)<\/span> <\/strong><\/td>\n<td><strong><span style=\"color: #E36A00;\">Sztuk na 1 ton\u0119<\/span> <\/strong><\/td>\n<td><strong><span style=\"color: #E36A00;\">Sztuk na 1 mb<\/span> <\/strong><\/td>\n<td><strong><span style=\"color: #E36A00;\">Sztuk na 1 m<\/span> <\/strong><\/td>\n<td><strong><span style=\"color: #E36A00;\">Waga 1 szt. (kg)<\/span> <\/strong><\/td>\n<\/tr>\n<tr>\n<td style=\"text-align: left;\">4\/6<\/td>\n<td style=\"text-align: left;\">8 \u2013 8,5<\/td>\n<td style=\"text-align: left;\">130<\/td>\n<td style=\"text-align: left;\">2100<\/td>\n<td style=\"text-align: left;\">16<\/td>\n<td style=\"text-align: left;\">260<\/td>\n<td style=\"text-align: left;\">0,5<\/td>\n<\/tr>\n<tr>\n<td>6\/8<\/td>\n<td>6 \u2013 6,5<\/td>\n<td>75<\/td>\n<td>1000<\/td>\n<td>13<\/td>\n<td>165<\/td>\n<td>1<\/td>\n<\/tr>\n<tr>\n<td>8\/11<\/td>\n<td>4 \u2013 4,5<\/td>\n<td>45<\/td>\n<td>440<\/td>\n<td>10<\/td>\n<td>110<\/td>\n<td>2,2<\/td>\n<\/tr>\n<tr>\n<td style=\"text-align: left;\">15\/17<\/td>\n<td style=\"text-align: left;\">2,5 \u2013 2,7<\/td>\n<td style=\"text-align: left;\">20<\/td>\n<td style=\"text-align: left;\">100<\/td>\n<td style=\"text-align: left;\">5<\/td>\n<td style=\"text-align: left;\">37<\/td>\n<td style=\"text-align: left;\">10<\/td>\n<\/tr>\n<\/tbody>\n<\/table>\n<p><strong><span style=\"color: #E36A00;\">*<\/span><\/strong>Minimalna i maksymalna d\u0142ugo\u015b\u0107 ka\u017cdej kraw\u0119dzi okre\u015bla rozmiar kostki granitowej np. rozmiar 15\/17cm okre\u015bla kostk\u0119, kt\u00f3rej d\u0142ugo\u015b\u0107 ka\u017cdej kraw\u0119dzi waha si\u0119 w przedziale 15-17cm<\/p>\n","protected":false},"excerpt":{"rendered":"<ul>\n<li><span style=\"color: #E36A00;\"><strong>ROZMIAR: <\/strong><\/span><span style=\"color: #333333;\">9x11cm<\/span><\/li>\n<li><strong><span style=\"color: #E36A00;\">CECHY CHARAKTERYSTYCZNE: <\/span><\/strong><span style=\"color: #333333;\">matowa, r\u00f3wny kolor z ciemnymi akcentami, zwarta struktura o jednolitej powierzchni, ma\u0142o nasi\u0105kliwe, mrozoodporne, odporne na nacisk<\/span><\/li>\n<li><strong><span style=\"color: #E36A00;\">KOLORYSTYKA: <\/span><\/strong><span style=\"color: #E36A00;\"><span style=\"color: #333333;\">jednolita czerwono rdzawa<\/span><\/span><\/li>\n<li><span style=\"color: #E36A00;\"><strong>POCHODZENIE:<\/strong><\/span> <span style=\"color: #333333;\">Polska<\/span><\/li>\n<li><strong><span style=\"color: #E36A00;\">PRZEZNACZENIE:<\/span><\/strong> <span style=\"color: #333333;\">obrze\u017ca, chodniki, podjazdy i drogi dla samochod\u00f3w, parkingi, \u015bcie\u017cki, opaska wok\u00f3\u0142 domu i kompozycji kwiatowych, skalniak\u00f3w, skwer\u00f3w<\/span><\/li>\n<li><strong><span style=\"color: #E36A00;\">PIEL\u0118GNACJA: <\/span><\/strong><span style=\"color: #E36A00;\"><span style=\"color: #333333;\">rekomendowane czyszczenie urz\u0105dzeniem ci\u015bnieniowym<\/span><\/span><\/li>\n<\/ul>\n<p><span style=\"color: #333333;\"><a style=\"color: #333333;\" href=\"https:\/\/www.goldenstones.pl\/elementor-63\/\"><strong>Przed zam\u00f3wieniem prosimy o kontakt w celu ustalenia szczeg\u00f3\u0142\u00f3w.<\/strong><\/a><\/span><\/p>\n","protected":false},"featured_media":665,"comment_status":"closed","ping_status":"closed","template":"","meta":{"_uag_custom_page_level_css":"","site-sidebar-layout":"default","site-content-layout":"","ast-site-content-layout":"default","site-content-style":"default","site-sidebar-style":"default","ast-global-header-display":"","ast-banner-title-visibility":"","ast-main-header-display":"","ast-hfb-above-header-display":"","ast-hfb-below-header-display":"","ast-hfb-mobile-header-display":"","site-post-title":"","ast-breadcrumbs-content":"","ast-featured-img":"","footer-sml-layout":"","ast-disable-related-posts":"","theme-transparent-header-meta":"","adv-header-id-meta":"","stick-header-meta":"","header-above-stick-meta":"","header-main-stick-meta":"","header-below-stick-meta":"","astra-migrate-meta-layouts":"default","ast-page-background-enabled":"default","ast-page-background-meta":{"desktop":{"background-color":"var(--ast-global-color-5)","background-image":"","background-repeat":"repeat","background-position":"center center","background-size":"auto","background-attachment":"scroll","background-type":"","background-media":"","overlay-type":"","overlay-color":"","overlay-opacity":"","overlay-gradient":""},"tablet":{"background-color":"","background-image":"","background-repeat":"repeat","background-position":"center center","background-size":"auto","background-attachment":"scroll","background-type":"","background-media":"","overlay-type":"","overlay-color":"","overlay-opacity":"","overlay-gradient":""},"mobile":{"background-color":"","background-image":"","background-repeat":"repeat","background-position":"center center","background-size":"auto","background-attachment":"scroll","background-type":"","background-media":"","overlay-type":"","overlay-color":"","overlay-opacity":"","overlay-gradient":""}},"ast-content-background-meta":{"desktop":{"background-color":"var(--ast-global-color-4)","background-image":"","background-repeat":"repeat","background-position":"center center","background-size":"auto","background-attachment":"scroll","background-type":"","background-media":"","overlay-type":"","overlay-color":"","overlay-opacity":"","overlay-gradient":""},"tablet":{"background-color":"var(--ast-global-color-4)","background-image":"","background-repeat":"repeat","background-position":"center center","background-size":"auto","background-attachment":"scroll","background-type":"","background-media":"","overlay-type":"","overlay-color":"","overlay-opacity":"","overlay-gradient":""},"mobile":{"background-color":"var(--ast-global-color-4)","background-image":"","background-repeat":"repeat","background-position":"center center","background-size":"auto","background-attachment":"scroll","background-type":"","background-media":"","overlay-type":"","overlay-color":"","overlay-opacity":"","overlay-gradient":""}}},"product_brand":[],"product_cat":[125,21,135],"product_tag":[136,137,138],"class_list":{"0":"post-635","1":"product","2":"type-product","3":"status-publish","4":"has-post-thumbnail","6":"product_cat-granit","7":"product_cat-kamienie","8":"product_cat-kostka-granitowa","9":"product_tag-granit-bydgoszcz","10":"product_tag-kostka-granitowa","11":"product_tag-kostki-granitowe-bydgoszcz","12":"desktop-align-left","13":"tablet-align-left","14":"mobile-align-left","16":"first","17":"instock","18":"shipping-taxable","19":"purchasable","20":"product-type-simple"},"uagb_featured_image_src":{"full":["https:\/\/goldenstones.pl\/wp-content\/uploads\/2026\/02\/kostka-granitowa-czerwona-9x11-cm.jpg",256,256,false],"thumbnail":["https:\/\/goldenstones.pl\/wp-content\/uploads\/2026\/02\/kostka-granitowa-czerwona-9x11-cm-150x150.jpg",150,150,true],"medium":["https:\/\/goldenstones.pl\/wp-content\/uploads\/2026\/02\/kostka-granitowa-czerwona-9x11-cm.jpg",256,256,false],"medium_large":["https:\/\/goldenstones.pl\/wp-content\/uploads\/2026\/02\/kostka-granitowa-czerwona-9x11-cm.jpg",256,256,false],"large":["https:\/\/goldenstones.pl\/wp-content\/uploads\/2026\/02\/kostka-granitowa-czerwona-9x11-cm.jpg",256,256,false],"1536x1536":["https:\/\/goldenstones.pl\/wp-content\/uploads\/2026\/02\/kostka-granitowa-czerwona-9x11-cm.jpg",256,256,false],"2048x2048":["https:\/\/goldenstones.pl\/wp-content\/uploads\/2026\/02\/kostka-granitowa-czerwona-9x11-cm.jpg",256,256,false],"woocommerce_thumbnail":["https:\/\/goldenstones.pl\/wp-content\/uploads\/2026\/02\/kostka-granitowa-czerwona-9x11-cm.jpg",256,256,false],"woocommerce_single":["https:\/\/goldenstones.pl\/wp-content\/uploads\/2026\/02\/kostka-granitowa-czerwona-9x11-cm.jpg",256,256,false],"woocommerce_gallery_thumbnail":["https:\/\/goldenstones.pl\/wp-content\/uploads\/2026\/02\/kostka-granitowa-czerwona-9x11-cm-100x100.jpg",100,100,true]},"uagb_author_info":{"display_name":"admin","author_link":"https:\/\/goldenstones.pl\/?author=0"},"uagb_comment_info":0,"uagb_excerpt":"ROZMIAR: 9x11cm CECHY CHARAKTERYSTYCZNE: matowa, r\u00f3wny kolor z ciemnymi akcentami, zwarta struktura o jednolitej powierzchni, ma\u0142o nasi\u0105kliwe, mrozoodporne, odporne na nacisk KOLORYSTYKA: jednolita czerwono rdzawa POCHODZENIE: Polska PRZEZNACZENIE: obrze\u017ca, chodniki, podjazdy i drogi dla samochod\u00f3w, parkingi, \u015bcie\u017cki, opaska wok\u00f3\u0142 domu i kompozycji kwiatowych, skalniak\u00f3w, skwer\u00f3w PIEL\u0118GNACJA: rekomendowane czyszczenie urz\u0105dzeniem ci\u015bnieniowym Przed zam\u00f3wieniem prosimy o kontakt&hellip;","_links":{"self":[{"href":"https:\/\/goldenstones.pl\/index.php?rest_route=\/wp\/v2\/product\/635","targetHints":{"allow":["GET"]}}],"collection":[{"href":"https:\/\/goldenstones.pl\/index.php?rest_route=\/wp\/v2\/product"}],"about":[{"href":"https:\/\/goldenstones.pl\/index.php?rest_route=\/wp\/v2\/types\/product"}],"replies":[{"embeddable":true,"href":"https:\/\/goldenstones.pl\/index.php?rest_route=%2Fwp%2Fv2%2Fcomments&post=635"}],"wp:featuredmedia":[{"embeddable":true,"href":"https:\/\/goldenstones.pl\/index.php?rest_route=\/wp\/v2\/media\/665"}],"wp:attachment":[{"href":"https:\/\/goldenstones.pl\/index.php?rest_route=%2Fwp%2Fv2%2Fmedia&parent=635"}],"wp:term":[{"taxonomy":"product_brand","embeddable":true,"href":"https:\/\/goldenstones.pl\/index.php?rest_route=%2Fwp%2Fv2%2Fproduct_brand&post=635"},{"taxonomy":"product_cat","embeddable":true,"href":"https:\/\/goldenstones.pl\/index.php?rest_route=%2Fwp%2Fv2%2Fproduct_cat&post=635"},{"taxonomy":"product_tag","embeddable":true,"href":"https:\/\/goldenstones.pl\/index.php?rest_route=%2Fwp%2Fv2%2Fproduct_tag&post=635"}],"curies":[{"name":"wp","href":"https:\/\/api.w.org\/{rel}","templated":true}]}}