{"id":668,"date":"2026-02-20T10:09:41","date_gmt":"2026-02-20T10:09:41","guid":{"rendered":"https:\/\/goldenstones.pl\/?post_type=product&#038;p=668"},"modified":"2026-02-23T12:36:12","modified_gmt":"2026-02-23T12:36:12","slug":"stopnie-gruby-kamien-sciezkowy-szaroglaz","status":"publish","type":"product","link":"https:\/\/goldenstones.pl\/?product=stopnie-gruby-kamien-sciezkowy-szaroglaz","title":{"rendered":"Stopnie Gruby Kamie\u0144 \u015acie\u017ckowy &#8211; Szarog\u0142az"},"content":{"rendered":"<h2>Szarog\u0142az &#8211; kamie\u0144 \u015bcie\u017ckowy gruby na stopnie<\/h2>\n<p>Ska\u0142a osadowa nale\u017c\u0105ca do rodziny \u0142upk\u00f3w. Dzi\u0119ki delikatnej nier\u00f3wno\u015bci powierzchni wspaniale eksponuje si\u0119 struktura kamienia i jego przebarwienia. Jest to szara bry\u0142a, kt\u00f3r\u0105 zdobi mn\u00f3stwo delikatnych pastelowych kolor\u00f3w. Szaro\u015b\u0107 urozmaica mi\u0119dzy innymi b\u0142\u0119kit, be\u017c czy delikatny r\u00f3\u017c, a nawet ziele\u0144. Stosowany w ogrodach i we wn\u0119trzach. Doskonale si\u0119 sprawdza do murk\u00f3w, \u015bcie\u017cek, \u015bcian ozdobnych nadaj\u0105c naturalnego charakteru. \u00a0Dla Twojej wygody proponujemy skorzystanie z mo\u017cliwo\u015bci naszej oferty szybkiego i profesjonalnego dowozu.\u00a0<strong><a href=\"https:\/\/www.goldenstones.pl\/sklep\/kategoria\/kamienie\/kamienie_lupane\/kamien_sciezkowy\/\">Sprawd\u017a tak\u017ce pozosta\u0142e produkty z naszej oferty kamieni \u015bcie\u017ckowych &gt;tutaj.<\/a><\/strong><\/p>\n","protected":false},"excerpt":{"rendered":"<ul>\n<li><strong><span style=\"color: #E36A00;\">CECHY CHARAKTERYSTYCZNE: <\/span><\/strong><span style=\"color: #333333;\">ska\u0142a okruchowa o zwi\u0119z\u0142ym i zwartym kszta\u0142cie<\/span><\/li>\n<li><strong><span style=\"color: #E36A00;\">KOLORYSTYKA: <\/span><\/strong><span style=\"color: #333333;\">najcz\u0119\u015bciej: szara, jasnoszara, a nawet czarna, niekiedy zielonawa, niebieskawa, br\u0105zowa, w wyniku wietrzenia mo\u017ce by\u0107 \u017c\u00f3\u0142ta lub czerwona<\/span><\/li>\n<li><span style=\"color: #E36A00;\"><strong>POCHODZENIE: <\/strong><span style=\"color: #333333;\">Polska<\/span><\/span><\/li>\n<li><strong><span style=\"color: #E36A00;\">PRZEZNACZENIE: <\/span><\/strong>\u015bcie\u017cki, murki, \u015bciany,<span style=\"color: #333333;\">\u00a0kaskady i oczka wodne, fontanny<\/span><\/li>\n<\/ul>\n<p><span style=\"color: #333333;\"><a style=\"color: #333333;\" href=\"https:\/\/www.goldenstones.pl\/elementor-63\/\"><strong>Podana na stronie cena dotyczy jednej tony produktu. Przed zam\u00f3wieniem prosimy o kontakt w celu ustalenia szczeg\u00f3\u0142\u00f3w.<\/strong><\/a><\/span><\/p>\n","protected":false},"featured_media":698,"comment_status":"closed","ping_status":"closed","template":"","meta":{"_uag_custom_page_level_css":"","site-sidebar-layout":"default","site-content-layout":"","ast-site-content-layout":"default","site-content-style":"default","site-sidebar-style":"default","ast-global-header-display":"","ast-banner-title-visibility":"","ast-main-header-display":"","ast-hfb-above-header-display":"","ast-hfb-below-header-display":"","ast-hfb-mobile-header-display":"","site-post-title":"","ast-breadcrumbs-content":"","ast-featured-img":"","footer-sml-layout":"","ast-disable-related-posts":"","theme-transparent-header-meta":"","adv-header-id-meta":"","stick-header-meta":"","header-above-stick-meta":"","header-main-stick-meta":"","header-below-stick-meta":"","astra-migrate-meta-layouts":"default","ast-page-background-enabled":"default","ast-page-background-meta":{"desktop":{"background-color":"var(--ast-global-color-5)","background-image":"","background-repeat":"repeat","background-position":"center center","background-size":"auto","background-attachment":"scroll","background-type":"","background-media":"","overlay-type":"","overlay-color":"","overlay-opacity":"","overlay-gradient":""},"tablet":{"background-color":"","background-image":"","background-repeat":"repeat","background-position":"center center","background-size":"auto","background-attachment":"scroll","background-type":"","background-media":"","overlay-type":"","overlay-color":"","overlay-opacity":"","overlay-gradient":""},"mobile":{"background-color":"","background-image":"","background-repeat":"repeat","background-position":"center center","background-size":"auto","background-attachment":"scroll","background-type":"","background-media":"","overlay-type":"","overlay-color":"","overlay-opacity":"","overlay-gradient":""}},"ast-content-background-meta":{"desktop":{"background-color":"var(--ast-global-color-4)","background-image":"","background-repeat":"repeat","background-position":"center center","background-size":"auto","background-attachment":"scroll","background-type":"","background-media":"","overlay-type":"","overlay-color":"","overlay-opacity":"","overlay-gradient":""},"tablet":{"background-color":"var(--ast-global-color-4)","background-image":"","background-repeat":"repeat","background-position":"center center","background-size":"auto","background-attachment":"scroll","background-type":"","background-media":"","overlay-type":"","overlay-color":"","overlay-opacity":"","overlay-gradient":""},"mobile":{"background-color":"var(--ast-global-color-4)","background-image":"","background-repeat":"repeat","background-position":"center center","background-size":"auto","background-attachment":"scroll","background-type":"","background-media":"","overlay-type":"","overlay-color":"","overlay-opacity":"","overlay-gradient":""}}},"product_brand":[],"product_cat":[127,139,21,126,108],"product_tag":[140,141],"class_list":{"0":"post-668","1":"product","2":"type-product","3":"status-publish","4":"has-post-thumbnail","6":"product_cat-kamien-murowy","7":"product_cat-kamien-sciezkowy","8":"product_cat-kamienie","9":"product_cat-kamienie-lupane","10":"product_cat-stopnie-schody","11":"product_tag-kamien-sciezkowy-bydgoszcz","12":"product_tag-kamien-wielkoplytowy-bydgoszcz","13":"desktop-align-left","14":"tablet-align-left","15":"mobile-align-left","17":"first","18":"instock","19":"shipping-taxable","20":"purchasable","21":"product-type-simple"},"uagb_featured_image_src":{"full":["https:\/\/goldenstones.pl\/wp-content\/uploads\/2026\/02\/kamien-wielkoplytowy-szary-biale-blota-koronowo-sepolno.jpg",500,496,false],"thumbnail":["https:\/\/goldenstones.pl\/wp-content\/uploads\/2026\/02\/kamien-wielkoplytowy-szary-biale-blota-koronowo-sepolno-150x150.jpg",150,150,true],"medium":["https:\/\/goldenstones.pl\/wp-content\/uploads\/2026\/02\/kamien-wielkoplytowy-szary-biale-blota-koronowo-sepolno-300x298.jpg",300,298,true],"medium_large":["https:\/\/goldenstones.pl\/wp-content\/uploads\/2026\/02\/kamien-wielkoplytowy-szary-biale-blota-koronowo-sepolno.jpg",500,496,false],"large":["https:\/\/goldenstones.pl\/wp-content\/uploads\/2026\/02\/kamien-wielkoplytowy-szary-biale-blota-koronowo-sepolno.jpg",500,496,false],"1536x1536":["https:\/\/goldenstones.pl\/wp-content\/uploads\/2026\/02\/kamien-wielkoplytowy-szary-biale-blota-koronowo-sepolno.jpg",500,496,false],"2048x2048":["https:\/\/goldenstones.pl\/wp-content\/uploads\/2026\/02\/kamien-wielkoplytowy-szary-biale-blota-koronowo-sepolno.jpg",500,496,false],"woocommerce_thumbnail":["https:\/\/goldenstones.pl\/wp-content\/uploads\/2026\/02\/kamien-wielkoplytowy-szary-biale-blota-koronowo-sepolno-300x300.jpg",300,300,true],"woocommerce_single":["https:\/\/goldenstones.pl\/wp-content\/uploads\/2026\/02\/kamien-wielkoplytowy-szary-biale-blota-koronowo-sepolno.jpg",500,496,false],"woocommerce_gallery_thumbnail":["https:\/\/goldenstones.pl\/wp-content\/uploads\/2026\/02\/kamien-wielkoplytowy-szary-biale-blota-koronowo-sepolno-100x100.jpg",100,100,true]},"uagb_author_info":{"display_name":"admin","author_link":"https:\/\/goldenstones.pl\/?author=0"},"uagb_comment_info":0,"uagb_excerpt":"CECHY CHARAKTERYSTYCZNE: ska\u0142a okruchowa o zwi\u0119z\u0142ym i zwartym kszta\u0142cie KOLORYSTYKA: najcz\u0119\u015bciej: szara, jasnoszara, a nawet czarna, niekiedy zielonawa, niebieskawa, br\u0105zowa, w wyniku wietrzenia mo\u017ce by\u0107 \u017c\u00f3\u0142ta lub czerwona POCHODZENIE: Polska PRZEZNACZENIE: \u015bcie\u017cki, murki, \u015bciany,\u00a0kaskady i oczka wodne, fontanny Podana na stronie cena dotyczy jednej tony produktu. Przed zam\u00f3wieniem prosimy o kontakt w celu ustalenia szczeg\u00f3\u0142\u00f3w.","_links":{"self":[{"href":"https:\/\/goldenstones.pl\/index.php?rest_route=\/wp\/v2\/product\/668","targetHints":{"allow":["GET"]}}],"collection":[{"href":"https:\/\/goldenstones.pl\/index.php?rest_route=\/wp\/v2\/product"}],"about":[{"href":"https:\/\/goldenstones.pl\/index.php?rest_route=\/wp\/v2\/types\/product"}],"replies":[{"embeddable":true,"href":"https:\/\/goldenstones.pl\/index.php?rest_route=%2Fwp%2Fv2%2Fcomments&post=668"}],"wp:featuredmedia":[{"embeddable":true,"href":"https:\/\/goldenstones.pl\/index.php?rest_route=\/wp\/v2\/media\/698"}],"wp:attachment":[{"href":"https:\/\/goldenstones.pl\/index.php?rest_route=%2Fwp%2Fv2%2Fmedia&parent=668"}],"wp:term":[{"taxonomy":"product_brand","embeddable":true,"href":"https:\/\/goldenstones.pl\/index.php?rest_route=%2Fwp%2Fv2%2Fproduct_brand&post=668"},{"taxonomy":"product_cat","embeddable":true,"href":"https:\/\/goldenstones.pl\/index.php?rest_route=%2Fwp%2Fv2%2Fproduct_cat&post=668"},{"taxonomy":"product_tag","embeddable":true,"href":"https:\/\/goldenstones.pl\/index.php?rest_route=%2Fwp%2Fv2%2Fproduct_tag&post=668"}],"curies":[{"name":"wp","href":"https:\/\/api.w.org\/{rel}","templated":true}]}}