{"id":673,"date":"2026-02-20T10:09:42","date_gmt":"2026-02-20T10:09:42","guid":{"rendered":"https:\/\/goldenstones.pl\/?post_type=product&#038;p=673"},"modified":"2026-03-09T14:09:36","modified_gmt":"2026-03-09T14:09:36","slug":"kamien-sciezkowy-polygonal-antique-kavalas-1kg","status":"publish","type":"product","link":"https:\/\/goldenstones.pl\/?product=kamien-sciezkowy-polygonal-antique-kavalas-1kg","title":{"rendered":"Kamie\u0144 \u015acie\u017ckowy Polygonal Antique Kavalas &#8211; 1kg"},"content":{"rendered":"<h2>Kamie\u0144 \u015bcie\u017ckowy Polygonal Antique Kavalas<\/h2>\n<p>Nasze kamienie \u015bcie\u017ckowe Polygonal Antique Kavalas charakteryzuj\u0105 si\u0119 wysok\u0105 mrozoodporno\u015bci\u0105 oraz trwa\u0142o\u015bci\u0105 dzi\u0119ki czemu nie straszne s\u0105 im mrozy, deszcze czy \u015bniegi. Idealnie si\u0119 sprawdz\u0105 jako materia\u0142 na chodniki, \u015bcie\u017cki, stopnie i r\u00f3\u017cnego rodzaju skwery. Nasza firma oferuje r\u00f3wnie\u017c bezpieczny i szybki transport prosto pod twoje drzwi, dzi\u0119ki czemu nie musisz si\u0119 martwi\u0107 o stan twojego produktu.<\/p>\n<p><a href=\"https:\/\/www.goldenstones.pl\/sklep\/kategoria\/artykuly_ogrodnicze\/kaskady-i-oczka-wodne\/\">Oferujemy tak\u017ce inne produkty z tego artyku\u0142u, kliknij tutaj i sprawd\u017a je wszystkie!<\/a><\/p>\n","protected":false},"excerpt":{"rendered":"<p><span style=\"color: #E36A00;\"><strong><span style=\"color: #333333;\">Produkt wyceniany jest za 1kg<\/span><\/strong><\/span><\/p>\n<ul>\n<li><strong><span style=\"color: #E36A00;\">CECHY CHARAKTERYSTYCZNE: <\/span><\/strong><span style=\"color: #333333;\">mrozoodporno\u015b\u0107, matowe, trwa\u0142e, monochromatyczne<\/span><\/li>\n<li><strong><span style=\"color: #E36A00;\">KOLORYSTYKA: <\/span><\/strong><span style=\"color: #333333;\">ecru, brudny r\u00f3\u017c, popiel, be\u017cowy<\/span><\/li>\n<li><strong><span style=\"color: #E36A00;\">POCHODZENIE: <\/span><\/strong><span style=\"color: #333333;\">Grecja<\/span><\/li>\n<li><strong><span style=\"color: #E36A00;\">PRZEZNACZENIE: <\/span><\/strong><span style=\"color: #333333;\">chodniki, \u015bcie\u017cki, stopnie, skwery<\/span><\/li>\n<\/ul>\n<p><span style=\"color: #333333;\"><a style=\"color: #333333;\" href=\"https:\/\/www.goldenstones.pl\/elementor-63\/\"><strong>Podana na stronie cena dotyczy 1kg produktu. Przed zam\u00f3wieniem prosimy o kontakt w celu ustalenia szczeg\u00f3\u0142\u00f3w.<\/strong><\/a><\/span><\/p>\n","protected":false},"featured_media":705,"comment_status":"closed","ping_status":"closed","template":"","meta":{"_uag_custom_page_level_css":"","site-sidebar-layout":"default","site-content-layout":"","ast-site-content-layout":"default","site-content-style":"default","site-sidebar-style":"default","ast-global-header-display":"","ast-banner-title-visibility":"","ast-main-header-display":"","ast-hfb-above-header-display":"","ast-hfb-below-header-display":"","ast-hfb-mobile-header-display":"","site-post-title":"","ast-breadcrumbs-content":"","ast-featured-img":"","footer-sml-layout":"","ast-disable-related-posts":"","theme-transparent-header-meta":"","adv-header-id-meta":"","stick-header-meta":"","header-above-stick-meta":"","header-main-stick-meta":"","header-below-stick-meta":"","astra-migrate-meta-layouts":"default","ast-page-background-enabled":"default","ast-page-background-meta":{"desktop":{"background-color":"var(--ast-global-color-5)","background-image":"","background-repeat":"repeat","background-position":"center center","background-size":"auto","background-attachment":"scroll","background-type":"","background-media":"","overlay-type":"","overlay-color":"","overlay-opacity":"","overlay-gradient":""},"tablet":{"background-color":"","background-image":"","background-repeat":"repeat","background-position":"center center","background-size":"auto","background-attachment":"scroll","background-type":"","background-media":"","overlay-type":"","overlay-color":"","overlay-opacity":"","overlay-gradient":""},"mobile":{"background-color":"","background-image":"","background-repeat":"repeat","background-position":"center center","background-size":"auto","background-attachment":"scroll","background-type":"","background-media":"","overlay-type":"","overlay-color":"","overlay-opacity":"","overlay-gradient":""}},"ast-content-background-meta":{"desktop":{"background-color":"var(--ast-global-color-4)","background-image":"","background-repeat":"repeat","background-position":"center center","background-size":"auto","background-attachment":"scroll","background-type":"","background-media":"","overlay-type":"","overlay-color":"","overlay-opacity":"","overlay-gradient":""},"tablet":{"background-color":"var(--ast-global-color-4)","background-image":"","background-repeat":"repeat","background-position":"center center","background-size":"auto","background-attachment":"scroll","background-type":"","background-media":"","overlay-type":"","overlay-color":"","overlay-opacity":"","overlay-gradient":""},"mobile":{"background-color":"var(--ast-global-color-4)","background-image":"","background-repeat":"repeat","background-position":"center center","background-size":"auto","background-attachment":"scroll","background-type":"","background-media":"","overlay-type":"","overlay-color":"","overlay-opacity":"","overlay-gradient":""}}},"product_brand":[],"product_cat":[139,21,126,142,108],"product_tag":[140,141],"class_list":{"0":"post-673","1":"product","2":"type-product","3":"status-publish","4":"has-post-thumbnail","6":"product_cat-kamien-sciezkowy","7":"product_cat-kamienie","8":"product_cat-kamienie-lupane","9":"product_cat-kaskady-i-oczka-wodne","10":"product_cat-stopnie-schody","11":"product_tag-kamien-sciezkowy-bydgoszcz","12":"product_tag-kamien-wielkoplytowy-bydgoszcz","13":"desktop-align-left","14":"tablet-align-left","15":"mobile-align-left","17":"first","18":"instock","19":"shipping-taxable","20":"product-type-simple"},"uagb_featured_image_src":{"full":["https:\/\/goldenstones.pl\/wp-content\/uploads\/2026\/02\/sklad-kamienia-sciezkowego-bydgoszcz.jpg",256,256,false],"thumbnail":["https:\/\/goldenstones.pl\/wp-content\/uploads\/2026\/02\/sklad-kamienia-sciezkowego-bydgoszcz-150x150.jpg",150,150,true],"medium":["https:\/\/goldenstones.pl\/wp-content\/uploads\/2026\/02\/sklad-kamienia-sciezkowego-bydgoszcz.jpg",256,256,false],"medium_large":["https:\/\/goldenstones.pl\/wp-content\/uploads\/2026\/02\/sklad-kamienia-sciezkowego-bydgoszcz.jpg",256,256,false],"large":["https:\/\/goldenstones.pl\/wp-content\/uploads\/2026\/02\/sklad-kamienia-sciezkowego-bydgoszcz.jpg",256,256,false],"1536x1536":["https:\/\/goldenstones.pl\/wp-content\/uploads\/2026\/02\/sklad-kamienia-sciezkowego-bydgoszcz.jpg",256,256,false],"2048x2048":["https:\/\/goldenstones.pl\/wp-content\/uploads\/2026\/02\/sklad-kamienia-sciezkowego-bydgoszcz.jpg",256,256,false],"woocommerce_thumbnail":["https:\/\/goldenstones.pl\/wp-content\/uploads\/2026\/02\/sklad-kamienia-sciezkowego-bydgoszcz.jpg",256,256,false],"woocommerce_single":["https:\/\/goldenstones.pl\/wp-content\/uploads\/2026\/02\/sklad-kamienia-sciezkowego-bydgoszcz.jpg",256,256,false],"woocommerce_gallery_thumbnail":["https:\/\/goldenstones.pl\/wp-content\/uploads\/2026\/02\/sklad-kamienia-sciezkowego-bydgoszcz-100x100.jpg",100,100,true]},"uagb_author_info":{"display_name":"admin","author_link":"https:\/\/goldenstones.pl\/?author=0"},"uagb_comment_info":0,"uagb_excerpt":"Produkt wyceniany jest za 1kg CECHY CHARAKTERYSTYCZNE: mrozoodporno\u015b\u0107, matowe, trwa\u0142e, monochromatyczne KOLORYSTYKA: ecru, brudny r\u00f3\u017c, popiel, be\u017cowy POCHODZENIE: Grecja PRZEZNACZENIE: chodniki, \u015bcie\u017cki, stopnie, skwery Podana na stronie cena dotyczy 1kg produktu. Przed zam\u00f3wieniem prosimy o kontakt w celu ustalenia szczeg\u00f3\u0142\u00f3w.","_links":{"self":[{"href":"https:\/\/goldenstones.pl\/index.php?rest_route=\/wp\/v2\/product\/673","targetHints":{"allow":["GET"]}}],"collection":[{"href":"https:\/\/goldenstones.pl\/index.php?rest_route=\/wp\/v2\/product"}],"about":[{"href":"https:\/\/goldenstones.pl\/index.php?rest_route=\/wp\/v2\/types\/product"}],"replies":[{"embeddable":true,"href":"https:\/\/goldenstones.pl\/index.php?rest_route=%2Fwp%2Fv2%2Fcomments&post=673"}],"wp:featuredmedia":[{"embeddable":true,"href":"https:\/\/goldenstones.pl\/index.php?rest_route=\/wp\/v2\/media\/705"}],"wp:attachment":[{"href":"https:\/\/goldenstones.pl\/index.php?rest_route=%2Fwp%2Fv2%2Fmedia&parent=673"}],"wp:term":[{"taxonomy":"product_brand","embeddable":true,"href":"https:\/\/goldenstones.pl\/index.php?rest_route=%2Fwp%2Fv2%2Fproduct_brand&post=673"},{"taxonomy":"product_cat","embeddable":true,"href":"https:\/\/goldenstones.pl\/index.php?rest_route=%2Fwp%2Fv2%2Fproduct_cat&post=673"},{"taxonomy":"product_tag","embeddable":true,"href":"https:\/\/goldenstones.pl\/index.php?rest_route=%2Fwp%2Fv2%2Fproduct_tag&post=673"}],"curies":[{"name":"wp","href":"https:\/\/api.w.org\/{rel}","templated":true}]}}