{"id":674,"date":"2026-02-20T10:09:42","date_gmt":"2026-02-20T10:09:42","guid":{"rendered":"https:\/\/goldenstones.pl\/?post_type=product&#038;p=674"},"modified":"2026-02-23T12:36:13","modified_gmt":"2026-02-23T12:36:13","slug":"kamien-sciezkowy-czerwony-stopnie-40-60cm-1szt","status":"publish","type":"product","link":"https:\/\/goldenstones.pl\/?product=kamien-sciezkowy-czerwony-stopnie-40-60cm-1szt","title":{"rendered":"Kamie\u0144 \u015bcie\u017ckowy czerwony stopnie 40-60cm 1szt."},"content":{"rendered":"<h2>Kamie\u0144 \u015bcie\u017ckowy czerwony<\/h2>\n<p>Jest to idealny budulec do stopni, jak i \u015bcie\u017cek czy murk\u00f3w. Kamie\u0144 ten to pochodz\u0105cy z Grecji piaskowiec. Jest on oryginalnym wyborem dla odwa\u017cnych, gdy\u017c wype\u0142nia przestrze\u0144 \u017cywym kolorem, kt\u00f3ry urzeka serca ogrodnik\u00f3w. Jego barwa to nienasycona czerwie\u0144, kt\u00f3ra wpada w r\u00f3\u017cowe tony. Jest to jedna z bardziej kolorowych pozycji na rynku. Dzi\u0119ki niemu ogr\u00f3d nabierze \u017cycia i stanie si\u0119 weso\u0142ym miejscem. Doskonale sprawdza si\u0119 jako budulec do \u015bcie\u017cki oraz dzi\u0119ki wytrzyma\u0142o\u015bci &#8211; kamie\u0144 na podjazdy, chodniki, tarasy, pod\u0142ogi otwartych altan oraz drewutni. Dla Twojej wygody proponujemy skorzystanie z mo\u017cliwo\u015bci naszej oferty szybkiego i profesjonalnego dowozu.\u00a0<strong><a href=\"https:\/\/www.goldenstones.pl\/sklep\/kategoria\/kamienie\/kamienie_lupane\/kamien_sciezkowy\/\">Sprawd\u017a tak\u017ce pozosta\u0142e produkty z naszej oferty kamieni \u015bcie\u017ckowych.<\/a><\/strong><\/p>\n","protected":false},"excerpt":{"rendered":"<p><span style=\"color: #E36A00;\"><strong><span style=\"color: #333333;\">Produkt wyceniany jest na sztuki<\/span><\/strong><\/span><\/p>\n<ul>\n<li><strong><span style=\"color: #E36A00;\">CECHY CHARAKTERYSTYCZNE: <\/span><\/strong><span style=\"color: #333333;\">piaskowiec, ci\u0119ty na p\u0142yty<\/span><\/li>\n<li><strong><span style=\"color: #E36A00;\">KOLORYSTYKA: <\/span><\/strong><span style=\"color: #333333;\">r\u00f3\u017cowo &#8211; czerwony<\/span><\/li>\n<li><span style=\"color: #E36A00;\"><strong>POCHODZENIE:<\/strong><\/span> <span style=\"color: #333333;\">Grecja<\/span><\/li>\n<li><strong><span style=\"color: #E36A00;\">PRZEZNACZENIE:<\/span><\/strong> <span style=\"color: #333333;\">\u015bcie\u017cki, podjazdy dla lekkich samochod\u00f3w, chodniki, tarasy, pod\u0142ogi otwartych altan i drewutni<\/span><\/li>\n<\/ul>\n<p><span style=\"color: #333333;\"><a style=\"color: #333333;\" href=\"https:\/\/www.goldenstones.pl\/elementor-63\/\"><strong>Podana na stronie cena dotyczy jednej sztuki produktu. Przed zam\u00f3wieniem prosimy o kontakt w celu ustalenia szczeg\u00f3\u0142\u00f3w.<\/strong><\/a><\/span><\/p>\n","protected":false},"featured_media":706,"comment_status":"closed","ping_status":"closed","template":"","meta":{"_uag_custom_page_level_css":"","site-sidebar-layout":"default","site-content-layout":"","ast-site-content-layout":"default","site-content-style":"default","site-sidebar-style":"default","ast-global-header-display":"","ast-banner-title-visibility":"","ast-main-header-display":"","ast-hfb-above-header-display":"","ast-hfb-below-header-display":"","ast-hfb-mobile-header-display":"","site-post-title":"","ast-breadcrumbs-content":"","ast-featured-img":"","footer-sml-layout":"","ast-disable-related-posts":"","theme-transparent-header-meta":"","adv-header-id-meta":"","stick-header-meta":"","header-above-stick-meta":"","header-main-stick-meta":"","header-below-stick-meta":"","astra-migrate-meta-layouts":"default","ast-page-background-enabled":"default","ast-page-background-meta":{"desktop":{"background-color":"var(--ast-global-color-5)","background-image":"","background-repeat":"repeat","background-position":"center center","background-size":"auto","background-attachment":"scroll","background-type":"","background-media":"","overlay-type":"","overlay-color":"","overlay-opacity":"","overlay-gradient":""},"tablet":{"background-color":"","background-image":"","background-repeat":"repeat","background-position":"center center","background-size":"auto","background-attachment":"scroll","background-type":"","background-media":"","overlay-type":"","overlay-color":"","overlay-opacity":"","overlay-gradient":""},"mobile":{"background-color":"","background-image":"","background-repeat":"repeat","background-position":"center center","background-size":"auto","background-attachment":"scroll","background-type":"","background-media":"","overlay-type":"","overlay-color":"","overlay-opacity":"","overlay-gradient":""}},"ast-content-background-meta":{"desktop":{"background-color":"var(--ast-global-color-4)","background-image":"","background-repeat":"repeat","background-position":"center center","background-size":"auto","background-attachment":"scroll","background-type":"","background-media":"","overlay-type":"","overlay-color":"","overlay-opacity":"","overlay-gradient":""},"tablet":{"background-color":"var(--ast-global-color-4)","background-image":"","background-repeat":"repeat","background-position":"center center","background-size":"auto","background-attachment":"scroll","background-type":"","background-media":"","overlay-type":"","overlay-color":"","overlay-opacity":"","overlay-gradient":""},"mobile":{"background-color":"var(--ast-global-color-4)","background-image":"","background-repeat":"repeat","background-position":"center center","background-size":"auto","background-attachment":"scroll","background-type":"","background-media":"","overlay-type":"","overlay-color":"","overlay-opacity":"","overlay-gradient":""}}},"product_brand":[],"product_cat":[139,21,126,145,108],"product_tag":[140,141],"class_list":{"0":"post-674","1":"product","2":"type-product","3":"status-publish","4":"has-post-thumbnail","6":"product_cat-kamien-sciezkowy","7":"product_cat-kamienie","8":"product_cat-kamienie-lupane","9":"product_cat-plytki-40x60-cm","10":"product_cat-stopnie-schody","11":"product_tag-kamien-sciezkowy-bydgoszcz","12":"product_tag-kamien-wielkoplytowy-bydgoszcz","13":"desktop-align-left","14":"tablet-align-left","15":"mobile-align-left","17":"first","18":"instock","19":"shipping-taxable","20":"purchasable","21":"product-type-simple"},"uagb_featured_image_src":{"full":["https:\/\/goldenstones.pl\/wp-content\/uploads\/2026\/02\/kamien-sciezkowy-czerwony-40x60cm.jpg",256,256,false],"thumbnail":["https:\/\/goldenstones.pl\/wp-content\/uploads\/2026\/02\/kamien-sciezkowy-czerwony-40x60cm-150x150.jpg",150,150,true],"medium":["https:\/\/goldenstones.pl\/wp-content\/uploads\/2026\/02\/kamien-sciezkowy-czerwony-40x60cm.jpg",256,256,false],"medium_large":["https:\/\/goldenstones.pl\/wp-content\/uploads\/2026\/02\/kamien-sciezkowy-czerwony-40x60cm.jpg",256,256,false],"large":["https:\/\/goldenstones.pl\/wp-content\/uploads\/2026\/02\/kamien-sciezkowy-czerwony-40x60cm.jpg",256,256,false],"1536x1536":["https:\/\/goldenstones.pl\/wp-content\/uploads\/2026\/02\/kamien-sciezkowy-czerwony-40x60cm.jpg",256,256,false],"2048x2048":["https:\/\/goldenstones.pl\/wp-content\/uploads\/2026\/02\/kamien-sciezkowy-czerwony-40x60cm.jpg",256,256,false],"woocommerce_thumbnail":["https:\/\/goldenstones.pl\/wp-content\/uploads\/2026\/02\/kamien-sciezkowy-czerwony-40x60cm.jpg",256,256,false],"woocommerce_single":["https:\/\/goldenstones.pl\/wp-content\/uploads\/2026\/02\/kamien-sciezkowy-czerwony-40x60cm.jpg",256,256,false],"woocommerce_gallery_thumbnail":["https:\/\/goldenstones.pl\/wp-content\/uploads\/2026\/02\/kamien-sciezkowy-czerwony-40x60cm-100x100.jpg",100,100,true]},"uagb_author_info":{"display_name":"admin","author_link":"https:\/\/goldenstones.pl\/?author=0"},"uagb_comment_info":0,"uagb_excerpt":"Produkt wyceniany jest na sztuki CECHY CHARAKTERYSTYCZNE: piaskowiec, ci\u0119ty na p\u0142yty KOLORYSTYKA: r\u00f3\u017cowo - czerwony POCHODZENIE: Grecja PRZEZNACZENIE: \u015bcie\u017cki, podjazdy dla lekkich samochod\u00f3w, chodniki, tarasy, pod\u0142ogi otwartych altan i drewutni Podana na stronie cena dotyczy jednej sztuki produktu. Przed zam\u00f3wieniem prosimy o kontakt w celu ustalenia szczeg\u00f3\u0142\u00f3w.","_links":{"self":[{"href":"https:\/\/goldenstones.pl\/index.php?rest_route=\/wp\/v2\/product\/674","targetHints":{"allow":["GET"]}}],"collection":[{"href":"https:\/\/goldenstones.pl\/index.php?rest_route=\/wp\/v2\/product"}],"about":[{"href":"https:\/\/goldenstones.pl\/index.php?rest_route=\/wp\/v2\/types\/product"}],"replies":[{"embeddable":true,"href":"https:\/\/goldenstones.pl\/index.php?rest_route=%2Fwp%2Fv2%2Fcomments&post=674"}],"wp:featuredmedia":[{"embeddable":true,"href":"https:\/\/goldenstones.pl\/index.php?rest_route=\/wp\/v2\/media\/706"}],"wp:attachment":[{"href":"https:\/\/goldenstones.pl\/index.php?rest_route=%2Fwp%2Fv2%2Fmedia&parent=674"}],"wp:term":[{"taxonomy":"product_brand","embeddable":true,"href":"https:\/\/goldenstones.pl\/index.php?rest_route=%2Fwp%2Fv2%2Fproduct_brand&post=674"},{"taxonomy":"product_cat","embeddable":true,"href":"https:\/\/goldenstones.pl\/index.php?rest_route=%2Fwp%2Fv2%2Fproduct_cat&post=674"},{"taxonomy":"product_tag","embeddable":true,"href":"https:\/\/goldenstones.pl\/index.php?rest_route=%2Fwp%2Fv2%2Fproduct_tag&post=674"}],"curies":[{"name":"wp","href":"https:\/\/api.w.org\/{rel}","templated":true}]}}