{"id":676,"date":"2026-02-20T10:09:42","date_gmt":"2026-02-20T10:09:42","guid":{"rendered":"https:\/\/goldenstones.pl\/?post_type=product&#038;p=676"},"modified":"2026-02-23T12:36:13","modified_gmt":"2026-02-23T12:36:13","slug":"kamien-elewacyjny-thassos","status":"publish","type":"product","link":"https:\/\/goldenstones.pl\/?product=kamien-elewacyjny-thassos","title":{"rendered":"Kamie\u0144 Elewacyjny Thassos"},"content":{"rendered":"<h2>Kamie\u0144 Thassos do elewacji<\/h2>\n<p>Pochodz\u0105cy z Greckiej wyspy kamie\u0144, kt\u00f3ry bierze swoj\u0105 nazw\u0119 od uwielbianej przez turyst\u00f3w miejscowo\u015bci Thassos. Wyr\u00f3\u017cnia go niesamowicie szykowna i nowoczesna biel, bowiem jest to najbielszy z kamieni. Stosowany g\u0142\u00f3wnie jako kamie\u0144 do wyk\u0142adania \u015bcie\u017cek i chodnik\u00f3w w ogrodzie lub tworzenia elewacji dekoracyjnych we wn\u0119trzach spa, hoteli, \u0142azienek. Dzi\u0119ki wysokim parametrom wytrzyma\u0142o\u015bciowym i oryginalnej \u015bnie\u017cnej barwie i delikatnemu po\u0142yskowi przy ekspozycji na \u015bwiat\u0142o pi\u0119knie si\u0119 prezentuje. Doskonale sprawdza si\u0119 nie tylko jako kamie\u0144 na \u015bcie\u017cki, ale r\u00f3wnie\u017c jako kamie\u0144 na wyko\u0144czenie murk\u00f3w i \u015bcian. Kamienie posiadaj\u0105 r\u00f3\u017cn\u0105 wielko\u015b\u0107, wag\u0119 i dobierane s\u0105 przez Klienta indywidualnie. Przed zakupem prosimy o kontakt w celu ustalenia szczeg\u00f3\u0142\u00f3w zam\u00f3wienia. Dla Twojej wygody proponujemy skorzystanie z mo\u017cliwo\u015bci naszej oferty szybkiego i profesjonalnego dowozu.\u00a0<strong><a href=\"https:\/\/www.goldenstones.pl\/kategoria\/kamienie\/kamienie_lupane\/kamien_elewacyjy\/\">Sprawd\u017a tak\u017ce pozosta\u0142e produkty z naszej oferty kamieni elewacyjnych &gt;tutaj.<\/a><\/strong><\/p>\n","protected":false},"excerpt":{"rendered":"<p><span style=\"color: #E36A00;\"><strong><span style=\"color: #333333;\">Produkt wyceniany jest na m\u00b2\u00a0<\/span><\/strong><\/span><\/p>\n<ul>\n<li><strong><span style=\"color: #E36A00;\">CECHY CHARAKTERYSTYCZNE: <\/span><\/strong><span style=\"color: #333333;\">mrozoodporne, jasny, jednolity kamie\u0144, po\u0142yskuj\u0105cy przy ekspozycji na s\u0142o\u0144ce<\/span><\/li>\n<li><strong><span style=\"color: #E36A00;\">KOLORYSTYKA: <\/span><\/strong><span style=\"color: #333333;\">\u015bnie\u017cna biel<\/span><\/li>\n<li><span style=\"color: #E36A00;\"><strong>POCHODZENIE:<\/strong><span style=\"color: #333333;\"> Grecja<\/span><\/span><\/li>\n<li><strong><span style=\"color: #E36A00;\">PRZEZNACZENIE: <\/span><\/strong><span style=\"color: #333333;\">chodniki, \u015bcie\u017cki, stopnie, skwery, elewacje, murki i \u015bciany<\/span><\/li>\n<\/ul>\n<p><span style=\"color: #333333;\"><a style=\"color: #333333;\" href=\"https:\/\/www.goldenstones.pl\/elementor-63\/\"><strong>Podana na stronie cena dotyczy 1m\u00b2 produktu. Przed zam\u00f3wieniem prosimy o kontakt w celu ustalenia szczeg\u00f3\u0142\u00f3w.<\/strong><\/a><\/span><\/p>\n","protected":false},"featured_media":708,"comment_status":"closed","ping_status":"closed","template":"","meta":{"_uag_custom_page_level_css":"","site-sidebar-layout":"default","site-content-layout":"","ast-site-content-layout":"default","site-content-style":"default","site-sidebar-style":"default","ast-global-header-display":"","ast-banner-title-visibility":"","ast-main-header-display":"","ast-hfb-above-header-display":"","ast-hfb-below-header-display":"","ast-hfb-mobile-header-display":"","site-post-title":"","ast-breadcrumbs-content":"","ast-featured-img":"","footer-sml-layout":"","ast-disable-related-posts":"","theme-transparent-header-meta":"default","adv-header-id-meta":"","stick-header-meta":"","header-above-stick-meta":"","header-main-stick-meta":"","header-below-stick-meta":"","astra-migrate-meta-layouts":"set","ast-page-background-enabled":"default","ast-page-background-meta":{"desktop":{"background-color":"var(--ast-global-color-5)","background-image":"","background-repeat":"repeat","background-position":"center center","background-size":"auto","background-attachment":"scroll","background-type":"","background-media":"","overlay-type":"","overlay-color":"","overlay-opacity":"","overlay-gradient":""},"tablet":{"background-color":"","background-image":"","background-repeat":"repeat","background-position":"center center","background-size":"auto","background-attachment":"scroll","background-type":"","background-media":"","overlay-type":"","overlay-color":"","overlay-opacity":"","overlay-gradient":""},"mobile":{"background-color":"","background-image":"","background-repeat":"repeat","background-position":"center center","background-size":"auto","background-attachment":"scroll","background-type":"","background-media":"","overlay-type":"","overlay-color":"","overlay-opacity":"","overlay-gradient":""}},"ast-content-background-meta":{"desktop":{"background-color":"var(--ast-global-color-4)","background-image":"","background-repeat":"repeat","background-position":"center center","background-size":"auto","background-attachment":"scroll","background-type":"","background-media":"","overlay-type":"","overlay-color":"","overlay-opacity":"","overlay-gradient":""},"tablet":{"background-color":"var(--ast-global-color-4)","background-image":"","background-repeat":"repeat","background-position":"center center","background-size":"auto","background-attachment":"scroll","background-type":"","background-media":"","overlay-type":"","overlay-color":"","overlay-opacity":"","overlay-gradient":""},"mobile":{"background-color":"var(--ast-global-color-4)","background-image":"","background-repeat":"repeat","background-position":"center center","background-size":"auto","background-attachment":"scroll","background-type":"","background-media":"","overlay-type":"","overlay-color":"","overlay-opacity":"","overlay-gradient":""}}},"product_brand":[],"product_cat":[144,21,126],"product_tag":[146,147,148],"class_list":{"0":"post-676","1":"product","2":"type-product","3":"status-publish","4":"has-post-thumbnail","6":"product_cat-kamien-elewacyjny","7":"product_cat-kamienie","8":"product_cat-kamienie-lupane","9":"product_tag-elewacyjny","10":"product_tag-kamien-elewacyjny-bydgoszcz","11":"product_tag-kamienie-elewacyjne-bydgoszcz","12":"desktop-align-left","13":"tablet-align-left","14":"mobile-align-left","16":"first","17":"outofstock","18":"shipping-taxable","19":"purchasable","20":"product-type-simple"},"uagb_featured_image_src":{"full":["https:\/\/goldenstones.pl\/wp-content\/uploads\/2026\/02\/kamien-elewacyjny-snieznobialy-blyszczacy-thassos.jpg",256,256,false],"thumbnail":["https:\/\/goldenstones.pl\/wp-content\/uploads\/2026\/02\/kamien-elewacyjny-snieznobialy-blyszczacy-thassos-150x150.jpg",150,150,true],"medium":["https:\/\/goldenstones.pl\/wp-content\/uploads\/2026\/02\/kamien-elewacyjny-snieznobialy-blyszczacy-thassos.jpg",256,256,false],"medium_large":["https:\/\/goldenstones.pl\/wp-content\/uploads\/2026\/02\/kamien-elewacyjny-snieznobialy-blyszczacy-thassos.jpg",256,256,false],"large":["https:\/\/goldenstones.pl\/wp-content\/uploads\/2026\/02\/kamien-elewacyjny-snieznobialy-blyszczacy-thassos.jpg",256,256,false],"1536x1536":["https:\/\/goldenstones.pl\/wp-content\/uploads\/2026\/02\/kamien-elewacyjny-snieznobialy-blyszczacy-thassos.jpg",256,256,false],"2048x2048":["https:\/\/goldenstones.pl\/wp-content\/uploads\/2026\/02\/kamien-elewacyjny-snieznobialy-blyszczacy-thassos.jpg",256,256,false],"woocommerce_thumbnail":["https:\/\/goldenstones.pl\/wp-content\/uploads\/2026\/02\/kamien-elewacyjny-snieznobialy-blyszczacy-thassos.jpg",256,256,false],"woocommerce_single":["https:\/\/goldenstones.pl\/wp-content\/uploads\/2026\/02\/kamien-elewacyjny-snieznobialy-blyszczacy-thassos.jpg",256,256,false],"woocommerce_gallery_thumbnail":["https:\/\/goldenstones.pl\/wp-content\/uploads\/2026\/02\/kamien-elewacyjny-snieznobialy-blyszczacy-thassos-100x100.jpg",100,100,true]},"uagb_author_info":{"display_name":"admin","author_link":"https:\/\/goldenstones.pl\/?author=0"},"uagb_comment_info":0,"uagb_excerpt":"Produkt wyceniany jest na m\u00b2\u00a0 CECHY CHARAKTERYSTYCZNE: mrozoodporne, jasny, jednolity kamie\u0144, po\u0142yskuj\u0105cy przy ekspozycji na s\u0142o\u0144ce KOLORYSTYKA: \u015bnie\u017cna biel POCHODZENIE: Grecja PRZEZNACZENIE: chodniki, \u015bcie\u017cki, stopnie, skwery, elewacje, murki i \u015bciany Podana na stronie cena dotyczy 1m\u00b2 produktu. Przed zam\u00f3wieniem prosimy o kontakt w celu ustalenia szczeg\u00f3\u0142\u00f3w.","_links":{"self":[{"href":"https:\/\/goldenstones.pl\/index.php?rest_route=\/wp\/v2\/product\/676","targetHints":{"allow":["GET"]}}],"collection":[{"href":"https:\/\/goldenstones.pl\/index.php?rest_route=\/wp\/v2\/product"}],"about":[{"href":"https:\/\/goldenstones.pl\/index.php?rest_route=\/wp\/v2\/types\/product"}],"replies":[{"embeddable":true,"href":"https:\/\/goldenstones.pl\/index.php?rest_route=%2Fwp%2Fv2%2Fcomments&post=676"}],"wp:featuredmedia":[{"embeddable":true,"href":"https:\/\/goldenstones.pl\/index.php?rest_route=\/wp\/v2\/media\/708"}],"wp:attachment":[{"href":"https:\/\/goldenstones.pl\/index.php?rest_route=%2Fwp%2Fv2%2Fmedia&parent=676"}],"wp:term":[{"taxonomy":"product_brand","embeddable":true,"href":"https:\/\/goldenstones.pl\/index.php?rest_route=%2Fwp%2Fv2%2Fproduct_brand&post=676"},{"taxonomy":"product_cat","embeddable":true,"href":"https:\/\/goldenstones.pl\/index.php?rest_route=%2Fwp%2Fv2%2Fproduct_cat&post=676"},{"taxonomy":"product_tag","embeddable":true,"href":"https:\/\/goldenstones.pl\/index.php?rest_route=%2Fwp%2Fv2%2Fproduct_tag&post=676"}],"curies":[{"name":"wp","href":"https:\/\/api.w.org\/{rel}","templated":true}]}}