{"id":679,"date":"2026-02-20T10:09:42","date_gmt":"2026-02-20T10:09:42","guid":{"rendered":"https:\/\/goldenstones.pl\/?post_type=product&#038;p=679"},"modified":"2026-02-23T12:36:14","modified_gmt":"2026-02-23T12:36:14","slug":"kamien-elewacyjny-antique-mandras-sandstone-1kg","status":"publish","type":"product","link":"https:\/\/goldenstones.pl\/?product=kamien-elewacyjny-antique-mandras-sandstone-1kg","title":{"rendered":"Kamie\u0144 Elewacyjny Antique Mandras Sandstone &#8211; 1kg"},"content":{"rendered":"<h2>Antyczny kamie\u0144 piaskowy do elewacji<\/h2>\n<p>Kamie\u0144 elewacyjny Antique Mandras Sandstone zwany pustynnym z\u0142otem. Odznacza si\u0119 pustynnymi barwami ciep\u0142ego be\u017cu, kt\u00f3ry prze\u0142amuj\u0105 drobne fioletowe \u017cy\u0142ki. Dzi\u0119ki mrozoodporno\u015bci jest stosowany g\u0142\u00f3wnie jako kamie\u0144 do wyk\u0142adania \u015bcie\u017cek i chodnik\u00f3w w ogrodzie lub tworzenia elewacji dekoracyjnych we wn\u0119trzach wypoczynkowych w spa czy hotelach. Przez wysokie parametry wytrzyma\u0142o\u015bciowe i oryginaln\u0105 barw\u0119, a tak\u017ce delikatny po\u0142ysk przy ekspozycji na \u015bwiat\u0142o pi\u0119knie si\u0119 prezentuje. Doskonale sprawdza jako kamie\u0144 na wyko\u0144czenie murk\u00f3w i \u015bcian. Kamienie posiadaj\u0105 r\u00f3\u017cne wielko\u015bci, wag\u0119 i dobierane s\u0105 przez Klienta indywidualnie. Przed zakupem prosimy o kontakt w celu ustalenia szczeg\u00f3\u0142\u00f3w zam\u00f3wienia. Dla Twojej wygody proponujemy skorzystanie z mo\u017cliwo\u015bci naszej oferty szybkiego i profesjonalnego dowozu.\u00a0<strong><a href=\"https:\/\/www.goldenstones.pl\/kategoria\/kamienie\/kamienie_lupane\/kamien_elewacyjy\/\">Sprawd\u017a tak\u017ce pozosta\u0142e produkty z naszej oferty kamieni elewacyjnych &gt;tutaj.<\/a><\/strong><\/p>\n","protected":false},"excerpt":{"rendered":"<p><span style=\"color: #E36A00;\"><strong><span style=\"color: #333333;\">Produkt wyceniany jest za 1kg<\/span><\/strong><\/span><\/p>\n<ul>\n<li><strong><span style=\"color: #E36A00;\">CECHY CHARAKTERYSTYCZNE: <\/span><\/strong><span style=\"color: #333333;\">mrozoodporne, jasny, jednolity kamie\u0144, p\u0142aski o nieregularnym obrysie z delikatnymi \u017cy\u0142kami, monochromatyczny<\/span><\/li>\n<li><strong><span style=\"color: #E36A00;\">KOLORYSTYKA: <\/span><\/strong><span style=\"color: #333333;\">ciep\u0142a tonacja, odcienie be\u017cu, \u017c\u00f3\u0142tego, ugru, ecru z fioletowymi \u017cy\u0142kami<\/span><\/li>\n<li><strong><span style=\"color: #E36A00;\">PRZEZNACZENIE: <\/span><\/strong><span style=\"color: #333333;\">chodniki, \u015bcie\u017cki, stopnie, skwery, elewacje, murki i \u015bciany<\/span><\/li>\n<\/ul>\n<p><span style=\"color: #333333;\"><a style=\"color: #333333;\" href=\"https:\/\/www.goldenstones.pl\/elementor-63\/\"><strong>Podana na stronie cena dotyczy 1kg produktu. Przed zam\u00f3wieniem prosimy o kontakt w celu ustalenia szczeg\u00f3\u0142\u00f3w.<\/strong><\/a><\/span><\/p>\n","protected":false},"featured_media":710,"comment_status":"closed","ping_status":"closed","template":"","meta":{"_uag_custom_page_level_css":"","site-sidebar-layout":"default","site-content-layout":"","ast-site-content-layout":"default","site-content-style":"default","site-sidebar-style":"default","ast-global-header-display":"","ast-banner-title-visibility":"","ast-main-header-display":"","ast-hfb-above-header-display":"","ast-hfb-below-header-display":"","ast-hfb-mobile-header-display":"","site-post-title":"","ast-breadcrumbs-content":"","ast-featured-img":"","footer-sml-layout":"","ast-disable-related-posts":"","theme-transparent-header-meta":"","adv-header-id-meta":"","stick-header-meta":"","header-above-stick-meta":"","header-main-stick-meta":"","header-below-stick-meta":"","astra-migrate-meta-layouts":"default","ast-page-background-enabled":"default","ast-page-background-meta":{"desktop":{"background-color":"var(--ast-global-color-5)","background-image":"","background-repeat":"repeat","background-position":"center center","background-size":"auto","background-attachment":"scroll","background-type":"","background-media":"","overlay-type":"","overlay-color":"","overlay-opacity":"","overlay-gradient":""},"tablet":{"background-color":"","background-image":"","background-repeat":"repeat","background-position":"center center","background-size":"auto","background-attachment":"scroll","background-type":"","background-media":"","overlay-type":"","overlay-color":"","overlay-opacity":"","overlay-gradient":""},"mobile":{"background-color":"","background-image":"","background-repeat":"repeat","background-position":"center center","background-size":"auto","background-attachment":"scroll","background-type":"","background-media":"","overlay-type":"","overlay-color":"","overlay-opacity":"","overlay-gradient":""}},"ast-content-background-meta":{"desktop":{"background-color":"var(--ast-global-color-4)","background-image":"","background-repeat":"repeat","background-position":"center center","background-size":"auto","background-attachment":"scroll","background-type":"","background-media":"","overlay-type":"","overlay-color":"","overlay-opacity":"","overlay-gradient":""},"tablet":{"background-color":"var(--ast-global-color-4)","background-image":"","background-repeat":"repeat","background-position":"center center","background-size":"auto","background-attachment":"scroll","background-type":"","background-media":"","overlay-type":"","overlay-color":"","overlay-opacity":"","overlay-gradient":""},"mobile":{"background-color":"var(--ast-global-color-4)","background-image":"","background-repeat":"repeat","background-position":"center center","background-size":"auto","background-attachment":"scroll","background-type":"","background-media":"","overlay-type":"","overlay-color":"","overlay-opacity":"","overlay-gradient":""}}},"product_brand":[],"product_cat":[144,21,126],"product_tag":[146,147,148],"class_list":{"0":"post-679","1":"product","2":"type-product","3":"status-publish","4":"has-post-thumbnail","6":"product_cat-kamien-elewacyjny","7":"product_cat-kamienie","8":"product_cat-kamienie-lupane","9":"product_tag-elewacyjny","10":"product_tag-kamien-elewacyjny-bydgoszcz","11":"product_tag-kamienie-elewacyjne-bydgoszcz","12":"desktop-align-left","13":"tablet-align-left","14":"mobile-align-left","16":"first","17":"instock","18":"shipping-taxable","19":"purchasable","20":"product-type-simple"},"uagb_featured_image_src":{"full":["https:\/\/goldenstones.pl\/wp-content\/uploads\/2026\/02\/kamien-elewacyjny-mandras.jpg",256,256,false],"thumbnail":["https:\/\/goldenstones.pl\/wp-content\/uploads\/2026\/02\/kamien-elewacyjny-mandras-150x150.jpg",150,150,true],"medium":["https:\/\/goldenstones.pl\/wp-content\/uploads\/2026\/02\/kamien-elewacyjny-mandras.jpg",256,256,false],"medium_large":["https:\/\/goldenstones.pl\/wp-content\/uploads\/2026\/02\/kamien-elewacyjny-mandras.jpg",256,256,false],"large":["https:\/\/goldenstones.pl\/wp-content\/uploads\/2026\/02\/kamien-elewacyjny-mandras.jpg",256,256,false],"1536x1536":["https:\/\/goldenstones.pl\/wp-content\/uploads\/2026\/02\/kamien-elewacyjny-mandras.jpg",256,256,false],"2048x2048":["https:\/\/goldenstones.pl\/wp-content\/uploads\/2026\/02\/kamien-elewacyjny-mandras.jpg",256,256,false],"woocommerce_thumbnail":["https:\/\/goldenstones.pl\/wp-content\/uploads\/2026\/02\/kamien-elewacyjny-mandras.jpg",256,256,false],"woocommerce_single":["https:\/\/goldenstones.pl\/wp-content\/uploads\/2026\/02\/kamien-elewacyjny-mandras.jpg",256,256,false],"woocommerce_gallery_thumbnail":["https:\/\/goldenstones.pl\/wp-content\/uploads\/2026\/02\/kamien-elewacyjny-mandras-100x100.jpg",100,100,true]},"uagb_author_info":{"display_name":"admin","author_link":"https:\/\/goldenstones.pl\/?author=0"},"uagb_comment_info":0,"uagb_excerpt":"Produkt wyceniany jest za 1kg CECHY CHARAKTERYSTYCZNE: mrozoodporne, jasny, jednolity kamie\u0144, p\u0142aski o nieregularnym obrysie z delikatnymi \u017cy\u0142kami, monochromatyczny KOLORYSTYKA: ciep\u0142a tonacja, odcienie be\u017cu, \u017c\u00f3\u0142tego, ugru, ecru z fioletowymi \u017cy\u0142kami PRZEZNACZENIE: chodniki, \u015bcie\u017cki, stopnie, skwery, elewacje, murki i \u015bciany Podana na stronie cena dotyczy 1kg produktu. Przed zam\u00f3wieniem prosimy o kontakt w celu ustalenia szczeg\u00f3\u0142\u00f3w.","_links":{"self":[{"href":"https:\/\/goldenstones.pl\/index.php?rest_route=\/wp\/v2\/product\/679","targetHints":{"allow":["GET"]}}],"collection":[{"href":"https:\/\/goldenstones.pl\/index.php?rest_route=\/wp\/v2\/product"}],"about":[{"href":"https:\/\/goldenstones.pl\/index.php?rest_route=\/wp\/v2\/types\/product"}],"replies":[{"embeddable":true,"href":"https:\/\/goldenstones.pl\/index.php?rest_route=%2Fwp%2Fv2%2Fcomments&post=679"}],"wp:featuredmedia":[{"embeddable":true,"href":"https:\/\/goldenstones.pl\/index.php?rest_route=\/wp\/v2\/media\/710"}],"wp:attachment":[{"href":"https:\/\/goldenstones.pl\/index.php?rest_route=%2Fwp%2Fv2%2Fmedia&parent=679"}],"wp:term":[{"taxonomy":"product_brand","embeddable":true,"href":"https:\/\/goldenstones.pl\/index.php?rest_route=%2Fwp%2Fv2%2Fproduct_brand&post=679"},{"taxonomy":"product_cat","embeddable":true,"href":"https:\/\/goldenstones.pl\/index.php?rest_route=%2Fwp%2Fv2%2Fproduct_cat&post=679"},{"taxonomy":"product_tag","embeddable":true,"href":"https:\/\/goldenstones.pl\/index.php?rest_route=%2Fwp%2Fv2%2Fproduct_tag&post=679"}],"curies":[{"name":"wp","href":"https:\/\/api.w.org\/{rel}","templated":true}]}}