{"id":684,"date":"2026-02-20T10:09:43","date_gmt":"2026-02-20T10:09:43","guid":{"rendered":"https:\/\/goldenstones.pl\/?post_type=product&#038;p=684"},"modified":"2026-02-23T12:36:14","modified_gmt":"2026-02-23T12:36:14","slug":"kamien-elewacyjny-sloneczny-mur","status":"publish","type":"product","link":"https:\/\/goldenstones.pl\/?product=kamien-elewacyjny-sloneczny-mur","title":{"rendered":"Kamie\u0144 elewacyjny S\u0142oneczny mur"},"content":{"rendered":"<h2>S\u0142oneczny mur &#8211; kamie\u0144 elewacyjny<\/h2>\n<p>To \u0142upek szarog\u0142azowy pochodz\u0105cy z polskich kopalni. Ma ciekawe ubarwienie, gdzie dominuj\u0105cym kolorem jest ciep\u0142y szary. Urozmaicaj\u0105 go drobne \u017cy\u0142ki i przebarwienia w kolorze bieli oraz z\u00f3\u0142ci. B\u0119dzie stanowi\u0107 wspania\u0142e i nowoczesne dope\u0142nienie \u015bciany na przyk\u0142ad w Twoim salonie. To kruszywo wprowadza wraz ze sob\u0105 dusz\u0119 do ka\u017cdego wn\u0119trza, w kt\u00f3rym si\u0119 znajduje, st\u0105d jego nazwa &#8211; s\u0142oneczny mur. Mimo swej uniwersalno\u015bci, jest ciekawym rozwi\u0105zaniem. Dla Twojej wygody proponujemy skorzystanie z mo\u017cliwo\u015bci naszej oferty szybkiego i profesjonalnego dowozu.\u00a0<strong><a href=\"https:\/\/www.goldenstones.pl\/kategoria\/kamienie\/kamienie_lupane\/kamien_elewacyjy\/\">Sprawd\u017a tak\u017ce pozosta\u0142e produkty z naszej oferty kamieni elewacyjnych &gt;tutaj.<\/a><\/strong><\/p>\n","protected":false},"excerpt":{"rendered":"<p><span style=\"color: #E36A00;\"><strong><span style=\"color: #333333;\">Produkt wyceniany jest w m\u00b2. Przed zam\u00f3wieniem prosimy o kontakt w celu ustalenia szczeg\u00f3\u0142\u00f3w.\u00a0<\/span><\/strong><\/span><\/p>\n<ul>\n<li><strong><span style=\"color: #E36A00;\">CECHY CHARAKTERYSTYCZNE: <\/span><\/strong><span style=\"color: #333333;\">b\u0142yszcz\u0105ce drobinkami podczas ekspozycji na s\u0142o\u0144ce, minera\u0142y u\u0142o\u017cone warstwowo w jednym kierunku<\/span><\/li>\n<li><strong><span style=\"color: #E36A00;\">KOLORYSTYKA: <\/span><\/strong><span style=\"color: #333333;\">mix r\u00f3\u017cnych odcieni szaro\u015bci z wtr\u0105ceniem bieli i rdzawego<\/span><\/li>\n<li><span style=\"color: #E36A00;\"><strong>POCHODZENIE:<\/strong><\/span> <span style=\"color: #333333;\">Polska<\/span><\/li>\n<li><strong><span style=\"color: #E36A00;\">PRZEZNACZENIE:<\/span><\/strong> <span style=\"color: #333333;\">skwery, kraw\u0119\u017cniki ogrodowe, elewacja \u015bcian we wn\u0119trzach i na zewn\u0105trz budynku<\/span><\/li>\n<\/ul>\n<p><strong>Podana na stronie cena dotyczy 1m\u00b2 produktu.<\/strong><\/p>\n","protected":false},"featured_media":717,"comment_status":"closed","ping_status":"closed","template":"","meta":{"_uag_custom_page_level_css":"","site-sidebar-layout":"default","site-content-layout":"","ast-site-content-layout":"default","site-content-style":"default","site-sidebar-style":"default","ast-global-header-display":"","ast-banner-title-visibility":"","ast-main-header-display":"","ast-hfb-above-header-display":"","ast-hfb-below-header-display":"","ast-hfb-mobile-header-display":"","site-post-title":"","ast-breadcrumbs-content":"","ast-featured-img":"","footer-sml-layout":"","ast-disable-related-posts":"","theme-transparent-header-meta":"default","adv-header-id-meta":"","stick-header-meta":"","header-above-stick-meta":"","header-main-stick-meta":"","header-below-stick-meta":"","astra-migrate-meta-layouts":"set","ast-page-background-enabled":"default","ast-page-background-meta":{"desktop":{"background-color":"var(--ast-global-color-5)","background-image":"","background-repeat":"repeat","background-position":"center center","background-size":"auto","background-attachment":"scroll","background-type":"","background-media":"","overlay-type":"","overlay-color":"","overlay-opacity":"","overlay-gradient":""},"tablet":{"background-color":"","background-image":"","background-repeat":"repeat","background-position":"center center","background-size":"auto","background-attachment":"scroll","background-type":"","background-media":"","overlay-type":"","overlay-color":"","overlay-opacity":"","overlay-gradient":""},"mobile":{"background-color":"","background-image":"","background-repeat":"repeat","background-position":"center center","background-size":"auto","background-attachment":"scroll","background-type":"","background-media":"","overlay-type":"","overlay-color":"","overlay-opacity":"","overlay-gradient":""}},"ast-content-background-meta":{"desktop":{"background-color":"var(--ast-global-color-4)","background-image":"","background-repeat":"repeat","background-position":"center center","background-size":"auto","background-attachment":"scroll","background-type":"","background-media":"","overlay-type":"","overlay-color":"","overlay-opacity":"","overlay-gradient":""},"tablet":{"background-color":"var(--ast-global-color-4)","background-image":"","background-repeat":"repeat","background-position":"center center","background-size":"auto","background-attachment":"scroll","background-type":"","background-media":"","overlay-type":"","overlay-color":"","overlay-opacity":"","overlay-gradient":""},"mobile":{"background-color":"var(--ast-global-color-4)","background-image":"","background-repeat":"repeat","background-position":"center center","background-size":"auto","background-attachment":"scroll","background-type":"","background-media":"","overlay-type":"","overlay-color":"","overlay-opacity":"","overlay-gradient":""}}},"product_brand":[],"product_cat":[144,21,126],"product_tag":[146,147,148],"class_list":{"0":"post-684","1":"product","2":"type-product","3":"status-publish","4":"has-post-thumbnail","6":"product_cat-kamien-elewacyjny","7":"product_cat-kamienie","8":"product_cat-kamienie-lupane","9":"product_tag-elewacyjny","10":"product_tag-kamien-elewacyjny-bydgoszcz","11":"product_tag-kamienie-elewacyjne-bydgoszcz","12":"desktop-align-left","13":"tablet-align-left","14":"mobile-align-left","16":"first","17":"outofstock","18":"shipping-taxable","19":"purchasable","20":"product-type-simple"},"uagb_featured_image_src":{"full":["https:\/\/goldenstones.pl\/wp-content\/uploads\/2026\/02\/kamien-elewacyjny-pasiasty-srebrzysty-mur.jpg",256,256,false],"thumbnail":["https:\/\/goldenstones.pl\/wp-content\/uploads\/2026\/02\/kamien-elewacyjny-pasiasty-srebrzysty-mur-150x150.jpg",150,150,true],"medium":["https:\/\/goldenstones.pl\/wp-content\/uploads\/2026\/02\/kamien-elewacyjny-pasiasty-srebrzysty-mur.jpg",256,256,false],"medium_large":["https:\/\/goldenstones.pl\/wp-content\/uploads\/2026\/02\/kamien-elewacyjny-pasiasty-srebrzysty-mur.jpg",256,256,false],"large":["https:\/\/goldenstones.pl\/wp-content\/uploads\/2026\/02\/kamien-elewacyjny-pasiasty-srebrzysty-mur.jpg",256,256,false],"1536x1536":["https:\/\/goldenstones.pl\/wp-content\/uploads\/2026\/02\/kamien-elewacyjny-pasiasty-srebrzysty-mur.jpg",256,256,false],"2048x2048":["https:\/\/goldenstones.pl\/wp-content\/uploads\/2026\/02\/kamien-elewacyjny-pasiasty-srebrzysty-mur.jpg",256,256,false],"woocommerce_thumbnail":["https:\/\/goldenstones.pl\/wp-content\/uploads\/2026\/02\/kamien-elewacyjny-pasiasty-srebrzysty-mur.jpg",256,256,false],"woocommerce_single":["https:\/\/goldenstones.pl\/wp-content\/uploads\/2026\/02\/kamien-elewacyjny-pasiasty-srebrzysty-mur.jpg",256,256,false],"woocommerce_gallery_thumbnail":["https:\/\/goldenstones.pl\/wp-content\/uploads\/2026\/02\/kamien-elewacyjny-pasiasty-srebrzysty-mur-100x100.jpg",100,100,true]},"uagb_author_info":{"display_name":"admin","author_link":"https:\/\/goldenstones.pl\/?author=0"},"uagb_comment_info":0,"uagb_excerpt":"Produkt wyceniany jest w m\u00b2. Przed zam\u00f3wieniem prosimy o kontakt w celu ustalenia szczeg\u00f3\u0142\u00f3w.\u00a0 CECHY CHARAKTERYSTYCZNE: b\u0142yszcz\u0105ce drobinkami podczas ekspozycji na s\u0142o\u0144ce, minera\u0142y u\u0142o\u017cone warstwowo w jednym kierunku KOLORYSTYKA: mix r\u00f3\u017cnych odcieni szaro\u015bci z wtr\u0105ceniem bieli i rdzawego POCHODZENIE: Polska PRZEZNACZENIE: skwery, kraw\u0119\u017cniki ogrodowe, elewacja \u015bcian we wn\u0119trzach i na zewn\u0105trz budynku Podana na stronie&hellip;","_links":{"self":[{"href":"https:\/\/goldenstones.pl\/index.php?rest_route=\/wp\/v2\/product\/684","targetHints":{"allow":["GET"]}}],"collection":[{"href":"https:\/\/goldenstones.pl\/index.php?rest_route=\/wp\/v2\/product"}],"about":[{"href":"https:\/\/goldenstones.pl\/index.php?rest_route=\/wp\/v2\/types\/product"}],"replies":[{"embeddable":true,"href":"https:\/\/goldenstones.pl\/index.php?rest_route=%2Fwp%2Fv2%2Fcomments&post=684"}],"wp:featuredmedia":[{"embeddable":true,"href":"https:\/\/goldenstones.pl\/index.php?rest_route=\/wp\/v2\/media\/717"}],"wp:attachment":[{"href":"https:\/\/goldenstones.pl\/index.php?rest_route=%2Fwp%2Fv2%2Fmedia&parent=684"}],"wp:term":[{"taxonomy":"product_brand","embeddable":true,"href":"https:\/\/goldenstones.pl\/index.php?rest_route=%2Fwp%2Fv2%2Fproduct_brand&post=684"},{"taxonomy":"product_cat","embeddable":true,"href":"https:\/\/goldenstones.pl\/index.php?rest_route=%2Fwp%2Fv2%2Fproduct_cat&post=684"},{"taxonomy":"product_tag","embeddable":true,"href":"https:\/\/goldenstones.pl\/index.php?rest_route=%2Fwp%2Fv2%2Fproduct_tag&post=684"}],"curies":[{"name":"wp","href":"https:\/\/api.w.org\/{rel}","templated":true}]}}