{"id":687,"date":"2026-02-20T10:09:43","date_gmt":"2026-02-20T10:09:43","guid":{"rendered":"https:\/\/goldenstones.pl\/?post_type=product&#038;p=687"},"modified":"2026-02-23T12:36:15","modified_gmt":"2026-02-23T12:36:15","slug":"lupek-bialy-tona","status":"publish","type":"product","link":"https:\/\/goldenstones.pl\/?product=lupek-bialy-tona","title":{"rendered":"\u0141upek Bia\u0142y &#8211; tona"},"content":{"rendered":"<h2>Mlecznobia\u0142y \u0142upek z Polski<\/h2>\n<p>Szukasz bia\u0142ego kamienia do ogrodu? Polecamy pi\u0119kne, jasnym w bia\u0142o-ecru odcieniu polskie ska\u0142y \u0142amane. Ten wyj\u0105tkowy \u0142upek bia\u0142y posiada drobnokrystaliczn\u0105 struktur\u0119, kt\u00f3ra mieni si\u0119 w blasku s\u0142o\u0144ca. Jest to doskona\u0142a alternatywa dla greckiego Thasos. Dzi\u0119ki ciep\u0142emu odcieniu bieli kamienie u\u0142o\u017cone pod drzewami lub na obrze\u017cach kompozycji kwietnych b\u0119d\u0105 doskona\u0142\u0105 podbitk\u0105 dla bujnego, kolorowego otoczenia. Podbij\u0105 s\u0105siaduj\u0105c\u0105 ziele\u0144 traw i li\u015bci. Uwydatni kolory kwiat\u00f3w. Dzi\u0119ki zastosowaniu \u0142upka bia\u0142ego Tw\u00f3j ogr\u00f3d zyska jasne akcenty, kt\u00f3re przykuj\u0105 wzrok tam gdzie u\u0142o\u017cysz jasne kamienie. To doskona\u0142y spos\u00f3b na wyr\u00f3\u017cnienie kompozycji kwietnych. Dzi\u0119ki u\u0142o\u017ceniu bia\u0142ego \u0142upka, Twoja praca w ogrodzie zostanie pi\u0119knie wyeksponowana i doceniona przez wypoczywaj\u0105ce w nim osoby. <a href=\"https:\/\/www.goldenstones.pl\/kategoria\/kamienie\/kamienie_lupane\/kamienie_lamane\/\"><strong>Polecamy tak\u017ce pozosta\u0142e kamienie z serii kamieni \u0142amanych &gt; zobacz tutaj<\/strong><\/a><\/p>\n","protected":false},"excerpt":{"rendered":"<ul>\n<li><span style=\"color: #E36A00;\"><strong>FRAKCJA: <\/strong><\/span><span style=\"color: #333333;\">g\u0142az \u0142amany<\/span><\/li>\n<li><strong><span style=\"color: #E36A00;\">CECHY CHARAKTERYSTYCZNE: <\/span><\/strong><span style=\"color: #333333;\">jednolita kolorystyka, drobnokrystaliczne<\/span><\/li>\n<li><strong><span style=\"color: #E36A00;\">KOLORYSTYKA: <\/span><\/strong><span style=\"color: #333333;\">kremowy, ecru, jasnych be\u017cy i bieli<\/span><\/li>\n<li><span style=\"color: #E36A00;\"><strong>POCHODZENIE:<\/strong><\/span> Polska<\/li>\n<li><strong><span style=\"color: #E36A00;\">PRZEZNACZENIE:<\/span><\/strong> do wykorzystania w aran\u017cacji ogrodu i dekoracji \u015bciennych we wn\u0119trzach<\/li>\n<\/ul>\n<p><span style=\"color: #333333;\"><a style=\"color: #333333;\" href=\"https:\/\/www.goldenstones.pl\/elementor-63\/\"><strong>Podana na stronie cena dotyczy jednej tony produktu. Przed zam\u00f3wieniem prosimy o kontakt w celu ustalenia szczeg\u00f3\u0142\u00f3w.<\/strong><\/a><\/span><\/p>\n","protected":false},"featured_media":709,"comment_status":"closed","ping_status":"closed","template":"","meta":{"_uag_custom_page_level_css":"","site-sidebar-layout":"default","site-content-layout":"","ast-site-content-layout":"default","site-content-style":"default","site-sidebar-style":"default","ast-global-header-display":"","ast-banner-title-visibility":"","ast-main-header-display":"","ast-hfb-above-header-display":"","ast-hfb-below-header-display":"","ast-hfb-mobile-header-display":"","site-post-title":"","ast-breadcrumbs-content":"","ast-featured-img":"","footer-sml-layout":"","ast-disable-related-posts":"","theme-transparent-header-meta":"","adv-header-id-meta":"","stick-header-meta":"","header-above-stick-meta":"","header-main-stick-meta":"","header-below-stick-meta":"","astra-migrate-meta-layouts":"default","ast-page-background-enabled":"default","ast-page-background-meta":{"desktop":{"background-color":"var(--ast-global-color-5)","background-image":"","background-repeat":"repeat","background-position":"center center","background-size":"auto","background-attachment":"scroll","background-type":"","background-media":"","overlay-type":"","overlay-color":"","overlay-opacity":"","overlay-gradient":""},"tablet":{"background-color":"","background-image":"","background-repeat":"repeat","background-position":"center center","background-size":"auto","background-attachment":"scroll","background-type":"","background-media":"","overlay-type":"","overlay-color":"","overlay-opacity":"","overlay-gradient":""},"mobile":{"background-color":"","background-image":"","background-repeat":"repeat","background-position":"center center","background-size":"auto","background-attachment":"scroll","background-type":"","background-media":"","overlay-type":"","overlay-color":"","overlay-opacity":"","overlay-gradient":""}},"ast-content-background-meta":{"desktop":{"background-color":"var(--ast-global-color-4)","background-image":"","background-repeat":"repeat","background-position":"center center","background-size":"auto","background-attachment":"scroll","background-type":"","background-media":"","overlay-type":"","overlay-color":"","overlay-opacity":"","overlay-gradient":""},"tablet":{"background-color":"var(--ast-global-color-4)","background-image":"","background-repeat":"repeat","background-position":"center center","background-size":"auto","background-attachment":"scroll","background-type":"","background-media":"","overlay-type":"","overlay-color":"","overlay-opacity":"","overlay-gradient":""},"mobile":{"background-color":"var(--ast-global-color-4)","background-image":"","background-repeat":"repeat","background-position":"center center","background-size":"auto","background-attachment":"scroll","background-type":"","background-media":"","overlay-type":"","overlay-color":"","overlay-opacity":"","overlay-gradient":""}}},"product_brand":[],"product_cat":[144,149,21,126],"product_tag":[150,151,152],"class_list":{"0":"post-687","1":"product","2":"type-product","3":"status-publish","4":"has-post-thumbnail","6":"product_cat-kamien-elewacyjny","7":"product_cat-kamien-lamany","8":"product_cat-kamienie","9":"product_cat-kamienie-lupane","10":"product_tag-bydgoszcz-kamien-lamany","11":"product_tag-lupki-bydgoszcz","12":"product_tag-lupki-na-elewacje-bydgoszcz","13":"desktop-align-left","14":"tablet-align-left","15":"mobile-align-left","17":"first","18":"instock","19":"shipping-taxable","20":"purchasable","21":"product-type-simple"},"uagb_featured_image_src":{"full":["https:\/\/goldenstones.pl\/wp-content\/uploads\/2026\/02\/kamien-elewacyjny-lamany-lupek-bialy.jpg",256,256,false],"thumbnail":["https:\/\/goldenstones.pl\/wp-content\/uploads\/2026\/02\/kamien-elewacyjny-lamany-lupek-bialy-150x150.jpg",150,150,true],"medium":["https:\/\/goldenstones.pl\/wp-content\/uploads\/2026\/02\/kamien-elewacyjny-lamany-lupek-bialy.jpg",256,256,false],"medium_large":["https:\/\/goldenstones.pl\/wp-content\/uploads\/2026\/02\/kamien-elewacyjny-lamany-lupek-bialy.jpg",256,256,false],"large":["https:\/\/goldenstones.pl\/wp-content\/uploads\/2026\/02\/kamien-elewacyjny-lamany-lupek-bialy.jpg",256,256,false],"1536x1536":["https:\/\/goldenstones.pl\/wp-content\/uploads\/2026\/02\/kamien-elewacyjny-lamany-lupek-bialy.jpg",256,256,false],"2048x2048":["https:\/\/goldenstones.pl\/wp-content\/uploads\/2026\/02\/kamien-elewacyjny-lamany-lupek-bialy.jpg",256,256,false],"woocommerce_thumbnail":["https:\/\/goldenstones.pl\/wp-content\/uploads\/2026\/02\/kamien-elewacyjny-lamany-lupek-bialy.jpg",256,256,false],"woocommerce_single":["https:\/\/goldenstones.pl\/wp-content\/uploads\/2026\/02\/kamien-elewacyjny-lamany-lupek-bialy.jpg",256,256,false],"woocommerce_gallery_thumbnail":["https:\/\/goldenstones.pl\/wp-content\/uploads\/2026\/02\/kamien-elewacyjny-lamany-lupek-bialy-100x100.jpg",100,100,true]},"uagb_author_info":{"display_name":"admin","author_link":"https:\/\/goldenstones.pl\/?author=0"},"uagb_comment_info":0,"uagb_excerpt":"FRAKCJA: g\u0142az \u0142amany CECHY CHARAKTERYSTYCZNE: jednolita kolorystyka, drobnokrystaliczne KOLORYSTYKA: kremowy, ecru, jasnych be\u017cy i bieli POCHODZENIE: Polska PRZEZNACZENIE: do wykorzystania w aran\u017cacji ogrodu i dekoracji \u015bciennych we wn\u0119trzach Podana na stronie cena dotyczy jednej tony produktu. Przed zam\u00f3wieniem prosimy o kontakt w celu ustalenia szczeg\u00f3\u0142\u00f3w.","_links":{"self":[{"href":"https:\/\/goldenstones.pl\/index.php?rest_route=\/wp\/v2\/product\/687","targetHints":{"allow":["GET"]}}],"collection":[{"href":"https:\/\/goldenstones.pl\/index.php?rest_route=\/wp\/v2\/product"}],"about":[{"href":"https:\/\/goldenstones.pl\/index.php?rest_route=\/wp\/v2\/types\/product"}],"replies":[{"embeddable":true,"href":"https:\/\/goldenstones.pl\/index.php?rest_route=%2Fwp%2Fv2%2Fcomments&post=687"}],"wp:featuredmedia":[{"embeddable":true,"href":"https:\/\/goldenstones.pl\/index.php?rest_route=\/wp\/v2\/media\/709"}],"wp:attachment":[{"href":"https:\/\/goldenstones.pl\/index.php?rest_route=%2Fwp%2Fv2%2Fmedia&parent=687"}],"wp:term":[{"taxonomy":"product_brand","embeddable":true,"href":"https:\/\/goldenstones.pl\/index.php?rest_route=%2Fwp%2Fv2%2Fproduct_brand&post=687"},{"taxonomy":"product_cat","embeddable":true,"href":"https:\/\/goldenstones.pl\/index.php?rest_route=%2Fwp%2Fv2%2Fproduct_cat&post=687"},{"taxonomy":"product_tag","embeddable":true,"href":"https:\/\/goldenstones.pl\/index.php?rest_route=%2Fwp%2Fv2%2Fproduct_tag&post=687"}],"curies":[{"name":"wp","href":"https:\/\/api.w.org\/{rel}","templated":true}]}}