{"id":689,"date":"2026-02-20T10:09:43","date_gmt":"2026-02-20T10:09:43","guid":{"rendered":"https:\/\/goldenstones.pl\/?post_type=product&#038;p=689"},"modified":"2026-02-23T12:36:15","modified_gmt":"2026-02-23T12:36:15","slug":"fontanny-ogrodowe-kamienne-12zl-kg","status":"publish","type":"product","link":"https:\/\/goldenstones.pl\/?product=fontanny-ogrodowe-kamienne-12zl-kg","title":{"rendered":"Fontanny ogrodowe kamienne  (12z\u0142\/kg)"},"content":{"rendered":"<h2><span style=\"color: #333333;\">Fontanna ogrodowa<\/span><\/h2>\n<p>W sprzeda\u017cy posiadamy szerok\u0105 ofert\u0119 fontann ogrodowych z otworem do wodotrysku.<br \/>\nOferujemy szeroki zakres wielko\u015bci i kolorystyki kamieni, zatem prosimy o wyb\u00f3r osobisty pod indywidualne potrzeby i poczucie estetyki, gdy\u017c ka\u017cda forma skalna r\u00f3\u017cni si\u0119 nieco od siebie &#8211; tworz\u0105c wyj\u0105tkow\u0105 i niepowtarzaln\u0105 bry\u0142\u0119.<br \/>\nNasza oferta obejmuje fontanny ogrodowe wykonane z granitu skandynawskiego lub krajowego, tak\u017ce posiadamy te z gnejs\u00f3w oraz innych kamieni naturalnych. Wymiary kamieni si\u0119gaj\u0105 od 50 do 80 centymetr\u00f3w. S\u0105 one szlifowane z najwi\u0119ksz\u0105 dok\u0142adno\u015bci\u0105, por\u00f3wnywaln\u0105 do szlifu bi\u017cuteryjnego. Dzi\u0119ki temu zabiegowi sp\u0142ywaj\u0105ca po nich woda idealnie podkre\u015bla struktur\u0119 i nadaj\u0119 po\u0142ysk &#8211; tworz\u0105c p\u0142ynny i zjawiskowy efekt. Dzi\u0119ki naturalnie zachowanym kszta\u0142tom ska\u0142 nasze fontanny wygl\u0105daj\u0105 niezwykle efektownie nawet zim\u0105. Pod pokryciem poprzez szron jeszcze bardziej uwydatnia si\u0119 ich tekstura, natomiast przysypane warstw\u0105 \u015bniegu &#8211; doskonale b\u0119d\u0105 zdobi\u0107 ogr\u00f3d poza sezonem letnim. Ten produkt to czarny kamie\u0144, kt\u00f3ry o\u017cywiaj\u0105 ozdobne elementy w postaci plamek i \u017cy\u0142ek w kolorze pomara\u0144czowym i \u0142ososiowym.<\/p>\n<p><span style=\"color: #333333;\">\u00a0<\/span><span style=\"color: #333333;\"><strong><a href=\"https:\/\/www.goldenstones.pl\/sklep\/kategoria\/kamienie\/ogrodowe\/fontanny\/\">Zobacz pozosta\u0142e produktu z kategorii fontann ogrodowych &gt;tutaj.<\/a><\/strong><\/span><\/p>\n","protected":false},"excerpt":{"rendered":"<p><span style=\"color: #333333;\"><a style=\"color: #333333;\" href=\"https:\/\/www.goldenstones.pl\/elementor-63\/\"><strong>Zalecany odbi\u00f3r osobisty w sk\u0142adach Golden Stones. G\u0142azy wyceniane s\u0105 indywidualnie. Cena zale\u017cy od wagi konkretnego g\u0142azu. Przed zakupem prosimy o kontakt w celu ustalenia szczeg\u00f3\u0142\u00f3w zam\u00f3wienia!<\/strong><\/a><\/span><\/p>\n<ul>\n<li style=\"list-style-type: none;\">\n<ul>\n<li><span style=\"color: #E36A00;\"><strong>FRAKCJA: <\/strong><\/span><span style=\"color: #333333;\">g\u0142az<\/span><\/li>\n<li><strong><span style=\"color: #E36A00;\">CECHY CHARAKTERYSTYCZNE: <\/span><\/strong><span style=\"color: #333333;\">du\u017cy g\u0142az z otworem do wodotrysku, fontanny<\/span><\/li>\n<li><strong><span style=\"color: #E36A00;\">PRZEZNACZENIE: <\/span><\/strong><span style=\"color: #333333;\">naturalna rze\u017aba ogrodowa monolit, kaskady i oczka wodne, fontanny<\/span><\/li>\n<li><strong><span style=\"color: #E36A00;\">WAGA: <\/span><\/strong><span style=\"color: #333333;\">oko\u0142o 150 kg<\/span><\/li>\n<\/ul>\n<\/li>\n<\/ul>\n<p><span style=\"color: #333333;\"><strong>Podana na stronie cena dotyczy jednego kilograma kamienia.\u00a0<\/strong><\/span><\/p>\n","protected":false},"featured_media":723,"comment_status":"closed","ping_status":"closed","template":"","meta":{"_uag_custom_page_level_css":"","site-sidebar-layout":"default","site-content-layout":"","ast-site-content-layout":"default","site-content-style":"default","site-sidebar-style":"default","ast-global-header-display":"","ast-banner-title-visibility":"","ast-main-header-display":"","ast-hfb-above-header-display":"","ast-hfb-below-header-display":"","ast-hfb-mobile-header-display":"","site-post-title":"","ast-breadcrumbs-content":"","ast-featured-img":"","footer-sml-layout":"","ast-disable-related-posts":"","theme-transparent-header-meta":"","adv-header-id-meta":"","stick-header-meta":"","header-above-stick-meta":"","header-main-stick-meta":"","header-below-stick-meta":"","astra-migrate-meta-layouts":"default","ast-page-background-enabled":"default","ast-page-background-meta":{"desktop":{"background-color":"var(--ast-global-color-5)","background-image":"","background-repeat":"repeat","background-position":"center center","background-size":"auto","background-attachment":"scroll","background-type":"","background-media":"","overlay-type":"","overlay-color":"","overlay-opacity":"","overlay-gradient":""},"tablet":{"background-color":"","background-image":"","background-repeat":"repeat","background-position":"center center","background-size":"auto","background-attachment":"scroll","background-type":"","background-media":"","overlay-type":"","overlay-color":"","overlay-opacity":"","overlay-gradient":""},"mobile":{"background-color":"","background-image":"","background-repeat":"repeat","background-position":"center center","background-size":"auto","background-attachment":"scroll","background-type":"","background-media":"","overlay-type":"","overlay-color":"","overlay-opacity":"","overlay-gradient":""}},"ast-content-background-meta":{"desktop":{"background-color":"var(--ast-global-color-4)","background-image":"","background-repeat":"repeat","background-position":"center center","background-size":"auto","background-attachment":"scroll","background-type":"","background-media":"","overlay-type":"","overlay-color":"","overlay-opacity":"","overlay-gradient":""},"tablet":{"background-color":"var(--ast-global-color-4)","background-image":"","background-repeat":"repeat","background-position":"center center","background-size":"auto","background-attachment":"scroll","background-type":"","background-media":"","overlay-type":"","overlay-color":"","overlay-opacity":"","overlay-gradient":""},"mobile":{"background-color":"var(--ast-global-color-4)","background-image":"","background-repeat":"repeat","background-position":"center center","background-size":"auto","background-attachment":"scroll","background-type":"","background-media":"","overlay-type":"","overlay-color":"","overlay-opacity":"","overlay-gradient":""}}},"product_brand":[],"product_cat":[153,21,116],"product_tag":[154,155],"class_list":{"0":"post-689","1":"product","2":"type-product","3":"status-publish","4":"has-post-thumbnail","6":"product_cat-fontanny","7":"product_cat-kamienie","8":"product_cat-kamienie-kamienie","9":"product_tag-fontanna-z-kamienia-bydgoszcz","10":"product_tag-kamienne-fontanny-bydgoszcz","11":"desktop-align-left","12":"tablet-align-left","13":"mobile-align-left","15":"first","16":"instock","17":"shipping-taxable","18":"product-type-simple"},"uagb_featured_image_src":{"full":["https:\/\/goldenstones.pl\/wp-content\/uploads\/2026\/02\/kamienne-fontanny-hurtownia-kamienia.jpg",256,256,false],"thumbnail":["https:\/\/goldenstones.pl\/wp-content\/uploads\/2026\/02\/kamienne-fontanny-hurtownia-kamienia-150x150.jpg",150,150,true],"medium":["https:\/\/goldenstones.pl\/wp-content\/uploads\/2026\/02\/kamienne-fontanny-hurtownia-kamienia.jpg",256,256,false],"medium_large":["https:\/\/goldenstones.pl\/wp-content\/uploads\/2026\/02\/kamienne-fontanny-hurtownia-kamienia.jpg",256,256,false],"large":["https:\/\/goldenstones.pl\/wp-content\/uploads\/2026\/02\/kamienne-fontanny-hurtownia-kamienia.jpg",256,256,false],"1536x1536":["https:\/\/goldenstones.pl\/wp-content\/uploads\/2026\/02\/kamienne-fontanny-hurtownia-kamienia.jpg",256,256,false],"2048x2048":["https:\/\/goldenstones.pl\/wp-content\/uploads\/2026\/02\/kamienne-fontanny-hurtownia-kamienia.jpg",256,256,false],"woocommerce_thumbnail":["https:\/\/goldenstones.pl\/wp-content\/uploads\/2026\/02\/kamienne-fontanny-hurtownia-kamienia.jpg",256,256,false],"woocommerce_single":["https:\/\/goldenstones.pl\/wp-content\/uploads\/2026\/02\/kamienne-fontanny-hurtownia-kamienia.jpg",256,256,false],"woocommerce_gallery_thumbnail":["https:\/\/goldenstones.pl\/wp-content\/uploads\/2026\/02\/kamienne-fontanny-hurtownia-kamienia-100x100.jpg",100,100,true]},"uagb_author_info":{"display_name":"admin","author_link":"https:\/\/goldenstones.pl\/?author=0"},"uagb_comment_info":0,"uagb_excerpt":"Zalecany odbi\u00f3r osobisty w sk\u0142adach Golden Stones. G\u0142azy wyceniane s\u0105 indywidualnie. Cena zale\u017cy od wagi konkretnego g\u0142azu. Przed zakupem prosimy o kontakt w celu ustalenia szczeg\u00f3\u0142\u00f3w zam\u00f3wienia! FRAKCJA: g\u0142az CECHY CHARAKTERYSTYCZNE: du\u017cy g\u0142az z otworem do wodotrysku, fontanny PRZEZNACZENIE: naturalna rze\u017aba ogrodowa monolit, kaskady i oczka wodne, fontanny WAGA: oko\u0142o 150 kg Podana na stronie&hellip;","_links":{"self":[{"href":"https:\/\/goldenstones.pl\/index.php?rest_route=\/wp\/v2\/product\/689","targetHints":{"allow":["GET"]}}],"collection":[{"href":"https:\/\/goldenstones.pl\/index.php?rest_route=\/wp\/v2\/product"}],"about":[{"href":"https:\/\/goldenstones.pl\/index.php?rest_route=\/wp\/v2\/types\/product"}],"replies":[{"embeddable":true,"href":"https:\/\/goldenstones.pl\/index.php?rest_route=%2Fwp%2Fv2%2Fcomments&post=689"}],"wp:featuredmedia":[{"embeddable":true,"href":"https:\/\/goldenstones.pl\/index.php?rest_route=\/wp\/v2\/media\/723"}],"wp:attachment":[{"href":"https:\/\/goldenstones.pl\/index.php?rest_route=%2Fwp%2Fv2%2Fmedia&parent=689"}],"wp:term":[{"taxonomy":"product_brand","embeddable":true,"href":"https:\/\/goldenstones.pl\/index.php?rest_route=%2Fwp%2Fv2%2Fproduct_brand&post=689"},{"taxonomy":"product_cat","embeddable":true,"href":"https:\/\/goldenstones.pl\/index.php?rest_route=%2Fwp%2Fv2%2Fproduct_cat&post=689"},{"taxonomy":"product_tag","embeddable":true,"href":"https:\/\/goldenstones.pl\/index.php?rest_route=%2Fwp%2Fv2%2Fproduct_tag&post=689"}],"curies":[{"name":"wp","href":"https:\/\/api.w.org\/{rel}","templated":true}]}}