{"id":694,"date":"2026-02-20T10:09:44","date_gmt":"2026-02-20T10:09:44","guid":{"rendered":"https:\/\/goldenstones.pl\/?post_type=product&#038;p=694"},"modified":"2026-04-09T10:55:37","modified_gmt":"2026-04-09T10:55:37","slug":"bryly-szklane-blekitne-70-120-mm","status":"publish","type":"product","link":"https:\/\/goldenstones.pl\/?product=bryly-szklane-blekitne-70-120-mm","title":{"rendered":"Bry\u0142y Szklane B\u0142\u0119kitne 70-120 mm"},"content":{"rendered":"<h2>Bry\u0142y szklane b\u0142\u0119kitne<\/h2>\n<p>Szukasz ciekawych i interesuj\u0105cych ozd\u00f3b do gabion\u00f3w, ogrod\u00f3w lub wn\u0119trz? Sprawd\u017a b\u0142\u0119kitne i szklane bry\u0142y od Golden Stones, kt\u00f3re w mistrzowski spos\u00f3b rozwi\u0105\u017c\u0105 ten problem. Dzi\u0119ki transparentno\u015bci koloru, mrozoodporno\u015bci oraz barwie morskiego b\u0142\u0119kitu bardzo dobrze si\u0119 sprawdz\u0105 jako dekoracja kaskad oraz oczek wodnych, nawet przy niskich temperaturach. Pod\u015bwietlone od spodu \u015bwiat\u0142em b\u0119d\u0105 dawa\u0107 magiczny i nietuzinkowy klimat w twoim ogrodzie.<\/p>\n<p><a href=\"https:\/\/www.goldenstones.pl\/sklep\/kategoria\/kamienie\/ogrodowe\/szklo_dekoracyjne\/\">Sprawd\u017a nasze inne oferty klikaj\u0105c tutaj<\/a><\/p>\n","protected":false},"excerpt":{"rendered":"<p><strong>Waga produktu waha si\u0119 w przedziale od 0,5 kg do 4 kg<\/strong><\/p>\n<ul>\n<li><strong><span style=\"color: #e36a00;\">FRAKCJA: <\/span><\/strong><span style=\"color: #e36a00;\"><span style=\"color: #333333;\">70-120mm<\/span><\/span><\/li>\n<li><strong><span style=\"color: #e36a00;\">CECHY CHARAKTERYSTYCZNE: <\/span><\/strong><span style=\"color: #333333;\">pi\u0119kne zabarwienie, mrozoodporno\u015b\u0107, transparentno\u015b\u0107 koloru<\/span><\/li>\n<li><strong><span style=\"color: #e36a00;\">KOLORYSTYKA: <\/span><\/strong><span style=\"color: #333333;\">morski b\u0142\u0119kit<\/span><\/li>\n<li><strong><span style=\"color: #e36a00;\">PRZEZNACZENIE: <\/span><\/strong>rze\u017aba ogrodowa i do wn\u0119trz,<span style=\"color: #333333;\">\u00a0kaskady i oczka wodne, fontanny, strumyki, dekoracja spa<\/span><\/li>\n<\/ul>\n<p><span style=\"color: #333333;\"><a style=\"color: #333333;\" href=\"https:\/\/www.goldenstones.pl\/elementor-63\/\"><strong>Przed zam\u00f3wieniem prosimy o kontakt w celu ustalenia szczeg\u00f3\u0142\u00f3w.<\/strong><\/a><\/span><\/p>\n","protected":false},"featured_media":733,"comment_status":"closed","ping_status":"closed","template":"","meta":{"_uag_custom_page_level_css":"","site-sidebar-layout":"default","site-content-layout":"","ast-site-content-layout":"default","site-content-style":"default","site-sidebar-style":"default","ast-global-header-display":"","ast-banner-title-visibility":"","ast-main-header-display":"","ast-hfb-above-header-display":"","ast-hfb-below-header-display":"","ast-hfb-mobile-header-display":"","site-post-title":"","ast-breadcrumbs-content":"","ast-featured-img":"","footer-sml-layout":"","ast-disable-related-posts":"","theme-transparent-header-meta":"default","adv-header-id-meta":"","stick-header-meta":"","header-above-stick-meta":"","header-main-stick-meta":"","header-below-stick-meta":"","astra-migrate-meta-layouts":"set","ast-page-background-enabled":"default","ast-page-background-meta":{"desktop":{"background-color":"var(--ast-global-color-5)","background-image":"","background-repeat":"repeat","background-position":"center center","background-size":"auto","background-attachment":"scroll","background-type":"","background-media":"","overlay-type":"","overlay-color":"","overlay-opacity":"","overlay-gradient":""},"tablet":{"background-color":"","background-image":"","background-repeat":"repeat","background-position":"center center","background-size":"auto","background-attachment":"scroll","background-type":"","background-media":"","overlay-type":"","overlay-color":"","overlay-opacity":"","overlay-gradient":""},"mobile":{"background-color":"","background-image":"","background-repeat":"repeat","background-position":"center center","background-size":"auto","background-attachment":"scroll","background-type":"","background-media":"","overlay-type":"","overlay-color":"","overlay-opacity":"","overlay-gradient":""}},"ast-content-background-meta":{"desktop":{"background-color":"var(--ast-global-color-4)","background-image":"","background-repeat":"repeat","background-position":"center center","background-size":"auto","background-attachment":"scroll","background-type":"","background-media":"","overlay-type":"","overlay-color":"","overlay-opacity":"","overlay-gradient":""},"tablet":{"background-color":"var(--ast-global-color-4)","background-image":"","background-repeat":"repeat","background-position":"center center","background-size":"auto","background-attachment":"scroll","background-type":"","background-media":"","overlay-type":"","overlay-color":"","overlay-opacity":"","overlay-gradient":""},"mobile":{"background-color":"var(--ast-global-color-4)","background-image":"","background-repeat":"repeat","background-position":"center center","background-size":"auto","background-attachment":"scroll","background-type":"","background-media":"","overlay-type":"","overlay-color":"","overlay-opacity":"","overlay-gradient":""}}},"product_brand":[],"product_cat":[21,116,115,156,37],"product_tag":[157,158,159,160],"class_list":{"0":"post-694","1":"product","2":"type-product","3":"status-publish","4":"has-post-thumbnail","6":"product_cat-kamienie","7":"product_cat-kamienie-kamienie","8":"product_cat-kamienie-do-gabionow","9":"product_cat-szklo-dekoracyjne","10":"product_cat-uwypuklone-na-stronie-glownej-sklepu","11":"product_tag-bryly-szklane-bydgoszcz","12":"product_tag-szklo-dekoracyjne","13":"product_tag-szklo-gabionowe","14":"product_tag-szklo-turkusowe","15":"desktop-align-left","16":"tablet-align-left","17":"mobile-align-left","19":"first","20":"instock","21":"shipping-taxable","22":"purchasable","23":"product-type-simple"},"uagb_featured_image_src":{"full":["https:\/\/goldenstones.pl\/wp-content\/uploads\/2026\/02\/bryly-szklane-szklo-dekoracyjne-niebieskie.jpg",256,256,false],"thumbnail":["https:\/\/goldenstones.pl\/wp-content\/uploads\/2026\/02\/bryly-szklane-szklo-dekoracyjne-niebieskie-150x150.jpg",150,150,true],"medium":["https:\/\/goldenstones.pl\/wp-content\/uploads\/2026\/02\/bryly-szklane-szklo-dekoracyjne-niebieskie.jpg",256,256,false],"medium_large":["https:\/\/goldenstones.pl\/wp-content\/uploads\/2026\/02\/bryly-szklane-szklo-dekoracyjne-niebieskie.jpg",256,256,false],"large":["https:\/\/goldenstones.pl\/wp-content\/uploads\/2026\/02\/bryly-szklane-szklo-dekoracyjne-niebieskie.jpg",256,256,false],"1536x1536":["https:\/\/goldenstones.pl\/wp-content\/uploads\/2026\/02\/bryly-szklane-szklo-dekoracyjne-niebieskie.jpg",256,256,false],"2048x2048":["https:\/\/goldenstones.pl\/wp-content\/uploads\/2026\/02\/bryly-szklane-szklo-dekoracyjne-niebieskie.jpg",256,256,false],"woocommerce_thumbnail":["https:\/\/goldenstones.pl\/wp-content\/uploads\/2026\/02\/bryly-szklane-szklo-dekoracyjne-niebieskie.jpg",256,256,false],"woocommerce_single":["https:\/\/goldenstones.pl\/wp-content\/uploads\/2026\/02\/bryly-szklane-szklo-dekoracyjne-niebieskie.jpg",256,256,false],"woocommerce_gallery_thumbnail":["https:\/\/goldenstones.pl\/wp-content\/uploads\/2026\/02\/bryly-szklane-szklo-dekoracyjne-niebieskie-100x100.jpg",100,100,true]},"uagb_author_info":{"display_name":"admin","author_link":"https:\/\/goldenstones.pl\/?author=0"},"uagb_comment_info":0,"uagb_excerpt":"Waga produktu waha si\u0119 w przedziale od 0,5 kg do 4 kg FRAKCJA: 70-120mm CECHY CHARAKTERYSTYCZNE: pi\u0119kne zabarwienie, mrozoodporno\u015b\u0107, transparentno\u015b\u0107 koloru KOLORYSTYKA: morski b\u0142\u0119kit PRZEZNACZENIE: rze\u017aba ogrodowa i do wn\u0119trz,\u00a0kaskady i oczka wodne, fontanny, strumyki, dekoracja spa Przed zam\u00f3wieniem prosimy o kontakt w celu ustalenia szczeg\u00f3\u0142\u00f3w.","_links":{"self":[{"href":"https:\/\/goldenstones.pl\/index.php?rest_route=\/wp\/v2\/product\/694","targetHints":{"allow":["GET"]}}],"collection":[{"href":"https:\/\/goldenstones.pl\/index.php?rest_route=\/wp\/v2\/product"}],"about":[{"href":"https:\/\/goldenstones.pl\/index.php?rest_route=\/wp\/v2\/types\/product"}],"replies":[{"embeddable":true,"href":"https:\/\/goldenstones.pl\/index.php?rest_route=%2Fwp%2Fv2%2Fcomments&post=694"}],"wp:featuredmedia":[{"embeddable":true,"href":"https:\/\/goldenstones.pl\/index.php?rest_route=\/wp\/v2\/media\/733"}],"wp:attachment":[{"href":"https:\/\/goldenstones.pl\/index.php?rest_route=%2Fwp%2Fv2%2Fmedia&parent=694"}],"wp:term":[{"taxonomy":"product_brand","embeddable":true,"href":"https:\/\/goldenstones.pl\/index.php?rest_route=%2Fwp%2Fv2%2Fproduct_brand&post=694"},{"taxonomy":"product_cat","embeddable":true,"href":"https:\/\/goldenstones.pl\/index.php?rest_route=%2Fwp%2Fv2%2Fproduct_cat&post=694"},{"taxonomy":"product_tag","embeddable":true,"href":"https:\/\/goldenstones.pl\/index.php?rest_route=%2Fwp%2Fv2%2Fproduct_tag&post=694"}],"curies":[{"name":"wp","href":"https:\/\/api.w.org\/{rel}","templated":true}]}}