{"id":695,"date":"2026-02-20T10:09:44","date_gmt":"2026-02-20T10:09:44","guid":{"rendered":"https:\/\/goldenstones.pl\/?post_type=product&#038;p=695"},"modified":"2026-02-23T12:36:16","modified_gmt":"2026-02-23T12:36:16","slug":"bryly-szklane-granatowe-70-120mm","status":"publish","type":"product","link":"https:\/\/goldenstones.pl\/?product=bryly-szklane-granatowe-70-120mm","title":{"rendered":"Bry\u0142y szklane granatowe 70-120mm"},"content":{"rendered":"<h2>Bry\u0142y szklane granatowe<\/h2>\n<p>Nasze szklane bry\u0142y charakteryzuj\u0105 si\u0119 ogromn\u0105 mrozoodporno\u015bci\u0105, transparentnym i pi\u0119knym granatowym ubarwieniem, przez co b\u0119dzie si\u0119 idealnie prezentowa\u0142 w ogrodach, przy kaskadach oraz gabionach i fontannach. Dzi\u0119ki pod\u015bwietleni ich od spodu \u015bwiat\u0142em w nocy uzyskasz niesamowity i magiczny klimat w twoim domu, kt\u00f3ry zachwyci ka\u017cdego. Nasza firma oferuje tak\u017ce szybki i bezpieczny dow\u00f3z twojego produktu, przez co nie b\u0119dziesz si\u0119 musia\u0142 martwi\u0107 o ewentualne zniszczenie twojego zam\u00f3wionego towaru.<\/p>\n<p><a href=\"https:\/\/www.goldenstones.pl\/sklep\/kategoria\/kamienie\/ogrodowe\/szklo_dekoracyjne\/\">Chcesz pozna\u0107 wi\u0119cej tego typu artyku\u0142\u00f3w? Sprawd\u017a nasze oferty tutaj<\/a><\/p>\n","protected":false},"excerpt":{"rendered":"<p><strong>Waga produktu waha si\u0119 w przedziale od 0,5 kg do 4 kg<\/strong><\/p>\n<ul>\n<li><strong><span style=\"color: #E36A00;\">FRAKCJA: <\/span><\/strong><span style=\"color: #E36A00;\"><span style=\"color: #333333;\">70-120mm<\/span><\/span><\/li>\n<li><strong><span style=\"color: #E36A00;\">CECHY CHARAKTERYSTYCZNE: <\/span><\/strong><span style=\"color: #333333;\">pi\u0119kne zabarwienie, mrozoodporno\u015b\u0107, transparentno\u015b\u0107 koloru<\/span><\/li>\n<li><strong><span style=\"color: #E36A00;\">KOLORYSTYKA: <\/span><\/strong><span style=\"color: #333333;\">granat, indygo<\/span><\/li>\n<li><strong><span style=\"color: #E36A00;\">PRZEZNACZENIE: <\/span><\/strong>rze\u017aba ogrodowa i do wn\u0119trz,<span style=\"color: #333333;\">\u00a0kaskady i oczka wodne, fontanny, strumyki, dekoracja spa<\/span><\/li>\n<\/ul>\n<p><span style=\"color: #333333;\"><a style=\"color: #333333;\" href=\"https:\/\/www.goldenstones.pl\/elementor-63\/\"><strong>\u00a0Przed zam\u00f3wieniem prosimy o kontakt w celu ustalenia szczeg\u00f3\u0142\u00f3w.<\/strong><\/a><\/span><\/p>\n","protected":false},"featured_media":736,"comment_status":"closed","ping_status":"closed","template":"","meta":{"_uag_custom_page_level_css":"","site-sidebar-layout":"default","site-content-layout":"","ast-site-content-layout":"default","site-content-style":"default","site-sidebar-style":"default","ast-global-header-display":"","ast-banner-title-visibility":"","ast-main-header-display":"","ast-hfb-above-header-display":"","ast-hfb-below-header-display":"","ast-hfb-mobile-header-display":"","site-post-title":"","ast-breadcrumbs-content":"","ast-featured-img":"","footer-sml-layout":"","ast-disable-related-posts":"","theme-transparent-header-meta":"","adv-header-id-meta":"","stick-header-meta":"","header-above-stick-meta":"","header-main-stick-meta":"","header-below-stick-meta":"","astra-migrate-meta-layouts":"default","ast-page-background-enabled":"default","ast-page-background-meta":{"desktop":{"background-color":"var(--ast-global-color-5)","background-image":"","background-repeat":"repeat","background-position":"center center","background-size":"auto","background-attachment":"scroll","background-type":"","background-media":"","overlay-type":"","overlay-color":"","overlay-opacity":"","overlay-gradient":""},"tablet":{"background-color":"","background-image":"","background-repeat":"repeat","background-position":"center center","background-size":"auto","background-attachment":"scroll","background-type":"","background-media":"","overlay-type":"","overlay-color":"","overlay-opacity":"","overlay-gradient":""},"mobile":{"background-color":"","background-image":"","background-repeat":"repeat","background-position":"center center","background-size":"auto","background-attachment":"scroll","background-type":"","background-media":"","overlay-type":"","overlay-color":"","overlay-opacity":"","overlay-gradient":""}},"ast-content-background-meta":{"desktop":{"background-color":"var(--ast-global-color-4)","background-image":"","background-repeat":"repeat","background-position":"center center","background-size":"auto","background-attachment":"scroll","background-type":"","background-media":"","overlay-type":"","overlay-color":"","overlay-opacity":"","overlay-gradient":""},"tablet":{"background-color":"var(--ast-global-color-4)","background-image":"","background-repeat":"repeat","background-position":"center center","background-size":"auto","background-attachment":"scroll","background-type":"","background-media":"","overlay-type":"","overlay-color":"","overlay-opacity":"","overlay-gradient":""},"mobile":{"background-color":"var(--ast-global-color-4)","background-image":"","background-repeat":"repeat","background-position":"center center","background-size":"auto","background-attachment":"scroll","background-type":"","background-media":"","overlay-type":"","overlay-color":"","overlay-opacity":"","overlay-gradient":""}}},"product_brand":[],"product_cat":[21,116,115,156],"product_tag":[157,158,159],"class_list":{"0":"post-695","1":"product","2":"type-product","3":"status-publish","4":"has-post-thumbnail","6":"product_cat-kamienie","7":"product_cat-kamienie-kamienie","8":"product_cat-kamienie-do-gabionow","9":"product_cat-szklo-dekoracyjne","10":"product_tag-bryly-szklane-bydgoszcz","11":"product_tag-szklo-dekoracyjne","12":"product_tag-szklo-gabionowe","13":"desktop-align-left","14":"tablet-align-left","15":"mobile-align-left","17":"first","18":"instock","19":"shipping-taxable","20":"purchasable","21":"product-type-simple"},"uagb_featured_image_src":{"full":["https:\/\/goldenstones.pl\/wp-content\/uploads\/2026\/02\/bryly-szklane-szklo-dekoracyjne-granatowe.jpg",256,256,false],"thumbnail":["https:\/\/goldenstones.pl\/wp-content\/uploads\/2026\/02\/bryly-szklane-szklo-dekoracyjne-granatowe-150x150.jpg",150,150,true],"medium":["https:\/\/goldenstones.pl\/wp-content\/uploads\/2026\/02\/bryly-szklane-szklo-dekoracyjne-granatowe.jpg",256,256,false],"medium_large":["https:\/\/goldenstones.pl\/wp-content\/uploads\/2026\/02\/bryly-szklane-szklo-dekoracyjne-granatowe.jpg",256,256,false],"large":["https:\/\/goldenstones.pl\/wp-content\/uploads\/2026\/02\/bryly-szklane-szklo-dekoracyjne-granatowe.jpg",256,256,false],"1536x1536":["https:\/\/goldenstones.pl\/wp-content\/uploads\/2026\/02\/bryly-szklane-szklo-dekoracyjne-granatowe.jpg",256,256,false],"2048x2048":["https:\/\/goldenstones.pl\/wp-content\/uploads\/2026\/02\/bryly-szklane-szklo-dekoracyjne-granatowe.jpg",256,256,false],"woocommerce_thumbnail":["https:\/\/goldenstones.pl\/wp-content\/uploads\/2026\/02\/bryly-szklane-szklo-dekoracyjne-granatowe.jpg",256,256,false],"woocommerce_single":["https:\/\/goldenstones.pl\/wp-content\/uploads\/2026\/02\/bryly-szklane-szklo-dekoracyjne-granatowe.jpg",256,256,false],"woocommerce_gallery_thumbnail":["https:\/\/goldenstones.pl\/wp-content\/uploads\/2026\/02\/bryly-szklane-szklo-dekoracyjne-granatowe-100x100.jpg",100,100,true]},"uagb_author_info":{"display_name":"admin","author_link":"https:\/\/goldenstones.pl\/?author=0"},"uagb_comment_info":0,"uagb_excerpt":"Waga produktu waha si\u0119 w przedziale od 0,5 kg do 4 kg FRAKCJA: 70-120mm CECHY CHARAKTERYSTYCZNE: pi\u0119kne zabarwienie, mrozoodporno\u015b\u0107, transparentno\u015b\u0107 koloru KOLORYSTYKA: granat, indygo PRZEZNACZENIE: rze\u017aba ogrodowa i do wn\u0119trz,\u00a0kaskady i oczka wodne, fontanny, strumyki, dekoracja spa \u00a0Przed zam\u00f3wieniem prosimy o kontakt w celu ustalenia szczeg\u00f3\u0142\u00f3w.","_links":{"self":[{"href":"https:\/\/goldenstones.pl\/index.php?rest_route=\/wp\/v2\/product\/695","targetHints":{"allow":["GET"]}}],"collection":[{"href":"https:\/\/goldenstones.pl\/index.php?rest_route=\/wp\/v2\/product"}],"about":[{"href":"https:\/\/goldenstones.pl\/index.php?rest_route=\/wp\/v2\/types\/product"}],"replies":[{"embeddable":true,"href":"https:\/\/goldenstones.pl\/index.php?rest_route=%2Fwp%2Fv2%2Fcomments&post=695"}],"wp:featuredmedia":[{"embeddable":true,"href":"https:\/\/goldenstones.pl\/index.php?rest_route=\/wp\/v2\/media\/736"}],"wp:attachment":[{"href":"https:\/\/goldenstones.pl\/index.php?rest_route=%2Fwp%2Fv2%2Fmedia&parent=695"}],"wp:term":[{"taxonomy":"product_brand","embeddable":true,"href":"https:\/\/goldenstones.pl\/index.php?rest_route=%2Fwp%2Fv2%2Fproduct_brand&post=695"},{"taxonomy":"product_cat","embeddable":true,"href":"https:\/\/goldenstones.pl\/index.php?rest_route=%2Fwp%2Fv2%2Fproduct_cat&post=695"},{"taxonomy":"product_tag","embeddable":true,"href":"https:\/\/goldenstones.pl\/index.php?rest_route=%2Fwp%2Fv2%2Fproduct_tag&post=695"}],"curies":[{"name":"wp","href":"https:\/\/api.w.org\/{rel}","templated":true}]}}