{"id":740,"date":"2026-02-20T10:10:00","date_gmt":"2026-02-20T10:10:00","guid":{"rendered":"https:\/\/goldenstones.pl\/?post_type=product&#038;p=740"},"modified":"2026-02-23T12:36:17","modified_gmt":"2026-02-23T12:36:17","slug":"drobinki-szklane-zlote-worek-5kg","status":"publish","type":"product","link":"https:\/\/goldenstones.pl\/?product=drobinki-szklane-zlote-worek-5kg","title":{"rendered":"Drobinki Szklane Z\u0142ote worek 5kg"},"content":{"rendered":"<h2>Drobinki szklane z\u0142ote<\/h2>\n<p>Wypr\u00f3buj nasze z\u0142ote szklane drobinki, kt\u00f3re zapewni\u0105 twojemu miejscu pracy egzotyczny wygl\u0105d dzi\u0119ki bursztynowej kolorystyce oraz oryginalny i luksusowy efekt. Charakteryzuje si\u0119 du\u017c\u0105 mrozoodporno\u015bci\u0105 oraz transparentnym i pi\u0119knym zabarwieniem. Je\u015bli prowadzisz spa, posiadasz pust\u0105 przestrze\u0144 w swoim domu lub miejscu pracy, albo nie wierz jak udekorowa\u0107 np. akwarium, to ten produkt jest wr\u0119cz idealny dla ciebie! Nasz produkt odznacza si\u0119 wysok\u0105 jako\u015bci\u0105 i staranno\u015bci\u0105 wykonania dzi\u0119ki czemu b\u0119dzie Ci on towarzyszy\u0107 na wiele dobrych lat. Je\u015bli martwisz si\u0119 o transport i ewentualne zniszczenie twojego produktu to szybko porzu\u0107 swoje smutki, bo nasza firma oferuje szybk\u0105 i bezpieczn\u0105 dostaw\u0119 twojego towaru, a\u017c pod same drzwi.<\/p>\n<p><strong><a href=\"https:\/\/www.goldenstones.pl\/sklep\/kategoria\/kamienie\/ogrodowe\/szklo_dekoracyjne\/\">Zaciekawi\u0142 Ciebie ten produkt? Sprawd\u017a nasze inne artyku\u0142y klikaj\u0105c tutaj.\u00a0 \u00a0<\/a><\/strong><\/p>\n","protected":false},"excerpt":{"rendered":"<ul>\n<li><strong><span style=\"color: #E36A00;\">FRAKCJA: <\/span><\/strong><span style=\"color: #E36A00;\"><span style=\"color: #333333;\">5-10mm<\/span><\/span><\/li>\n<li><strong><span style=\"color: #E36A00;\">CECHY CHARAKTERYSTYCZNE: <\/span><\/strong><span style=\"color: #333333;\">pi\u0119kne zabarwienie, mrozoodporno\u015b\u0107, transparentno\u015b\u0107 koloru<\/span><\/li>\n<li><strong><span style=\"color: #E36A00;\">KOLORYSTYKA: <\/span><\/strong><span style=\"color: #333333;\">bursztynowy<\/span><\/li>\n<li><strong><span style=\"color: #E36A00;\">PRZEZNACZENIE: <\/span><\/strong>dekoracja ogrodowa i do wn\u0119trz,<span style=\"color: #333333;\"> kaskady, oczka wodne, fontanny, strumyki, dekoracja spa, podsypki, obrze\u017ca<\/span><\/li>\n<\/ul>\n<p><span style=\"color: #333333;\"><strong>Podana na stronie cena dotyczy 5 kg produktu.<\/strong><\/span><\/p>\n","protected":false},"featured_media":770,"comment_status":"closed","ping_status":"closed","template":"","meta":{"_uag_custom_page_level_css":"","site-sidebar-layout":"default","site-content-layout":"","ast-site-content-layout":"default","site-content-style":"default","site-sidebar-style":"default","ast-global-header-display":"","ast-banner-title-visibility":"","ast-main-header-display":"","ast-hfb-above-header-display":"","ast-hfb-below-header-display":"","ast-hfb-mobile-header-display":"","site-post-title":"","ast-breadcrumbs-content":"","ast-featured-img":"","footer-sml-layout":"","ast-disable-related-posts":"","theme-transparent-header-meta":"","adv-header-id-meta":"","stick-header-meta":"","header-above-stick-meta":"","header-main-stick-meta":"","header-below-stick-meta":"","astra-migrate-meta-layouts":"default","ast-page-background-enabled":"default","ast-page-background-meta":{"desktop":{"background-color":"var(--ast-global-color-5)","background-image":"","background-repeat":"repeat","background-position":"center center","background-size":"auto","background-attachment":"scroll","background-type":"","background-media":"","overlay-type":"","overlay-color":"","overlay-opacity":"","overlay-gradient":""},"tablet":{"background-color":"","background-image":"","background-repeat":"repeat","background-position":"center center","background-size":"auto","background-attachment":"scroll","background-type":"","background-media":"","overlay-type":"","overlay-color":"","overlay-opacity":"","overlay-gradient":""},"mobile":{"background-color":"","background-image":"","background-repeat":"repeat","background-position":"center center","background-size":"auto","background-attachment":"scroll","background-type":"","background-media":"","overlay-type":"","overlay-color":"","overlay-opacity":"","overlay-gradient":""}},"ast-content-background-meta":{"desktop":{"background-color":"var(--ast-global-color-4)","background-image":"","background-repeat":"repeat","background-position":"center center","background-size":"auto","background-attachment":"scroll","background-type":"","background-media":"","overlay-type":"","overlay-color":"","overlay-opacity":"","overlay-gradient":""},"tablet":{"background-color":"var(--ast-global-color-4)","background-image":"","background-repeat":"repeat","background-position":"center center","background-size":"auto","background-attachment":"scroll","background-type":"","background-media":"","overlay-type":"","overlay-color":"","overlay-opacity":"","overlay-gradient":""},"mobile":{"background-color":"var(--ast-global-color-4)","background-image":"","background-repeat":"repeat","background-position":"center center","background-size":"auto","background-attachment":"scroll","background-type":"","background-media":"","overlay-type":"","overlay-color":"","overlay-opacity":"","overlay-gradient":""}}},"product_brand":[],"product_cat":[21,116,156],"product_tag":[157,158,159],"class_list":{"0":"post-740","1":"product","2":"type-product","3":"status-publish","4":"has-post-thumbnail","6":"product_cat-kamienie","7":"product_cat-kamienie-kamienie","8":"product_cat-szklo-dekoracyjne","9":"product_tag-bryly-szklane-bydgoszcz","10":"product_tag-szklo-dekoracyjne","11":"product_tag-szklo-gabionowe","12":"desktop-align-left","13":"tablet-align-left","14":"mobile-align-left","16":"first","17":"instock","18":"shipping-taxable","19":"purchasable","20":"product-type-simple"},"uagb_featured_image_src":{"full":["https:\/\/goldenstones.pl\/wp-content\/uploads\/2026\/02\/drobinki-szklane-bursztyn-biale-blota-koronowo-sepolno.jpg",500,496,false],"thumbnail":["https:\/\/goldenstones.pl\/wp-content\/uploads\/2026\/02\/drobinki-szklane-bursztyn-biale-blota-koronowo-sepolno-150x150.jpg",150,150,true],"medium":["https:\/\/goldenstones.pl\/wp-content\/uploads\/2026\/02\/drobinki-szklane-bursztyn-biale-blota-koronowo-sepolno-300x298.jpg",300,298,true],"medium_large":["https:\/\/goldenstones.pl\/wp-content\/uploads\/2026\/02\/drobinki-szklane-bursztyn-biale-blota-koronowo-sepolno.jpg",500,496,false],"large":["https:\/\/goldenstones.pl\/wp-content\/uploads\/2026\/02\/drobinki-szklane-bursztyn-biale-blota-koronowo-sepolno.jpg",500,496,false],"1536x1536":["https:\/\/goldenstones.pl\/wp-content\/uploads\/2026\/02\/drobinki-szklane-bursztyn-biale-blota-koronowo-sepolno.jpg",500,496,false],"2048x2048":["https:\/\/goldenstones.pl\/wp-content\/uploads\/2026\/02\/drobinki-szklane-bursztyn-biale-blota-koronowo-sepolno.jpg",500,496,false],"woocommerce_thumbnail":["https:\/\/goldenstones.pl\/wp-content\/uploads\/2026\/02\/drobinki-szklane-bursztyn-biale-blota-koronowo-sepolno-300x300.jpg",300,300,true],"woocommerce_single":["https:\/\/goldenstones.pl\/wp-content\/uploads\/2026\/02\/drobinki-szklane-bursztyn-biale-blota-koronowo-sepolno.jpg",500,496,false],"woocommerce_gallery_thumbnail":["https:\/\/goldenstones.pl\/wp-content\/uploads\/2026\/02\/drobinki-szklane-bursztyn-biale-blota-koronowo-sepolno-100x100.jpg",100,100,true]},"uagb_author_info":{"display_name":"admin","author_link":"https:\/\/goldenstones.pl\/?author=0"},"uagb_comment_info":0,"uagb_excerpt":"FRAKCJA: 5-10mm CECHY CHARAKTERYSTYCZNE: pi\u0119kne zabarwienie, mrozoodporno\u015b\u0107, transparentno\u015b\u0107 koloru KOLORYSTYKA: bursztynowy PRZEZNACZENIE: dekoracja ogrodowa i do wn\u0119trz, kaskady, oczka wodne, fontanny, strumyki, dekoracja spa, podsypki, obrze\u017ca Podana na stronie cena dotyczy 5 kg produktu.","_links":{"self":[{"href":"https:\/\/goldenstones.pl\/index.php?rest_route=\/wp\/v2\/product\/740","targetHints":{"allow":["GET"]}}],"collection":[{"href":"https:\/\/goldenstones.pl\/index.php?rest_route=\/wp\/v2\/product"}],"about":[{"href":"https:\/\/goldenstones.pl\/index.php?rest_route=\/wp\/v2\/types\/product"}],"replies":[{"embeddable":true,"href":"https:\/\/goldenstones.pl\/index.php?rest_route=%2Fwp%2Fv2%2Fcomments&post=740"}],"wp:featuredmedia":[{"embeddable":true,"href":"https:\/\/goldenstones.pl\/index.php?rest_route=\/wp\/v2\/media\/770"}],"wp:attachment":[{"href":"https:\/\/goldenstones.pl\/index.php?rest_route=%2Fwp%2Fv2%2Fmedia&parent=740"}],"wp:term":[{"taxonomy":"product_brand","embeddable":true,"href":"https:\/\/goldenstones.pl\/index.php?rest_route=%2Fwp%2Fv2%2Fproduct_brand&post=740"},{"taxonomy":"product_cat","embeddable":true,"href":"https:\/\/goldenstones.pl\/index.php?rest_route=%2Fwp%2Fv2%2Fproduct_cat&post=740"},{"taxonomy":"product_tag","embeddable":true,"href":"https:\/\/goldenstones.pl\/index.php?rest_route=%2Fwp%2Fv2%2Fproduct_tag&post=740"}],"curies":[{"name":"wp","href":"https:\/\/api.w.org\/{rel}","templated":true}]}}